{"id":1846,"date":"2015-05-26T12:26:11","date_gmt":"2015-05-26T12:26:11","guid":{"rendered":"https:\/\/www.mencare.org\/?page_id=1846"},"modified":"2022-10-04T10:14:46","modified_gmt":"2022-10-04T14:14:46","slug":"press-and-media","status":"publish","type":"page","link":"http:\/\/www.mencare.org\/es\/press-and-media\/","title":{"rendered":"Prensa y medios"},"content":{"rendered":"<h2 class=\"p1\"><span class=\"s1\">Consultas de los medios<\/span><\/h2>\n<p class=\"p3\"><span class=\"s1\">Explore esta p\u00e1gina para obtener informaci\u00f3n sobre los logros clave de MenCare, prensa reciente y biograf\u00edas de los principales l\u00edderes y expertos de MenCare.<\/span><\/p>\n<p class=\"p3\"><span class=\"s1\">Comun\u00edquese con nosotros si es miembro de la prensa y desea obtener m\u00e1s informaci\u00f3n sobre el impacto de MenCare o entrevistar a un experto en temas relacionados con la paternidad, el cuidado y la participaci\u00f3n de hombres y ni\u00f1os en la igualdad de g\u00e9nero.<\/span><\/p>\n<p class=\"p1\"><span class=\"s1\">Para obtener m\u00e1s informaci\u00f3n, env\u00ede un correo electr\u00f3nico a Wessel van den Berg, responsable de MenCare, a <a href=\"mailto:w.vandenberg@equimundo.org\">w.vandenberg@equimundo.org<\/a>.<\/span><\/p>\n<h2 class=\"p1\"><span class=\"s1\">Principales logros de MenCare<\/span><\/h2>\n<ul class=\"ul1\">\n<li class=\"li1\"><span class=\"s1\">MenCare ha crecido de siete pa\u00edses en el primer a\u00f1o de la campa\u00f1a (2011) a una iniciativa global activa en m\u00e1s de 45. Nuestras actividades de campa\u00f1a global y <a href=\"\/es\/regions\/\">Campa\u00f1as locales y nacionales lideradas por socios<\/a> se complementan entre s\u00ed y fortalecen la visibilidad mundial de MenCare en su conjunto.<br \/>\n<\/span><\/li>\n<li class=\"li1\"><span class=\"s1\">Nuestro global <a href=\"\/es\/resources\/?type=videos\">Pel\u00edculas de MenCare<\/a> Son una herramienta poderosa para difundir el mensaje y los objetivos de la campa\u00f1a. Hemos recibido m\u00e1s de 25.000 visitas en l\u00ednea de las pel\u00edculas hasta la fecha.<br \/>\n<\/span><\/li>\n<li class=\"li1\"><span class=\"s1\">La campa\u00f1a MenCare ha aparecido en los medios m\u00e1s de 100 veces desde 2012. <a href=\"http:\/\/www.huffingtonpost.com\/luis-mazariegos\/getting-men-involved-in-b_b_5368264.html\" target=\"_blank\" rel=\"noopener\">El Huffington Post<\/a>\u00a0y el <a href=\"http:\/\/www.theguardian.com\/commentisfree\/2013\/nov\/25\/boys-men-end-violence-women-clares-law\" target=\"_blank\" rel=\"noopener\">Guardi\u00e1n<\/a>\u00a0hacia <a href=\"http:\/\/www.thejakartapost.com\/news\/2013\/12\/15\/healthy-happy-wives-begin-with-caring-men.html\" target=\"_blank\" rel=\"noopener\">Correos de Yakarta<\/a>\u00a0y <a href=\"https:\/\/www.opendemocracy.net\/transformation\/gary-barker\/why-don%E2%80%99t-men-care\" target=\"_blank\" rel=\"noopener\">Democracia abierta<\/a>Una variedad de medios de comunicaci\u00f3n y noticias han puesto de relieve nuestro trabajo innovador para involucrar a los hombres como padres y cuidadores equitativos y no violentos.<br \/>\n<\/span><\/li>\n<li class=\"li1\"><span class=\"s1\">Nuestra visibilidad ha aumentado a trav\u00e9s de la participaci\u00f3n en conferencias alrededor del mundo \u2013desde la Iniciativa Global Clinton hasta TEDx Barcelona\u2013 donde llegamos e influimos en los responsables pol\u00edticos, l\u00edderes de opini\u00f3n y medios de comunicaci\u00f3n sobre temas que van desde la participaci\u00f3n de los hombres en las visitas de salud prenatal hasta las pol\u00edticas de licencia parental remunerada.<br \/>\n<\/span><\/li>\n<li class=\"li1\"><span class=\"s1\">A trav\u00e9s de la innovaci\u00f3n <a href=\"\/es\/what-we-do\/programming\/\">programaci\u00f3n<\/a>, <a href=\"\/es\/what-we-do\/media-campaigns\/\">campa\u00f1as de medios<\/a>, y <a href=\"\/es\/what-we-do\/advocacy\/\">defensa<\/a>Estimamos que MenCare ha llegado a aproximadamente 44 millones de personas en todo el mundo.<\/span><\/li>\n<\/ul>\n<h2 class=\"p3\"><span class=\"s1\">MenCare en el mundo<\/span><\/h2>\n<p><iframe loading=\"lazy\" title=\"La campa\u00f1a MenCare\" width=\"500\" height=\"281\" src=\"https:\/\/www.youtube.com\/embed\/NxihRcE_YYc?feature=oembed\" frameborder=\"0\" allow=\"accelerometer; autoplay; clipboard-write; encrypted-media; gyroscope; picture-in-picture; web-share\" referrerpolicy=\"strict-origin-when-cross-origin\" allowfullscreen><\/iframe><\/p>\n<h2 class=\"p4\"><span class=\"s1\">Biograf\u00edas de expertos<\/span><\/h2>\n<h3 class=\"p3\"><span class=\"s1\">Gary Barker<\/span><\/h3>\n<p class=\"p3\"><img loading=\"lazy\" decoding=\"async\" class=\"alignleft wp-image-5922\" src=\"https:\/\/www.mencare.org\/wp-content\/uploads\/2015\/05\/gary-barker-300x300-2016.jpg\" alt=\"Gary Barker\" width=\"150\" height=\"150\" \/>Gary Barker es presidente y director ejecutivo de <strong>Equimundo: Centro de Masculinidades y Justicia Social<\/strong> (<a href=\"https:\/\/www.equimundo.org\/formerly-known-as-promundo-us\/\">anteriormente Promundo-US<\/a>). Ha llevado a cabo una extensa investigaci\u00f3n global y desarrollo de programas en torno a la participaci\u00f3n de hombres y ni\u00f1os en la igualdad de g\u00e9nero y la prevenci\u00f3n de la violencia, y es una voz l\u00edder en el esfuerzo mundial por establecer din\u00e1micas positivas y saludables entre hombres y mujeres. Gary es cofundador de MenCare, una campa\u00f1a global para promover la participaci\u00f3n de los hombres como cuidadores equitativos y no violentos, y cofundador de MenEngage, una alianza global de m\u00e1s de 600 ONG y agencias de la ONU que trabajan por la igualdad de g\u00e9nero. Coordina IMAGES (la Encuesta Internacional sobre Hombres e Igualdad de G\u00e9nero), una encuesta pionera en varios pa\u00edses sobre las actitudes y comportamientos de los hombres relacionados con la violencia, la paternidad y la igualdad de g\u00e9nero, entre otros temas. Es miembro de la Red de L\u00edderes de Hombres del Secretario General de la ONU y ha sido distinguido con una beca Ashoka, una beca del Open Society Institute y el Premio de Solidaridad Vital Voices. Gary obtuvo un doctorado en desarrollo infantil y adolescente de la Universidad Loyola en Chicago y una maestr\u00eda en Pol\u00edticas P\u00fablicas de la Universidad Duke.<\/p>\n<h3 class=\"p3\"><span class=\"s1\">Mphokuhle Mabhena<\/span><\/h3>\n<p class=\"p3\"><span class=\"s1\"><img loading=\"lazy\" decoding=\"async\" class=\"wp-image-7129 size-full alignleft\" src=\"https:\/\/www.mencare.org\/wp-content\/uploads\/2020\/03\/Screenshot_20190528-225815.png-copy.png\" alt=\"\" width=\"165\" height=\"162\" \/>Mphokuhle Mabhena \u2013 Lunga (Mpho) es coordinadora global de MenCare. Es la coordinadora regional de derechos del ni\u00f1o y crianza positiva en Sonke Gender Justice en Ciudad del Cabo. Mpho aporta al puesto a\u00f1os de experiencia trabajando en proyectos y campa\u00f1as con refugiados y migrantes, l\u00edderes religiosos y organizaciones religiosas a trav\u00e9s de su funci\u00f3n anterior en Sonke como formadora en Salud y Derechos de los Refugiados (RHR). A trav\u00e9s de su funci\u00f3n posterior como formadora s\u00e9nior dentro de la cartera de impulsores sociales y estructurales (SSD), as\u00ed como a trav\u00e9s de su trabajo dentro de la Unidad de Programas Regionales (RPU), Mpho tiene experiencia trabajando con los 22 pa\u00edses africanos dentro de MenEngage Africa (MEA). Mpho tiene una licenciatura con honores en Periodismo y Estudios de Medios de la Universidad Nacional de Ciencia y Tecnolog\u00eda en Bulawayo, Zimbabue.<\/span><\/p>","protected":false},"excerpt":{"rendered":"<p>Consultas de los medios de comunicaci\u00f3n Explore esta p\u00e1gina para obtener informaci\u00f3n sobre los principales logros de MenCare, art\u00edculos de prensa recientes y biograf\u00edas de los principales l\u00edderes y expertos de MenCare. P\u00f3ngase en contacto con nosotros si es miembro de la prensa y desea obtener m\u00e1s informaci\u00f3n sobre el impacto de MenCare o entrevistar a un experto en temas relacionados con la paternidad, el cuidado y la participaci\u00f3n de hombres y ni\u00f1os.&nbsp;<a class=\"read-more-link\" href=\"http:\/\/www.mencare.org\/es\/press-and-media\/\">\u2026<\/a><\/p>","protected":false},"author":178,"featured_media":0,"parent":0,"menu_order":2,"comment_status":"open","ping_status":"open","template":"","meta":{"footnotes":""},"class_list":["post-1846","page","type-page","status-publish","hentry"],"acf":[],"yoast_head":"<!-- This site is optimized with the Yoast SEO plugin v25.9 - https:\/\/yoast.com\/wordpress\/plugins\/seo\/ -->\n<title>Press and Media - MenCare<\/title>\n<meta name=\"description\" content=\"We highlight MenCare\u2019s key achievements, recent press, and bios of MenCare leaders and experts for members of the press seeking to learn about the campaign.\" \/>\n<meta name=\"robots\" content=\"index, follow, max-snippet:-1, max-image-preview:large, max-video-preview:-1\" \/>\n<link rel=\"canonical\" href=\"http:\/\/www.mencare.org\/es\/press-and-media\/\" \/>\n<meta property=\"og:locale\" content=\"es_MX\" \/>\n<meta property=\"og:type\" content=\"article\" \/>\n<meta property=\"og:title\" content=\"Press and Media - MenCare\" \/>\n<meta property=\"og:description\" content=\"We highlight MenCare\u2019s key achievements, recent press, and bios of MenCare leaders and experts for members of the press seeking to learn about the campaign.\" \/>\n<meta property=\"og:url\" content=\"http:\/\/www.mencare.org\/es\/press-and-media\/\" \/>\n<meta property=\"og:site_name\" content=\"MenCare\" \/>\n<meta property=\"article:modified_time\" content=\"2022-10-04T14:14:46+00:00\" \/>\n<meta property=\"og:image\" content=\"https:\/\/www.mencare.org\/wp-content\/uploads\/2015\/05\/gary-barker-300x300-2016.jpg\" \/>\n<meta name=\"twitter:card\" content=\"summary_large_image\" \/>\n<meta name=\"twitter:label1\" content=\"Est. reading time\" \/>\n\t<meta name=\"twitter:data1\" content=\"3 minutes\" \/>\n<script type=\"application\/ld+json\" class=\"yoast-schema-graph\">{\"@context\":\"https:\/\/schema.org\",\"@graph\":[{\"@type\":\"WebPage\",\"@id\":\"http:\/\/www.mencare.org\/es\/press-and-media\/\",\"url\":\"http:\/\/www.mencare.org\/es\/press-and-media\/\",\"name\":\"Press and Media - MenCare\",\"isPartOf\":{\"@id\":\"http:\/\/www.mencare.org\/es\/#website\"},\"primaryImageOfPage\":{\"@id\":\"http:\/\/www.mencare.org\/es\/press-and-media\/#primaryimage\"},\"image\":{\"@id\":\"http:\/\/www.mencare.org\/es\/press-and-media\/#primaryimage\"},\"thumbnailUrl\":\"https:\/\/www.mencare.org\/wp-content\/uploads\/2015\/05\/gary-barker-300x300-2016.jpg\",\"datePublished\":\"2015-05-26T12:26:11+00:00\",\"dateModified\":\"2022-10-04T14:14:46+00:00\",\"description\":\"We highlight MenCare\u2019s key achievements, recent press, and bios of MenCare leaders and experts for members of the press seeking to learn about the campaign.\",\"breadcrumb\":{\"@id\":\"http:\/\/www.mencare.org\/es\/press-and-media\/#breadcrumb\"},\"inLanguage\":\"es-MX\",\"potentialAction\":[{\"@type\":\"ReadAction\",\"target\":[\"http:\/\/www.mencare.org\/es\/press-and-media\/\"]}]},{\"@type\":\"ImageObject\",\"inLanguage\":\"es-MX\",\"@id\":\"http:\/\/www.mencare.org\/es\/press-and-media\/#primaryimage\",\"url\":\"https:\/\/www.mencare.org\/wp-content\/uploads\/2015\/05\/gary-barker-300x300-2016.jpg\",\"contentUrl\":\"https:\/\/www.mencare.org\/wp-content\/uploads\/2015\/05\/gary-barker-300x300-2016.jpg\"},{\"@type\":\"BreadcrumbList\",\"@id\":\"http:\/\/www.mencare.org\/es\/press-and-media\/#breadcrumb\",\"itemListElement\":[{\"@type\":\"ListItem\",\"position\":1,\"name\":\"Home\",\"item\":\"http:\/\/www.mencare.org\/es\/\"},{\"@type\":\"ListItem\",\"position\":2,\"name\":\"Press and Media\"}]},{\"@type\":\"WebSite\",\"@id\":\"http:\/\/www.mencare.org\/es\/#website\",\"url\":\"http:\/\/www.mencare.org\/es\/\",\"name\":\"MenCare\",\"description\":\"A Global Fatherhood Campaign\",\"potentialAction\":[{\"@type\":\"SearchAction\",\"target\":{\"@type\":\"EntryPoint\",\"urlTemplate\":\"http:\/\/www.mencare.org\/es\/?s={search_term_string}\"},\"query-input\":{\"@type\":\"PropertyValueSpecification\",\"valueRequired\":true,\"valueName\":\"search_term_string\"}}],\"inLanguage\":\"es-MX\"}]}<\/script>\n<!-- \/ Yoast SEO plugin. -->","yoast_head_json":{"title":"Press and Media - MenCare","description":"We highlight MenCare\u2019s key achievements, recent press, and bios of MenCare leaders and experts for members of the press seeking to learn about the campaign.","robots":{"index":"index","follow":"follow","max-snippet":"max-snippet:-1","max-image-preview":"max-image-preview:large","max-video-preview":"max-video-preview:-1"},"canonical":"http:\/\/www.mencare.org\/es\/press-and-media\/","og_locale":"es_MX","og_type":"article","og_title":"Press and Media - MenCare","og_description":"We highlight MenCare\u2019s key achievements, recent press, and bios of MenCare leaders and experts for members of the press seeking to learn about the campaign.","og_url":"http:\/\/www.mencare.org\/es\/press-and-media\/","og_site_name":"MenCare","article_modified_time":"2022-10-04T14:14:46+00:00","og_image":[{"url":"https:\/\/www.mencare.org\/wp-content\/uploads\/2015\/05\/gary-barker-300x300-2016.jpg","type":"","width":"","height":""}],"twitter_card":"summary_large_image","twitter_misc":{"Est. reading time":"3 minutes"},"schema":{"@context":"https:\/\/schema.org","@graph":[{"@type":"WebPage","@id":"http:\/\/www.mencare.org\/es\/press-and-media\/","url":"http:\/\/www.mencare.org\/es\/press-and-media\/","name":"Press and Media - MenCare","isPartOf":{"@id":"http:\/\/www.mencare.org\/es\/#website"},"primaryImageOfPage":{"@id":"http:\/\/www.mencare.org\/es\/press-and-media\/#primaryimage"},"image":{"@id":"http:\/\/www.mencare.org\/es\/press-and-media\/#primaryimage"},"thumbnailUrl":"https:\/\/www.mencare.org\/wp-content\/uploads\/2015\/05\/gary-barker-300x300-2016.jpg","datePublished":"2015-05-26T12:26:11+00:00","dateModified":"2022-10-04T14:14:46+00:00","description":"We highlight MenCare\u2019s key achievements, recent press, and bios of MenCare leaders and experts for members of the press seeking to learn about the campaign.","breadcrumb":{"@id":"http:\/\/www.mencare.org\/es\/press-and-media\/#breadcrumb"},"inLanguage":"es-MX","potentialAction":[{"@type":"ReadAction","target":["http:\/\/www.mencare.org\/es\/press-and-media\/"]}]},{"@type":"ImageObject","inLanguage":"es-MX","@id":"http:\/\/www.mencare.org\/es\/press-and-media\/#primaryimage","url":"https:\/\/www.mencare.org\/wp-content\/uploads\/2015\/05\/gary-barker-300x300-2016.jpg","contentUrl":"https:\/\/www.mencare.org\/wp-content\/uploads\/2015\/05\/gary-barker-300x300-2016.jpg"},{"@type":"BreadcrumbList","@id":"http:\/\/www.mencare.org\/es\/press-and-media\/#breadcrumb","itemListElement":[{"@type":"ListItem","position":1,"name":"Home","item":"http:\/\/www.mencare.org\/es\/"},{"@type":"ListItem","position":2,"name":"Press and Media"}]},{"@type":"WebSite","@id":"http:\/\/www.mencare.org\/es\/#website","url":"http:\/\/www.mencare.org\/es\/","name":"Cuidado de los hombres","description":"Una campa\u00f1a mundial por la paternidad","potentialAction":[{"@type":"SearchAction","target":{"@type":"EntryPoint","urlTemplate":"http:\/\/www.mencare.org\/es\/?s={search_term_string}"},"query-input":{"@type":"PropertyValueSpecification","valueRequired":true,"valueName":"search_term_string"}}],"inLanguage":"es-MX"}]}},"_links":{"self":[{"href":"http:\/\/www.mencare.org\/es\/wp-json\/wp\/v2\/pages\/1846","targetHints":{"allow":["GET"]}}],"collection":[{"href":"http:\/\/www.mencare.org\/es\/wp-json\/wp\/v2\/pages"}],"about":[{"href":"http:\/\/www.mencare.org\/es\/wp-json\/wp\/v2\/types\/page"}],"author":[{"embeddable":true,"href":"http:\/\/www.mencare.org\/es\/wp-json\/wp\/v2\/users\/178"}],"replies":[{"embeddable":true,"href":"http:\/\/www.mencare.org\/es\/wp-json\/wp\/v2\/comments?post=1846"}],"version-history":[{"count":3,"href":"http:\/\/www.mencare.org\/es\/wp-json\/wp\/v2\/pages\/1846\/revisions"}],"predecessor-version":[{"id":7470,"href":"http:\/\/www.mencare.org\/es\/wp-json\/wp\/v2\/pages\/1846\/revisions\/7470"}],"wp:attachment":[{"href":"http:\/\/www.mencare.org\/es\/wp-json\/wp\/v2\/media?parent=1846"}],"curies":[{"name":"wp","href":"https:\/\/api.w.org\/{rel}","templated":true}]}}