{"id":1862,"date":"2015-05-26T14:17:11","date_gmt":"2015-05-26T14:17:11","guid":{"rendered":"https:\/\/www.mencare.org\/?page_id=1862"},"modified":"2015-05-26T14:17:11","modified_gmt":"2015-05-26T14:17:11","slug":"media-campaigns","status":"publish","type":"page","link":"http:\/\/www.mencare.org\/es\/what-we-do\/media-campaigns\/","title":{"rendered":"Campa\u00f1as de comunicaci\u00f3n"},"content":{"rendered":"<div class=\"radius-fix\"><img loading=\"lazy\" decoding=\"async\" class=\"alignleft size-full wp-image-2846\" src=\"https:\/\/www.mencare.org\/wp-content\/uploads\/2015\/05\/Media-Campaigns-Posters.jpg\" alt=\"Media-Campaigns-Posters\" width=\"1000\" height=\"357\" \/><\/div>\n<p>Las campa\u00f1as de medios de comunicaci\u00f3n de MenCare, adaptadas en todo el mundo, inspiran a los hombres, a sus familias y a sus comunidades a apoyar la prestaci\u00f3n de cuidados por parte de los hombres. MenCare ofrece contenido global y asesoramiento sobre adaptaci\u00f3n para que las organizaciones locales lo utilicen y adapten a sus culturas y contextos. Los socios han adaptado y creado anuncios de televisi\u00f3n, carteles, esl\u00f3ganes, fotograf\u00edas, anuncios de radio y anuncios para grupos de padres locales.<\/p>\n<p>Desde Brasil y Nicaragua hasta Ruanda, Sud\u00e1frica y Sri Lanka, los socios de MenCare han producido cortometrajes que cuentan historias poderosas de hombres que superan la violencia, los traumas infantiles y combaten las normas de g\u00e9nero para convertirse en padres y cuidadores involucrados.<\/p>\n<p><iframe loading=\"lazy\" title=\"MenCare - \u00danete al movimiento\" src=\"https:\/\/player.vimeo.com\/video\/75783707?dnt=1&amp;app_id=122963\" width=\"500\" height=\"281\" frameborder=\"0\" allow=\"autoplay; fullscreen; picture-in-picture; clipboard-write\"><\/iframe><\/p>\n<p>Los socios de MenCare en los cinco continentes han hecho suya la campa\u00f1a creando carteles y adapt\u00e1ndolos a sus contextos y culturas. Los carteles utilizan im\u00e1genes y mensajes positivos que hablan directamente a los padres y los alientan a verse a s\u00ed mismos de la misma manera que sus hijos los ven: a ver el potencial, la importancia y las responsabilidades de la paternidad.<\/p>\n<p>En Sud\u00e1frica, los socios de MenCare utilizan la radio para hablar sobre la paternidad, la situaci\u00f3n actual de los padres y lo que se necesita para ser un gran padre. En Indonesia, las celebridades han llamado la atenci\u00f3n sobre la campa\u00f1a en la televisi\u00f3n, mientras que en Sri Lanka, los anuncios televisados han llegado al 40 por ciento de los televidentes habituales del pa\u00eds.<\/p>\n<p>Obtenga m\u00e1s informaci\u00f3n sobre las campa\u00f1as de medios desarrolladas por los socios de MenCare viendo nuestro <a href=\"\/es\/resources\/?type=videos\">pel\u00edculas<\/a>, viendo nuestro <a href=\"\/es\/resources\/?type=posters\">carteles<\/a>, y explorar las \u00faltimas actualizaciones de campa\u00f1a en nuestro <a href=\"\/es\/news\/\">blog<\/a>!<\/p>","protected":false},"excerpt":{"rendered":"<p>MenCare&#8217;s media campaigns, adapted around the world, inspire men, their families, and their communities to support men\u2019s caregiving. MenCare provides global content and advice on adaptation for local organizations to use and tailor to their cultures and contexts. Partners have adapted and created TV advertisements, posters, slogans, photos, radio advertisements, and advertisements for local fathers\u2019&nbsp;<a class=\"read-more-link\" href=\"http:\/\/www.mencare.org\/es\/what-we-do\/media-campaigns\/\">\u2026<\/a><\/p>","protected":false},"author":178,"featured_media":0,"parent":1856,"menu_order":3,"comment_status":"open","ping_status":"open","template":"","meta":{"footnotes":""},"class_list":["post-1862","page","type-page","status-publish","hentry"],"acf":[],"yoast_head":"<!-- This site is optimized with the Yoast SEO plugin v25.9 - https:\/\/yoast.com\/wordpress\/plugins\/seo\/ -->\n<title>Media Campaigns - MenCare<\/title>\n<meta name=\"robots\" content=\"index, follow, max-snippet:-1, max-image-preview:large, max-video-preview:-1\" \/>\n<link rel=\"canonical\" href=\"https:\/\/www.mencare.org\/es\/what-we-do\/media-campaigns\/\" \/>\n<meta property=\"og:locale\" content=\"es_MX\" \/>\n<meta property=\"og:type\" content=\"article\" \/>\n<meta property=\"og:title\" content=\"Media Campaigns - MenCare\" \/>\n<meta property=\"og:description\" content=\"MenCare&#8217;s media campaigns, adapted around the world, inspire men, their families, and their communities to support men\u2019s caregiving. MenCare provides global content and advice on adaptation for local organizations to use and tailor to their cultures and contexts. Partners have adapted and created TV advertisements, posters, slogans, photos, radio advertisements, and advertisements for local fathers\u2019&nbsp;&hellip;\" \/>\n<meta property=\"og:url\" content=\"https:\/\/www.mencare.org\/es\/what-we-do\/media-campaigns\/\" \/>\n<meta property=\"og:site_name\" content=\"MenCare\" \/>\n<meta property=\"og:image\" content=\"https:\/\/www.mencare.org\/wp-content\/uploads\/2015\/05\/Media-Campaigns-Posters.jpg\" \/>\n<meta name=\"twitter:card\" content=\"summary_large_image\" \/>\n<meta name=\"twitter:label1\" content=\"Est. reading time\" \/>\n\t<meta name=\"twitter:data1\" content=\"1 minute\" \/>\n<script type=\"application\/ld+json\" class=\"yoast-schema-graph\">{\"@context\":\"https:\/\/schema.org\",\"@graph\":[{\"@type\":\"WebPage\",\"@id\":\"https:\/\/www.mencare.org\/what-we-do\/media-campaigns\/\",\"url\":\"https:\/\/www.mencare.org\/what-we-do\/media-campaigns\/\",\"name\":\"Media Campaigns - MenCare\",\"isPartOf\":{\"@id\":\"http:\/\/www.mencare.org\/es\/#website\"},\"primaryImageOfPage\":{\"@id\":\"https:\/\/www.mencare.org\/what-we-do\/media-campaigns\/#primaryimage\"},\"image\":{\"@id\":\"https:\/\/www.mencare.org\/what-we-do\/media-campaigns\/#primaryimage\"},\"thumbnailUrl\":\"https:\/\/www.mencare.org\/wp-content\/uploads\/2015\/05\/Media-Campaigns-Posters.jpg\",\"datePublished\":\"2015-05-26T14:17:11+00:00\",\"breadcrumb\":{\"@id\":\"https:\/\/www.mencare.org\/what-we-do\/media-campaigns\/#breadcrumb\"},\"inLanguage\":\"es-MX\",\"potentialAction\":[{\"@type\":\"ReadAction\",\"target\":[\"https:\/\/www.mencare.org\/what-we-do\/media-campaigns\/\"]}]},{\"@type\":\"ImageObject\",\"inLanguage\":\"es-MX\",\"@id\":\"https:\/\/www.mencare.org\/what-we-do\/media-campaigns\/#primaryimage\",\"url\":\"https:\/\/www.mencare.org\/wp-content\/uploads\/2015\/05\/Media-Campaigns-Posters.jpg\",\"contentUrl\":\"https:\/\/www.mencare.org\/wp-content\/uploads\/2015\/05\/Media-Campaigns-Posters.jpg\"},{\"@type\":\"BreadcrumbList\",\"@id\":\"https:\/\/www.mencare.org\/what-we-do\/media-campaigns\/#breadcrumb\",\"itemListElement\":[{\"@type\":\"ListItem\",\"position\":1,\"name\":\"Home\",\"item\":\"http:\/\/www.mencare.org\/es\/\"},{\"@type\":\"ListItem\",\"position\":2,\"name\":\"What We Do\",\"item\":\"http:\/\/www.mencare.org\/what-we-do\/\"},{\"@type\":\"ListItem\",\"position\":3,\"name\":\"Media Campaigns\"}]},{\"@type\":\"WebSite\",\"@id\":\"http:\/\/www.mencare.org\/es\/#website\",\"url\":\"http:\/\/www.mencare.org\/es\/\",\"name\":\"MenCare\",\"description\":\"A Global Fatherhood Campaign\",\"potentialAction\":[{\"@type\":\"SearchAction\",\"target\":{\"@type\":\"EntryPoint\",\"urlTemplate\":\"http:\/\/www.mencare.org\/es\/?s={search_term_string}\"},\"query-input\":{\"@type\":\"PropertyValueSpecification\",\"valueRequired\":true,\"valueName\":\"search_term_string\"}}],\"inLanguage\":\"es-MX\"}]}<\/script>\n<!-- \/ Yoast SEO plugin. -->","yoast_head_json":{"title":"Media Campaigns - MenCare","robots":{"index":"index","follow":"follow","max-snippet":"max-snippet:-1","max-image-preview":"max-image-preview:large","max-video-preview":"max-video-preview:-1"},"canonical":"https:\/\/www.mencare.org\/es\/what-we-do\/media-campaigns\/","og_locale":"es_MX","og_type":"article","og_title":"Media Campaigns - MenCare","og_description":"MenCare&#8217;s media campaigns, adapted around the world, inspire men, their families, and their communities to support men\u2019s caregiving. MenCare provides global content and advice on adaptation for local organizations to use and tailor to their cultures and contexts. Partners have adapted and created TV advertisements, posters, slogans, photos, radio advertisements, and advertisements for local fathers\u2019&nbsp;&hellip;","og_url":"https:\/\/www.mencare.org\/es\/what-we-do\/media-campaigns\/","og_site_name":"MenCare","og_image":[{"url":"https:\/\/www.mencare.org\/wp-content\/uploads\/2015\/05\/Media-Campaigns-Posters.jpg","type":"","width":"","height":""}],"twitter_card":"summary_large_image","twitter_misc":{"Est. reading time":"1 minute"},"schema":{"@context":"https:\/\/schema.org","@graph":[{"@type":"WebPage","@id":"https:\/\/www.mencare.org\/what-we-do\/media-campaigns\/","url":"https:\/\/www.mencare.org\/what-we-do\/media-campaigns\/","name":"Media Campaigns - MenCare","isPartOf":{"@id":"http:\/\/www.mencare.org\/es\/#website"},"primaryImageOfPage":{"@id":"https:\/\/www.mencare.org\/what-we-do\/media-campaigns\/#primaryimage"},"image":{"@id":"https:\/\/www.mencare.org\/what-we-do\/media-campaigns\/#primaryimage"},"thumbnailUrl":"https:\/\/www.mencare.org\/wp-content\/uploads\/2015\/05\/Media-Campaigns-Posters.jpg","datePublished":"2015-05-26T14:17:11+00:00","breadcrumb":{"@id":"https:\/\/www.mencare.org\/what-we-do\/media-campaigns\/#breadcrumb"},"inLanguage":"es-MX","potentialAction":[{"@type":"ReadAction","target":["https:\/\/www.mencare.org\/what-we-do\/media-campaigns\/"]}]},{"@type":"ImageObject","inLanguage":"es-MX","@id":"https:\/\/www.mencare.org\/what-we-do\/media-campaigns\/#primaryimage","url":"https:\/\/www.mencare.org\/wp-content\/uploads\/2015\/05\/Media-Campaigns-Posters.jpg","contentUrl":"https:\/\/www.mencare.org\/wp-content\/uploads\/2015\/05\/Media-Campaigns-Posters.jpg"},{"@type":"BreadcrumbList","@id":"https:\/\/www.mencare.org\/what-we-do\/media-campaigns\/#breadcrumb","itemListElement":[{"@type":"ListItem","position":1,"name":"Home","item":"http:\/\/www.mencare.org\/es\/"},{"@type":"ListItem","position":2,"name":"What We Do","item":"http:\/\/www.mencare.org\/what-we-do\/"},{"@type":"ListItem","position":3,"name":"Media Campaigns"}]},{"@type":"WebSite","@id":"http:\/\/www.mencare.org\/es\/#website","url":"http:\/\/www.mencare.org\/es\/","name":"Cuidado de los hombres","description":"Una campa\u00f1a mundial por la paternidad","potentialAction":[{"@type":"SearchAction","target":{"@type":"EntryPoint","urlTemplate":"http:\/\/www.mencare.org\/es\/?s={search_term_string}"},"query-input":{"@type":"PropertyValueSpecification","valueRequired":true,"valueName":"search_term_string"}}],"inLanguage":"es-MX"}]}},"_links":{"self":[{"href":"http:\/\/www.mencare.org\/es\/wp-json\/wp\/v2\/pages\/1862","targetHints":{"allow":["GET"]}}],"collection":[{"href":"http:\/\/www.mencare.org\/es\/wp-json\/wp\/v2\/pages"}],"about":[{"href":"http:\/\/www.mencare.org\/es\/wp-json\/wp\/v2\/types\/page"}],"author":[{"embeddable":true,"href":"http:\/\/www.mencare.org\/es\/wp-json\/wp\/v2\/users\/178"}],"replies":[{"embeddable":true,"href":"http:\/\/www.mencare.org\/es\/wp-json\/wp\/v2\/comments?post=1862"}],"version-history":[{"count":0,"href":"http:\/\/www.mencare.org\/es\/wp-json\/wp\/v2\/pages\/1862\/revisions"}],"up":[{"embeddable":true,"href":"http:\/\/www.mencare.org\/es\/wp-json\/wp\/v2\/pages\/1856"}],"wp:attachment":[{"href":"http:\/\/www.mencare.org\/es\/wp-json\/wp\/v2\/media?parent=1862"}],"curies":[{"name":"wp","href":"https:\/\/api.w.org\/{rel}","templated":true}]}}