{"id":6744,"date":"2019-10-03T17:33:00","date_gmt":"2019-10-03T21:33:00","guid":{"rendered":"https:\/\/www.mencare.org\/?page_id=6744"},"modified":"2024-07-24T16:43:11","modified_gmt":"2024-07-24T20:43:11","slug":"privacy-policy","status":"publish","type":"page","link":"http:\/\/www.mencare.org\/es\/privacy-policy\/","title":{"rendered":"pol\u00edtica de privacidad"},"content":{"rendered":"<h3>Acerca de la pol\u00edtica:<\/h3>\n<p>Equimundo se compromete a proteger sus datos personales, ya sea simpatizante, investigador, visitante o socio. El respeto por su privacidad es importante para nosotros.<\/p>\n<p>Esta pol\u00edtica describe c\u00f3mo recopilamos, usamos y almacenamos datos personales a trav\u00e9s de nuestro sitio web, plataforma de marketing por correo electr\u00f3nico y plataforma de donaciones.<\/p>\n<h3>Quienes somos:<\/h3>\n<p>Equimundo es una corporaci\u00f3n sin fines de lucro 501 (c) (3) organizada bajo las leyes del Estado de California con nuestras oficinas principales ubicadas en 1367 Connecticut Avenue NW, Suite 210, Washington, DC 20036, Estados Unidos.<\/p>\n<p>Equimundo es responsable de la gesti\u00f3n del dominio del sitio web Equimundo: <a href=\"https:\/\/www.equimundo.org\" target=\"_blank\" rel=\"noopener\">www.equimundo.org<\/a>; plataforma de donaci\u00f3n: <a href=\"https:\/\/www.equimundo.org\/donate\/\">equimundo.org\/donar<\/a>; y marketing por correo electr\u00f3nico asociado; el dominio del sitio web de MenCare: <a href=\"https:\/\/www.mencare.org\/es\/\" target=\"_blank\" rel=\"noopener\">www.mencare.org<\/a>; as\u00ed como los canales de redes sociales de Equimundo, incluidas las cuentas en <a href=\"https:\/\/www.facebook.com\/Equimundo.org\" target=\"_blank\" rel=\"noopener\">Facebook<\/a>, <a href=\"https:\/\/twitter.com\/Equimundo_org\" target=\"_blank\" rel=\"noopener\">Gorjeo<\/a>, <a href=\"https:\/\/www.youtube.com\/channel\/UC-kt6WjQ_IFF8JOe-HfZJyw\" target=\"_blank\" rel=\"noopener\">YouTube<\/a>, y <a href=\"https:\/\/www.linkedin.com\/company\/equimundo\" target=\"_blank\" rel=\"noopener\">LinkedIn<\/a>La presente Pol\u00edtica de Privacidad y Cookies se aplica a los canales antes mencionados.<\/p>\n<h3>Informaci\u00f3n del contacto:<\/h3>\n<p>Equimundo<br \/>\n1367 Connecticut Avenue NW, Suite 310<br \/>\nWashington, DC 20036<br \/>\nEstados Unidos<\/p>\n<p>Correo electr\u00f3nico: <a href=\"mailto:contact@equimundo.org\" target=\"_blank\" rel=\"noopener\">contacto@equimundo.org<\/a><br \/>\nTel\u00e9fono: +1 (202) 588-0061<\/p>\n<h3>Notificaci\u00f3n de Cambio de Pol\u00edtica de Privacidad y Cookies:<\/h3>\n<p>Esta Pol\u00edtica de privacidad y cookies puede cambiar de vez en cuando. Visite esta p\u00e1gina web para mantenerse actualizado sobre los cambios en nuestra Pol\u00edtica de privacidad y cookies. Le notificaremos sobre los cambios significativos envi\u00e1ndole un aviso a la direcci\u00f3n de correo electr\u00f3nico que nos proporcion\u00f3, si se ha registrado para recibir correos electr\u00f3nicos, boletines informativos u otros materiales de marketing.<\/p>\n<h3>Consentimiento de cookies:<\/h3>\n<p>Al utilizar nuestro sitio web, nuestras p\u00e1ginas de redes sociales (como Facebook, Twitter, LinkedIn, YouTube, etc.), suscribirse a nuestra lista de correo electr\u00f3nico, realizar donaciones y\/o solicitar informaci\u00f3n, usted acepta que, a menos que haya configurado el navegador de su computadora para rechazarlas, acepta las cookies que se detallan a continuaci\u00f3n y que utilicemos los datos asociados de acuerdo con esta pol\u00edtica.<\/p>\n<h2>pol\u00edtica de privacidad<\/h2>\n<h3>\u00bfC\u00f3mo recopilamos su informaci\u00f3n?<\/h3>\n<p>Podemos recopilar informaci\u00f3n sobre usted cuando interact\u00faa con nosotros. Por ejemplo, cuando se comunica con Equimundo, nos env\u00eda o recibe informaci\u00f3n, se registra para recibir nuestro bolet\u00edn informativo, interact\u00faa con nuestras redes sociales o nos hace una donaci\u00f3n, puede proporcionarnos su informaci\u00f3n personal.<\/p>\n<p>Tambi\u00e9n podemos recibir informaci\u00f3n sobre usted cuando interact\u00faa con terceros con los que trabajamos. Por ejemplo, podemos recibir informaci\u00f3n sobre usted despu\u00e9s de que nos haya hecho una donaci\u00f3n a trav\u00e9s de un sitio web de terceros (por ejemplo, NationBuilder y PayPal). Podemos recopilar informaci\u00f3n sobre usted de fuentes disponibles p\u00fablicamente a trav\u00e9s de servicios de suscripci\u00f3n o proveedores de servicios de terceros.<\/p>\n<p>Podemos recopilar informaci\u00f3n agregada o an\u00f3nima cuando visite nuestro sitio web o interact\u00fae con nuestro contenido. Por ejemplo, podemos recopilar informaci\u00f3n sobre los servicios que utiliza y c\u00f3mo los utiliza, como cuando visita determinadas p\u00e1ginas de nuestro sitio web, mira un video en YouTube o interact\u00faa en Twitter, Facebook o LinkedIn.<\/p>\n<h3>\u00bfQu\u00e9 informaci\u00f3n recopilamos?<\/h3>\n<p>La informaci\u00f3n que recopilamos de usted directamente o de terceros con quienes trabajamos puede incluir:<\/p>\n<p>Nombre<br \/>\nDIRECCI\u00d3N<br \/>\nDirecci\u00f3n de correo electr\u00f3nico<br \/>\nN\u00famero telef\u00f3nico<br \/>\nPreferencias de contacto<br \/>\nInformaci\u00f3n de la cuenta bancaria para quienes desean configurar un dep\u00f3sito directo regular<br \/>\nDatos de la tarjeta de cr\u00e9dito para procesar pagos con tarjeta de cr\u00e9dito<br \/>\nCondici\u00f3n de contribuyente para reclamar deducciones fiscales por obras ben\u00e9ficas<br \/>\nFecha de nacimiento o edad para confirmar que eres mayor de 18 a\u00f1os<\/p>\n<p>No utilizamos cookies para recopilar este tipo de informaci\u00f3n. Todas las transacciones financieras en l\u00ednea se cifrar\u00e1n.<\/p>\n<p>Si ha identificado que podr\u00eda querer y tener la capacidad de apoyar a Equimundo, podemos usar la informaci\u00f3n que tenemos para iniciar un mayor contacto con usted y conectarlo con otros patrocinadores clave de Equimundo. Podemos revisar otra informaci\u00f3n sobre usted que est\u00e9 disponible para el p\u00fablico a trav\u00e9s de b\u00fasquedas en Internet, redes sociales como LinkedIn, servicios de suscripci\u00f3n, nuevos archivos o bases de datos p\u00fablicas, como informaci\u00f3n sobre directores corporativos, participaciones accionarias, informaci\u00f3n biogr\u00e1fica publicada, empleo y ganancias, intereses y redes filantr\u00f3picas, historial y motivaciones de donaciones caritativas y cobertura medi\u00e1tica relevante, para que podamos relacionarnos con usted de una manera m\u00e1s personalizada.<\/p>\n<h3>\u00bfC\u00f3mo utilizamos la informaci\u00f3n personal?<\/h3>\n<p>Solo utilizamos sus datos personales para los fines para los que los recopilamos, a menos que consideremos razonablemente que necesitamos usarlos por otro motivo y que ese motivo sea compatible con el prop\u00f3sito original. Si desea recibir una explicaci\u00f3n sobre c\u00f3mo el nuevo prop\u00f3sito es compatible con el prop\u00f3sito original, comun\u00edquese con nosotros a <a href=\"mailto:contact@equimundo.org\" target=\"_blank\" rel=\"noopener\">contacto@equimundo.org<\/a>.<\/p>\n<h3>Derechos de los interesados de la UE:<\/h3>\n<h4>En virtud de las leyes de protecci\u00f3n de datos, usted tiene los siguientes derechos en relaci\u00f3n con sus datos personales. Esto incluye el derecho a:<\/h4>\n<ul>\n<li>Solicitar acceso a sus datos personales. Esto le permitir\u00e1 recibir una copia de los datos personales que tenemos sobre usted y comprobar que los estamos procesando de forma legal.<\/li>\n<li>Solicitar la correcci\u00f3n de los datos personales que tenemos sobre usted. Esto le permite corregir cualquier dato incompleto o inexacto que tengamos sobre usted, aunque es posible que necesitemos verificar la exactitud de los nuevos datos que nos proporcione.<\/li>\n<li>Solicitar el borrado de sus datos salvo que lo proh\u00edba la ley.<\/li>\n<li>Retirar el consentimiento en cualquier momento cuando dependamos de su consentimiento para procesar sus datos personales. Si retira su consentimiento, es posible que no podamos proporcionarle cierta informaci\u00f3n o servicios. Le informaremos si este es el caso en el momento en que retire el consentimiento.<\/li>\n<\/ul>\n<p>No tendr\u00e1 que pagar ninguna tarifa para acceder a sus datos personales ni para ejercer cualquiera de los otros derechos establecidos anteriormente.<\/p>\n<p>Es posible que necesitemos solicitarle informaci\u00f3n espec\u00edfica para ayudarnos a confirmar su identidad y garantizar su derecho a acceder a sus datos personales. Se trata de una medida de seguridad para garantizar que los datos personales no se divulguen a ninguna persona que no tenga derecho a recibirlos.<\/p>\n<p>Para ejercer sus derechos, por favor cont\u00e1ctenos en <a href=\"mailto:contact@equimundo.org\" target=\"_blank\" rel=\"noopener\">contacto@equimundo.org<\/a>.<\/p>\n<h3>Darse de baja:<\/h3>\n<h4>C\u00f3mo optar por no recibir informaci\u00f3n, correos electr\u00f3nicos, boletines informativos u otro material de nuestra parte.<\/h4>\n<p>Para optar por no recibir informaci\u00f3n, correos electr\u00f3nicos o boletines informativos u otros materiales futuros de nuestra parte, env\u00edenos una solicitud de cancelaci\u00f3n de suscripci\u00f3n a <a href=\"mailto:contact@equimundo.org\" target=\"_blank\" rel=\"noopener\">contacto@equimundo.org<\/a>.<\/p>\n<p>La exclusi\u00f3n voluntaria basada en cookies debe realizarse en cada dispositivo y navegador. Debe excluirse por separado en cada dispositivo. Los residentes de la UE que hayan dado su consentimiento para nuestro uso de cookies y tecnolog\u00edas similares pueden utilizar la herramienta de exclusi\u00f3n voluntaria de la EDAA (Alianza Europea de Publicidad Digital Interactiva), que se puede encontrar en <a href=\"https:\/\/www.youronlinechoices.eu\" target=\"_blank\" rel=\"noopener\">www.youronlinechoices.eu<\/a>.<\/p>\n<h4>C\u00f3mo rechazar las cookies<\/h4>\n<p>Si desea detener o restringir la instalaci\u00f3n de cookies o eliminar cualquier cookie que pueda estar en su computadora o dispositivo, consulte y ajuste las preferencias de su navegador web. Puede obtener m\u00e1s informaci\u00f3n sobre las cookies en <a href=\"https:\/\/www.allaboutcookies.org\" target=\"_blank\" rel=\"noopener\">www.allaboutcookies.org<\/a>Si elimina nuestras cookies o deshabilita las cookies futuras, es posible que no pueda acceder a ciertas \u00e1reas o funciones de nuestro sitio web, o que algunas de sus funciones se vean afectadas. No utilizamos cookies ni elementos similares para recuperar autom\u00e1ticamente informaci\u00f3n de identificaci\u00f3n personal de nuestro dispositivo sin su conocimiento. (Consulte m\u00e1s informaci\u00f3n sobre nuestras Pol\u00edticas de cookies a continuaci\u00f3n).<\/p>\n<h4>C\u00f3mo inhabilitar el seguimiento de ubicaci\u00f3n<\/h4>\n<p>Tambi\u00e9n puede ajustar la configuraci\u00f3n de su dispositivo m\u00f3vil para permitir o restringir el uso compartido de informaci\u00f3n de ubicaci\u00f3n. Si elige no compartir su informaci\u00f3n de ubicaci\u00f3n, es posible que no pueda acceder a algunas funciones de nuestro sitio web que est\u00e1n dise\u00f1adas para dispositivos m\u00f3viles.<\/p>\n<h3>\u00bfQu\u00e9 es una Cookie?<\/h3>\n<p>Una \u201ccookie\u201d es un peque\u00f1o archivo de letras y n\u00fameros que almacenamos en su navegador o en el disco duro de su computadora, si usted est\u00e1 de acuerdo. Las cookies contienen informaci\u00f3n que se transfiere al disco duro de su computadora.<\/p>\n<p>Utilizamos las siguientes cookies:<\/p>\n<ul>\n<li>Cookies estrictamente necesarias\/t\u00e9cnicas. Son cookies que son necesarias para el funcionamiento de nuestro sitio web. Permiten controlar el tr\u00e1fico desde el servidor a varios usuarios a la vez. Entre ellas se encuentran, por ejemplo, las cookies que permiten acceder a \u00e1reas seguras de nuestro sitio web.<\/li>\n<li>Cookies anal\u00edticas\/de rendimiento. Nos permiten reconocer y contar el n\u00famero de visitantes y ver c\u00f3mo navegan los visitantes por nuestro sitio web cuando lo utilizan. Esto nos permite personalizar nuestro contenido para usted y recordar sus preferencias (por ejemplo, su elecci\u00f3n de idioma o regi\u00f3n).<\/li>\n<li>Cookies de funcionalidad. Se utilizan para reconocerle cuando regresa a nuestro sitio web, las p\u00e1ginas que ha visitado y los enlaces que ha seguido.<\/li>\n<\/ul>\n<p>Tenga en cuenta que terceros, incluidos proveedores de servicios externos como an\u00e1lisis de tr\u00e1fico web, servicios de marketing por correo electr\u00f3nico y sitios de terceros para donaciones, tambi\u00e9n pueden utilizar cookies, sobre las que no tenemos control. Es probable que estas cookies sean cookies anal\u00edticas\/de rendimiento o cookies de segmentaci\u00f3n.<\/p>","protected":false},"excerpt":{"rendered":"<p>Acerca de la pol\u00edtica: Equimundo se compromete a proteger sus datos personales, ya sea que usted sea un colaborador, investigador, visitante o socio. El respeto por su privacidad es importante para nosotros. Esta pol\u00edtica describe c\u00f3mo recopilamos, usamos y almacenamos datos personales a trav\u00e9s de nuestro sitio web, plataforma de marketing por correo electr\u00f3nico y plataforma de donaciones. Qui\u00e9nes somos: Equimundo es una organizaci\u00f3n sin fines de lucro&nbsp;<a class=\"read-more-link\" href=\"http:\/\/www.mencare.org\/es\/privacy-policy\/\">\u2026<\/a><\/p>","protected":false},"author":178,"featured_media":0,"parent":0,"menu_order":0,"comment_status":"closed","ping_status":"closed","template":"","meta":{"footnotes":""},"class_list":["post-6744","page","type-page","status-publish","hentry"],"acf":[],"yoast_head":"<!-- This site is optimized with the Yoast SEO plugin v25.9 - https:\/\/yoast.com\/wordpress\/plugins\/seo\/ -->\n<title>Privacy Policy - MenCare<\/title>\n<meta name=\"robots\" content=\"index, follow, max-snippet:-1, max-image-preview:large, max-video-preview:-1\" \/>\n<link rel=\"canonical\" href=\"http:\/\/www.mencare.org\/es\/privacy-policy\/\" \/>\n<meta property=\"og:locale\" content=\"es_MX\" \/>\n<meta property=\"og:type\" content=\"article\" \/>\n<meta property=\"og:title\" content=\"Privacy Policy - MenCare\" \/>\n<meta property=\"og:description\" content=\"About the Policy: Equimundo is committed to protecting your personal data, whether you are a supporter, researcher, visitor, or partner. Respect for your privacy is important to us. This policy describes how we collect, use, and store personal data via our website, email marketing platform, and donations platform. Who We Are: Equimundo is a 501&nbsp;&hellip;\" \/>\n<meta property=\"og:url\" content=\"http:\/\/www.mencare.org\/es\/privacy-policy\/\" \/>\n<meta property=\"og:site_name\" content=\"MenCare\" \/>\n<meta property=\"article:modified_time\" content=\"2024-07-24T20:43:11+00:00\" \/>\n<meta name=\"twitter:card\" content=\"summary_large_image\" \/>\n<meta name=\"twitter:label1\" content=\"Est. reading time\" \/>\n\t<meta name=\"twitter:data1\" content=\"7 minutes\" \/>\n<script type=\"application\/ld+json\" class=\"yoast-schema-graph\">{\"@context\":\"https:\/\/schema.org\",\"@graph\":[{\"@type\":\"WebPage\",\"@id\":\"http:\/\/www.mencare.org\/privacy-policy\/\",\"url\":\"http:\/\/www.mencare.org\/privacy-policy\/\",\"name\":\"Privacy Policy - MenCare\",\"isPartOf\":{\"@id\":\"https:\/\/www.mencare.org\/#website\"},\"datePublished\":\"2019-10-03T21:33:00+00:00\",\"dateModified\":\"2024-07-24T20:43:11+00:00\",\"breadcrumb\":{\"@id\":\"http:\/\/www.mencare.org\/privacy-policy\/#breadcrumb\"},\"inLanguage\":\"es-MX\",\"potentialAction\":[{\"@type\":\"ReadAction\",\"target\":[\"http:\/\/www.mencare.org\/privacy-policy\/\"]}]},{\"@type\":\"BreadcrumbList\",\"@id\":\"http:\/\/www.mencare.org\/privacy-policy\/#breadcrumb\",\"itemListElement\":[{\"@type\":\"ListItem\",\"position\":1,\"name\":\"Home\",\"item\":\"https:\/\/www.mencare.org\/\"},{\"@type\":\"ListItem\",\"position\":2,\"name\":\"Privacy Policy\"}]},{\"@type\":\"WebSite\",\"@id\":\"https:\/\/www.mencare.org\/#website\",\"url\":\"https:\/\/www.mencare.org\/\",\"name\":\"MenCare\",\"description\":\"A Global Fatherhood Campaign\",\"potentialAction\":[{\"@type\":\"SearchAction\",\"target\":{\"@type\":\"EntryPoint\",\"urlTemplate\":\"https:\/\/www.mencare.org\/?s={search_term_string}\"},\"query-input\":{\"@type\":\"PropertyValueSpecification\",\"valueRequired\":true,\"valueName\":\"search_term_string\"}}],\"inLanguage\":\"es-MX\"}]}<\/script>\n<!-- \/ Yoast SEO plugin. -->","yoast_head_json":{"title":"Privacy Policy - MenCare","robots":{"index":"index","follow":"follow","max-snippet":"max-snippet:-1","max-image-preview":"max-image-preview:large","max-video-preview":"max-video-preview:-1"},"canonical":"http:\/\/www.mencare.org\/es\/privacy-policy\/","og_locale":"es_MX","og_type":"article","og_title":"Privacy Policy - MenCare","og_description":"About the Policy: Equimundo is committed to protecting your personal data, whether you are a supporter, researcher, visitor, or partner. Respect for your privacy is important to us. This policy describes how we collect, use, and store personal data via our website, email marketing platform, and donations platform. Who We Are: Equimundo is a 501&nbsp;&hellip;","og_url":"http:\/\/www.mencare.org\/es\/privacy-policy\/","og_site_name":"MenCare","article_modified_time":"2024-07-24T20:43:11+00:00","twitter_card":"summary_large_image","twitter_misc":{"Est. reading time":"7 minutes"},"schema":{"@context":"https:\/\/schema.org","@graph":[{"@type":"WebPage","@id":"http:\/\/www.mencare.org\/privacy-policy\/","url":"http:\/\/www.mencare.org\/privacy-policy\/","name":"Privacy Policy - MenCare","isPartOf":{"@id":"https:\/\/www.mencare.org\/#website"},"datePublished":"2019-10-03T21:33:00+00:00","dateModified":"2024-07-24T20:43:11+00:00","breadcrumb":{"@id":"http:\/\/www.mencare.org\/privacy-policy\/#breadcrumb"},"inLanguage":"es-MX","potentialAction":[{"@type":"ReadAction","target":["http:\/\/www.mencare.org\/privacy-policy\/"]}]},{"@type":"BreadcrumbList","@id":"http:\/\/www.mencare.org\/privacy-policy\/#breadcrumb","itemListElement":[{"@type":"ListItem","position":1,"name":"Home","item":"https:\/\/www.mencare.org\/"},{"@type":"ListItem","position":2,"name":"Privacy Policy"}]},{"@type":"WebSite","@id":"https:\/\/www.mencare.org\/#website","url":"https:\/\/www.mencare.org\/","name":"Cuidado de los hombres","description":"Una campa\u00f1a mundial por la paternidad","potentialAction":[{"@type":"SearchAction","target":{"@type":"EntryPoint","urlTemplate":"https:\/\/www.mencare.org\/?s={search_term_string}"},"query-input":{"@type":"PropertyValueSpecification","valueRequired":true,"valueName":"search_term_string"}}],"inLanguage":"es-MX"}]}},"_links":{"self":[{"href":"http:\/\/www.mencare.org\/es\/wp-json\/wp\/v2\/pages\/6744","targetHints":{"allow":["GET"]}}],"collection":[{"href":"http:\/\/www.mencare.org\/es\/wp-json\/wp\/v2\/pages"}],"about":[{"href":"http:\/\/www.mencare.org\/es\/wp-json\/wp\/v2\/types\/page"}],"author":[{"embeddable":true,"href":"http:\/\/www.mencare.org\/es\/wp-json\/wp\/v2\/users\/178"}],"replies":[{"embeddable":true,"href":"http:\/\/www.mencare.org\/es\/wp-json\/wp\/v2\/comments?post=6744"}],"version-history":[{"count":5,"href":"http:\/\/www.mencare.org\/es\/wp-json\/wp\/v2\/pages\/6744\/revisions"}],"predecessor-version":[{"id":8572,"href":"http:\/\/www.mencare.org\/es\/wp-json\/wp\/v2\/pages\/6744\/revisions\/8572"}],"wp:attachment":[{"href":"http:\/\/www.mencare.org\/es\/wp-json\/wp\/v2\/media?parent=6744"}],"curies":[{"name":"wp","href":"https:\/\/api.w.org\/{rel}","templated":true}]}}