{"id":7149,"date":"2020-06-03T15:43:15","date_gmt":"2020-06-03T19:43:15","guid":{"rendered":"https:\/\/www.mencare.org\/?page_id=7149"},"modified":"2021-06-04T16:50:00","modified_gmt":"2021-06-04T20:50:00","slug":"howicare","status":"publish","type":"page","link":"http:\/\/www.mencare.org\/es\/what-we-do\/advocacy\/howicare\/","title":{"rendered":"#C\u00f3mo me cuido"},"content":{"rendered":"<h1>Lanzamiento el jueves 18 de junio, antes del D\u00eda del Padre 2020:<\/h1>\n<h2>\u00danase a nosotros para mostrarnos mutuamente c\u00f3mo cuidamos a nuestros hijos, as\u00ed como a nuestra familia, nuestra comunidad y a nosotros mismos, y para abogar por el apoyo para todos los padres y cuidadores.<\/h2>\n<h2>Visita el\u00a0<a href=\"https:\/\/spark.adobe.com\/page\/D0x6EnjpyDGs6\/\" target=\"_blank\" rel=\"noopener\" data-saferedirecturl=\"https:\/\/www.google.com\/url?q=http:\/\/bit.ly\/HowICare_SocialToolkit&amp;source=gmail&amp;ust=1592568605411000&amp;usg=AFQjCNF7F4Gd6hHIv7m-vTCSMgBb7v6zYg\">kit de herramientas para redes sociales<\/a> para descargar gr\u00e1ficos y mensajes de #HowICare.<\/h2>\n<div class=\"radius-fix\"><img loading=\"lazy\" decoding=\"async\" class=\"fullwidth alignnone wp-image-7152 size-full\" src=\"https:\/\/www.mencare.org\/wp-content\/uploads\/2020\/06\/how-I-care-banner.jpg\" alt=\"\" width=\"1200\" height=\"630\" srcset=\"http:\/\/www.mencare.org\/wp-content\/uploads\/2020\/06\/how-I-care-banner.jpg 1200w, http:\/\/www.mencare.org\/wp-content\/uploads\/2020\/06\/how-I-care-banner-300x158.jpg 300w, http:\/\/www.mencare.org\/wp-content\/uploads\/2020\/06\/how-I-care-banner-768x403.jpg 768w, http:\/\/www.mencare.org\/wp-content\/uploads\/2020\/06\/how-I-care-banner-1024x538.jpg 1024w\" sizes=\"auto, (max-width: 1200px) 100vw, 1200px\" \/><\/div>\n<h1><b>Acerca de la campa\u00f1a #HowICare<\/b><\/h1>\n<h3>\u00danase a nosotros el 18 de junio de 2020 antes del D\u00eda del Padre (en muchos pa\u00edses): #HowICare, liderado por Equimundo y Oxfam, es un proyecto internacional de MenCare: Una campa\u00f1a global de paternidad.<\/h3>\n<p><span style=\"font-weight: 400;\">La campa\u00f1a #HowICare, que se lanz\u00f3 el 18 de junio de 2020, est\u00e1 liderada por Equimundo y Oxfam como un proyecto internacional de MenCare: A Global Fatherhood Campaign, activa en m\u00e1s de 55 pa\u00edses. #HowICare, una campa\u00f1a en las redes sociales basada en datos, tiene como objetivo arrojar luz sobre las realidades, dificultades y disparidades en la prestaci\u00f3n de cuidados, espec\u00edficamente en el cuidado de los ni\u00f1os, con el fin de defender un apoyo adicional para los cuidadores, incluidos los padres y los trabajadores de cuidados que se ven m\u00e1s afectados, durante la crisis de COVID-19 y m\u00e1s all\u00e1. Tambi\u00e9n tiene como objetivo activar a los hombres como individuos, empleadores y defensores para garantizar que el cuidado sea una responsabilidad colectiva: compartida por igual y respaldada por estructuras y pol\u00edticas. Esta campa\u00f1a internacional contar\u00e1 con nuevos datos de encuestas de respuesta r\u00e1pida de Estados Unidos, Canad\u00e1, Reino Unido, Filipinas y Kenia.<\/span><\/p>\n<p><span style=\"font-weight: 400;\"> Se basar\u00e1 en la experiencia de m\u00e1s de 100 socios en m\u00e1s de 55 pa\u00edses y tiene como objetivo arrojar luz<\/span> <span style=\"font-weight: 400;\">sobre las formas en que las personas en todo el mundo son <\/span><b>Ir m\u00e1s all\u00e1<\/b><span style=\"font-weight: 400;\"> para asegurarse de que sus familias est\u00e9n bien cuidadas, para <\/span><b>Crear un di\u00e1logo global y un sentido de comunidad<\/b><span style=\"font-weight: 400;\">, y a <\/span><b>Abogar por el cambio de pol\u00edticas<\/b><span style=\"font-weight: 400;\"> y financiaci\u00f3n para apoyar a los padres y a todos los cuidadores. Este momento y el D\u00eda del Padre tambi\u00e9n brindan un momento en particular para que los hombres, como individuos, empleadores y defensores, se unan como socios plenos para garantizar que el cuidado sea una responsabilidad colectiva: compartida por igual y respaldada por estructuras y pol\u00edticas.<\/span><\/p>\n<h3><strong>El jueves 18 de junio, \u00fanase a nosotros en Twitter, utilizando #HowICare y etiquetando a @MenCareGlobal (as\u00ed como a @Equimundo_US, @Oxfam y @OxfamAmerica).<\/strong><\/h3>\n<h1><b>\u00bfPor qu\u00e9 una campa\u00f1a #HowICare?<\/b><\/h1>\n<p><span style=\"font-weight: 400;\">Estamos en una posici\u00f3n sin precedentes para repensar lo que significa cuidar de nuestros seres queridos, nuestras comunidades y de nosotros mismos. La responsabilidad de la crianza (as\u00ed como otras responsabilidades de cuidado no remuneradas) \u2013que las mujeres de todo el mundo asumen en mayor medida\u2013 est\u00e1 cambiando y aumentando. Nuestros c\u00edrculos de cuidado tambi\u00e9n se est\u00e1n expandiendo. Este cambio, provocado por la propagaci\u00f3n de la COVID-19, ha estado acompa\u00f1ado de estr\u00e9s, confusi\u00f3n e incertidumbre. Tambi\u00e9n nos est\u00e1 llevando a muchos de nosotros de nuevo a pensar en lo que importa, en qui\u00e9n importa y en c\u00f3mo podemos apoyarnos mutuamente.\u00a0\u00a0<\/span><\/p>\n<p><span style=\"font-weight: 400;\">A nivel mundial, sabemos que las mujeres realizan tres veces m\u00e1s tareas dom\u00e9sticas y de cuidado de los ni\u00f1os que los hombres (las mujeres tambi\u00e9n representan m\u00e1s del 80 por ciento de los trabajadores de cuidado remunerados, desde los servicios de salud hasta la primera infancia). <\/span><b>Ahora m\u00e1s que nunca necesitamos un cambio radical:<\/b><span style=\"font-weight: 400;\"> en qui\u00e9n hace el trabajo de cuidado en el hogar (los hombres asumen una parte igualitaria), en c\u00f3mo apoyamos a quienes realizan el trabajo de cuidado dentro de nuestras comunidades y en c\u00f3mo apoyamos a los padres y cuidadores para que cuiden a los ni\u00f1os, en particular a los m\u00e1s afectados, incluidos: padres solteros, personas de color (en particular en el Norte Global), trabajadores esenciales y familias de bajos ingresos. El trabajo de cuidar a los ni\u00f1os (y a otras personas) debe valorarse, pagarse, apoyarse y ser totalmente igualitario en t\u00e9rminos de que los hombres hagan su parte justa e igualitaria, tanto en el trabajo de cuidado remunerado como en el no remunerado.<\/span><\/p>\n<h1><b>Las preguntas globales<\/b><\/h1>\n<h3><b>\u00danase a nosotros para abogar por acelerar la aceptaci\u00f3n por parte de los hombres del 50 por ciento del trabajo de cuidado no remunerado y las pol\u00edticas gubernamentales para apoyar a todos los cuidadores.\u00a0<\/b><\/h3>\n<div>Como parte de la campa\u00f1a #HowICare, pedimos lo siguiente:<\/div>\n<ol>\n<li>Todas las personas deben tener acceso a\u00a0<b>Licencia por enfermedad, familiar y m\u00e9dica pagada<\/b>\u00a0en el trabajo y fortalecer y ampliar las protecciones de los trabajadores para incluir las necesidades de cuidado.<\/li>\n<li>La cantidad de <b>licencia pagada<\/b> para ser incrementado, pagado a 100%, y estar disponible para ser tomado por una amplia gama de razones.<\/li>\n<li>Igual, totalmente pagado, intransferible\u00a0<b>Licencia parental para todos los padres<\/b>, como complemento a la licencia de maternidad, no como alternativa; y licencia familiar para todos.<\/li>\n<li>Acci\u00f3n inmediata para garantizar que los existentes\u00a0<b>Infraestructuras de cuidado infantil<\/b>\u00a0sobrevivir a la pandemia de COVID-19.<\/li>\n<li>El desaf\u00edo y el cambio de\u00a0<b>Normas nocivas y creencias sexistas<\/b>\u00a0\u2013 particularmente cuando se trata de la noci\u00f3n de que el cuidado es responsabilidad exclusiva de las mujeres.<\/li>\n<li><b>Horario de trabajo flexible <\/b>y condiciones, as\u00ed como control de horarios para los empleados.<\/li>\n<li><b>Protecci\u00f3n social\u00a0<\/b>programas para apoyar a los cuidadores y reconocer el cuidado como trabajo.<\/li>\n<\/ol>\n<h1>\u00bfQui\u00e9n puede participar y c\u00f3mo?<\/h1>\n<p><span style=\"font-weight: 400;\">Durante una semana, <\/span><b>lanzamiento el jueves 18 de junio <\/b><span style=\"font-weight: 400;\">a trav\u00e9s de<\/span><b> Mi\u00e9rcoles 24 de junio<\/b> <span style=\"font-weight: 400;\">\u2013 en los d\u00edas previos y posteriores al D\u00eda del Padre (el 21 de junio en muchos pa\u00edses):<\/span><\/p>\n<p><span style=\"font-weight: 400;\">Estamos preguntando <\/span><span style=\"font-weight: 400;\">personas, organizaciones y empleadores a unirse a nosotros en Twitter, usando <\/span><b>#C\u00f3mo me cuido <\/b><span style=\"font-weight: 400;\">y etiquetar a @MenCareGlobal (as\u00ed como a @Equimundo_US, @Oxfam y @OxfamAmerica cuando puedas).<\/span><\/p>\n<p><a href=\"https:\/\/spark.adobe.com\/page\/D0x6EnjpyDGs6\/\" target=\"_blank\" rel=\"noopener\">Descargar gr\u00e1ficos y mensajes de #HowICare<\/a>.<\/p>\n<p>Acceda a los kits de herramientas para socios de la campa\u00f1a: <a href=\"https:\/\/docs.google.com\/document\/d\/1BKExgvAi3YNqVixfdqWZv7VFVnJKBfvNZcbyYabAFRY\/edit\" target=\"_blank\" rel=\"noopener\">Global<\/a>, <a href=\"https:\/\/docs.google.com\/document\/d\/1-uyq9gYrXup3ZiP_MLZ_jP8VOqvA8OQ_Tq8mwjXxBfg\/edit\" target=\"_blank\" rel=\"noopener\">Estados Unidos<\/a>, para <a href=\"https:\/\/docs.google.com\/document\/d\/1aebKT4scoA0s2671lGUtyZ1Po1xfmHdUICa-wuFcwN4\/edit\" target=\"_blank\" rel=\"noopener\">Lugares de trabajo<\/a>.<\/p>\n<p><b>Te pedimos que compartas:<\/b><\/p>\n<ul>\n<li><b>Historias<\/b><span style=\"font-weight: 400;\">:Reflexiones personales sobre c\u00f3mo han cambiado sus responsabilidades de cuidado, en particular cuando se trata de cuidar a los ni\u00f1os, durante la pandemia de COVID-19 y qu\u00e9 apoyo necesita para ser el mejor padre o cuidador que pueda ser.<\/span><\/li>\n<li><b>Estad\u00edstica<\/b><b>: <\/b><span style=\"font-weight: 400;\">Compartir datos nuevos de la encuesta #HowICare de EE. UU., Reino Unido, Canad\u00e1, Filipinas y Kenia (pr\u00f3ximamente), u otras estad\u00edsticas nacionales o internacionales que resalten las realidades, dificultades y disparidades que enfrentan los padres y cuidadores de ni\u00f1os durante COVID-19.\u00a0<\/span><\/li>\n<li><b>La pol\u00edtica pide<\/b><b>:<\/b><span style=\"font-weight: 400;\"> Exigir pol\u00edticas de apoyo que todos los padres y cuidadores necesitan, especialmente aquellos que se ven m\u00e1s afectados por la COVID-19, como: tiempo libre remunerado, horarios flexibles y disposiciones para el cuidado de los ni\u00f1os; y exigir el objetivo de que los hombres realicen la mitad del trabajo de cuidado del mundo.<\/span><\/li>\n<\/ul>\n<p><b>Consulte la siguiente gu\u00eda para organizaciones, personas y empleadores sobre c\u00f3mo participar:<\/b><\/p>\n<h3>Organizaciones:<\/h3>\n<p><span style=\"font-weight: 400;\">Comparta solicitudes de pol\u00edticas de campa\u00f1a en Twitter (y otras redes sociales) usando #HowICare, para generar presi\u00f3n sobre el gobierno para que apoye pol\u00edticas que aborden los desaf\u00edos de cuidado, como el tiempo libre remunerado, impulsadas por investigaciones sobre las opiniones p\u00fablicas.<\/span><\/p>\n<h3>Individuos:<\/h3>\n<p><span style=\"font-weight: 400;\">Comparte desaf\u00edos y experiencias sobre el mundo privado del cuidado no remunerado en Twitter (y otras redes sociales) usando #HowICare. Esto nos ayuda a informar futuras demandas de defensa, a construir una comunidad global y a arrojar luz sobre los cambios en el cuidado. Tambi\u00e9n pediremos a las personas que se pongan en contacto con sus representantes para abordar cuestiones de pol\u00edticas en los EE. UU.<\/span><\/p>\n<h3>Empleadores:<\/h3>\n<p>Comparta ejemplos de pol\u00edticas dirigidas por empleadores que aborden estos desaf\u00edos, como el tiempo libre remunerado, impulsadas por investigaciones sobre opiniones p\u00fablicas, en Twitter (y otras redes sociales) utilizando #HowICare; aliente a los empleados (que tal vez sean padres) a compartir sus historias.<\/p>\n<h1>Acceder a la <a href=\"https:\/\/docs.google.com\/document\/d\/1BKExgvAi3YNqVixfdqWZv7VFVnJKBfvNZcbyYabAFRY\/edit\" target=\"_blank\" rel=\"noopener\">Kit de herramientas para socios de la campa\u00f1a global<\/a>\u00a0Para obtener m\u00e1s informaci\u00f3n sobre la campa\u00f1a, las preguntas pol\u00edticas y c\u00f3mo puede participar.<\/h1>\n<h1>Acceder a la\u00a0<a href=\"https:\/\/docs.google.com\/document\/d\/1-uyq9gYrXup3ZiP_MLZ_jP8VOqvA8OQ_Tq8mwjXxBfg\/edit\" target=\"_blank\" rel=\"noopener\" data-saferedirecturl=\"https:\/\/www.google.com\/url?q=https:\/\/docs.google.com\/document\/d\/1-uyq9gYrXup3ZiP_MLZ_jP8VOqvA8OQ_Tq8mwjXxBfg\/edit&amp;source=gmail&amp;ust=1591879123369000&amp;usg=AFQjCNGyg17_2pHic40IE7WVRAOI3o5cOg\">Kit de herramientas para socios de campa\u00f1as de EE. UU.<\/a>.<\/h1>\n<h1>Acceder a la\u00a0<a href=\"https:\/\/docs.google.com\/document\/d\/1aebKT4scoA0s2671lGUtyZ1Po1xfmHdUICa-wuFcwN4\/edit?usp=sharing\" target=\"_blank\" rel=\"noopener\" data-saferedirecturl=\"https:\/\/www.google.com\/url?q=https:\/\/docs.google.com\/document\/d\/1aebKT4scoA0s2671lGUtyZ1Po1xfmHdUICa-wuFcwN4\/edit?usp%3Dsharing&amp;source=gmail&amp;ust=1592052987500000&amp;usg=AFQjCNGEPEfBYjDKKQOGezyaGyjzfvxJ2w\">Kit de herramientas para socios de campa\u00f1as en el lugar de trabajo<\/a>.<\/h1>\n<h1>Si desea acceder a la plantilla de informe adaptable y a los archivos gr\u00e1ficos de redes sociales, cu\u00e9ntenos un poco sobre usted. <a href=\"https:\/\/docs.google.com\/forms\/d\/e\/1FAIpQLSfEC7DTgEVbbr7U9tRe0-bzZcu7MoWOhIuW5qQJvGyWFwGMCw\/viewform\" target=\"_blank\" rel=\"noopener\">aqu\u00ed<\/a>.<\/h1>","protected":false},"excerpt":{"rendered":"<p>Launching Thursday, June 18, before Father\u2019s Day 2020: Join us in showing each other how you care for your children \u2013 as well as your family, your community, and yourself \u2013 and in advocating for support for all parents and caregivers Visit the\u00a0social media toolkit to download #HowICare graphics and messaging. About the #HowICare Campaign&nbsp;<a class=\"read-more-link\" href=\"http:\/\/www.mencare.org\/es\/what-we-do\/advocacy\/howicare\/\">\u2026<\/a><\/p>","protected":false},"author":173,"featured_media":0,"parent":1860,"menu_order":2,"comment_status":"closed","ping_status":"closed","template":"","meta":{"footnotes":""},"class_list":["post-7149","page","type-page","status-publish","hentry"],"acf":[],"yoast_head":"<!-- This site is optimized with the Yoast SEO plugin v25.9 - https:\/\/yoast.com\/wordpress\/plugins\/seo\/ -->\n<title>#HowICare - MenCare<\/title>\n<meta name=\"robots\" content=\"index, follow, max-snippet:-1, max-image-preview:large, max-video-preview:-1\" \/>\n<link rel=\"canonical\" href=\"http:\/\/www.mencare.org\/es\/what-we-do\/advocacy\/howicare\/\" \/>\n<meta property=\"og:locale\" content=\"es_MX\" \/>\n<meta property=\"og:type\" content=\"article\" \/>\n<meta property=\"og:title\" content=\"#HowICare - MenCare\" \/>\n<meta property=\"og:description\" content=\"Launching Thursday, June 18, before Father\u2019s Day 2020: Join us in showing each other how you care for your children \u2013 as well as your family, your community, and yourself \u2013 and in advocating for support for all parents and caregivers Visit the\u00a0social media toolkit to download #HowICare graphics and messaging. About the #HowICare Campaign&nbsp;&hellip;\" \/>\n<meta property=\"og:url\" content=\"http:\/\/www.mencare.org\/es\/what-we-do\/advocacy\/howicare\/\" \/>\n<meta property=\"og:site_name\" content=\"MenCare\" \/>\n<meta property=\"article:modified_time\" content=\"2021-06-04T20:50:00+00:00\" \/>\n<meta property=\"og:image\" content=\"https:\/\/www.mencare.org\/wp-content\/uploads\/2020\/06\/how-I-care-banner.jpg\" \/>\n<meta name=\"twitter:card\" content=\"summary_large_image\" \/>\n<meta name=\"twitter:label1\" content=\"Est. reading time\" \/>\n\t<meta name=\"twitter:data1\" content=\"6 minutes\" \/>\n<script type=\"application\/ld+json\" class=\"yoast-schema-graph\">{\"@context\":\"https:\/\/schema.org\",\"@graph\":[{\"@type\":\"WebPage\",\"@id\":\"http:\/\/www.mencare.org\/es\/what-we-do\/advocacy\/howicare\/\",\"url\":\"http:\/\/www.mencare.org\/es\/what-we-do\/advocacy\/howicare\/\",\"name\":\"#HowICare - MenCare\",\"isPartOf\":{\"@id\":\"http:\/\/www.mencare.org\/#website\"},\"primaryImageOfPage\":{\"@id\":\"http:\/\/www.mencare.org\/es\/what-we-do\/advocacy\/howicare\/#primaryimage\"},\"image\":{\"@id\":\"http:\/\/www.mencare.org\/es\/what-we-do\/advocacy\/howicare\/#primaryimage\"},\"thumbnailUrl\":\"https:\/\/www.mencare.org\/wp-content\/uploads\/2020\/06\/how-I-care-banner.jpg\",\"datePublished\":\"2020-06-03T19:43:15+00:00\",\"dateModified\":\"2021-06-04T20:50:00+00:00\",\"breadcrumb\":{\"@id\":\"http:\/\/www.mencare.org\/es\/what-we-do\/advocacy\/howicare\/#breadcrumb\"},\"inLanguage\":\"es-MX\",\"potentialAction\":[{\"@type\":\"ReadAction\",\"target\":[\"http:\/\/www.mencare.org\/es\/what-we-do\/advocacy\/howicare\/\"]}]},{\"@type\":\"ImageObject\",\"inLanguage\":\"es-MX\",\"@id\":\"http:\/\/www.mencare.org\/es\/what-we-do\/advocacy\/howicare\/#primaryimage\",\"url\":\"https:\/\/www.mencare.org\/wp-content\/uploads\/2020\/06\/how-I-care-banner.jpg\",\"contentUrl\":\"https:\/\/www.mencare.org\/wp-content\/uploads\/2020\/06\/how-I-care-banner.jpg\"},{\"@type\":\"BreadcrumbList\",\"@id\":\"http:\/\/www.mencare.org\/es\/what-we-do\/advocacy\/howicare\/#breadcrumb\",\"itemListElement\":[{\"@type\":\"ListItem\",\"position\":1,\"name\":\"Home\",\"item\":\"http:\/\/www.mencare.org\/\"},{\"@type\":\"ListItem\",\"position\":2,\"name\":\"What We Do\",\"item\":\"http:\/\/www.mencare.org\/what-we-do\/\"},{\"@type\":\"ListItem\",\"position\":3,\"name\":\"Advocacy\",\"item\":\"http:\/\/www.mencare.org\/what-we-do\/advocacy\/\"},{\"@type\":\"ListItem\",\"position\":4,\"name\":\"#HowICare\"}]},{\"@type\":\"WebSite\",\"@id\":\"http:\/\/www.mencare.org\/#website\",\"url\":\"http:\/\/www.mencare.org\/\",\"name\":\"MenCare\",\"description\":\"A Global Fatherhood Campaign\",\"potentialAction\":[{\"@type\":\"SearchAction\",\"target\":{\"@type\":\"EntryPoint\",\"urlTemplate\":\"http:\/\/www.mencare.org\/?s={search_term_string}\"},\"query-input\":{\"@type\":\"PropertyValueSpecification\",\"valueRequired\":true,\"valueName\":\"search_term_string\"}}],\"inLanguage\":\"es-MX\"}]}<\/script>\n<!-- \/ Yoast SEO plugin. -->","yoast_head_json":{"title":"#HowICare - MenCare","robots":{"index":"index","follow":"follow","max-snippet":"max-snippet:-1","max-image-preview":"max-image-preview:large","max-video-preview":"max-video-preview:-1"},"canonical":"http:\/\/www.mencare.org\/es\/what-we-do\/advocacy\/howicare\/","og_locale":"es_MX","og_type":"article","og_title":"#HowICare - MenCare","og_description":"Launching Thursday, June 18, before Father\u2019s Day 2020: Join us in showing each other how you care for your children \u2013 as well as your family, your community, and yourself \u2013 and in advocating for support for all parents and caregivers Visit the\u00a0social media toolkit to download #HowICare graphics and messaging. About the #HowICare Campaign&nbsp;&hellip;","og_url":"http:\/\/www.mencare.org\/es\/what-we-do\/advocacy\/howicare\/","og_site_name":"MenCare","article_modified_time":"2021-06-04T20:50:00+00:00","og_image":[{"url":"https:\/\/www.mencare.org\/wp-content\/uploads\/2020\/06\/how-I-care-banner.jpg","type":"","width":"","height":""}],"twitter_card":"summary_large_image","twitter_misc":{"Est. reading time":"6 minutes"},"schema":{"@context":"https:\/\/schema.org","@graph":[{"@type":"WebPage","@id":"http:\/\/www.mencare.org\/es\/what-we-do\/advocacy\/howicare\/","url":"http:\/\/www.mencare.org\/es\/what-we-do\/advocacy\/howicare\/","name":"#HowICare - MenCare","isPartOf":{"@id":"http:\/\/www.mencare.org\/#website"},"primaryImageOfPage":{"@id":"http:\/\/www.mencare.org\/es\/what-we-do\/advocacy\/howicare\/#primaryimage"},"image":{"@id":"http:\/\/www.mencare.org\/es\/what-we-do\/advocacy\/howicare\/#primaryimage"},"thumbnailUrl":"https:\/\/www.mencare.org\/wp-content\/uploads\/2020\/06\/how-I-care-banner.jpg","datePublished":"2020-06-03T19:43:15+00:00","dateModified":"2021-06-04T20:50:00+00:00","breadcrumb":{"@id":"http:\/\/www.mencare.org\/es\/what-we-do\/advocacy\/howicare\/#breadcrumb"},"inLanguage":"es-MX","potentialAction":[{"@type":"ReadAction","target":["http:\/\/www.mencare.org\/es\/what-we-do\/advocacy\/howicare\/"]}]},{"@type":"ImageObject","inLanguage":"es-MX","@id":"http:\/\/www.mencare.org\/es\/what-we-do\/advocacy\/howicare\/#primaryimage","url":"https:\/\/www.mencare.org\/wp-content\/uploads\/2020\/06\/how-I-care-banner.jpg","contentUrl":"https:\/\/www.mencare.org\/wp-content\/uploads\/2020\/06\/how-I-care-banner.jpg"},{"@type":"BreadcrumbList","@id":"http:\/\/www.mencare.org\/es\/what-we-do\/advocacy\/howicare\/#breadcrumb","itemListElement":[{"@type":"ListItem","position":1,"name":"Home","item":"http:\/\/www.mencare.org\/"},{"@type":"ListItem","position":2,"name":"What We Do","item":"http:\/\/www.mencare.org\/what-we-do\/"},{"@type":"ListItem","position":3,"name":"Advocacy","item":"http:\/\/www.mencare.org\/what-we-do\/advocacy\/"},{"@type":"ListItem","position":4,"name":"#HowICare"}]},{"@type":"WebSite","@id":"http:\/\/www.mencare.org\/#website","url":"http:\/\/www.mencare.org\/","name":"Cuidado de los hombres","description":"Una campa\u00f1a mundial por la paternidad","potentialAction":[{"@type":"SearchAction","target":{"@type":"EntryPoint","urlTemplate":"http:\/\/www.mencare.org\/?s={search_term_string}"},"query-input":{"@type":"PropertyValueSpecification","valueRequired":true,"valueName":"search_term_string"}}],"inLanguage":"es-MX"}]}},"_links":{"self":[{"href":"http:\/\/www.mencare.org\/es\/wp-json\/wp\/v2\/pages\/7149","targetHints":{"allow":["GET"]}}],"collection":[{"href":"http:\/\/www.mencare.org\/es\/wp-json\/wp\/v2\/pages"}],"about":[{"href":"http:\/\/www.mencare.org\/es\/wp-json\/wp\/v2\/types\/page"}],"author":[{"embeddable":true,"href":"http:\/\/www.mencare.org\/es\/wp-json\/wp\/v2\/users\/173"}],"replies":[{"embeddable":true,"href":"http:\/\/www.mencare.org\/es\/wp-json\/wp\/v2\/comments?post=7149"}],"version-history":[{"count":3,"href":"http:\/\/www.mencare.org\/es\/wp-json\/wp\/v2\/pages\/7149\/revisions"}],"predecessor-version":[{"id":7318,"href":"http:\/\/www.mencare.org\/es\/wp-json\/wp\/v2\/pages\/7149\/revisions\/7318"}],"up":[{"embeddable":true,"href":"http:\/\/www.mencare.org\/es\/wp-json\/wp\/v2\/pages\/1860"}],"wp:attachment":[{"href":"http:\/\/www.mencare.org\/es\/wp-json\/wp\/v2\/media?parent=7149"}],"curies":[{"name":"wp","href":"https:\/\/api.w.org\/{rel}","templated":true}]}}