{"id":7577,"date":"2023-02-15T14:18:08","date_gmt":"2023-02-15T18:18:08","guid":{"rendered":"https:\/\/www.mencare.org\/?page_id=7577"},"modified":"2025-01-22T17:02:49","modified_gmt":"2025-01-22T21:02:49","slug":"government","status":"publish","type":"page","link":"http:\/\/www.mencare.org\/es\/get-involved\/government\/","title":{"rendered":"Departamentos gubernamentales"},"content":{"rendered":"<h2 class=\"wp-block-heading\">El compromiso 50\/50 de MenCare para los departamentos gubernamentales<\/h2>\r\n\r\n\r\n\r\n<p>Las normas de g\u00e9nero y la falta de pol\u00edticas gubernamentales de apoyo frenan tanto a las mujeres como a los hombres. Los gobiernos tienen un papel que desempe\u00f1ar en la creaci\u00f3n de leyes y pol\u00edticas que apoyen a todos los padres, cuidadores y familias, en toda su diversidad, para que prosperen: desde guarder\u00edas asequibles hasta salarios dignos, apoyo social, educaci\u00f3n asequible y licencias parentales igualitarias, totalmente remuneradas e intransferibles. Tambi\u00e9n tienen la responsabilidad de establecer este est\u00e1ndar crucial para el trabajo de cuidados y de garantizar que se valore y se comparta de manera equitativa.<\/p>\r\n\r\n\r\n\r\n<p>Para alcanzar la plena igualdad de g\u00e9nero en el trabajo de cuidado, debemos establecer objetivos institucionales para lograr la igualdad en el trabajo de cuidado, medir qui\u00e9n realiza el cuidado y hacer un seguimiento del progreso hacia la igualdad.<\/p>\r\n\r\n\r\n\r\n<p>El informe <em>Compromiso 50\/50 de MenCare para los gobiernos<\/em> Fue lanzado en el<a href=\"https:\/\/wd2019.org\/\"> Conferencia Mujeres Entregan<\/a> en junio de 2019, la conferencia m\u00e1s grande del mundo sobre igualdad de g\u00e9nero y salud, derechos y bienestar de ni\u00f1as y mujeres. <em>Compromiso 50\/50 de MenCare para los gobiernos<\/em> Exige un compromiso audaz para liberar el poder del cuidado.<\/p>\r\n\r\n\r\n\r\n<p>Los compromisos que pueden asumir los departamentos gubernamentales son mantener o desarrollar una o m\u00e1s de las siguientes medidas de pol\u00edtica:<\/p>\r\n\r\n\r\n\r\n<ul class=\"wp-block-list\">\r\n<li><strong>Establecer una licencia parental igualitaria, totalmente remunerada e intransferible para todos los padres<\/strong>, adem\u00e1s de la licencia de maternidad perinatal.<\/li>\r\n<li><strong>Proporcionar cuidado infantil de alta calidad y con apoyo estatal<\/strong> que facilite la plena participaci\u00f3n en las actividades econ\u00f3micas de todos los padres y cuidadores que trabajan.<\/li>\r\n<li><strong>Transformando las instituciones del sector salud <\/strong>Promover la participaci\u00f3n de los padres desde el per\u00edodo prenatal hasta el nacimiento y la infancia, as\u00ed como la participaci\u00f3n de los hombres como cuidadores.<\/li>\r\n<li><strong>Establecer pol\u00edticas y campa\u00f1as nacionales de cuidados<\/strong> que reconozcan, reduzcan y redistribuyan el trabajo de cuidado de manera equitativa entre hombres y mujeres.<\/li>\r\n<li><strong>Ampliaci\u00f3n de los programas de protecci\u00f3n social <\/strong>redistribuir el cuidado de manera equitativa entre mujeres y hombres que est\u00e1n desempleados o trabajan en la econom\u00eda informal, manteniendo al mismo tiempo el foco en las necesidades y los derechos de las mujeres y las ni\u00f1as.<\/li>\r\n<\/ul>\r\n\r\n\r\n\r\n<p>Los departamentos gubernamentales tambi\u00e9n pueden comprometerse con una o m\u00e1s de las siguientes iniciativas de apoyo:<\/p>\r\n\r\n\r\n\r\n<ul class=\"wp-block-list\">\r\n<li><strong>Exigir responsabilidades a los dirigentes pol\u00edticos masculinos<\/strong> por su apoyo a las pol\u00edticas de cuidado, al tiempo que abogan por la igualdad de las mujeres en el liderazgo pol\u00edtico.<\/li>\r\n<li><strong>Recopilaci\u00f3n peri\u00f3dica de datos sobre el uso del tiempo en el trabajo de cuidados no remunerado<\/strong> y c\u00f3mo se divide entre mujeres y hombres, ni\u00f1as y ni\u00f1os, y utilizarlo para medir el progreso hacia la igualdad, informar la formulaci\u00f3n de pol\u00edticas y las decisiones presupuestarias.<\/li>\r\n<li><strong>Integraci\u00f3n de estrategias para involucrar activamente a los padres y cuidadores masculinos en servicios y programas clave<\/strong> Dirigido a familias que buscan promover el desarrollo infantil y adolescente que llegue a amplios sectores de la poblaci\u00f3n.<\/li>\r\n<li><strong>Implementaci\u00f3n de campa\u00f1as de comunicaci\u00f3n integrales<\/strong> <strong>y enfoques basados en la escuela<\/strong> Promover la participaci\u00f3n de los j\u00f3venes en el trabajo de cuidado, prevenir la violencia de g\u00e9nero, ense\u00f1ar el valor del cuidado tanto a los ni\u00f1os como a las ni\u00f1as y promover relaciones equitativas, no violentas y afectivas.<\/li>\r\n<\/ul>\r\n\r\n\r\n\r\n<p>Obtenga m\u00e1s informaci\u00f3n sobre el compromiso 50\/50 de MenCare <a href=\"https:\/\/www.mencare.org\/es\/get-involved\/government\/\">aqu\u00ed<\/a>.<\/p>","protected":false},"excerpt":{"rendered":"<p>The MenCare 50\/50 Commitment for Government Departments Gender norms and a lack of supportive government policies hold both women and men back. Governments have a role in creating laws and policies that support all parents, caregivers, and families, in all their diversity, to thrive &#8211; from affordable childcare to living wages, social support to affordable&nbsp;<a class=\"read-more-link\" href=\"http:\/\/www.mencare.org\/es\/get-involved\/government\/\">\u2026<\/a><\/p>","protected":false},"author":180,"featured_media":7585,"parent":1811,"menu_order":4,"comment_status":"closed","ping_status":"closed","template":"","meta":{"footnotes":""},"class_list":["post-7577","page","type-page","status-publish","has-post-thumbnail","hentry"],"acf":[],"yoast_head":"<!-- This site is optimized with the Yoast SEO plugin v25.9 - https:\/\/yoast.com\/wordpress\/plugins\/seo\/ -->\n<title>Government Departments - MenCare<\/title>\n<meta name=\"robots\" content=\"index, follow, max-snippet:-1, max-image-preview:large, max-video-preview:-1\" \/>\n<link rel=\"canonical\" href=\"https:\/\/www.mencare.org\/es\/get-involved\/government\/\" \/>\n<meta property=\"og:locale\" content=\"es_MX\" \/>\n<meta property=\"og:type\" content=\"article\" \/>\n<meta property=\"og:title\" content=\"Government Departments - MenCare\" \/>\n<meta property=\"og:description\" content=\"The MenCare 50\/50 Commitment for Government Departments Gender norms and a lack of supportive government policies hold both women and men back. Governments have a role in creating laws and policies that support all parents, caregivers, and families, in all their diversity, to thrive &#8211; from affordable childcare to living wages, social support to affordable&nbsp;&hellip;\" \/>\n<meta property=\"og:url\" content=\"https:\/\/www.mencare.org\/es\/get-involved\/government\/\" \/>\n<meta property=\"og:site_name\" content=\"MenCare\" \/>\n<meta property=\"article:modified_time\" content=\"2025-01-22T21:02:49+00:00\" \/>\n<meta property=\"og:image\" content=\"https:\/\/www.mencare.org\/wp-content\/uploads\/2023\/02\/kyle-glenn-nXt5HtLmlgE-unsplash-scaled.jpg\" \/>\n\t<meta property=\"og:image:width\" content=\"2560\" \/>\n\t<meta property=\"og:image:height\" content=\"1707\" \/>\n\t<meta property=\"og:image:type\" content=\"image\/jpeg\" \/>\n<meta name=\"twitter:card\" content=\"summary_large_image\" \/>\n<meta name=\"twitter:label1\" content=\"Est. reading time\" \/>\n\t<meta name=\"twitter:data1\" content=\"3 minutes\" \/>\n<script type=\"application\/ld+json\" class=\"yoast-schema-graph\">{\"@context\":\"https:\/\/schema.org\",\"@graph\":[{\"@type\":\"WebPage\",\"@id\":\"https:\/\/www.mencare.org\/pt\/get-involved\/government\/\",\"url\":\"https:\/\/www.mencare.org\/pt\/get-involved\/government\/\",\"name\":\"Government Departments - MenCare\",\"isPartOf\":{\"@id\":\"https:\/\/www.mencare.org\/#website\"},\"primaryImageOfPage\":{\"@id\":\"https:\/\/www.mencare.org\/pt\/get-involved\/government\/#primaryimage\"},\"image\":{\"@id\":\"https:\/\/www.mencare.org\/pt\/get-involved\/government\/#primaryimage\"},\"thumbnailUrl\":\"http:\/\/www.mencare.org\/wp-content\/uploads\/2023\/02\/kyle-glenn-nXt5HtLmlgE-unsplash-scaled.jpg\",\"datePublished\":\"2023-02-15T18:18:08+00:00\",\"dateModified\":\"2025-01-22T21:02:49+00:00\",\"breadcrumb\":{\"@id\":\"https:\/\/www.mencare.org\/pt\/get-involved\/government\/#breadcrumb\"},\"inLanguage\":\"es-MX\",\"potentialAction\":[{\"@type\":\"ReadAction\",\"target\":[\"https:\/\/www.mencare.org\/pt\/get-involved\/government\/\"]}]},{\"@type\":\"ImageObject\",\"inLanguage\":\"es-MX\",\"@id\":\"https:\/\/www.mencare.org\/pt\/get-involved\/government\/#primaryimage\",\"url\":\"http:\/\/www.mencare.org\/wp-content\/uploads\/2023\/02\/kyle-glenn-nXt5HtLmlgE-unsplash-scaled.jpg\",\"contentUrl\":\"http:\/\/www.mencare.org\/wp-content\/uploads\/2023\/02\/kyle-glenn-nXt5HtLmlgE-unsplash-scaled.jpg\",\"width\":2560,\"height\":1707},{\"@type\":\"BreadcrumbList\",\"@id\":\"https:\/\/www.mencare.org\/pt\/get-involved\/government\/#breadcrumb\",\"itemListElement\":[{\"@type\":\"ListItem\",\"position\":1,\"name\":\"Home\",\"item\":\"https:\/\/www.mencare.org\/\"},{\"@type\":\"ListItem\",\"position\":2,\"name\":\"Get Involved\",\"item\":\"http:\/\/www.mencare.org\/pt\/get-involved\/\"},{\"@type\":\"ListItem\",\"position\":3,\"name\":\"Government Departments\"}]},{\"@type\":\"WebSite\",\"@id\":\"https:\/\/www.mencare.org\/#website\",\"url\":\"https:\/\/www.mencare.org\/\",\"name\":\"MenCare\",\"description\":\"A Global Fatherhood Campaign\",\"potentialAction\":[{\"@type\":\"SearchAction\",\"target\":{\"@type\":\"EntryPoint\",\"urlTemplate\":\"https:\/\/www.mencare.org\/?s={search_term_string}\"},\"query-input\":{\"@type\":\"PropertyValueSpecification\",\"valueRequired\":true,\"valueName\":\"search_term_string\"}}],\"inLanguage\":\"es-MX\"}]}<\/script>\n<!-- \/ Yoast SEO plugin. -->","yoast_head_json":{"title":"Government Departments - MenCare","robots":{"index":"index","follow":"follow","max-snippet":"max-snippet:-1","max-image-preview":"max-image-preview:large","max-video-preview":"max-video-preview:-1"},"canonical":"https:\/\/www.mencare.org\/es\/get-involved\/government\/","og_locale":"es_MX","og_type":"article","og_title":"Government Departments - MenCare","og_description":"The MenCare 50\/50 Commitment for Government Departments Gender norms and a lack of supportive government policies hold both women and men back. Governments have a role in creating laws and policies that support all parents, caregivers, and families, in all their diversity, to thrive &#8211; from affordable childcare to living wages, social support to affordable&nbsp;&hellip;","og_url":"https:\/\/www.mencare.org\/es\/get-involved\/government\/","og_site_name":"MenCare","article_modified_time":"2025-01-22T21:02:49+00:00","og_image":[{"width":2560,"height":1707,"url":"https:\/\/www.mencare.org\/wp-content\/uploads\/2023\/02\/kyle-glenn-nXt5HtLmlgE-unsplash-scaled.jpg","type":"image\/jpeg"}],"twitter_card":"summary_large_image","twitter_misc":{"Est. reading time":"3 minutes"},"schema":{"@context":"https:\/\/schema.org","@graph":[{"@type":"WebPage","@id":"https:\/\/www.mencare.org\/pt\/get-involved\/government\/","url":"https:\/\/www.mencare.org\/pt\/get-involved\/government\/","name":"Government Departments - MenCare","isPartOf":{"@id":"https:\/\/www.mencare.org\/#website"},"primaryImageOfPage":{"@id":"https:\/\/www.mencare.org\/pt\/get-involved\/government\/#primaryimage"},"image":{"@id":"https:\/\/www.mencare.org\/pt\/get-involved\/government\/#primaryimage"},"thumbnailUrl":"http:\/\/www.mencare.org\/wp-content\/uploads\/2023\/02\/kyle-glenn-nXt5HtLmlgE-unsplash-scaled.jpg","datePublished":"2023-02-15T18:18:08+00:00","dateModified":"2025-01-22T21:02:49+00:00","breadcrumb":{"@id":"https:\/\/www.mencare.org\/pt\/get-involved\/government\/#breadcrumb"},"inLanguage":"es-MX","potentialAction":[{"@type":"ReadAction","target":["https:\/\/www.mencare.org\/pt\/get-involved\/government\/"]}]},{"@type":"ImageObject","inLanguage":"es-MX","@id":"https:\/\/www.mencare.org\/pt\/get-involved\/government\/#primaryimage","url":"http:\/\/www.mencare.org\/wp-content\/uploads\/2023\/02\/kyle-glenn-nXt5HtLmlgE-unsplash-scaled.jpg","contentUrl":"http:\/\/www.mencare.org\/wp-content\/uploads\/2023\/02\/kyle-glenn-nXt5HtLmlgE-unsplash-scaled.jpg","width":2560,"height":1707},{"@type":"BreadcrumbList","@id":"https:\/\/www.mencare.org\/pt\/get-involved\/government\/#breadcrumb","itemListElement":[{"@type":"ListItem","position":1,"name":"Home","item":"https:\/\/www.mencare.org\/"},{"@type":"ListItem","position":2,"name":"Get Involved","item":"http:\/\/www.mencare.org\/pt\/get-involved\/"},{"@type":"ListItem","position":3,"name":"Government Departments"}]},{"@type":"WebSite","@id":"https:\/\/www.mencare.org\/#website","url":"https:\/\/www.mencare.org\/","name":"Cuidado de los hombres","description":"Una campa\u00f1a mundial por la paternidad","potentialAction":[{"@type":"SearchAction","target":{"@type":"EntryPoint","urlTemplate":"https:\/\/www.mencare.org\/?s={search_term_string}"},"query-input":{"@type":"PropertyValueSpecification","valueRequired":true,"valueName":"search_term_string"}}],"inLanguage":"es-MX"}]}},"_links":{"self":[{"href":"http:\/\/www.mencare.org\/es\/wp-json\/wp\/v2\/pages\/7577","targetHints":{"allow":["GET"]}}],"collection":[{"href":"http:\/\/www.mencare.org\/es\/wp-json\/wp\/v2\/pages"}],"about":[{"href":"http:\/\/www.mencare.org\/es\/wp-json\/wp\/v2\/types\/page"}],"author":[{"embeddable":true,"href":"http:\/\/www.mencare.org\/es\/wp-json\/wp\/v2\/users\/180"}],"replies":[{"embeddable":true,"href":"http:\/\/www.mencare.org\/es\/wp-json\/wp\/v2\/comments?post=7577"}],"version-history":[{"count":3,"href":"http:\/\/www.mencare.org\/es\/wp-json\/wp\/v2\/pages\/7577\/revisions"}],"predecessor-version":[{"id":8830,"href":"http:\/\/www.mencare.org\/es\/wp-json\/wp\/v2\/pages\/7577\/revisions\/8830"}],"up":[{"embeddable":true,"href":"http:\/\/www.mencare.org\/es\/wp-json\/wp\/v2\/pages\/1811"}],"wp:featuredmedia":[{"embeddable":true,"href":"http:\/\/www.mencare.org\/es\/wp-json\/wp\/v2\/media\/7585"}],"wp:attachment":[{"href":"http:\/\/www.mencare.org\/es\/wp-json\/wp\/v2\/media?parent=7577"}],"curies":[{"name":"wp","href":"https:\/\/api.w.org\/{rel}","templated":true}]}}