{"id":1846,"date":"2015-05-26T12:26:11","date_gmt":"2015-05-26T12:26:11","guid":{"rendered":"https:\/\/www.mencare.org\/?page_id=1846"},"modified":"2022-10-04T10:14:46","modified_gmt":"2022-10-04T14:14:46","slug":"press-and-media","status":"publish","type":"page","link":"http:\/\/www.mencare.org\/pt\/press-and-media\/","title":{"rendered":"Imprensa e M\u00eddia"},"content":{"rendered":"<h2 class=\"p1\"><span class=\"s1\">Consultas de m\u00eddia<\/span><\/h2>\n<p class=\"p3\"><span class=\"s1\">Explore esta p\u00e1gina para obter informa\u00e7\u00f5es sobre as principais conquistas da MenCare, not\u00edcias recentes e biografias dos principais l\u00edderes e especialistas da MenCare.<\/span><\/p>\n<p class=\"p3\"><span class=\"s1\">Entre em contato conosco se voc\u00ea for um membro da imprensa que deseja saber mais sobre o impacto do MenCare ou para entrevistar um especialista em quest\u00f5es relacionadas \u00e0 paternidade, assist\u00eancia e engajamento de homens e meninos na igualdade de g\u00eanero.<\/span><\/p>\n<p class=\"p1\"><span class=\"s1\">Para obter mais informa\u00e7\u00f5es, envie um e-mail para Wessel van den Berg, diretor da MenCare, em <a href=\"mailto:w.vandenberg@equimundo.org\">w.vandenberg@equimundo.org<\/a>.<\/span><\/p>\n<h2 class=\"p1\"><span class=\"s1\">Principais realiza\u00e7\u00f5es da MenCare<\/span><\/h2>\n<ul class=\"ul1\">\n<li class=\"li1\"><span class=\"s1\">O MenCare cresceu de sete pa\u00edses no primeiro ano da campanha (2011) para uma iniciativa global ativa em mais de 45. Nossas atividades de campanha global e <a href=\"\/pt\/regions\/\">campanhas locais e nacionais lideradas por parceiros<\/a> complementam-se e fortalecem a visibilidade mundial do MenCare como um todo.<br \/>\n<\/span><\/li>\n<li class=\"li1\"><span class=\"s1\">Nosso global <a href=\"\/pt\/resources\/?type=videos\">Filmes MenCare<\/a> s\u00e3o uma ferramenta poderosa para espalhar a mensagem e os objetivos da campanha. Recebemos mais de 25.000 visualiza\u00e7\u00f5es online dos filmes at\u00e9 o momento.<br \/>\n<\/span><\/li>\n<li class=\"li1\"><span class=\"s1\">A campanha MenCare foi destacada na m\u00eddia mais de 100 vezes desde 2012. Desde <a href=\"http:\/\/www.huffingtonpost.com\/luis-mazariegos\/getting-men-involved-in-b_b_5368264.html\" target=\"_blank\" rel=\"noopener\">Huffington Post<\/a>\u00a0e o <a href=\"http:\/\/www.theguardian.com\/commentisfree\/2013\/nov\/25\/boys-men-end-violence-women-clares-law\" target=\"_blank\" rel=\"noopener\">Guardi\u00e3o<\/a>\u00a0para o <a href=\"http:\/\/www.thejakartapost.com\/news\/2013\/12\/15\/healthy-happy-wives-begin-with-caring-men.html\" target=\"_blank\" rel=\"noopener\">Correio de Jacarta<\/a>\u00a0e <a href=\"https:\/\/www.opendemocracy.net\/transformation\/gary-barker\/why-don%E2%80%99t-men-care\" target=\"_blank\" rel=\"noopener\">Democracia Aberta<\/a>, uma variedade de ve\u00edculos de not\u00edcias e m\u00eddia destacaram nosso trabalho inovador para envolver os homens como pais e cuidadores equitativos e n\u00e3o violentos.<br \/>\n<\/span><\/li>\n<li class=\"li1\"><span class=\"s1\">Nossa visibilidade aumentou por meio da participa\u00e7\u00e3o em confer\u00eancias ao redor do mundo \u2013 da Clinton Global Initiative ao TEDx Barcelona \u2013 onde alcan\u00e7amos e influenciamos formuladores de pol\u00edticas, l\u00edderes de pensamento e a m\u00eddia em quest\u00f5es que v\u00e3o desde o envolvimento dos homens em consultas de sa\u00fade pr\u00e9-natal at\u00e9 pol\u00edticas de licen\u00e7a parental remunerada.<br \/>\n<\/span><\/li>\n<li class=\"li1\"><span class=\"s1\">Por meio de inova\u00e7\u00e3o <a href=\"\/pt\/what-we-do\/programming\/\">programa\u00e7\u00e3o<\/a>, <a href=\"\/pt\/what-we-do\/media-campaigns\/\">campanhas de m\u00eddia<\/a>, e <a href=\"\/pt\/what-we-do\/advocacy\/\">advocacia<\/a>, estimamos que o MenCare tenha alcan\u00e7ado aproximadamente 44 milh\u00f5es de pessoas ao redor do mundo.<\/span><\/li>\n<\/ul>\n<h2 class=\"p3\"><span class=\"s1\">MenCare ao redor do mundo<\/span><\/h2>\n<p><iframe loading=\"lazy\" title=\"A Campanha MenCare\" width=\"500\" height=\"281\" src=\"https:\/\/www.youtube.com\/embed\/NxihRcE_YYc?feature=oembed\" frameborder=\"0\" allow=\"accelerometer; autoplay; clipboard-write; encrypted-media; gyroscope; picture-in-picture; web-share\" referrerpolicy=\"strict-origin-when-cross-origin\" allowfullscreen><\/iframe><\/p>\n<h2 class=\"p4\"><span class=\"s1\">Biografias de especialistas<\/span><\/h2>\n<h3 class=\"p3\"><span class=\"s1\">Gary Barker<\/span><\/h3>\n<p class=\"p3\"><img loading=\"lazy\" decoding=\"async\" class=\"alignleft wp-image-5922\" src=\"https:\/\/www.mencare.org\/wp-content\/uploads\/2015\/05\/gary-barker-300x300-2016.jpg\" alt=\"Gary Barker\" width=\"150\" height=\"150\" \/>Gary Barker \u00e9 presidente e CEO da <strong>Equimundo: Centro de Masculinidades e Justi\u00e7a Social<\/strong> (<a href=\"https:\/\/www.equimundo.org\/formerly-known-as-promundo-us\/\">anteriormente Promundo-US<\/a>). Ele conduziu uma extensa pesquisa global e desenvolvimento de programas em torno do envolvimento de homens e meninos na igualdade de g\u00eanero e preven\u00e7\u00e3o da viol\u00eancia, e \u00e9 uma voz l\u00edder no esfor\u00e7o mundial para estabelecer din\u00e2micas positivas e saud\u00e1veis entre homens e mulheres. Gary \u00e9 o cofundador da MenCare, uma campanha global para promover o envolvimento dos homens como cuidadores equitativos e n\u00e3o violentos, e cofundador da MenEngage, uma alian\u00e7a global de mais de 600 ONGs e ag\u00eancias da ONU que trabalham pela igualdade de g\u00eanero. Ele coordena o IMAGES (International Men and Gender Equality Survey), uma pesquisa pioneira em v\u00e1rios pa\u00edses sobre atitudes e comportamentos masculinos relacionados \u00e0 viol\u00eancia, paternidade e igualdade de g\u00eanero, entre outros temas. Ele \u00e9 membro da Rede de L\u00edderes Masculinos do Secret\u00e1rio-Geral da ONU e foi homenageado com uma Ashoka Fellowship, uma bolsa do Open Society Institute e o Vital Voices Solidarity Award. Gary obteve um PhD em desenvolvimento infantil e adolescente pela Loyola University em Chicago e um mestrado em Pol\u00edticas P\u00fablicas pela Duke University.<\/p>\n<h3 class=\"p3\"><span class=\"s1\">Mphokuhle Mabhena<\/span><\/h3>\n<p class=\"p3\"><span class=\"s1\"><img loading=\"lazy\" decoding=\"async\" class=\"wp-image-7129 size-full alignleft\" src=\"https:\/\/www.mencare.org\/wp-content\/uploads\/2020\/03\/Screenshot_20190528-225815.png-copy.png\" alt=\"\" width=\"165\" height=\"162\" \/>Mphokuhle Mabhena \u2013 Lunga (Mpho) \u00e9 uma Co-Coordenadora Global da MenCare. Ela \u00e9 a Coordenadora Regional de Direitos da Crian\u00e7a e Parentalidade Positiva na Sonke Gender Justice na Cidade do Cabo. Mpho traz para o cargo anos de experi\u00eancia trabalhando em projetos e campanhas com refugiados e migrantes, l\u00edderes religiosos e organiza\u00e7\u00f5es religiosas por meio de sua fun\u00e7\u00e3o anterior na Sonke como instrutora de Sa\u00fade e Direitos dos Refugiados (RHR). Por meio de sua fun\u00e7\u00e3o posterior como instrutora s\u00eanior no Portf\u00f3lio de Drivers Sociais e Estruturais (SSD), bem como por meio de seu trabalho na Unidade de Programas Regionais (RPU), Mpho tem experi\u00eancia trabalhando com os 22 pa\u00edses africanos dentro da MenEngage Africa (MEA). Mpho possui um Bacharelado com Honras em Jornalismo e Estudos de M\u00eddia pela Universidade Nacional de Ci\u00eancia e Tecnologia em Bulawayo, Zimb\u00e1bue.<\/span><\/p>","protected":false},"excerpt":{"rendered":"<p>Consultas de m\u00eddia Explore esta p\u00e1gina para obter informa\u00e7\u00f5es sobre as principais realiza\u00e7\u00f5es da MenCare, imprensa recente e biografias dos principais l\u00edderes e especialistas da MenCare. Entre em contato conosco se voc\u00ea for um membro da imprensa que deseja saber mais sobre o impacto da MenCare ou para entrevistar um especialista em quest\u00f5es relacionadas \u00e0 paternidade, assist\u00eancia e engajamento de homens e meninos&nbsp;<a class=\"read-more-link\" href=\"http:\/\/www.mencare.org\/pt\/press-and-media\/\">\u2026<\/a><\/p>","protected":false},"author":178,"featured_media":0,"parent":0,"menu_order":2,"comment_status":"open","ping_status":"open","template":"","meta":{"footnotes":""},"class_list":["post-1846","page","type-page","status-publish","hentry"],"acf":[],"yoast_head":"<!-- This site is optimized with the Yoast SEO plugin v25.9 - https:\/\/yoast.com\/wordpress\/plugins\/seo\/ -->\n<title>Press and Media - MenCare<\/title>\n<meta name=\"description\" content=\"We highlight MenCare\u2019s key achievements, recent press, and bios of MenCare leaders and experts for members of the press seeking to learn about the campaign.\" \/>\n<meta name=\"robots\" content=\"index, follow, max-snippet:-1, max-image-preview:large, max-video-preview:-1\" \/>\n<link rel=\"canonical\" href=\"http:\/\/www.mencare.org\/pt\/press-and-media\/\" \/>\n<meta property=\"og:locale\" content=\"pt_BR\" \/>\n<meta property=\"og:type\" content=\"article\" \/>\n<meta property=\"og:title\" content=\"Press and Media - MenCare\" \/>\n<meta property=\"og:description\" content=\"We highlight MenCare\u2019s key achievements, recent press, and bios of MenCare leaders and experts for members of the press seeking to learn about the campaign.\" \/>\n<meta property=\"og:url\" content=\"http:\/\/www.mencare.org\/pt\/press-and-media\/\" \/>\n<meta property=\"og:site_name\" content=\"MenCare\" \/>\n<meta property=\"article:modified_time\" content=\"2022-10-04T14:14:46+00:00\" \/>\n<meta property=\"og:image\" content=\"https:\/\/www.mencare.org\/wp-content\/uploads\/2015\/05\/gary-barker-300x300-2016.jpg\" \/>\n<meta name=\"twitter:card\" content=\"summary_large_image\" \/>\n<meta name=\"twitter:label1\" content=\"Est. reading time\" \/>\n\t<meta name=\"twitter:data1\" content=\"3 minutes\" \/>\n<script type=\"application\/ld+json\" class=\"yoast-schema-graph\">{\"@context\":\"https:\/\/schema.org\",\"@graph\":[{\"@type\":\"WebPage\",\"@id\":\"http:\/\/www.mencare.org\/es\/press-and-media\/\",\"url\":\"http:\/\/www.mencare.org\/es\/press-and-media\/\",\"name\":\"Press and Media - MenCare\",\"isPartOf\":{\"@id\":\"http:\/\/www.mencare.org\/es\/#website\"},\"primaryImageOfPage\":{\"@id\":\"http:\/\/www.mencare.org\/es\/press-and-media\/#primaryimage\"},\"image\":{\"@id\":\"http:\/\/www.mencare.org\/es\/press-and-media\/#primaryimage\"},\"thumbnailUrl\":\"https:\/\/www.mencare.org\/wp-content\/uploads\/2015\/05\/gary-barker-300x300-2016.jpg\",\"datePublished\":\"2015-05-26T12:26:11+00:00\",\"dateModified\":\"2022-10-04T14:14:46+00:00\",\"description\":\"We highlight MenCare\u2019s key achievements, recent press, and bios of MenCare leaders and experts for members of the press seeking to learn about the campaign.\",\"breadcrumb\":{\"@id\":\"http:\/\/www.mencare.org\/es\/press-and-media\/#breadcrumb\"},\"inLanguage\":\"pt-BR\",\"potentialAction\":[{\"@type\":\"ReadAction\",\"target\":[\"http:\/\/www.mencare.org\/es\/press-and-media\/\"]}]},{\"@type\":\"ImageObject\",\"inLanguage\":\"pt-BR\",\"@id\":\"http:\/\/www.mencare.org\/es\/press-and-media\/#primaryimage\",\"url\":\"https:\/\/www.mencare.org\/wp-content\/uploads\/2015\/05\/gary-barker-300x300-2016.jpg\",\"contentUrl\":\"https:\/\/www.mencare.org\/wp-content\/uploads\/2015\/05\/gary-barker-300x300-2016.jpg\"},{\"@type\":\"BreadcrumbList\",\"@id\":\"http:\/\/www.mencare.org\/es\/press-and-media\/#breadcrumb\",\"itemListElement\":[{\"@type\":\"ListItem\",\"position\":1,\"name\":\"Home\",\"item\":\"http:\/\/www.mencare.org\/es\/\"},{\"@type\":\"ListItem\",\"position\":2,\"name\":\"Press and Media\"}]},{\"@type\":\"WebSite\",\"@id\":\"http:\/\/www.mencare.org\/es\/#website\",\"url\":\"http:\/\/www.mencare.org\/es\/\",\"name\":\"MenCare\",\"description\":\"A Global Fatherhood Campaign\",\"potentialAction\":[{\"@type\":\"SearchAction\",\"target\":{\"@type\":\"EntryPoint\",\"urlTemplate\":\"http:\/\/www.mencare.org\/es\/?s={search_term_string}\"},\"query-input\":{\"@type\":\"PropertyValueSpecification\",\"valueRequired\":true,\"valueName\":\"search_term_string\"}}],\"inLanguage\":\"pt-BR\"}]}<\/script>\n<!-- \/ Yoast SEO plugin. -->","yoast_head_json":{"title":"Press and Media - MenCare","description":"We highlight MenCare\u2019s key achievements, recent press, and bios of MenCare leaders and experts for members of the press seeking to learn about the campaign.","robots":{"index":"index","follow":"follow","max-snippet":"max-snippet:-1","max-image-preview":"max-image-preview:large","max-video-preview":"max-video-preview:-1"},"canonical":"http:\/\/www.mencare.org\/pt\/press-and-media\/","og_locale":"pt_BR","og_type":"article","og_title":"Press and Media - MenCare","og_description":"We highlight MenCare\u2019s key achievements, recent press, and bios of MenCare leaders and experts for members of the press seeking to learn about the campaign.","og_url":"http:\/\/www.mencare.org\/pt\/press-and-media\/","og_site_name":"MenCare","article_modified_time":"2022-10-04T14:14:46+00:00","og_image":[{"url":"https:\/\/www.mencare.org\/wp-content\/uploads\/2015\/05\/gary-barker-300x300-2016.jpg","type":"","width":"","height":""}],"twitter_card":"summary_large_image","twitter_misc":{"Est. reading time":"3 minutes"},"schema":{"@context":"https:\/\/schema.org","@graph":[{"@type":"WebPage","@id":"http:\/\/www.mencare.org\/es\/press-and-media\/","url":"http:\/\/www.mencare.org\/es\/press-and-media\/","name":"Press and Media - MenCare","isPartOf":{"@id":"http:\/\/www.mencare.org\/es\/#website"},"primaryImageOfPage":{"@id":"http:\/\/www.mencare.org\/es\/press-and-media\/#primaryimage"},"image":{"@id":"http:\/\/www.mencare.org\/es\/press-and-media\/#primaryimage"},"thumbnailUrl":"https:\/\/www.mencare.org\/wp-content\/uploads\/2015\/05\/gary-barker-300x300-2016.jpg","datePublished":"2015-05-26T12:26:11+00:00","dateModified":"2022-10-04T14:14:46+00:00","description":"We highlight MenCare\u2019s key achievements, recent press, and bios of MenCare leaders and experts for members of the press seeking to learn about the campaign.","breadcrumb":{"@id":"http:\/\/www.mencare.org\/es\/press-and-media\/#breadcrumb"},"inLanguage":"pt-BR","potentialAction":[{"@type":"ReadAction","target":["http:\/\/www.mencare.org\/es\/press-and-media\/"]}]},{"@type":"ImageObject","inLanguage":"pt-BR","@id":"http:\/\/www.mencare.org\/es\/press-and-media\/#primaryimage","url":"https:\/\/www.mencare.org\/wp-content\/uploads\/2015\/05\/gary-barker-300x300-2016.jpg","contentUrl":"https:\/\/www.mencare.org\/wp-content\/uploads\/2015\/05\/gary-barker-300x300-2016.jpg"},{"@type":"BreadcrumbList","@id":"http:\/\/www.mencare.org\/es\/press-and-media\/#breadcrumb","itemListElement":[{"@type":"ListItem","position":1,"name":"Home","item":"http:\/\/www.mencare.org\/es\/"},{"@type":"ListItem","position":2,"name":"Press and Media"}]},{"@type":"WebSite","@id":"http:\/\/www.mencare.org\/es\/#website","url":"http:\/\/www.mencare.org\/es\/","name":"Cuidados com os homens","description":"Uma Campanha Global de Paternidade","potentialAction":[{"@type":"SearchAction","target":{"@type":"EntryPoint","urlTemplate":"http:\/\/www.mencare.org\/es\/?s={search_term_string}"},"query-input":{"@type":"PropertyValueSpecification","valueRequired":true,"valueName":"search_term_string"}}],"inLanguage":"pt-BR"}]}},"_links":{"self":[{"href":"http:\/\/www.mencare.org\/pt\/wp-json\/wp\/v2\/pages\/1846","targetHints":{"allow":["GET"]}}],"collection":[{"href":"http:\/\/www.mencare.org\/pt\/wp-json\/wp\/v2\/pages"}],"about":[{"href":"http:\/\/www.mencare.org\/pt\/wp-json\/wp\/v2\/types\/page"}],"author":[{"embeddable":true,"href":"http:\/\/www.mencare.org\/pt\/wp-json\/wp\/v2\/users\/178"}],"replies":[{"embeddable":true,"href":"http:\/\/www.mencare.org\/pt\/wp-json\/wp\/v2\/comments?post=1846"}],"version-history":[{"count":3,"href":"http:\/\/www.mencare.org\/pt\/wp-json\/wp\/v2\/pages\/1846\/revisions"}],"predecessor-version":[{"id":7470,"href":"http:\/\/www.mencare.org\/pt\/wp-json\/wp\/v2\/pages\/1846\/revisions\/7470"}],"wp:attachment":[{"href":"http:\/\/www.mencare.org\/pt\/wp-json\/wp\/v2\/media?parent=1846"}],"curies":[{"name":"wp","href":"https:\/\/api.w.org\/{rel}","templated":true}]}}