{"id":1856,"date":"2015-05-26T14:14:09","date_gmt":"2015-05-26T14:14:09","guid":{"rendered":"https:\/\/www.mencare.org\/?page_id=1856"},"modified":"2024-12-19T13:51:50","modified_gmt":"2024-12-19T17:51:50","slug":"what-we-do","status":"publish","type":"page","link":"http:\/\/www.mencare.org\/pt\/what-we-do\/","title":{"rendered":"O que fazemos"},"content":{"rendered":"<p>MenCare is a global fatherhood campaign active in more than 60 countries across five continents. We&#8217;re promoting men&#8217;s active, equitable and nonviolent involvement as fathers and caregivers around the world.<\/p>\n<p>Through media campaigns, program development, and advocacy, we work with partners across the globe to engage men as caregivers and fathers. We work with men and couples as program participants in parenting groups, as well as with entire communities, creating media campaigns to change norms around what it means to be a man. We also support organizations and community mobilizers to push for progressive legislation, and we work with institutions and governments to see men\u2019s engagement in caregiving as a key dimension of gender equality.<\/p>\n<p>Our work is making a difference. Since the global MenCare campaign launched in 2011, more than 45 countries around the world have made the campaign their own. From participation in international conferences like the Clinton Global Initiative and TEDx Barcelona, to being highlighted by the media on issues such as men\u2019s engagement in prenatal health visits and paid parental leave policies, MenCare is receiving global attention. Through innovative programming, community-driven and global campaigns, and targeted advocacy, the campaign has reached millions of individuals and changed the lives of people around the world.<\/p>\n<p>For more details on what we do, check out our key activities below.<\/p>\n<h2><a href=\"https:\/\/www.mencare.org\/pt\/what-we-do\/programming\/\"><strong>Programa\u00e7\u00e3o<\/strong><\/a><\/h2>\n<p>MenCare\u2019s programs engage men and women around the world to become active parents, more equitable partners, and agents of positive change in their communities. Working with fathers and couples directly, MenCare\u2019s partners encourage men and women to challenge traditional gender roles and provide them with opportunities to learn and practice parenting skills. We also aim to achieve change at the institutional level by training health care providers and working to embed such programming into broader services and activities.<\/p>\n<ul>\n<li><strong><a href=\"\/pt\/what-we-do\/programming\/program-p\/\">Programa P<\/a><\/strong> provides concrete strategies and activities to engage men globally in active fatherhood from their partners\u2019 pregnancies through their children\u2019s early years.<\/li>\n<li><strong><a href=\"\/pt\/what-we-do\/programming\/mencareplus\/\">Cuidados Masculinos+<\/a><\/strong> is a four-country initiative designed to engage men as partners in maternal, newborn, and child health and in sexual and reproductive health and rights.<\/li>\n<\/ul>\n<h2><strong><a href=\"\/pt\/what-we-do\/advocacy\/\">Advocacia<\/a><\/strong><\/h2>\n<p>From promoting paid parental leave to raising awareness of the harmful effects of corporal punishment, our advocacy efforts aim to target and change policies of inequality. MenCare provides call-to-action platforms to guide partners in taking on local, national, and international advocacy efforts.<\/p>\n<ul>\n<li><strong><a href=\"\/pt\/what-we-do\/advocacy\/ending-corporal-punishment\/\">Acabar com o Castigo Corporal<\/a><\/strong> is an advocacy initiative targeted at institutions and policymakers to enact policies that ban corporal punishment as a way to discipline children and adolescents, focusing instead on the use of positive, nonviolent child-rearing skills.<\/li>\n<li><strong><a href=\"\/pt\/what-we-do\/advocacy\/paid-parental-leave\/\">Plataforma de licen\u00e7a parental MenCare<\/a><\/strong>\u00a0presents\u00a010 ways to leave gender inequality behind and give our children the care they need by providing paid leave for parents.<\/li>\n<li><strong><a href=\"http:\/\/sowf.men-care.org\">State of the World\u2019s Fathers (SOWF)<\/a><\/strong> is the first report of its kind. It provides key global data on fatherhood and defines a global advocacy agenda for involving men and boys as part of the solution to achieve gender equality.<\/li>\n<li><strong><a href=\"https:\/\/www.mencare.org\/pt\/what-we-do\/advocacy\/the-mencare-commitment\/\" target=\"_blank\" rel=\"noopener\">O <span class=\"il\">Cuidados com os homens<\/span> <span class=\"il\">Commitment<\/span><\/a><\/strong> is an initiative to accelerate men\u2019s uptake of 50 percent of the unpaid care work by 2030, starting with 50 minutes more care work per day.<\/li>\n<\/ul>\n<h2><strong><a href=\"\/pt\/what-we-do\/media-campaigns\/\">Campanhas de m\u00eddia<\/a><\/strong><\/h2>\n<p>As campanhas de m\u00eddia da MenCare, adaptadas ao redor do mundo, inspiram os homens, suas fam\u00edlias e suas comunidades a apoiar o cuidado masculino. A MenCare fornece conte\u00fado global e conselhos sobre adapta\u00e7\u00e3o para organiza\u00e7\u00f5es locais usarem e adaptarem \u00e0s suas culturas e contextos. Os parceiros adaptaram e criaram an\u00fancios de TV, p\u00f4steres, slogans, fotos, an\u00fancios de r\u00e1dio e an\u00fancios para grupos de pais locais.<\/p>","protected":false},"excerpt":{"rendered":"<p>MenCare is a global fatherhood campaign active in more than 60 countries across five continents. We&#8217;re promoting men&#8217;s active, equitable and nonviolent involvement as fathers and caregivers around the world. Through media campaigns, program development, and advocacy, we work with partners across the globe to engage men as caregivers and fathers. We work with men&nbsp;<a class=\"read-more-link\" href=\"http:\/\/www.mencare.org\/pt\/what-we-do\/\">\u2026<\/a><\/p>","protected":false},"author":178,"featured_media":0,"parent":0,"menu_order":2,"comment_status":"open","ping_status":"open","template":"template-page-builder.php","meta":{"footnotes":""},"class_list":["post-1856","page","type-page","status-publish","hentry"],"acf":[],"yoast_head":"<!-- This site is optimized with the Yoast SEO plugin v25.9 - https:\/\/yoast.com\/wordpress\/plugins\/seo\/ -->\n<title>What We Do - MenCare<\/title>\n<meta name=\"description\" content=\"Through media campaigns, programs, and advocacy, MenCare works with partners across the globe to engage men as caregivers and fathers.\" \/>\n<meta name=\"robots\" content=\"index, follow, max-snippet:-1, max-image-preview:large, max-video-preview:-1\" \/>\n<link rel=\"canonical\" href=\"http:\/\/www.mencare.org\/pt\/what-we-do\/\" \/>\n<meta property=\"og:locale\" content=\"pt_BR\" \/>\n<meta property=\"og:type\" content=\"article\" \/>\n<meta property=\"og:title\" content=\"What We Do - MenCare\" \/>\n<meta property=\"og:description\" content=\"Through media campaigns, programs, and advocacy, MenCare works with partners across the globe to engage men as caregivers and fathers.\" \/>\n<meta property=\"og:url\" content=\"http:\/\/www.mencare.org\/pt\/what-we-do\/\" \/>\n<meta property=\"og:site_name\" content=\"MenCare\" \/>\n<meta property=\"article:modified_time\" content=\"2024-12-19T17:51:50+00:00\" \/>\n<meta name=\"twitter:card\" content=\"summary_large_image\" \/>\n<meta name=\"twitter:label1\" content=\"Est. reading time\" \/>\n\t<meta name=\"twitter:data1\" content=\"4 minutes\" \/>\n<script type=\"application\/ld+json\" class=\"yoast-schema-graph\">{\"@context\":\"https:\/\/schema.org\",\"@graph\":[{\"@type\":\"WebPage\",\"@id\":\"http:\/\/www.mencare.org\/what-we-do\/\",\"url\":\"http:\/\/www.mencare.org\/what-we-do\/\",\"name\":\"What We Do - MenCare\",\"isPartOf\":{\"@id\":\"http:\/\/www.mencare.org\/es\/#website\"},\"datePublished\":\"2015-05-26T14:14:09+00:00\",\"dateModified\":\"2024-12-19T17:51:50+00:00\",\"description\":\"Through media campaigns, programs, and advocacy, MenCare works with partners across the globe to engage men as caregivers and fathers.\",\"breadcrumb\":{\"@id\":\"http:\/\/www.mencare.org\/what-we-do\/#breadcrumb\"},\"inLanguage\":\"pt-BR\",\"potentialAction\":[{\"@type\":\"ReadAction\",\"target\":[\"http:\/\/www.mencare.org\/what-we-do\/\"]}]},{\"@type\":\"BreadcrumbList\",\"@id\":\"http:\/\/www.mencare.org\/what-we-do\/#breadcrumb\",\"itemListElement\":[{\"@type\":\"ListItem\",\"position\":1,\"name\":\"Home\",\"item\":\"http:\/\/www.mencare.org\/es\/\"},{\"@type\":\"ListItem\",\"position\":2,\"name\":\"What We Do\"}]},{\"@type\":\"WebSite\",\"@id\":\"http:\/\/www.mencare.org\/es\/#website\",\"url\":\"http:\/\/www.mencare.org\/es\/\",\"name\":\"MenCare\",\"description\":\"A Global Fatherhood Campaign\",\"potentialAction\":[{\"@type\":\"SearchAction\",\"target\":{\"@type\":\"EntryPoint\",\"urlTemplate\":\"http:\/\/www.mencare.org\/es\/?s={search_term_string}\"},\"query-input\":{\"@type\":\"PropertyValueSpecification\",\"valueRequired\":true,\"valueName\":\"search_term_string\"}}],\"inLanguage\":\"pt-BR\"}]}<\/script>\n<!-- \/ Yoast SEO plugin. -->","yoast_head_json":{"title":"What We Do - MenCare","description":"Through media campaigns, programs, and advocacy, MenCare works with partners across the globe to engage men as caregivers and fathers.","robots":{"index":"index","follow":"follow","max-snippet":"max-snippet:-1","max-image-preview":"max-image-preview:large","max-video-preview":"max-video-preview:-1"},"canonical":"http:\/\/www.mencare.org\/pt\/what-we-do\/","og_locale":"pt_BR","og_type":"article","og_title":"What We Do - MenCare","og_description":"Through media campaigns, programs, and advocacy, MenCare works with partners across the globe to engage men as caregivers and fathers.","og_url":"http:\/\/www.mencare.org\/pt\/what-we-do\/","og_site_name":"MenCare","article_modified_time":"2024-12-19T17:51:50+00:00","twitter_card":"summary_large_image","twitter_misc":{"Est. reading time":"4 minutes"},"schema":{"@context":"https:\/\/schema.org","@graph":[{"@type":"WebPage","@id":"http:\/\/www.mencare.org\/what-we-do\/","url":"http:\/\/www.mencare.org\/what-we-do\/","name":"What We Do - MenCare","isPartOf":{"@id":"http:\/\/www.mencare.org\/es\/#website"},"datePublished":"2015-05-26T14:14:09+00:00","dateModified":"2024-12-19T17:51:50+00:00","description":"Through media campaigns, programs, and advocacy, MenCare works with partners across the globe to engage men as caregivers and fathers.","breadcrumb":{"@id":"http:\/\/www.mencare.org\/what-we-do\/#breadcrumb"},"inLanguage":"pt-BR","potentialAction":[{"@type":"ReadAction","target":["http:\/\/www.mencare.org\/what-we-do\/"]}]},{"@type":"BreadcrumbList","@id":"http:\/\/www.mencare.org\/what-we-do\/#breadcrumb","itemListElement":[{"@type":"ListItem","position":1,"name":"Home","item":"http:\/\/www.mencare.org\/es\/"},{"@type":"ListItem","position":2,"name":"What We Do"}]},{"@type":"WebSite","@id":"http:\/\/www.mencare.org\/es\/#website","url":"http:\/\/www.mencare.org\/es\/","name":"Cuidados com os homens","description":"Uma Campanha Global de Paternidade","potentialAction":[{"@type":"SearchAction","target":{"@type":"EntryPoint","urlTemplate":"http:\/\/www.mencare.org\/es\/?s={search_term_string}"},"query-input":{"@type":"PropertyValueSpecification","valueRequired":true,"valueName":"search_term_string"}}],"inLanguage":"pt-BR"}]}},"_links":{"self":[{"href":"http:\/\/www.mencare.org\/pt\/wp-json\/wp\/v2\/pages\/1856","targetHints":{"allow":["GET"]}}],"collection":[{"href":"http:\/\/www.mencare.org\/pt\/wp-json\/wp\/v2\/pages"}],"about":[{"href":"http:\/\/www.mencare.org\/pt\/wp-json\/wp\/v2\/types\/page"}],"author":[{"embeddable":true,"href":"http:\/\/www.mencare.org\/pt\/wp-json\/wp\/v2\/users\/178"}],"replies":[{"embeddable":true,"href":"http:\/\/www.mencare.org\/pt\/wp-json\/wp\/v2\/comments?post=1856"}],"version-history":[{"count":4,"href":"http:\/\/www.mencare.org\/pt\/wp-json\/wp\/v2\/pages\/1856\/revisions"}],"predecessor-version":[{"id":8811,"href":"http:\/\/www.mencare.org\/pt\/wp-json\/wp\/v2\/pages\/1856\/revisions\/8811"}],"wp:attachment":[{"href":"http:\/\/www.mencare.org\/pt\/wp-json\/wp\/v2\/media?parent=1856"}],"curies":[{"name":"wp","href":"https:\/\/api.w.org\/{rel}","templated":true}]}}