{"id":6744,"date":"2019-10-03T17:33:00","date_gmt":"2019-10-03T21:33:00","guid":{"rendered":"https:\/\/www.mencare.org\/?page_id=6744"},"modified":"2024-07-24T16:43:11","modified_gmt":"2024-07-24T20:43:11","slug":"privacy-policy","status":"publish","type":"page","link":"http:\/\/www.mencare.org\/pt\/privacy-policy\/","title":{"rendered":"pol\u00edtica de Privacidade"},"content":{"rendered":"<h3>Sobre a Pol\u00edtica:<\/h3>\n<p>A Equimundo est\u00e1 comprometida em proteger seus dados pessoais, seja voc\u00ea um apoiador, pesquisador, visitante ou parceiro. O respeito \u00e0 sua privacidade \u00e9 importante para n\u00f3s.<\/p>\n<p>Esta pol\u00edtica descreve como coletamos, usamos e armazenamos dados pessoais por meio de nosso site, plataforma de marketing por e-mail e plataforma de doa\u00e7\u00f5es.<\/p>\n<h3>Quem somos:<\/h3>\n<p>A Equimundo \u00e9 uma corpora\u00e7\u00e3o sem fins lucrativos 501 (c) (3) organizada de acordo com as leis do Estado da Calif\u00f3rnia, com nossos escrit\u00f3rios principais localizados em 1367 Connecticut Avenue NW, Suite 210, Washington, DC 20036, Estados Unidos.<\/p>\n<p>A Equimundo \u00e9 respons\u00e1vel pela gest\u00e3o do dom\u00ednio do site Equimundo: <a href=\"https:\/\/www.equimundo.org\" target=\"_blank\" rel=\"noopener\">www.equimundo.org<\/a>; plataforma de doa\u00e7\u00f5es: <a href=\"https:\/\/www.equimundo.org\/donate\/\">equimundo.org\/doar<\/a>; e marketing por e-mail associado; o dom\u00ednio do site MenCare: <a href=\"https:\/\/www.mencare.org\/pt\/\" target=\"_blank\" rel=\"noopener\">www.mencare.org<\/a>; bem como os canais de m\u00eddia social da Equimundo, incluindo contas em <a href=\"https:\/\/www.facebook.com\/Equimundo.org\" target=\"_blank\" rel=\"noopener\">Facebook<\/a>, <a href=\"https:\/\/twitter.com\/Equimundo_org\" target=\"_blank\" rel=\"noopener\">Twitter<\/a>, <a href=\"https:\/\/www.youtube.com\/channel\/UC-kt6WjQ_IFF8JOe-HfZJyw\" target=\"_blank\" rel=\"noopener\">YouTube<\/a>, e <a href=\"https:\/\/www.linkedin.com\/company\/equimundo\" target=\"_blank\" rel=\"noopener\">LinkedIn<\/a>. Esta Pol\u00edtica de Privacidade e Cookies se aplica aos canais acima mencionados.<\/p>\n<h3>Informa\u00e7\u00f5es de contato:<\/h3>\n<p>Equimundo<br \/>\n1367 Connecticut Avenue NW, Su\u00edte 310<br \/>\nWashington, DC 20036<br \/>\nEstados Unidos<\/p>\n<p>E-mail: <a href=\"mailto:contact@equimundo.org\" target=\"_blank\" rel=\"noopener\">contato@equimundo.org<\/a><br \/>\nTelefone: +1 (202) 588-0061<\/p>\n<h3>Notifica\u00e7\u00e3o de altera\u00e7\u00e3o da Pol\u00edtica de Privacidade e Cookies:<\/h3>\n<p>Esta Pol\u00edtica de Privacidade e Cookies pode mudar de tempos em tempos. Visite esta p\u00e1gina da web para se manter atualizado sobre as mudan\u00e7as em nossa Pol\u00edtica de Privacidade e Cookies. N\u00f3s o notificaremos sobre mudan\u00e7as significativas enviando um aviso para o endere\u00e7o de e-mail que voc\u00ea nos forneceu, se voc\u00ea se inscreveu para receber e-mails, boletins informativos ou outros materiais de marketing.<\/p>\n<h3>Consentimento de Cookies:<\/h3>\n<p>Ao usar nosso site, nossas p\u00e1ginas de m\u00eddia social (como Facebook, Twitter, LinkedIn, YouTube, etc.), assinar nossa lista de e-mail, fazer doa\u00e7\u00f5es para n\u00f3s e\/ou solicitar informa\u00e7\u00f5es, voc\u00ea concorda que, a menos que tenha configurado o navegador do seu computador para rejeit\u00e1-los, voc\u00ea consente com os cookies definidos abaixo e que usemos os dados associados de acordo com esta pol\u00edtica.<\/p>\n<h2>pol\u00edtica de Privacidade<\/h2>\n<h3>Como coletamos suas informa\u00e7\u00f5es?<\/h3>\n<p>Podemos coletar informa\u00e7\u00f5es sobre voc\u00ea quando voc\u00ea interage conosco. Por exemplo, quando voc\u00ea contata a Equimundo, envia ou recebe informa\u00e7\u00f5es de ou para n\u00f3s, registra-se em nossa newsletter, interage com nossa m\u00eddia social ou faz uma doa\u00e7\u00e3o para n\u00f3s, voc\u00ea pode nos fornecer suas informa\u00e7\u00f5es pessoais.<\/p>\n<p>Tamb\u00e9m podemos receber informa\u00e7\u00f5es sobre voc\u00ea quando voc\u00ea interage com terceiros com quem trabalhamos. Por exemplo, podemos receber informa\u00e7\u00f5es sobre voc\u00ea depois que voc\u00ea fez uma doa\u00e7\u00e3o para n\u00f3s por meio de um site de terceiros (por exemplo, NationBuilder e PayPal). Podemos coletar informa\u00e7\u00f5es sobre voc\u00ea de fontes publicamente dispon\u00edveis por meio de servi\u00e7os de assinatura de terceiros ou provedores de servi\u00e7os.<\/p>\n<p>Podemos coletar informa\u00e7\u00f5es agregadas ou an\u00f4nimas quando voc\u00ea visita nosso site ou interage com nosso conte\u00fado. Por exemplo, podemos coletar informa\u00e7\u00f5es sobre os servi\u00e7os que voc\u00ea usa e como voc\u00ea os usa, como quando voc\u00ea visita certas p\u00e1ginas em nosso site; assiste a um v\u00eddeo no YouTube; ou interage no Twitter, Facebook ou LinkedIn.<\/p>\n<h3>Quais informa\u00e7\u00f5es coletamos?<\/h3>\n<p>As informa\u00e7\u00f5es que coletamos diretamente de voc\u00ea ou de terceiros com quem trabalhamos podem incluir:<\/p>\n<p>Nome<br \/>\nEndere\u00e7o<br \/>\nEndere\u00e7o de email<br \/>\nN\u00famero de telefone<br \/>\nPrefer\u00eancias de contato<br \/>\nInforma\u00e7\u00f5es da conta banc\u00e1ria para quem deseja configurar dep\u00f3sito direto regular<br \/>\nDetalhes do cart\u00e3o de cr\u00e9dito para processamento de pagamentos com cart\u00e3o de cr\u00e9dito<br \/>\nStatus de contribuinte para reivindicar dedu\u00e7\u00f5es fiscais de caridade<br \/>\nData de nascimento ou idade para confirmar que voc\u00ea tem mais de 18 anos<\/p>\n<p>N\u00e3o usamos cookies para coletar esse tipo de informa\u00e7\u00e3o. Todas as transa\u00e7\u00f5es financeiras online ser\u00e3o criptografadas.<\/p>\n<p>Se voc\u00ea identificou que pode querer, e tem capacidade, para apoiar a Equimundo, podemos usar as informa\u00e7\u00f5es que temos para iniciar contato posterior com voc\u00ea e conect\u00e1-lo a outros apoiadores importantes da Equimundo. Podemos revisar outras informa\u00e7\u00f5es sobre voc\u00ea que est\u00e3o dispon\u00edveis ao p\u00fablico por meio de pesquisas na Internet, redes sociais como o LinkedIn, servi\u00e7os de assinatura, novos arquivos ou bancos de dados p\u00fablicos, como informa\u00e7\u00f5es sobre diretorias corporativas, participa\u00e7\u00f5es acion\u00e1rias, informa\u00e7\u00f5es biogr\u00e1ficas publicadas, emprego e ganhos, interesses e redes filantr\u00f3picas, hist\u00f3rico e motiva\u00e7\u00f5es de doa\u00e7\u00f5es de caridade e cobertura relevante da m\u00eddia, para que possamos nos envolver com voc\u00ea de uma forma mais personalizada.<\/p>\n<h3>Como usamos informa\u00e7\u00f5es pessoais?<\/h3>\n<p>N\u00f3s somente usamos seus dados pessoais para os prop\u00f3sitos para os quais os coletamos, a menos que consideremos razoavelmente que precisamos us\u00e1-los para outro motivo e que esse motivo seja compat\u00edvel com o prop\u00f3sito original. Se voc\u00ea deseja receber uma explica\u00e7\u00e3o sobre como o novo prop\u00f3sito \u00e9 compat\u00edvel com o prop\u00f3sito original, entre em contato conosco em <a href=\"mailto:contact@equimundo.org\" target=\"_blank\" rel=\"noopener\">contato@equimundo.org<\/a>.<\/p>\n<h3>Direitos dos titulares de dados da UE:<\/h3>\n<h4>Voc\u00ea tem os seguintes direitos sob as leis de prote\u00e7\u00e3o de dados em rela\u00e7\u00e3o aos seus dados pessoais. Isso inclui o direito de:<\/h4>\n<ul>\n<li>Solicite acesso aos seus dados pessoais. Isso permite que voc\u00ea receba uma c\u00f3pia dos dados pessoais que temos sobre voc\u00ea e verifique se estamos processando-os legalmente.<\/li>\n<li>Solicite uma corre\u00e7\u00e3o dos dados pessoais que temos sobre voc\u00ea. Isso permite que voc\u00ea tenha quaisquer dados incompletos ou imprecisos que temos sobre voc\u00ea corrigidos, embora possamos precisar verificar a precis\u00e3o dos novos dados que voc\u00ea nos fornece.<\/li>\n<li>Solicite a exclus\u00e3o dos seus dados, a menos que seja proibido por lei.<\/li>\n<li>Retire o consentimento a qualquer momento em que estivermos contando com o consentimento para processar seus dados pessoais. Se voc\u00ea retirar seu consentimento, poderemos n\u00e3o ser capazes de fornecer certas informa\u00e7\u00f5es ou servi\u00e7os a voc\u00ea. N\u00f3s o informaremos se esse for o caso no momento em que voc\u00ea retirar o consentimento.<\/li>\n<\/ul>\n<p>Voc\u00ea n\u00e3o ter\u00e1 que pagar nenhuma taxa para acessar seus dados pessoais ou exercer qualquer outro direito estabelecido acima.<\/p>\n<p>Podemos precisar solicitar informa\u00e7\u00f5es espec\u00edficas suas para nos ajudar a confirmar sua identidade e garantir seu direito de acessar seus dados pessoais. Esta \u00e9 uma medida de seguran\u00e7a para garantir que dados pessoais n\u00e3o sejam divulgados a nenhuma pessoa que n\u00e3o tenha direito de receb\u00ea-los.<\/p>\n<p>Para exercer seus direitos, entre em contato conosco em <a href=\"mailto:contact@equimundo.org\" target=\"_blank\" rel=\"noopener\">contato@equimundo.org<\/a>.<\/p>\n<h3>Excluir:<\/h3>\n<h4>Optar por n\u00e3o receber informa\u00e7\u00f5es, e-mails, boletins informativos ou outros materiais nossos.<\/h4>\n<p>Para cancelar o recebimento de quaisquer informa\u00e7\u00f5es, e-mails ou boletins informativos futuros ou outros materiais nossos, envie uma solicita\u00e7\u00e3o de cancelamento para n\u00f3s em <a href=\"mailto:contact@equimundo.org\" target=\"_blank\" rel=\"noopener\">contato@equimundo.org<\/a>.<\/p>\n<p>As desativa\u00e7\u00f5es baseadas em cookies devem ser realizadas em cada dispositivo e navegador. Voc\u00ea deve desativar separadamente em cada dispositivo. Os residentes da UE que forneceram seu consentimento para o uso de cookies e tecnologias semelhantes podem usar a ferramenta de desativa\u00e7\u00e3o da EDAA (The European Interactive Digital Advertising Alliance), que pode ser encontrada em <a href=\"https:\/\/www.youronlinechoices.eu\" target=\"_blank\" rel=\"noopener\">www.youronlinechoices.eu<\/a>.<\/p>\n<h4>Optando por n\u00e3o receber cookies<\/h4>\n<p>Se voc\u00ea quiser parar ou restringir a coloca\u00e7\u00e3o de cookies ou limpar quaisquer cookies que possam estar em seu computador ou dispositivo, consulte e ajuste suas prefer\u00eancias do navegador da web. Mais informa\u00e7\u00f5es sobre cookies est\u00e3o dispon\u00edveis em <a href=\"https:\/\/www.allaboutcookies.org\" target=\"_blank\" rel=\"noopener\">www.allaboutcookies.org<\/a>. Ao excluir nossos cookies ou desabilitar cookies futuros, voc\u00ea pode n\u00e3o conseguir acessar certas \u00e1reas ou recursos do nosso site, ou algumas de suas funcionalidades podem ser afetadas. Cookies e itens semelhantes n\u00e3o s\u00e3o usados por n\u00f3s para recuperar automaticamente informa\u00e7\u00f5es pessoalmente identific\u00e1veis do nosso dispositivo sem o seu conhecimento. (Veja mais informa\u00e7\u00f5es sobre nossas Pol\u00edticas de Cookies abaixo.)<\/p>\n<h4>Optando por n\u00e3o receber o rastreamento de localiza\u00e7\u00e3o<\/h4>\n<p>Voc\u00ea tamb\u00e9m pode ajustar as configura\u00e7\u00f5es no seu dispositivo m\u00f3vel para permitir ou restringir o compartilhamento de informa\u00e7\u00f5es de localiza\u00e7\u00e3o. Se voc\u00ea optar por n\u00e3o compartilhar suas informa\u00e7\u00f5es de localiza\u00e7\u00e3o, talvez n\u00e3o consiga acessar alguns recursos do nosso site que s\u00e3o projetados para dispositivos m\u00f3veis.<\/p>\n<h3>O que \u00e9 um cookie?<\/h3>\n<p>Um \u201ccookie\u201d \u00e9 um pequeno arquivo de letras e n\u00fameros que armazenamos no seu navegador ou no disco r\u00edgido do seu computador, se voc\u00ea concordar. Os cookies cont\u00eam informa\u00e7\u00f5es que s\u00e3o transferidas para o disco r\u00edgido do seu computador.<\/p>\n<p>Utilizamos os seguintes cookies:<\/p>\n<ul>\n<li>Cookies estritamente necess\u00e1rios\/t\u00e9cnicos. S\u00e3o cookies necess\u00e1rios para a opera\u00e7\u00e3o do nosso site. Eles tornam poss\u00edvel o controle de tr\u00e1fego do servidor para v\u00e1rios usu\u00e1rios ao mesmo tempo. Eles incluem, por exemplo, cookies que permitem que voc\u00ea fa\u00e7a login em \u00e1reas seguras do nosso site.<\/li>\n<li>Cookies anal\u00edticos\/de desempenho. Eles nos permitem reconhecer e contar o n\u00famero de visitantes e ver como os visitantes navegam em nosso site quando o est\u00e3o usando. Isso nos permite personalizar nosso conte\u00fado para voc\u00ea e lembrar suas prefer\u00eancias (por exemplo, sua escolha de idioma ou regi\u00e3o).<\/li>\n<li>Cookies de funcionalidade. Eles s\u00e3o usados para reconhec\u00ea-lo quando voc\u00ea retorna ao nosso site, as p\u00e1ginas que voc\u00ea visitou e os links que voc\u00ea seguiu.<\/li>\n<\/ul>\n<p>Observe que terceiros, incluindo provedores de servi\u00e7os externos como an\u00e1lise de tr\u00e1fego da web, servi\u00e7os de marketing por e-mail e sites de terceiros para doa\u00e7\u00f5es tamb\u00e9m podem usar cookies, sobre os quais n\u00e3o temos controle. Esses cookies provavelmente s\u00e3o cookies anal\u00edticos\/de desempenho ou cookies de segmenta\u00e7\u00e3o.<\/p>","protected":false},"excerpt":{"rendered":"<p>Sobre a Pol\u00edtica: A Equimundo est\u00e1 comprometida em proteger seus dados pessoais, seja voc\u00ea um apoiador, pesquisador, visitante ou parceiro. O respeito pela sua privacidade \u00e9 importante para n\u00f3s. Esta pol\u00edtica descreve como coletamos, usamos e armazenamos dados pessoais por meio de nosso site, plataforma de marketing por e-mail e plataforma de doa\u00e7\u00f5es. Quem somos: A Equimundo \u00e9 uma 501&nbsp;<a class=\"read-more-link\" href=\"http:\/\/www.mencare.org\/pt\/privacy-policy\/\">\u2026<\/a><\/p>","protected":false},"author":178,"featured_media":0,"parent":0,"menu_order":0,"comment_status":"closed","ping_status":"closed","template":"","meta":{"footnotes":""},"class_list":["post-6744","page","type-page","status-publish","hentry"],"acf":[],"yoast_head":"<!-- This site is optimized with the Yoast SEO plugin v25.9 - https:\/\/yoast.com\/wordpress\/plugins\/seo\/ -->\n<title>Privacy Policy - MenCare<\/title>\n<meta name=\"robots\" content=\"index, follow, max-snippet:-1, max-image-preview:large, max-video-preview:-1\" \/>\n<link rel=\"canonical\" href=\"https:\/\/www.mencare.org\/pt\/privacy-policy\/\" \/>\n<meta property=\"og:locale\" content=\"pt_BR\" \/>\n<meta property=\"og:type\" content=\"article\" \/>\n<meta property=\"og:title\" content=\"Privacy Policy - MenCare\" \/>\n<meta property=\"og:description\" content=\"About the Policy: Equimundo is committed to protecting your personal data, whether you are a supporter, researcher, visitor, or partner. Respect for your privacy is important to us. This policy describes how we collect, use, and store personal data via our website, email marketing platform, and donations platform. Who We Are: Equimundo is a 501&nbsp;&hellip;\" \/>\n<meta property=\"og:url\" content=\"https:\/\/www.mencare.org\/pt\/privacy-policy\/\" \/>\n<meta property=\"og:site_name\" content=\"MenCare\" \/>\n<meta property=\"article:modified_time\" content=\"2024-07-24T20:43:11+00:00\" \/>\n<meta name=\"twitter:card\" content=\"summary_large_image\" \/>\n<meta name=\"twitter:label1\" content=\"Est. reading time\" \/>\n\t<meta name=\"twitter:data1\" content=\"7 minutes\" \/>\n<script type=\"application\/ld+json\" class=\"yoast-schema-graph\">{\"@context\":\"https:\/\/schema.org\",\"@graph\":[{\"@type\":\"WebPage\",\"@id\":\"https:\/\/www.mencare.org\/pt\/privacy-policy\/\",\"url\":\"https:\/\/www.mencare.org\/pt\/privacy-policy\/\",\"name\":\"Privacy Policy - MenCare\",\"isPartOf\":{\"@id\":\"http:\/\/www.mencare.org\/es\/#website\"},\"datePublished\":\"2019-10-03T21:33:00+00:00\",\"dateModified\":\"2024-07-24T20:43:11+00:00\",\"breadcrumb\":{\"@id\":\"https:\/\/www.mencare.org\/pt\/privacy-policy\/#breadcrumb\"},\"inLanguage\":\"pt-BR\",\"potentialAction\":[{\"@type\":\"ReadAction\",\"target\":[\"https:\/\/www.mencare.org\/pt\/privacy-policy\/\"]}]},{\"@type\":\"BreadcrumbList\",\"@id\":\"https:\/\/www.mencare.org\/pt\/privacy-policy\/#breadcrumb\",\"itemListElement\":[{\"@type\":\"ListItem\",\"position\":1,\"name\":\"Home\",\"item\":\"http:\/\/www.mencare.org\/es\/\"},{\"@type\":\"ListItem\",\"position\":2,\"name\":\"Privacy Policy\"}]},{\"@type\":\"WebSite\",\"@id\":\"http:\/\/www.mencare.org\/es\/#website\",\"url\":\"http:\/\/www.mencare.org\/es\/\",\"name\":\"MenCare\",\"description\":\"A Global Fatherhood Campaign\",\"potentialAction\":[{\"@type\":\"SearchAction\",\"target\":{\"@type\":\"EntryPoint\",\"urlTemplate\":\"http:\/\/www.mencare.org\/es\/?s={search_term_string}\"},\"query-input\":{\"@type\":\"PropertyValueSpecification\",\"valueRequired\":true,\"valueName\":\"search_term_string\"}}],\"inLanguage\":\"pt-BR\"}]}<\/script>\n<!-- \/ Yoast SEO plugin. -->","yoast_head_json":{"title":"Privacy Policy - MenCare","robots":{"index":"index","follow":"follow","max-snippet":"max-snippet:-1","max-image-preview":"max-image-preview:large","max-video-preview":"max-video-preview:-1"},"canonical":"https:\/\/www.mencare.org\/pt\/privacy-policy\/","og_locale":"pt_BR","og_type":"article","og_title":"Privacy Policy - MenCare","og_description":"About the Policy: Equimundo is committed to protecting your personal data, whether you are a supporter, researcher, visitor, or partner. Respect for your privacy is important to us. This policy describes how we collect, use, and store personal data via our website, email marketing platform, and donations platform. Who We Are: Equimundo is a 501&nbsp;&hellip;","og_url":"https:\/\/www.mencare.org\/pt\/privacy-policy\/","og_site_name":"MenCare","article_modified_time":"2024-07-24T20:43:11+00:00","twitter_card":"summary_large_image","twitter_misc":{"Est. reading time":"7 minutes"},"schema":{"@context":"https:\/\/schema.org","@graph":[{"@type":"WebPage","@id":"https:\/\/www.mencare.org\/pt\/privacy-policy\/","url":"https:\/\/www.mencare.org\/pt\/privacy-policy\/","name":"Privacy Policy - MenCare","isPartOf":{"@id":"http:\/\/www.mencare.org\/es\/#website"},"datePublished":"2019-10-03T21:33:00+00:00","dateModified":"2024-07-24T20:43:11+00:00","breadcrumb":{"@id":"https:\/\/www.mencare.org\/pt\/privacy-policy\/#breadcrumb"},"inLanguage":"pt-BR","potentialAction":[{"@type":"ReadAction","target":["https:\/\/www.mencare.org\/pt\/privacy-policy\/"]}]},{"@type":"BreadcrumbList","@id":"https:\/\/www.mencare.org\/pt\/privacy-policy\/#breadcrumb","itemListElement":[{"@type":"ListItem","position":1,"name":"Home","item":"http:\/\/www.mencare.org\/es\/"},{"@type":"ListItem","position":2,"name":"Privacy Policy"}]},{"@type":"WebSite","@id":"http:\/\/www.mencare.org\/es\/#website","url":"http:\/\/www.mencare.org\/es\/","name":"Cuidados com os homens","description":"Uma Campanha Global de Paternidade","potentialAction":[{"@type":"SearchAction","target":{"@type":"EntryPoint","urlTemplate":"http:\/\/www.mencare.org\/es\/?s={search_term_string}"},"query-input":{"@type":"PropertyValueSpecification","valueRequired":true,"valueName":"search_term_string"}}],"inLanguage":"pt-BR"}]}},"_links":{"self":[{"href":"http:\/\/www.mencare.org\/pt\/wp-json\/wp\/v2\/pages\/6744","targetHints":{"allow":["GET"]}}],"collection":[{"href":"http:\/\/www.mencare.org\/pt\/wp-json\/wp\/v2\/pages"}],"about":[{"href":"http:\/\/www.mencare.org\/pt\/wp-json\/wp\/v2\/types\/page"}],"author":[{"embeddable":true,"href":"http:\/\/www.mencare.org\/pt\/wp-json\/wp\/v2\/users\/178"}],"replies":[{"embeddable":true,"href":"http:\/\/www.mencare.org\/pt\/wp-json\/wp\/v2\/comments?post=6744"}],"version-history":[{"count":5,"href":"http:\/\/www.mencare.org\/pt\/wp-json\/wp\/v2\/pages\/6744\/revisions"}],"predecessor-version":[{"id":8572,"href":"http:\/\/www.mencare.org\/pt\/wp-json\/wp\/v2\/pages\/6744\/revisions\/8572"}],"wp:attachment":[{"href":"http:\/\/www.mencare.org\/pt\/wp-json\/wp\/v2\/media?parent=6744"}],"curies":[{"name":"wp","href":"https:\/\/api.w.org\/{rel}","templated":true}]}}