{"id":7577,"date":"2023-02-15T14:18:08","date_gmt":"2023-02-15T18:18:08","guid":{"rendered":"https:\/\/www.mencare.org\/?page_id=7577"},"modified":"2025-01-22T17:02:49","modified_gmt":"2025-01-22T21:02:49","slug":"government","status":"publish","type":"page","link":"http:\/\/www.mencare.org\/pt\/get-involved\/government\/","title":{"rendered":"Departamentos do Governo"},"content":{"rendered":"<h2 class=\"wp-block-heading\">O compromisso MenCare 50\/50 para departamentos governamentais<\/h2>\r\n\r\n\r\n\r\n<p>Normas de g\u00eanero e a falta de pol\u00edticas governamentais de apoio impedem tanto mulheres quanto homens. Os governos t\u00eam um papel na cria\u00e7\u00e3o de leis e pol\u00edticas que apoiem todos os pais, cuidadores e fam\u00edlias, em toda a sua diversidade, para prosperar \u2013 de creches acess\u00edveis a sal\u00e1rios dignos, apoio social a educa\u00e7\u00e3o acess\u00edvel e licen\u00e7a parental igual, totalmente paga e n\u00e3o transfer\u00edvel. Eles tamb\u00e9m t\u00eam a responsabilidade de definir esse padr\u00e3o crucial no trabalho de assist\u00eancia e garantir que ele seja valorizado e compartilhado igualmente.<\/p>\r\n\r\n\r\n\r\n<p>Para alcan\u00e7ar a igualdade de g\u00eanero total no trabalho de assist\u00eancia, precisamos definir metas institucionais para alcan\u00e7ar a igualdade no trabalho de assist\u00eancia, medir quem realiza os cuidados e monitorar o progresso em dire\u00e7\u00e3o \u00e0 igualdade.<\/p>\r\n\r\n\r\n\r\n<p>O <em>Compromisso MenCare 50\/50 para governos<\/em> foi lan\u00e7ado no<a href=\"https:\/\/wd2019.org\/\"> Confer\u00eancia Mulheres Entregam<\/a> em junho de 2019 \u2013 a maior confer\u00eancia do mundo sobre igualdade de g\u00eanero e sa\u00fade, direitos e bem-estar de meninas e mulheres. <em>Compromisso MenCare 50\/50 para governos<\/em> exige um compromisso ousado para desbloquear o poder do cuidado.<\/p>\r\n\r\n\r\n\r\n<p>O compromisso que os departamentos governamentais podem assumir \u00e9 manter ou desenvolver uma ou mais das seguintes medidas pol\u00edticas:<\/p>\r\n\r\n\r\n\r\n<ul class=\"wp-block-list\">\r\n<li><strong>Estabelecer uma licen\u00e7a parental igual, totalmente remunerada e intransfer\u00edvel para todos os pais<\/strong>, al\u00e9m da licen\u00e7a-maternidade perinatal.<\/li>\r\n<li><strong>Fornecer cuidados infantis de alta qualidade e apoiados pelo estado<\/strong> que facilita a participa\u00e7\u00e3o plena em atividades econ\u00f4micas para todos os pais e cuidadores que trabalham.<\/li>\r\n<li><strong>Transformando institui\u00e7\u00f5es do setor da sa\u00fade <\/strong>promover o envolvimento dos pais desde o per\u00edodo pr\u00e9-natal at\u00e9 o nascimento e a inf\u00e2ncia e o envolvimento dos homens como cuidadores.<\/li>\r\n<li><strong>Estabelecer pol\u00edticas e campanhas nacionais de cuidados<\/strong> que reconhe\u00e7am, reduzam e redistribuam o trabalho de cuidado igualmente entre homens e mulheres.<\/li>\r\n<li><strong>Expans\u00e3o dos programas de prote\u00e7\u00e3o social <\/strong>redistribuir os cuidados de forma igualit\u00e1ria entre mulheres e homens desempregados ou que trabalham na economia informal, mantendo o foco nas necessidades e direitos das mulheres e meninas.<\/li>\r\n<\/ul>\r\n\r\n\r\n\r\n<p>Os departamentos governamentais tamb\u00e9m podem se comprometer com uma ou mais das seguintes iniciativas de apoio:<\/p>\r\n\r\n\r\n\r\n<ul class=\"wp-block-list\">\r\n<li><strong>Responsabilizar os l\u00edderes pol\u00edticos masculinos<\/strong> por seu apoio \u00e0s pol\u00edticas de assist\u00eancia, ao mesmo tempo em que defendem a igualdade das mulheres na lideran\u00e7a pol\u00edtica.<\/li>\r\n<li><strong>Recolha regular de dados sobre a utiliza\u00e7\u00e3o do tempo em trabalho de assist\u00eancia n\u00e3o remunerado<\/strong> e como ela \u00e9 dividida entre mulheres e homens, meninas e meninos, e us\u00e1-la para medir o progresso em dire\u00e7\u00e3o \u00e0 igualdade, informar a formula\u00e7\u00e3o de pol\u00edticas e decis\u00f5es or\u00e7ament\u00e1rias.<\/li>\r\n<li><strong>Integrar estrat\u00e9gias para envolver ativamente os pais e cuidadores do sexo masculino nos principais servi\u00e7os e programas<\/strong> direcionado a fam\u00edlias que buscam promover o desenvolvimento de crian\u00e7as e adolescentes que atinjam grandes setores da popula\u00e7\u00e3o.<\/li>\r\n<li><strong>Implementa\u00e7\u00e3o de campanhas de comunica\u00e7\u00e3o abrangentes<\/strong> <strong>e abordagens baseadas na escola<\/strong> promover o envolvimento de jovens homens no trabalho de cuidado, prevenir a viol\u00eancia de g\u00eanero, ensinar o valor do cuidado tanto para meninos quanto para meninas e promover relacionamentos equitativos, n\u00e3o violentos e atenciosos.<\/li>\r\n<\/ul>\r\n\r\n\r\n\r\n<p>Saiba mais sobre o Compromisso MenCare 50\/50 <a href=\"https:\/\/www.mencare.org\/pt\/get-involved\/government\/\">aqui<\/a>.<\/p>","protected":false},"excerpt":{"rendered":"<p>The MenCare 50\/50 Commitment for Government Departments Gender norms and a lack of supportive government policies hold both women and men back. Governments have a role in creating laws and policies that support all parents, caregivers, and families, in all their diversity, to thrive &#8211; from affordable childcare to living wages, social support to affordable&nbsp;<a class=\"read-more-link\" href=\"http:\/\/www.mencare.org\/pt\/get-involved\/government\/\">\u2026<\/a><\/p>","protected":false},"author":180,"featured_media":7585,"parent":1811,"menu_order":4,"comment_status":"closed","ping_status":"closed","template":"","meta":{"footnotes":""},"class_list":["post-7577","page","type-page","status-publish","has-post-thumbnail","hentry"],"acf":[],"yoast_head":"<!-- This site is optimized with the Yoast SEO plugin v25.9 - https:\/\/yoast.com\/wordpress\/plugins\/seo\/ -->\n<title>Government Departments - MenCare<\/title>\n<meta name=\"robots\" content=\"index, follow, max-snippet:-1, max-image-preview:large, max-video-preview:-1\" \/>\n<link rel=\"canonical\" href=\"http:\/\/www.mencare.org\/pt\/get-involved\/government\/\" \/>\n<meta property=\"og:locale\" content=\"pt_BR\" \/>\n<meta property=\"og:type\" content=\"article\" \/>\n<meta property=\"og:title\" content=\"Government Departments - MenCare\" \/>\n<meta property=\"og:description\" content=\"The MenCare 50\/50 Commitment for Government Departments Gender norms and a lack of supportive government policies hold both women and men back. Governments have a role in creating laws and policies that support all parents, caregivers, and families, in all their diversity, to thrive &#8211; from affordable childcare to living wages, social support to affordable&nbsp;&hellip;\" \/>\n<meta property=\"og:url\" content=\"http:\/\/www.mencare.org\/pt\/get-involved\/government\/\" \/>\n<meta property=\"og:site_name\" content=\"MenCare\" \/>\n<meta property=\"article:modified_time\" content=\"2025-01-22T21:02:49+00:00\" \/>\n<meta property=\"og:image\" content=\"http:\/\/www.mencare.org\/wp-content\/uploads\/2023\/02\/kyle-glenn-nXt5HtLmlgE-unsplash-scaled.jpg\" \/>\n\t<meta property=\"og:image:width\" content=\"2560\" \/>\n\t<meta property=\"og:image:height\" content=\"1707\" \/>\n\t<meta property=\"og:image:type\" content=\"image\/jpeg\" \/>\n<meta name=\"twitter:card\" content=\"summary_large_image\" \/>\n<meta name=\"twitter:label1\" content=\"Est. reading time\" \/>\n\t<meta name=\"twitter:data1\" content=\"3 minutes\" \/>\n<script type=\"application\/ld+json\" class=\"yoast-schema-graph\">{\"@context\":\"https:\/\/schema.org\",\"@graph\":[{\"@type\":\"WebPage\",\"@id\":\"http:\/\/www.mencare.org\/get-involved\/government\/\",\"url\":\"http:\/\/www.mencare.org\/get-involved\/government\/\",\"name\":\"Government Departments - MenCare\",\"isPartOf\":{\"@id\":\"https:\/\/www.mencare.org\/#website\"},\"primaryImageOfPage\":{\"@id\":\"http:\/\/www.mencare.org\/get-involved\/government\/#primaryimage\"},\"image\":{\"@id\":\"http:\/\/www.mencare.org\/get-involved\/government\/#primaryimage\"},\"thumbnailUrl\":\"http:\/\/www.mencare.org\/wp-content\/uploads\/2023\/02\/kyle-glenn-nXt5HtLmlgE-unsplash-scaled.jpg\",\"datePublished\":\"2023-02-15T18:18:08+00:00\",\"dateModified\":\"2025-01-22T21:02:49+00:00\",\"breadcrumb\":{\"@id\":\"http:\/\/www.mencare.org\/get-involved\/government\/#breadcrumb\"},\"inLanguage\":\"pt-BR\",\"potentialAction\":[{\"@type\":\"ReadAction\",\"target\":[\"http:\/\/www.mencare.org\/get-involved\/government\/\"]}]},{\"@type\":\"ImageObject\",\"inLanguage\":\"pt-BR\",\"@id\":\"http:\/\/www.mencare.org\/get-involved\/government\/#primaryimage\",\"url\":\"http:\/\/www.mencare.org\/wp-content\/uploads\/2023\/02\/kyle-glenn-nXt5HtLmlgE-unsplash-scaled.jpg\",\"contentUrl\":\"http:\/\/www.mencare.org\/wp-content\/uploads\/2023\/02\/kyle-glenn-nXt5HtLmlgE-unsplash-scaled.jpg\",\"width\":2560,\"height\":1707},{\"@type\":\"BreadcrumbList\",\"@id\":\"http:\/\/www.mencare.org\/get-involved\/government\/#breadcrumb\",\"itemListElement\":[{\"@type\":\"ListItem\",\"position\":1,\"name\":\"Home\",\"item\":\"https:\/\/www.mencare.org\/\"},{\"@type\":\"ListItem\",\"position\":2,\"name\":\"Get Involved\",\"item\":\"https:\/\/www.mencare.org\/es\/get-involved\/\"},{\"@type\":\"ListItem\",\"position\":3,\"name\":\"Government Departments\"}]},{\"@type\":\"WebSite\",\"@id\":\"https:\/\/www.mencare.org\/#website\",\"url\":\"https:\/\/www.mencare.org\/\",\"name\":\"MenCare\",\"description\":\"A Global Fatherhood Campaign\",\"potentialAction\":[{\"@type\":\"SearchAction\",\"target\":{\"@type\":\"EntryPoint\",\"urlTemplate\":\"https:\/\/www.mencare.org\/?s={search_term_string}\"},\"query-input\":{\"@type\":\"PropertyValueSpecification\",\"valueRequired\":true,\"valueName\":\"search_term_string\"}}],\"inLanguage\":\"pt-BR\"}]}<\/script>\n<!-- \/ Yoast SEO plugin. -->","yoast_head_json":{"title":"Government Departments - MenCare","robots":{"index":"index","follow":"follow","max-snippet":"max-snippet:-1","max-image-preview":"max-image-preview:large","max-video-preview":"max-video-preview:-1"},"canonical":"http:\/\/www.mencare.org\/pt\/get-involved\/government\/","og_locale":"pt_BR","og_type":"article","og_title":"Government Departments - MenCare","og_description":"The MenCare 50\/50 Commitment for Government Departments Gender norms and a lack of supportive government policies hold both women and men back. Governments have a role in creating laws and policies that support all parents, caregivers, and families, in all their diversity, to thrive &#8211; from affordable childcare to living wages, social support to affordable&nbsp;&hellip;","og_url":"http:\/\/www.mencare.org\/pt\/get-involved\/government\/","og_site_name":"MenCare","article_modified_time":"2025-01-22T21:02:49+00:00","og_image":[{"width":2560,"height":1707,"url":"http:\/\/www.mencare.org\/wp-content\/uploads\/2023\/02\/kyle-glenn-nXt5HtLmlgE-unsplash-scaled.jpg","type":"image\/jpeg"}],"twitter_card":"summary_large_image","twitter_misc":{"Est. reading time":"3 minutes"},"schema":{"@context":"https:\/\/schema.org","@graph":[{"@type":"WebPage","@id":"http:\/\/www.mencare.org\/get-involved\/government\/","url":"http:\/\/www.mencare.org\/get-involved\/government\/","name":"Government Departments - MenCare","isPartOf":{"@id":"https:\/\/www.mencare.org\/#website"},"primaryImageOfPage":{"@id":"http:\/\/www.mencare.org\/get-involved\/government\/#primaryimage"},"image":{"@id":"http:\/\/www.mencare.org\/get-involved\/government\/#primaryimage"},"thumbnailUrl":"http:\/\/www.mencare.org\/wp-content\/uploads\/2023\/02\/kyle-glenn-nXt5HtLmlgE-unsplash-scaled.jpg","datePublished":"2023-02-15T18:18:08+00:00","dateModified":"2025-01-22T21:02:49+00:00","breadcrumb":{"@id":"http:\/\/www.mencare.org\/get-involved\/government\/#breadcrumb"},"inLanguage":"pt-BR","potentialAction":[{"@type":"ReadAction","target":["http:\/\/www.mencare.org\/get-involved\/government\/"]}]},{"@type":"ImageObject","inLanguage":"pt-BR","@id":"http:\/\/www.mencare.org\/get-involved\/government\/#primaryimage","url":"http:\/\/www.mencare.org\/wp-content\/uploads\/2023\/02\/kyle-glenn-nXt5HtLmlgE-unsplash-scaled.jpg","contentUrl":"http:\/\/www.mencare.org\/wp-content\/uploads\/2023\/02\/kyle-glenn-nXt5HtLmlgE-unsplash-scaled.jpg","width":2560,"height":1707},{"@type":"BreadcrumbList","@id":"http:\/\/www.mencare.org\/get-involved\/government\/#breadcrumb","itemListElement":[{"@type":"ListItem","position":1,"name":"Home","item":"https:\/\/www.mencare.org\/"},{"@type":"ListItem","position":2,"name":"Get Involved","item":"https:\/\/www.mencare.org\/es\/get-involved\/"},{"@type":"ListItem","position":3,"name":"Government Departments"}]},{"@type":"WebSite","@id":"https:\/\/www.mencare.org\/#website","url":"https:\/\/www.mencare.org\/","name":"Cuidados com os homens","description":"Uma Campanha Global de Paternidade","potentialAction":[{"@type":"SearchAction","target":{"@type":"EntryPoint","urlTemplate":"https:\/\/www.mencare.org\/?s={search_term_string}"},"query-input":{"@type":"PropertyValueSpecification","valueRequired":true,"valueName":"search_term_string"}}],"inLanguage":"pt-BR"}]}},"_links":{"self":[{"href":"http:\/\/www.mencare.org\/pt\/wp-json\/wp\/v2\/pages\/7577","targetHints":{"allow":["GET"]}}],"collection":[{"href":"http:\/\/www.mencare.org\/pt\/wp-json\/wp\/v2\/pages"}],"about":[{"href":"http:\/\/www.mencare.org\/pt\/wp-json\/wp\/v2\/types\/page"}],"author":[{"embeddable":true,"href":"http:\/\/www.mencare.org\/pt\/wp-json\/wp\/v2\/users\/180"}],"replies":[{"embeddable":true,"href":"http:\/\/www.mencare.org\/pt\/wp-json\/wp\/v2\/comments?post=7577"}],"version-history":[{"count":3,"href":"http:\/\/www.mencare.org\/pt\/wp-json\/wp\/v2\/pages\/7577\/revisions"}],"predecessor-version":[{"id":8830,"href":"http:\/\/www.mencare.org\/pt\/wp-json\/wp\/v2\/pages\/7577\/revisions\/8830"}],"up":[{"embeddable":true,"href":"http:\/\/www.mencare.org\/pt\/wp-json\/wp\/v2\/pages\/1811"}],"wp:featuredmedia":[{"embeddable":true,"href":"http:\/\/www.mencare.org\/pt\/wp-json\/wp\/v2\/media\/7585"}],"wp:attachment":[{"href":"http:\/\/www.mencare.org\/pt\/wp-json\/wp\/v2\/media?parent=7577"}],"curies":[{"name":"wp","href":"https:\/\/api.w.org\/{rel}","templated":true}]}}