{"id":1864,"date":"2015-05-26T14:19:00","date_gmt":"2015-05-26T14:19:00","guid":{"rendered":"https:\/\/www.mencare.org\/?page_id=1864"},"modified":"2020-07-07T11:23:18","modified_gmt":"2020-07-07T15:23:18","slug":"program-p","status":"publish","type":"page","link":"https:\/\/www.mencare.org\/es\/what-we-do\/programming\/program-p\/","title":{"rendered":"Programa P"},"content":{"rendered":"<div class=\"radius-fix\"><img loading=\"lazy\" decoding=\"async\" class=\"aligncenter size-full wp-image-2853\" src=\"https:\/\/www.mencare.org\/wp-content\/uploads\/2015\/05\/Program-P-All-Adaptations.jpg\" alt=\"Program-P-All-Adaptations\" width=\"1000\" height=\"347\" \/><\/div>\n<p>El programa P lleva el nombre de <em>capell\u00e1n<\/em> y <em>pai<\/em>, las palabras para <em>padre<\/em> En espa\u00f1ol y portugu\u00e9s, ofrece una respuesta directa y espec\u00edfica a la necesidad de contar con estrategias concretas para involucrar a los hombres en la paternidad activa desde la atenci\u00f3n prenatal hasta el parto, el nacimiento y los primeros a\u00f1os de vida de sus hijos.<\/p>\n<p>Redactado por socios de MenCare <a href=\"http:\/\/www.redmasnicaragua.org\/\" target=\"_blank\" rel=\"noopener\">Red de Masculinidad por la Igualdad de G\u00e9nero (REDMAS)<\/a>, <a href=\"https:\/\/www.equimundo.org\/\" target=\"_blank\" rel=\"noopener\">Equimundo<\/a>, y <a href=\"http:\/\/www.eme.cl\/\" target=\"_blank\" rel=\"noopener\">Fundaci\u00f3n CulturaSalud\/EME<\/a>El Programa P tiene tres componentes: ofrecer informaci\u00f3n y herramientas para los proveedores de atenci\u00f3n m\u00e9dica, desarrollar actividades grupales para padres y parejas, y brindar orientaci\u00f3n para dise\u00f1ar campa\u00f1as comunitarias. Al dirigirse a los hombres, principalmente a trav\u00e9s del sector de la salud, el Programa P involucra a los padres y sus parejas en un momento cr\u00edtico, generalmente durante el embarazo de sus parejas, cuando est\u00e1n abiertos a adoptar nuevas conductas de cuidado.<\/p>\n<p>M\u00e1s espec\u00edficamente, la <a href=\"\/es\/resources\/program-p\/\">Manual del programa P<\/a> contiene:<\/p>\n<ul>\n<li><strong>Introducci\u00f3n<\/strong>:Investigaci\u00f3n de fondo sobre los datos m\u00e1s recientes acerca de por qu\u00e9 involucrar a los hombres como cuidadores es una parte esencial de la salud materna y la igualdad de g\u00e9nero.<\/li>\n<li><strong>Secci\u00f3n 1<\/strong>:Una gu\u00eda para profesionales de la salud sobre c\u00f3mo involucrar a los hombres en el espacio de consulta prenatal y en las cl\u00ednicas de atenci\u00f3n primaria de salud.<\/li>\n<li><strong>Secci\u00f3n 2<\/strong>:<strong>\u00a0<\/strong>Una serie de m\u00f3dulos interactivos para la educaci\u00f3n grupal transformadora de g\u00e9nero con hombres y, en algunos casos, sus parejas femeninas.<\/li>\n<li><strong>Secci\u00f3n 3<\/strong>:Una gu\u00eda paso a paso para crear y lanzar una campa\u00f1a comunitaria MenCare.<\/li>\n<\/ul>\n<p>Trabajar con hombres como padres es un punto de partida clave para debatir temas delicados relacionados con las normas de g\u00e9nero tradicionales y la forma en que estas normas afectan negativamente a las comunidades. A trav\u00e9s de gu\u00edas de debate, juegos de rol y actividades pr\u00e1cticas (como aprender a cambiar pa\u00f1ales), se anima a los hombres y a sus parejas a debatir y cuestionar las normas de g\u00e9nero tradicionales masculinas e inequitativas y a practicar conductas sociales m\u00e1s positivas en sus familias y comunidades.<\/p>\n<p>Con el apoyo del Ministerio de Asuntos Exteriores de los Pa\u00edses Bajos, el Programa P se ha adaptado en Brasil, Indonesia, Ruanda y Sud\u00e1frica, tanto en entornos rurales como urbanos, como parte del <a href=\"\/es\/what-we-do\/programming\/mencare\/\">Cuidado de hombres+<\/a> MenCare+, una colaboraci\u00f3n entre Equimundo y Rutgers, es un programa de m\u00faltiples componentes que trabaja a nivel individual, comunitario y de pol\u00edticas para involucrar a hombres y mujeres como socios en la salud materna, neonatal e infantil; en la salud y los derechos sexuales y reproductivos; y en la prevenci\u00f3n de la violencia.<\/p>\n<p>Resultados de una <a href=\"https:\/\/www.mencare.org\/es\/resources\/gender-transformative-bandebereho-couples-intervention-to-promote-male-engagement-in-reproductive-and-maternal-health-and-violence-prevention-in-rwanda-findings-from-a-randomized-controlled-trial\/\">ensayo controlado aleatorio<\/a>\u00a0Los estudios de control aleatorio del Programa P en Ruanda, publicados en 2018, revelan los poderosos efectos de esta programaci\u00f3n espec\u00edfica y transformadora de g\u00e9nero en los resultados de salud y violencia. Los resultados muestran que casi dos a\u00f1os despu\u00e9s de participar en el programa, los hombres tienen casi la mitad de probabilidades de usar violencia contra sus parejas femeninas y pasan casi una hora m\u00e1s por d\u00eda haciendo tareas dom\u00e9sticas.<\/p>\n<p>Los resultados cualitativos de la implementaci\u00f3n del Programa P tambi\u00e9n han mostrado cambios positivos en las vidas de los hombres y sus familias. Los padres j\u00f3venes de Nicaragua, uno de los lugares donde se puso a prueba el Programa P, informaron de una mejora en las relaciones con sus hijos y parejas, as\u00ed como de una mayor participaci\u00f3n en las tareas dom\u00e9sticas y el cuidado de los ni\u00f1os. Adem\u00e1s, en una asociaci\u00f3n entre World Education y Equimundo, los hombres de Sri Lanka aprendieron a manejar emociones dif\u00edciles y reportaron una disminuci\u00f3n del abuso de sustancias tanto entre ellos como entre sus parejas. Adem\u00e1s, muchos de los hombres y el personal que participaron han seguido difundiendo los mensajes del programa en sus comunidades y han reclutado a otros hombres para que participen.<\/p>\n<p>El Programa P tambi\u00e9n ha sido adaptado para padres y parejas libaneses y sirios en Beirut, con especial atenci\u00f3n al desarrollo de la primera infancia. En total, el Programa P ha sido adaptado en m\u00e1s de 15 pa\u00edses.<\/p>\n<p>Descargue el manual completo del Programa P en ingl\u00e9s y sus adaptaciones en \u00e1rabe, espa\u00f1ol, portugu\u00e9s y ruso\u00a0<a href=\"\/es\/resources\/program-p\/\">aqu\u00ed<\/a>.<\/p>\n<h6><iframe loading=\"lazy\" src=\"https:\/\/www.bbc.com\/news\/av\/embed\/p08h9n9w\/53093426\" width=\"400\" height=\"500\" frameborder=\"0\"><\/iframe><br \/>\nLa intervenci\u00f3n Bandebereho (o \u201cmodelo a seguir\u201d) en Ruanda se bas\u00f3 en el Programa P y es parte de la campa\u00f1a global de paternidad MenCare.<\/h6>","protected":false},"excerpt":{"rendered":"<p>Program P is named after padre and pai, the words for father in Spanish and Portuguese. It provides a direct and targeted response to the need for concrete strategies to engage men in active fatherhood from prenatal care through delivery, childbirth, and their children\u2019s early years. Authored by MenCare partners Red de Masculinidad por la&nbsp;<a class=\"read-more-link\" href=\"https:\/\/www.mencare.org\/es\/what-we-do\/programming\/program-p\/\">\u2026<\/a><\/p>","protected":false},"author":178,"featured_media":0,"parent":1858,"menu_order":1,"comment_status":"open","ping_status":"open","template":"","meta":{"footnotes":""},"class_list":["post-1864","page","type-page","status-publish","hentry"],"acf":[],"yoast_head":"<!-- This site is optimized with the Yoast SEO plugin v25.9 - https:\/\/yoast.com\/wordpress\/plugins\/seo\/ -->\n<title>Program P - MenCare<\/title>\n<meta name=\"robots\" content=\"index, follow, max-snippet:-1, max-image-preview:large, max-video-preview:-1\" \/>\n<link rel=\"canonical\" href=\"https:\/\/www.mencare.org\/es\/what-we-do\/programming\/program-p\/\" \/>\n<meta property=\"og:locale\" content=\"es_MX\" \/>\n<meta property=\"og:type\" content=\"article\" \/>\n<meta property=\"og:title\" content=\"Program P - MenCare\" \/>\n<meta property=\"og:description\" content=\"Program P is named after padre and pai, the words for father in Spanish and Portuguese. It provides a direct and targeted response to the need for concrete strategies to engage men in active fatherhood from prenatal care through delivery, childbirth, and their children\u2019s early years. Authored by MenCare partners Red de Masculinidad por la&nbsp;&hellip;\" \/>\n<meta property=\"og:url\" content=\"https:\/\/www.mencare.org\/es\/what-we-do\/programming\/program-p\/\" \/>\n<meta property=\"og:site_name\" content=\"MenCare\" \/>\n<meta property=\"article:modified_time\" content=\"2020-07-07T15:23:18+00:00\" \/>\n<meta property=\"og:image\" content=\"https:\/\/www.mencare.org\/wp-content\/uploads\/2015\/05\/Program-P-All-Adaptations.jpg\" \/>\n<meta name=\"twitter:card\" content=\"summary_large_image\" \/>\n<meta name=\"twitter:label1\" content=\"Est. reading time\" \/>\n\t<meta name=\"twitter:data1\" content=\"3 minutes\" \/>\n<script type=\"application\/ld+json\" class=\"yoast-schema-graph\">{\"@context\":\"https:\/\/schema.org\",\"@graph\":[{\"@type\":\"WebPage\",\"@id\":\"https:\/\/www.mencare.org\/es\/what-we-do\/programming\/program-p\/\",\"url\":\"https:\/\/www.mencare.org\/es\/what-we-do\/programming\/program-p\/\",\"name\":\"Program P - MenCare\",\"isPartOf\":{\"@id\":\"https:\/\/www.mencare.org\/#website\"},\"primaryImageOfPage\":{\"@id\":\"https:\/\/www.mencare.org\/es\/what-we-do\/programming\/program-p\/#primaryimage\"},\"image\":{\"@id\":\"https:\/\/www.mencare.org\/es\/what-we-do\/programming\/program-p\/#primaryimage\"},\"thumbnailUrl\":\"https:\/\/www.mencare.org\/wp-content\/uploads\/2015\/05\/Program-P-All-Adaptations.jpg\",\"datePublished\":\"2015-05-26T14:19:00+00:00\",\"dateModified\":\"2020-07-07T15:23:18+00:00\",\"breadcrumb\":{\"@id\":\"https:\/\/www.mencare.org\/es\/what-we-do\/programming\/program-p\/#breadcrumb\"},\"inLanguage\":\"es-MX\",\"potentialAction\":[{\"@type\":\"ReadAction\",\"target\":[\"https:\/\/www.mencare.org\/es\/what-we-do\/programming\/program-p\/\"]}]},{\"@type\":\"ImageObject\",\"inLanguage\":\"es-MX\",\"@id\":\"https:\/\/www.mencare.org\/es\/what-we-do\/programming\/program-p\/#primaryimage\",\"url\":\"https:\/\/www.mencare.org\/wp-content\/uploads\/2015\/05\/Program-P-All-Adaptations.jpg\",\"contentUrl\":\"https:\/\/www.mencare.org\/wp-content\/uploads\/2015\/05\/Program-P-All-Adaptations.jpg\"},{\"@type\":\"BreadcrumbList\",\"@id\":\"https:\/\/www.mencare.org\/es\/what-we-do\/programming\/program-p\/#breadcrumb\",\"itemListElement\":[{\"@type\":\"ListItem\",\"position\":1,\"name\":\"Home\",\"item\":\"https:\/\/www.mencare.org\/\"},{\"@type\":\"ListItem\",\"position\":2,\"name\":\"What We Do\",\"item\":\"https:\/\/www.mencare.org\/pt\/what-we-do\/\"},{\"@type\":\"ListItem\",\"position\":3,\"name\":\"Programming\",\"item\":\"https:\/\/www.mencare.org\/es\/what-we-do\/programming\/\"},{\"@type\":\"ListItem\",\"position\":4,\"name\":\"Program P\"}]},{\"@type\":\"WebSite\",\"@id\":\"https:\/\/www.mencare.org\/#website\",\"url\":\"https:\/\/www.mencare.org\/\",\"name\":\"MenCare\",\"description\":\"A Global Fatherhood Campaign\",\"potentialAction\":[{\"@type\":\"SearchAction\",\"target\":{\"@type\":\"EntryPoint\",\"urlTemplate\":\"https:\/\/www.mencare.org\/?s={search_term_string}\"},\"query-input\":{\"@type\":\"PropertyValueSpecification\",\"valueRequired\":true,\"valueName\":\"search_term_string\"}}],\"inLanguage\":\"es-MX\"}]}<\/script>\n<!-- \/ Yoast SEO plugin. -->","yoast_head_json":{"title":"Program P - MenCare","robots":{"index":"index","follow":"follow","max-snippet":"max-snippet:-1","max-image-preview":"max-image-preview:large","max-video-preview":"max-video-preview:-1"},"canonical":"https:\/\/www.mencare.org\/es\/what-we-do\/programming\/program-p\/","og_locale":"es_MX","og_type":"article","og_title":"Program P - MenCare","og_description":"Program P is named after padre and pai, the words for father in Spanish and Portuguese. It provides a direct and targeted response to the need for concrete strategies to engage men in active fatherhood from prenatal care through delivery, childbirth, and their children\u2019s early years. Authored by MenCare partners Red de Masculinidad por la&nbsp;&hellip;","og_url":"https:\/\/www.mencare.org\/es\/what-we-do\/programming\/program-p\/","og_site_name":"MenCare","article_modified_time":"2020-07-07T15:23:18+00:00","og_image":[{"url":"https:\/\/www.mencare.org\/wp-content\/uploads\/2015\/05\/Program-P-All-Adaptations.jpg","type":"","width":"","height":""}],"twitter_card":"summary_large_image","twitter_misc":{"Est. reading time":"3 minutes"},"schema":{"@context":"https:\/\/schema.org","@graph":[{"@type":"WebPage","@id":"https:\/\/www.mencare.org\/es\/what-we-do\/programming\/program-p\/","url":"https:\/\/www.mencare.org\/es\/what-we-do\/programming\/program-p\/","name":"Program P - MenCare","isPartOf":{"@id":"https:\/\/www.mencare.org\/#website"},"primaryImageOfPage":{"@id":"https:\/\/www.mencare.org\/es\/what-we-do\/programming\/program-p\/#primaryimage"},"image":{"@id":"https:\/\/www.mencare.org\/es\/what-we-do\/programming\/program-p\/#primaryimage"},"thumbnailUrl":"https:\/\/www.mencare.org\/wp-content\/uploads\/2015\/05\/Program-P-All-Adaptations.jpg","datePublished":"2015-05-26T14:19:00+00:00","dateModified":"2020-07-07T15:23:18+00:00","breadcrumb":{"@id":"https:\/\/www.mencare.org\/es\/what-we-do\/programming\/program-p\/#breadcrumb"},"inLanguage":"es-MX","potentialAction":[{"@type":"ReadAction","target":["https:\/\/www.mencare.org\/es\/what-we-do\/programming\/program-p\/"]}]},{"@type":"ImageObject","inLanguage":"es-MX","@id":"https:\/\/www.mencare.org\/es\/what-we-do\/programming\/program-p\/#primaryimage","url":"https:\/\/www.mencare.org\/wp-content\/uploads\/2015\/05\/Program-P-All-Adaptations.jpg","contentUrl":"https:\/\/www.mencare.org\/wp-content\/uploads\/2015\/05\/Program-P-All-Adaptations.jpg"},{"@type":"BreadcrumbList","@id":"https:\/\/www.mencare.org\/es\/what-we-do\/programming\/program-p\/#breadcrumb","itemListElement":[{"@type":"ListItem","position":1,"name":"Home","item":"https:\/\/www.mencare.org\/"},{"@type":"ListItem","position":2,"name":"What We Do","item":"https:\/\/www.mencare.org\/pt\/what-we-do\/"},{"@type":"ListItem","position":3,"name":"Programming","item":"https:\/\/www.mencare.org\/es\/what-we-do\/programming\/"},{"@type":"ListItem","position":4,"name":"Program P"}]},{"@type":"WebSite","@id":"https:\/\/www.mencare.org\/#website","url":"https:\/\/www.mencare.org\/","name":"Cuidado de los hombres","description":"Una campa\u00f1a mundial por la paternidad","potentialAction":[{"@type":"SearchAction","target":{"@type":"EntryPoint","urlTemplate":"https:\/\/www.mencare.org\/?s={search_term_string}"},"query-input":{"@type":"PropertyValueSpecification","valueRequired":true,"valueName":"search_term_string"}}],"inLanguage":"es-MX"}]}},"_links":{"self":[{"href":"https:\/\/www.mencare.org\/es\/wp-json\/wp\/v2\/pages\/1864","targetHints":{"allow":["GET"]}}],"collection":[{"href":"https:\/\/www.mencare.org\/es\/wp-json\/wp\/v2\/pages"}],"about":[{"href":"https:\/\/www.mencare.org\/es\/wp-json\/wp\/v2\/types\/page"}],"author":[{"embeddable":true,"href":"https:\/\/www.mencare.org\/es\/wp-json\/wp\/v2\/users\/178"}],"replies":[{"embeddable":true,"href":"https:\/\/www.mencare.org\/es\/wp-json\/wp\/v2\/comments?post=1864"}],"version-history":[{"count":4,"href":"https:\/\/www.mencare.org\/es\/wp-json\/wp\/v2\/pages\/1864\/revisions"}],"predecessor-version":[{"id":7179,"href":"https:\/\/www.mencare.org\/es\/wp-json\/wp\/v2\/pages\/1864\/revisions\/7179"}],"up":[{"embeddable":true,"href":"https:\/\/www.mencare.org\/es\/wp-json\/wp\/v2\/pages\/1858"}],"wp:attachment":[{"href":"https:\/\/www.mencare.org\/es\/wp-json\/wp\/v2\/media?parent=1864"}],"curies":[{"name":"wp","href":"https:\/\/api.w.org\/{rel}","templated":true}]}}