{"id":1866,"date":"2015-05-26T14:19:29","date_gmt":"2015-05-26T14:19:29","guid":{"rendered":"https:\/\/www.mencare.org\/?page_id=1866"},"modified":"2015-05-26T14:19:29","modified_gmt":"2015-05-26T14:19:29","slug":"mencareplus","status":"publish","type":"page","link":"https:\/\/www.mencare.org\/es\/what-we-do\/programming\/mencareplus\/","title":{"rendered":"Cuidado de hombres+"},"content":{"rendered":"<p>El programa MenCare+, desarrollado a partir de los principios de la campa\u00f1a MenCare, es una colaboraci\u00f3n de tres a\u00f1os en cuatro pa\u00edses entre Equimundo y Rutgers, creada para involucrar a hombres de entre 15 y 35 a\u00f1os como socios en la salud materna, neonatal e infantil y en la salud y los derechos sexuales y reproductivos. El programa cuenta con el apoyo del Ministerio de Asuntos Exteriores de los Pa\u00edses Bajos y est\u00e1 siendo implementado por Equimundo, Rutgers y organizaciones asociadas en Brasil, Indonesia, Ruanda y Sud\u00e1frica.<\/p>\n<p>El \u201cplus\u201d de MenCare+ representa el esfuerzo dirigido a incorporar a los hombres al sistema de atenci\u00f3n de la salud como participantes activos y positivos en su propia salud, as\u00ed como en la salud de sus parejas e hijos. Trabajando dentro de los sistemas de salud p\u00fablica en los cuatro pa\u00edses de implementaci\u00f3n, los socios nacionales de MenCare+ llevan a cabo sesiones educativas grupales con j\u00f3venes, parejas y padres sobre salud y derechos sexuales y reproductivos; salud materna, neonatal e infantil; igualdad de g\u00e9nero; y cuidados.<\/p>\n<p>Los facilitadores de grupos de padres pueden utilizar estrategias y actividades concretas de MenCare. <a href=\"\/es\/what-we-do\/programming\/program-p\/\">Programa P<\/a> (nombrado por <em>pai<\/em> y <em>capell\u00e1n<\/em>, las palabras para <em>padre<\/em> En portugu\u00e9s y espa\u00f1ol) se busca que los hombres participen activamente en la paternidad desde el embarazo de su pareja hasta los primeros a\u00f1os de vida de sus hijos. Los socios nacionales tambi\u00e9n organizan asesoramiento y terapia para hombres que han recurrido a la violencia, as\u00ed como talleres con profesionales del sector de la salud sobre la importancia de involucrar a los hombres.<\/p>\n<p>Para garantizar la sostenibilidad de MenCare+, los socios est\u00e1n trabajando activamente para que los sistemas de salud p\u00fablica incorporen la iniciativa y sus principios y programas en sus servicios de cara al futuro. Los socios de MenCare+ tambi\u00e9n forjan alianzas y llevan a cabo acciones de promoci\u00f3n espec\u00edficas con otras organizaciones y gobiernos para promover pol\u00edticas que fomenten el papel de los hombres en la paternidad y la prestaci\u00f3n de cuidados, junto con su plena participaci\u00f3n en la salud materna, neonatal e infantil y en la salud y los derechos sexuales y reproductivos.<\/p>\n<p>Rutgers, Equimundo y sus socios est\u00e1n actualmente desarrollando y probando enfoques basados en evidencia para mejorar las actividades y los resultados del programa, incluido un ensayo controlado aleatorio realizado para evaluar el programa en Ruanda.<\/p>","protected":false},"excerpt":{"rendered":"<p>The MenCare+ program, developed from the tenets of the MenCare campaign, is a three-year, four-country collaboration between Equimundo and Rutgers, created to engage men ages 15-35 as partners in maternal, newborn, and child health and in sexual and reproductive health and rights. The program is supported by the Ministry of Foreign Affairs of the Netherlands&nbsp;<a class=\"read-more-link\" href=\"https:\/\/www.mencare.org\/es\/what-we-do\/programming\/mencareplus\/\">\u2026<\/a><\/p>","protected":false},"author":178,"featured_media":0,"parent":1858,"menu_order":2,"comment_status":"open","ping_status":"open","template":"","meta":{"footnotes":""},"class_list":["post-1866","page","type-page","status-publish","hentry"],"acf":[],"yoast_head":"<!-- This site is optimized with the Yoast SEO plugin v25.9 - https:\/\/yoast.com\/wordpress\/plugins\/seo\/ -->\n<title>MenCare+ - MenCare<\/title>\n<meta name=\"robots\" content=\"index, follow, max-snippet:-1, max-image-preview:large, max-video-preview:-1\" \/>\n<link rel=\"canonical\" href=\"https:\/\/www.mencare.org\/es\/what-we-do\/programming\/mencareplus\/\" \/>\n<meta property=\"og:locale\" content=\"es_MX\" \/>\n<meta property=\"og:type\" content=\"article\" \/>\n<meta property=\"og:title\" content=\"MenCare+ - MenCare\" \/>\n<meta property=\"og:description\" content=\"The MenCare+ program, developed from the tenets of the MenCare campaign, is a three-year, four-country collaboration between Equimundo and Rutgers, created to engage men ages 15-35 as partners in maternal, newborn, and child health and in sexual and reproductive health and rights. The program is supported by the Ministry of Foreign Affairs of the Netherlands&nbsp;&hellip;\" \/>\n<meta property=\"og:url\" content=\"https:\/\/www.mencare.org\/es\/what-we-do\/programming\/mencareplus\/\" \/>\n<meta property=\"og:site_name\" content=\"MenCare\" \/>\n<meta name=\"twitter:card\" content=\"summary_large_image\" \/>\n<meta name=\"twitter:label1\" content=\"Est. reading time\" \/>\n\t<meta name=\"twitter:data1\" content=\"2 minutes\" \/>\n<script type=\"application\/ld+json\" class=\"yoast-schema-graph\">{\"@context\":\"https:\/\/schema.org\",\"@graph\":[{\"@type\":\"WebPage\",\"@id\":\"https:\/\/www.mencare.org\/es\/what-we-do\/programming\/mencareplus\/\",\"url\":\"https:\/\/www.mencare.org\/es\/what-we-do\/programming\/mencareplus\/\",\"name\":\"MenCare+ - MenCare\",\"isPartOf\":{\"@id\":\"https:\/\/www.mencare.org\/#website\"},\"datePublished\":\"2015-05-26T14:19:29+00:00\",\"breadcrumb\":{\"@id\":\"https:\/\/www.mencare.org\/es\/what-we-do\/programming\/mencareplus\/#breadcrumb\"},\"inLanguage\":\"es-MX\",\"potentialAction\":[{\"@type\":\"ReadAction\",\"target\":[\"https:\/\/www.mencare.org\/es\/what-we-do\/programming\/mencareplus\/\"]}]},{\"@type\":\"BreadcrumbList\",\"@id\":\"https:\/\/www.mencare.org\/es\/what-we-do\/programming\/mencareplus\/#breadcrumb\",\"itemListElement\":[{\"@type\":\"ListItem\",\"position\":1,\"name\":\"Home\",\"item\":\"https:\/\/www.mencare.org\/\"},{\"@type\":\"ListItem\",\"position\":2,\"name\":\"What We Do\",\"item\":\"https:\/\/www.mencare.org\/pt\/what-we-do\/\"},{\"@type\":\"ListItem\",\"position\":3,\"name\":\"Programming\",\"item\":\"https:\/\/www.mencare.org\/es\/what-we-do\/programming\/\"},{\"@type\":\"ListItem\",\"position\":4,\"name\":\"MenCare+\"}]},{\"@type\":\"WebSite\",\"@id\":\"https:\/\/www.mencare.org\/#website\",\"url\":\"https:\/\/www.mencare.org\/\",\"name\":\"MenCare\",\"description\":\"A Global Fatherhood Campaign\",\"potentialAction\":[{\"@type\":\"SearchAction\",\"target\":{\"@type\":\"EntryPoint\",\"urlTemplate\":\"https:\/\/www.mencare.org\/?s={search_term_string}\"},\"query-input\":{\"@type\":\"PropertyValueSpecification\",\"valueRequired\":true,\"valueName\":\"search_term_string\"}}],\"inLanguage\":\"es-MX\"}]}<\/script>\n<!-- \/ Yoast SEO plugin. -->","yoast_head_json":{"title":"MenCare+ - MenCare","robots":{"index":"index","follow":"follow","max-snippet":"max-snippet:-1","max-image-preview":"max-image-preview:large","max-video-preview":"max-video-preview:-1"},"canonical":"https:\/\/www.mencare.org\/es\/what-we-do\/programming\/mencareplus\/","og_locale":"es_MX","og_type":"article","og_title":"MenCare+ - MenCare","og_description":"The MenCare+ program, developed from the tenets of the MenCare campaign, is a three-year, four-country collaboration between Equimundo and Rutgers, created to engage men ages 15-35 as partners in maternal, newborn, and child health and in sexual and reproductive health and rights. The program is supported by the Ministry of Foreign Affairs of the Netherlands&nbsp;&hellip;","og_url":"https:\/\/www.mencare.org\/es\/what-we-do\/programming\/mencareplus\/","og_site_name":"MenCare","twitter_card":"summary_large_image","twitter_misc":{"Est. reading time":"2 minutes"},"schema":{"@context":"https:\/\/schema.org","@graph":[{"@type":"WebPage","@id":"https:\/\/www.mencare.org\/es\/what-we-do\/programming\/mencareplus\/","url":"https:\/\/www.mencare.org\/es\/what-we-do\/programming\/mencareplus\/","name":"MenCare+ - MenCare","isPartOf":{"@id":"https:\/\/www.mencare.org\/#website"},"datePublished":"2015-05-26T14:19:29+00:00","breadcrumb":{"@id":"https:\/\/www.mencare.org\/es\/what-we-do\/programming\/mencareplus\/#breadcrumb"},"inLanguage":"es-MX","potentialAction":[{"@type":"ReadAction","target":["https:\/\/www.mencare.org\/es\/what-we-do\/programming\/mencareplus\/"]}]},{"@type":"BreadcrumbList","@id":"https:\/\/www.mencare.org\/es\/what-we-do\/programming\/mencareplus\/#breadcrumb","itemListElement":[{"@type":"ListItem","position":1,"name":"Home","item":"https:\/\/www.mencare.org\/"},{"@type":"ListItem","position":2,"name":"What We Do","item":"https:\/\/www.mencare.org\/pt\/what-we-do\/"},{"@type":"ListItem","position":3,"name":"Programming","item":"https:\/\/www.mencare.org\/es\/what-we-do\/programming\/"},{"@type":"ListItem","position":4,"name":"MenCare+"}]},{"@type":"WebSite","@id":"https:\/\/www.mencare.org\/#website","url":"https:\/\/www.mencare.org\/","name":"Cuidado de los hombres","description":"Una campa\u00f1a mundial por la paternidad","potentialAction":[{"@type":"SearchAction","target":{"@type":"EntryPoint","urlTemplate":"https:\/\/www.mencare.org\/?s={search_term_string}"},"query-input":{"@type":"PropertyValueSpecification","valueRequired":true,"valueName":"search_term_string"}}],"inLanguage":"es-MX"}]}},"_links":{"self":[{"href":"https:\/\/www.mencare.org\/es\/wp-json\/wp\/v2\/pages\/1866","targetHints":{"allow":["GET"]}}],"collection":[{"href":"https:\/\/www.mencare.org\/es\/wp-json\/wp\/v2\/pages"}],"about":[{"href":"https:\/\/www.mencare.org\/es\/wp-json\/wp\/v2\/types\/page"}],"author":[{"embeddable":true,"href":"https:\/\/www.mencare.org\/es\/wp-json\/wp\/v2\/users\/178"}],"replies":[{"embeddable":true,"href":"https:\/\/www.mencare.org\/es\/wp-json\/wp\/v2\/comments?post=1866"}],"version-history":[{"count":0,"href":"https:\/\/www.mencare.org\/es\/wp-json\/wp\/v2\/pages\/1866\/revisions"}],"up":[{"embeddable":true,"href":"https:\/\/www.mencare.org\/es\/wp-json\/wp\/v2\/pages\/1858"}],"wp:attachment":[{"href":"https:\/\/www.mencare.org\/es\/wp-json\/wp\/v2\/media?parent=1866"}],"curies":[{"name":"wp","href":"https:\/\/api.w.org\/{rel}","templated":true}]}}