{"id":1872,"date":"2015-05-26T14:20:46","date_gmt":"2015-05-26T14:20:46","guid":{"rendered":"https:\/\/www.mencare.org\/?page_id=1872"},"modified":"2015-05-26T14:20:46","modified_gmt":"2015-05-26T14:20:46","slug":"ending-corporal-punishment","status":"publish","type":"page","link":"https:\/\/www.mencare.org\/es\/what-we-do\/advocacy\/ending-corporal-punishment\/","title":{"rendered":"Poner fin al castigo corporal"},"content":{"rendered":"<p>Existe un importante volumen de investigaciones que demuestran que todas las formas de castigo f\u00edsico aumentan el riesgo de consecuencias negativas amplias y duraderas para el desarrollo. El castigo corporal por parte de padres y maestros no ense\u00f1a a los ni\u00f1os a respetar, sino a tener miedo, genera ira y resentimiento y produce ciclos continuos de violencia. Entre las consecuencias negativas del castigo corporal se incluyen el aumento de la agresividad, la violencia y el comportamiento antisocial (tanto a corto como a largo plazo), as\u00ed como una menor calidad de la relaci\u00f3n entre padres e hijos.<\/p>\n<p>Ning\u00fan estudio ha demostrado que el castigo f\u00edsico mejore la salud del desarrollo o que sea un m\u00e9todo eficaz de disciplina. Bas\u00e1ndose en esta evidencia, est\u00e1 surgiendo un consenso profesional en el sentido de que se debe apoyar a los padres para que aprendan m\u00e9todos no violentos y eficaces de disciplina. Mientras que el castigo infunde miedo y humilla al ni\u00f1o, la disciplina positiva promueve el autocontrol, utiliza el ejemplo como motivador para el buen comportamiento y se basa en las fortalezas de los ni\u00f1os en lugar de sus debilidades.<\/p>\n<p>En MenCare, trabajamos con padres, figuras paternas y cuidadores para promover una disciplina positiva y no violenta. Tambi\u00e9n trabajamos con instituciones y legisladores para promulgar leyes que proh\u00edban el castigo corporal como forma de disciplinar a ni\u00f1os y adolescentes. Al ense\u00f1ar a los padres y a las madres habilidades de crianza no violenta, como educar a trav\u00e9s del di\u00e1logo y establecer l\u00edmites sin usar la violencia, y al generar conciencia sobre los impactos negativos del castigo corporal a trav\u00e9s de la defensa y las campa\u00f1as en general, podemos romper el ciclo de violencia en el hogar.<\/p>\n<p>Para obtener m\u00e1s informaci\u00f3n, explora estos MenCare <a href=\"\/es\/resources\/positive-discipline-fact-sheets\/\">hojas informativas<\/a> Desacreditando mitos comunes sobre el castigo corporal.<\/p>","protected":false},"excerpt":{"rendered":"<p>There is a substantial body of research showing that all forms physical punishment increase the risk of broad and enduring negative developmental outcomes. Corporal punishment from parents and teachers does not teach children respect; it teaches fear, engenders anger and resentment, and produces ongoing cycles of violence. Negative behavioral outcomes linked to corporal punishment include&nbsp;<a class=\"read-more-link\" href=\"https:\/\/www.mencare.org\/es\/what-we-do\/advocacy\/ending-corporal-punishment\/\">\u2026<\/a><\/p>","protected":false},"author":178,"featured_media":0,"parent":1860,"menu_order":3,"comment_status":"open","ping_status":"open","template":"","meta":{"footnotes":""},"class_list":["post-1872","page","type-page","status-publish","hentry"],"acf":[],"yoast_head":"<!-- This site is optimized with the Yoast SEO plugin v25.9 - https:\/\/yoast.com\/wordpress\/plugins\/seo\/ -->\n<title>Ending Corporal Punishment - MenCare<\/title>\n<meta name=\"robots\" content=\"index, follow, max-snippet:-1, max-image-preview:large, max-video-preview:-1\" \/>\n<link rel=\"canonical\" href=\"https:\/\/www.mencare.org\/es\/what-we-do\/advocacy\/ending-corporal-punishment\/\" \/>\n<meta property=\"og:locale\" content=\"es_MX\" \/>\n<meta property=\"og:type\" content=\"article\" \/>\n<meta property=\"og:title\" content=\"Ending Corporal Punishment - MenCare\" \/>\n<meta property=\"og:description\" content=\"There is a substantial body of research showing that all forms physical punishment increase the risk of broad and enduring negative developmental outcomes. Corporal punishment from parents and teachers does not teach children respect; it teaches fear, engenders anger and resentment, and produces ongoing cycles of violence. Negative behavioral outcomes linked to corporal punishment include&nbsp;&hellip;\" \/>\n<meta property=\"og:url\" content=\"https:\/\/www.mencare.org\/es\/what-we-do\/advocacy\/ending-corporal-punishment\/\" \/>\n<meta property=\"og:site_name\" content=\"MenCare\" \/>\n<meta name=\"twitter:card\" content=\"summary_large_image\" \/>\n<meta name=\"twitter:label1\" content=\"Est. reading time\" \/>\n\t<meta name=\"twitter:data1\" content=\"1 minute\" \/>\n<script type=\"application\/ld+json\" class=\"yoast-schema-graph\">{\"@context\":\"https:\/\/schema.org\",\"@graph\":[{\"@type\":\"WebPage\",\"@id\":\"https:\/\/www.mencare.org\/pt\/what-we-do\/advocacy\/ending-corporal-punishment\/\",\"url\":\"https:\/\/www.mencare.org\/pt\/what-we-do\/advocacy\/ending-corporal-punishment\/\",\"name\":\"Ending Corporal Punishment - MenCare\",\"isPartOf\":{\"@id\":\"https:\/\/www.mencare.org\/#website\"},\"datePublished\":\"2015-05-26T14:20:46+00:00\",\"breadcrumb\":{\"@id\":\"https:\/\/www.mencare.org\/pt\/what-we-do\/advocacy\/ending-corporal-punishment\/#breadcrumb\"},\"inLanguage\":\"es-MX\",\"potentialAction\":[{\"@type\":\"ReadAction\",\"target\":[\"https:\/\/www.mencare.org\/pt\/what-we-do\/advocacy\/ending-corporal-punishment\/\"]}]},{\"@type\":\"BreadcrumbList\",\"@id\":\"https:\/\/www.mencare.org\/pt\/what-we-do\/advocacy\/ending-corporal-punishment\/#breadcrumb\",\"itemListElement\":[{\"@type\":\"ListItem\",\"position\":1,\"name\":\"Home\",\"item\":\"https:\/\/www.mencare.org\/\"},{\"@type\":\"ListItem\",\"position\":2,\"name\":\"What We Do\",\"item\":\"http:\/\/www.mencare.org\/what-we-do\/\"},{\"@type\":\"ListItem\",\"position\":3,\"name\":\"Advocacy\",\"item\":\"http:\/\/www.mencare.org\/what-we-do\/advocacy\/\"},{\"@type\":\"ListItem\",\"position\":4,\"name\":\"Ending Corporal Punishment\"}]},{\"@type\":\"WebSite\",\"@id\":\"https:\/\/www.mencare.org\/#website\",\"url\":\"https:\/\/www.mencare.org\/\",\"name\":\"MenCare\",\"description\":\"A Global Fatherhood Campaign\",\"potentialAction\":[{\"@type\":\"SearchAction\",\"target\":{\"@type\":\"EntryPoint\",\"urlTemplate\":\"https:\/\/www.mencare.org\/?s={search_term_string}\"},\"query-input\":{\"@type\":\"PropertyValueSpecification\",\"valueRequired\":true,\"valueName\":\"search_term_string\"}}],\"inLanguage\":\"es-MX\"}]}<\/script>\n<!-- \/ Yoast SEO plugin. -->","yoast_head_json":{"title":"Ending Corporal Punishment - MenCare","robots":{"index":"index","follow":"follow","max-snippet":"max-snippet:-1","max-image-preview":"max-image-preview:large","max-video-preview":"max-video-preview:-1"},"canonical":"https:\/\/www.mencare.org\/es\/what-we-do\/advocacy\/ending-corporal-punishment\/","og_locale":"es_MX","og_type":"article","og_title":"Ending Corporal Punishment - MenCare","og_description":"There is a substantial body of research showing that all forms physical punishment increase the risk of broad and enduring negative developmental outcomes. Corporal punishment from parents and teachers does not teach children respect; it teaches fear, engenders anger and resentment, and produces ongoing cycles of violence. Negative behavioral outcomes linked to corporal punishment include&nbsp;&hellip;","og_url":"https:\/\/www.mencare.org\/es\/what-we-do\/advocacy\/ending-corporal-punishment\/","og_site_name":"MenCare","twitter_card":"summary_large_image","twitter_misc":{"Est. reading time":"1 minute"},"schema":{"@context":"https:\/\/schema.org","@graph":[{"@type":"WebPage","@id":"https:\/\/www.mencare.org\/pt\/what-we-do\/advocacy\/ending-corporal-punishment\/","url":"https:\/\/www.mencare.org\/pt\/what-we-do\/advocacy\/ending-corporal-punishment\/","name":"Ending Corporal Punishment - MenCare","isPartOf":{"@id":"https:\/\/www.mencare.org\/#website"},"datePublished":"2015-05-26T14:20:46+00:00","breadcrumb":{"@id":"https:\/\/www.mencare.org\/pt\/what-we-do\/advocacy\/ending-corporal-punishment\/#breadcrumb"},"inLanguage":"es-MX","potentialAction":[{"@type":"ReadAction","target":["https:\/\/www.mencare.org\/pt\/what-we-do\/advocacy\/ending-corporal-punishment\/"]}]},{"@type":"BreadcrumbList","@id":"https:\/\/www.mencare.org\/pt\/what-we-do\/advocacy\/ending-corporal-punishment\/#breadcrumb","itemListElement":[{"@type":"ListItem","position":1,"name":"Home","item":"https:\/\/www.mencare.org\/"},{"@type":"ListItem","position":2,"name":"What We Do","item":"http:\/\/www.mencare.org\/what-we-do\/"},{"@type":"ListItem","position":3,"name":"Advocacy","item":"http:\/\/www.mencare.org\/what-we-do\/advocacy\/"},{"@type":"ListItem","position":4,"name":"Ending Corporal Punishment"}]},{"@type":"WebSite","@id":"https:\/\/www.mencare.org\/#website","url":"https:\/\/www.mencare.org\/","name":"Cuidado de los hombres","description":"Una campa\u00f1a mundial por la paternidad","potentialAction":[{"@type":"SearchAction","target":{"@type":"EntryPoint","urlTemplate":"https:\/\/www.mencare.org\/?s={search_term_string}"},"query-input":{"@type":"PropertyValueSpecification","valueRequired":true,"valueName":"search_term_string"}}],"inLanguage":"es-MX"}]}},"_links":{"self":[{"href":"https:\/\/www.mencare.org\/es\/wp-json\/wp\/v2\/pages\/1872","targetHints":{"allow":["GET"]}}],"collection":[{"href":"https:\/\/www.mencare.org\/es\/wp-json\/wp\/v2\/pages"}],"about":[{"href":"https:\/\/www.mencare.org\/es\/wp-json\/wp\/v2\/types\/page"}],"author":[{"embeddable":true,"href":"https:\/\/www.mencare.org\/es\/wp-json\/wp\/v2\/users\/178"}],"replies":[{"embeddable":true,"href":"https:\/\/www.mencare.org\/es\/wp-json\/wp\/v2\/comments?post=1872"}],"version-history":[{"count":0,"href":"https:\/\/www.mencare.org\/es\/wp-json\/wp\/v2\/pages\/1872\/revisions"}],"up":[{"embeddable":true,"href":"https:\/\/www.mencare.org\/es\/wp-json\/wp\/v2\/pages\/1860"}],"wp:attachment":[{"href":"https:\/\/www.mencare.org\/es\/wp-json\/wp\/v2\/media?parent=1872"}],"curies":[{"name":"wp","href":"https:\/\/api.w.org\/{rel}","templated":true}]}}