{"id":4029,"date":"2016-02-10T18:18:48","date_gmt":"2016-02-10T22:18:48","guid":{"rendered":"https:\/\/www.mencare.org\/?page_id=4029"},"modified":"2016-06-07T10:06:44","modified_gmt":"2016-06-07T14:06:44","slug":"state-of-americas-fathers","status":"publish","type":"page","link":"https:\/\/www.mencare.org\/es\/what-we-do\/advocacy\/state-of-americas-fathers\/","title":{"rendered":"La situaci\u00f3n de los padres en Estados Unidos"},"content":{"rendered":"<h2>\u00danase a nosotros en el <a href=\"http:\/\/americasfathers.fatherly.com\/\">lanzamiento<\/a> de <em>La situaci\u00f3n de los padres en Estados Unidos<\/em> en Nueva York el 14 de junio.<\/h2>\n<p><iframe loading=\"lazy\" title=\"Los pap\u00e1s de Estados Unidos: una pel\u00edcula sobre el estado de los padres en Estados Unidos\" width=\"500\" height=\"281\" src=\"https:\/\/www.youtube.com\/embed\/WQd17kzZ_0c?feature=oembed\" frameborder=\"0\" allow=\"accelerometer; autoplay; clipboard-write; encrypted-media; gyroscope; picture-in-picture; web-share\" referrerpolicy=\"strict-origin-when-cross-origin\" allowfullscreen><\/iframe><\/p>\n<p>MenCare y nuestros socios lanzaron el primer\u00a0<em><a href=\"http:\/\/www.sowf.men-care.org\/\">Estado de los padres del mundo<\/a><\/em> En junio de 2015 se public\u00f3 un informe que ofrece una visi\u00f3n global del estado de la contribuci\u00f3n de los hombres a la crianza y el cuidado de los hijos. El informe se dio a conocer en la sede de las Naciones Unidas en Nueva York y posteriormente se lanz\u00f3 en <a href=\"https:\/\/www.mencare.org\/es\/2015\/07\/20\/from-new-york-to-nairobi-worlds-first-state-of-the-worlds-fathers-report-reveals-involved-fatherhood-is-critical-to-gender-equality-and-child-development\/\">10 otras ciudades<\/a>\u00a0En todo el mundo, llegamos a millones de personas, informamos sobre nuevos proyectos de ley y leyes de licencia por paternidad en tres pa\u00edses y publicamos res\u00famenes regionales y tem\u00e1ticos que han inspirado una mayor defensa de la participaci\u00f3n de los hombres en la prestaci\u00f3n de cuidados equitativa y no violenta.<\/p>\n<p>Aprovechando el impulso de\u00a0<em>Estado de los padres del mundo<\/em> y los informes relacionados de los socios en todo el mundo, MenCare lanzar\u00e1 <em>La situaci\u00f3n de los padres en Estados Unidos<\/em>\u00a0en Estados Unidos en junio de 2016, justo a tiempo para el D\u00eda del Padre.<\/p>\n<p>Un informe emblem\u00e1tico,\u00a0<em>La situaci\u00f3n de los padres en Estados Unidos<\/em> El objetivo del informe es aumentar la visibilidad y el valor del trabajo de cuidados en los Estados Unidos a nivel nacional con datos nunca antes analizados y recomendaciones pol\u00edticas audaces. Busca influir y mejorar las pol\u00edticas y los programas para los padres, en particular para las familias y los padres m\u00e1s vulnerables. El informe tambi\u00e9n tiene como objetivo aumentar el apoyo a la prestaci\u00f3n de cuidados por parte de los hombres en general, como una estrategia para promover la igualdad de g\u00e9nero y la justicia social y mejorar el bienestar familiar.<\/p>\n<p><em>La situaci\u00f3n de los padres en Estados Unidos<\/em> El informe analizar\u00e1 la paternidad en Estados Unidos desde una perspectiva integral, con un enfoque en la igualdad y la diversidad. Desde el papel de los padres en el cuidado de los ni\u00f1os y c\u00f3mo logran un equilibrio entre el trabajo y la vida personal hasta el an\u00e1lisis de lo que significa ser un padre no residente, este informe analizar\u00e1 honestamente lo que significa la paternidad para los padres estadounidenses en 2016.<\/p>\n<p><em>La situaci\u00f3n de los padres en Estados Unidos<\/em> est\u00e1 coordinado por <a href=\"https:\/\/www.equimundo.org\/\" target=\"_blank\">Equimundo<\/a>, y su consejo editorial incluye representantes de la <a href=\"http:\/\/www.familiesandwork.org\/\" target=\"_blank\">Instituto de Familias y Trabajo<\/a>; el\u00a0<a href=\"http:\/\/crfcfw.columbia.edu\/\" target=\"_blank\">Centro de Investigaci\u00f3n sobre Padres, Ni\u00f1os y Bienestar Familiar<\/a> en la Universidad de Columbia; la\u00a0<a href=\"http:\/\/www.stonybrook.edu\/commcms\/csmm\/\" target=\"_blank\">Centro de Estudios sobre Hombres y Masculinidades<\/a> en la Universidad de Stony Brook; la\u00a0<a href=\"http:\/\/www.nationalpartnership.org\/\" target=\"_blank\">Asociaci\u00f3n Nacional para la Mujer y la Familia<\/a>; y el <a href=\"http:\/\/www.umd.edu\/\" target=\"_blank\">Universidad de Maryland<\/a>.<\/p>\n<p>Para obtener m\u00e1s informaci\u00f3n, <a href=\"mailto:info@men-care.org\">Env\u00edenos un correo electr\u00f3nico<\/a>.<\/p>","protected":false},"excerpt":{"rendered":"<p>Join us at the launch of State of America&#8217;s Fathers in New York on June 14. MenCare and our partners launched the first ever\u00a0State of the World\u2019s Fathers report in June 2015,\u00a0providing a global view of the state of men\u2019s contribution to parenting and caregiving. The report was unveiled at the United Nations headquarters in&nbsp;<a class=\"read-more-link\" href=\"https:\/\/www.mencare.org\/es\/what-we-do\/advocacy\/state-of-americas-fathers\/\">\u2026<\/a><\/p>","protected":false},"author":178,"featured_media":0,"parent":1860,"menu_order":0,"comment_status":"closed","ping_status":"closed","template":"","meta":{"footnotes":""},"class_list":["post-4029","page","type-page","status-publish","hentry"],"acf":[],"yoast_head":"<!-- This site is optimized with the Yoast SEO plugin v25.9 - https:\/\/yoast.com\/wordpress\/plugins\/seo\/ -->\n<title>State of America\u2019s Fathers - MenCare<\/title>\n<meta name=\"robots\" content=\"index, follow, max-snippet:-1, max-image-preview:large, max-video-preview:-1\" \/>\n<link rel=\"canonical\" href=\"https:\/\/www.mencare.org\/es\/what-we-do\/advocacy\/state-of-americas-fathers\/\" \/>\n<meta property=\"og:locale\" content=\"es_MX\" \/>\n<meta property=\"og:type\" content=\"article\" \/>\n<meta property=\"og:title\" content=\"State of America\u2019s Fathers - MenCare\" \/>\n<meta property=\"og:description\" content=\"Join us at the launch of State of America&#8217;s Fathers in New York on June 14. MenCare and our partners launched the first ever\u00a0State of the World\u2019s Fathers report in June 2015,\u00a0providing a global view of the state of men\u2019s contribution to parenting and caregiving. The report was unveiled at the United Nations headquarters in&nbsp;&hellip;\" \/>\n<meta property=\"og:url\" content=\"https:\/\/www.mencare.org\/es\/what-we-do\/advocacy\/state-of-americas-fathers\/\" \/>\n<meta property=\"og:site_name\" content=\"MenCare\" \/>\n<meta property=\"article:modified_time\" content=\"2016-06-07T14:06:44+00:00\" \/>\n<meta name=\"twitter:card\" content=\"summary_large_image\" \/>\n<meta name=\"twitter:label1\" content=\"Est. reading time\" \/>\n\t<meta name=\"twitter:data1\" content=\"2 minutes\" \/>\n<script type=\"application\/ld+json\" class=\"yoast-schema-graph\">{\"@context\":\"https:\/\/schema.org\",\"@graph\":[{\"@type\":\"WebPage\",\"@id\":\"https:\/\/www.mencare.org\/es\/what-we-do\/advocacy\/state-of-americas-fathers\/\",\"url\":\"https:\/\/www.mencare.org\/es\/what-we-do\/advocacy\/state-of-americas-fathers\/\",\"name\":\"State of America\u2019s Fathers - MenCare\",\"isPartOf\":{\"@id\":\"https:\/\/www.mencare.org\/#website\"},\"datePublished\":\"2016-02-10T22:18:48+00:00\",\"dateModified\":\"2016-06-07T14:06:44+00:00\",\"breadcrumb\":{\"@id\":\"https:\/\/www.mencare.org\/es\/what-we-do\/advocacy\/state-of-americas-fathers\/#breadcrumb\"},\"inLanguage\":\"es-MX\",\"potentialAction\":[{\"@type\":\"ReadAction\",\"target\":[\"https:\/\/www.mencare.org\/es\/what-we-do\/advocacy\/state-of-americas-fathers\/\"]}]},{\"@type\":\"BreadcrumbList\",\"@id\":\"https:\/\/www.mencare.org\/es\/what-we-do\/advocacy\/state-of-americas-fathers\/#breadcrumb\",\"itemListElement\":[{\"@type\":\"ListItem\",\"position\":1,\"name\":\"Home\",\"item\":\"https:\/\/www.mencare.org\/\"},{\"@type\":\"ListItem\",\"position\":2,\"name\":\"What We Do\",\"item\":\"https:\/\/www.mencare.org\/pt\/what-we-do\/\"},{\"@type\":\"ListItem\",\"position\":3,\"name\":\"Advocacy\",\"item\":\"https:\/\/www.mencare.org\/pt\/what-we-do\/advocacy\/\"},{\"@type\":\"ListItem\",\"position\":4,\"name\":\"State of America\u2019s Fathers\"}]},{\"@type\":\"WebSite\",\"@id\":\"https:\/\/www.mencare.org\/#website\",\"url\":\"https:\/\/www.mencare.org\/\",\"name\":\"MenCare\",\"description\":\"A Global Fatherhood Campaign\",\"potentialAction\":[{\"@type\":\"SearchAction\",\"target\":{\"@type\":\"EntryPoint\",\"urlTemplate\":\"https:\/\/www.mencare.org\/?s={search_term_string}\"},\"query-input\":{\"@type\":\"PropertyValueSpecification\",\"valueRequired\":true,\"valueName\":\"search_term_string\"}}],\"inLanguage\":\"es-MX\"}]}<\/script>\n<!-- \/ Yoast SEO plugin. -->","yoast_head_json":{"title":"State of America\u2019s Fathers - MenCare","robots":{"index":"index","follow":"follow","max-snippet":"max-snippet:-1","max-image-preview":"max-image-preview:large","max-video-preview":"max-video-preview:-1"},"canonical":"https:\/\/www.mencare.org\/es\/what-we-do\/advocacy\/state-of-americas-fathers\/","og_locale":"es_MX","og_type":"article","og_title":"State of America\u2019s Fathers - MenCare","og_description":"Join us at the launch of State of America&#8217;s Fathers in New York on June 14. MenCare and our partners launched the first ever\u00a0State of the World\u2019s Fathers report in June 2015,\u00a0providing a global view of the state of men\u2019s contribution to parenting and caregiving. The report was unveiled at the United Nations headquarters in&nbsp;&hellip;","og_url":"https:\/\/www.mencare.org\/es\/what-we-do\/advocacy\/state-of-americas-fathers\/","og_site_name":"MenCare","article_modified_time":"2016-06-07T14:06:44+00:00","twitter_card":"summary_large_image","twitter_misc":{"Est. reading time":"2 minutes"},"schema":{"@context":"https:\/\/schema.org","@graph":[{"@type":"WebPage","@id":"https:\/\/www.mencare.org\/es\/what-we-do\/advocacy\/state-of-americas-fathers\/","url":"https:\/\/www.mencare.org\/es\/what-we-do\/advocacy\/state-of-americas-fathers\/","name":"State of America\u2019s Fathers - MenCare","isPartOf":{"@id":"https:\/\/www.mencare.org\/#website"},"datePublished":"2016-02-10T22:18:48+00:00","dateModified":"2016-06-07T14:06:44+00:00","breadcrumb":{"@id":"https:\/\/www.mencare.org\/es\/what-we-do\/advocacy\/state-of-americas-fathers\/#breadcrumb"},"inLanguage":"es-MX","potentialAction":[{"@type":"ReadAction","target":["https:\/\/www.mencare.org\/es\/what-we-do\/advocacy\/state-of-americas-fathers\/"]}]},{"@type":"BreadcrumbList","@id":"https:\/\/www.mencare.org\/es\/what-we-do\/advocacy\/state-of-americas-fathers\/#breadcrumb","itemListElement":[{"@type":"ListItem","position":1,"name":"Home","item":"https:\/\/www.mencare.org\/"},{"@type":"ListItem","position":2,"name":"What We Do","item":"https:\/\/www.mencare.org\/pt\/what-we-do\/"},{"@type":"ListItem","position":3,"name":"Advocacy","item":"https:\/\/www.mencare.org\/pt\/what-we-do\/advocacy\/"},{"@type":"ListItem","position":4,"name":"State of America\u2019s Fathers"}]},{"@type":"WebSite","@id":"https:\/\/www.mencare.org\/#website","url":"https:\/\/www.mencare.org\/","name":"Cuidado de los hombres","description":"Una campa\u00f1a mundial por la paternidad","potentialAction":[{"@type":"SearchAction","target":{"@type":"EntryPoint","urlTemplate":"https:\/\/www.mencare.org\/?s={search_term_string}"},"query-input":{"@type":"PropertyValueSpecification","valueRequired":true,"valueName":"search_term_string"}}],"inLanguage":"es-MX"}]}},"_links":{"self":[{"href":"https:\/\/www.mencare.org\/es\/wp-json\/wp\/v2\/pages\/4029","targetHints":{"allow":["GET"]}}],"collection":[{"href":"https:\/\/www.mencare.org\/es\/wp-json\/wp\/v2\/pages"}],"about":[{"href":"https:\/\/www.mencare.org\/es\/wp-json\/wp\/v2\/types\/page"}],"author":[{"embeddable":true,"href":"https:\/\/www.mencare.org\/es\/wp-json\/wp\/v2\/users\/178"}],"replies":[{"embeddable":true,"href":"https:\/\/www.mencare.org\/es\/wp-json\/wp\/v2\/comments?post=4029"}],"version-history":[{"count":9,"href":"https:\/\/www.mencare.org\/es\/wp-json\/wp\/v2\/pages\/4029\/revisions"}],"predecessor-version":[{"id":4348,"href":"https:\/\/www.mencare.org\/es\/wp-json\/wp\/v2\/pages\/4029\/revisions\/4348"}],"up":[{"embeddable":true,"href":"https:\/\/www.mencare.org\/es\/wp-json\/wp\/v2\/pages\/1860"}],"wp:attachment":[{"href":"https:\/\/www.mencare.org\/es\/wp-json\/wp\/v2\/media?parent=4029"}],"curies":[{"name":"wp","href":"https:\/\/api.w.org\/{rel}","templated":true}]}}