{"id":5212,"date":"2017-02-24T21:06:09","date_gmt":"2017-02-25T01:06:09","guid":{"rendered":"https:\/\/www.mencare.org\/?page_id=5212"},"modified":"2019-12-03T15:05:50","modified_gmt":"2019-12-03T19:05:50","slug":"mencare-global-meeting-2019","status":"publish","type":"page","link":"https:\/\/www.mencare.org\/es\/mencare-global-meeting-2019\/","title":{"rendered":"Reuni\u00f3n mundial de MenCare 2019"},"content":{"rendered":"<p><strong><a href=\"#when\">Fechas<\/a> | <a href=\"#where\">Ubicaci\u00f3n<\/a> | <a href=\"#who\">Asistentes<\/a> |\u00a0<a href=\"#objectives\">Objetivos<\/a> |\u00a0<a href=\"#agenda\">Orden del d\u00eda<\/a>\u00a0| <a href=\"#logistics\">Log\u00edstica<\/a> |\u00a0<a href=\"#contact\">Contacto<\/a>\u00a0| <a href=\"#about\">Acerca de MenCare<\/a><\/strong><\/p>\n<p><strong>\u00a1Los coordinadores de MenCare se complacen en anunciar la tercera reuni\u00f3n mundial de MenCare!<\/strong><\/p>\n<p><span style=\"font-weight: 400;\">Este a\u00f1o, socios y colegas de MenCare de todo el mundo se reunir\u00e1n del 19 al 21 de noviembre en Rabat, Marruecos y mediante participaci\u00f3n remota para desarrollar una agenda conjunta para promover los esfuerzos de defensa internacionales y nacionales, compartir las mejores pr\u00e1cticas y evidencia, y desarrollar formas nuevas e innovadoras de lograr la participaci\u00f3n igualitaria de los hombres en el trabajo de cuidado no remunerado.\u00a0<\/span><\/p>\n<p><span style=\"font-weight: 400;\">Durante los tres d\u00edas que durar\u00e1 la reuni\u00f3n, los participantes (profesionales, activistas, actores gubernamentales y acad\u00e9micos) compartir\u00e1n e intercambiar\u00e1n nuevos hallazgos, lecciones aprendidas y reflexiones sobre el campo de la participaci\u00f3n de los hombres como padres y cuidadores en pos de la igualdad de g\u00e9nero, con el objetivo de crear un plan unificado para incluir la prestaci\u00f3n de cuidados por parte de los hombres en las agendas nacionales y mundiales. M\u00e1s que nunca, necesitamos crear voces unificadas en pos de la justicia social, pol\u00edtica y econ\u00f3mica.\u00a0<\/span><\/p>\n<p><span style=\"font-weight: 400;\">La reuni\u00f3n se basar\u00e1 en las recomendaciones destacadas en el <\/span><a href=\"http:\/\/www.stateoftheworldsfathers.org\" target=\"_blank\" rel=\"noopener\"><i><span style=\"font-weight: 400;\">Estado de los padres del mundo<\/span><\/i><\/a> <span style=\"font-weight: 400;\">Informe de 2019, para desarrollar una hoja de ruta e identificar una agenda de incidencia internacional compartida para lograr la igualdad en la prestaci\u00f3n de cuidados y la igualdad de g\u00e9nero en general. Esta tercera reuni\u00f3n mundial tambi\u00e9n brindar\u00e1 informaci\u00f3n y estrategias para lograr un nuevo esfuerzo de MenCare:\u00a0<\/span><a href=\"https:\/\/www.mencare.org\/es\/what-we-do\/advocacy\/the-mencare-commitment\/\" target=\"_blank\" rel=\"noopener\"><i><span style=\"font-weight: 400;\">El compromiso de MenCare<\/span><\/i><\/a><span style=\"font-weight: 400;\">Este ambicioso compromiso tiene como objetivo multiplicar el poder de la atenci\u00f3n involucrando a 50 pa\u00edses para que tomen medidas y alcancen el objetivo nacional de que los hombres realicen el 50% para 2030.<\/span><\/p>\n<div class=\"radius-fix\"><img loading=\"lazy\" decoding=\"async\" class=\"alignnone size-full wp-image-5214\" src=\"https:\/\/www.mencare.org\/wp-content\/uploads\/2017\/02\/MenCare-Global-Meeting-2017-banner-3to1.jpg\" alt=\"Four images of fathers and families.\" width=\"1200\" height=\"400\" srcset=\"https:\/\/www.mencare.org\/wp-content\/uploads\/2017\/02\/MenCare-Global-Meeting-2017-banner-3to1.jpg 1200w, https:\/\/www.mencare.org\/wp-content\/uploads\/2017\/02\/MenCare-Global-Meeting-2017-banner-3to1-300x100.jpg 300w, https:\/\/www.mencare.org\/wp-content\/uploads\/2017\/02\/MenCare-Global-Meeting-2017-banner-3to1-768x256.jpg 768w, https:\/\/www.mencare.org\/wp-content\/uploads\/2017\/02\/MenCare-Global-Meeting-2017-banner-3to1-1024x341.jpg 1024w\" sizes=\"auto, (max-width: 1200px) 100vw, 1200px\" \/><\/div>\n<h2><a id=\"when\"><\/a>FECHAS<\/h2>\n<p><span style=\"font-weight: 400;\">La Reuni\u00f3n Global de MenCare se llevar\u00e1 a cabo el <\/span><b>19-21 de noviembre de 2019<\/b><span style=\"font-weight: 400;\">.<\/span><\/p>\n<h2><a id=\"where\"><\/a>UBICACI\u00d3N<\/h2>\n<p><span style=\"font-weight: 400;\">La Reuni\u00f3n Global de MenCare se llevar\u00e1 a cabo en la siguiente ubicaci\u00f3n durante los tres d\u00edas<\/span>:<\/p>\n<p><a href=\"https:\/\/hotel-farah-rabat.h-rez.com\/\"><b>Hotel Farah Rabat<\/b><\/a><br \/>\n<b>Place 16 Novembre, Boulevard Mohamed Lyazidi, Rabat, Rabat-Sal\u00e9-K\u00e9nitra, Marruecos<\/b><\/p>\n<p><a href=\"https:\/\/www.google.com\/maps\/place\/H%C3%B4tel+Farah+Rabat\/@34.0258724,-6.8280712,17z\/data=!3m1!4b1!4m8!3m7!1s0xda76cc95ff5379b:0x20e278a2ebdfee79!5m2!4m1!1i2!8m2!3d34.0258724!4d-6.8258825\" target=\"_blank\" rel=\"noopener\"><b>Mapa<\/b><\/a><\/p>\n<p><span style=\"font-weight: 400;\">Se recomienda la participaci\u00f3n remota para quienes no puedan asistir o deseen participar de forma remota. Pr\u00f3ximamente se brindar\u00e1n m\u00e1s detalles. <\/span><\/p>\n<h2><a id=\"who\"><\/a>ASISTENTES<\/h2>\n<p><span style=\"font-weight: 400;\">Se invita a asistir a todos los socios de MenCare, as\u00ed como a profesionales, activistas, investigadores y partes interesadas que trabajan en el \u00e1mbito de la atenci\u00f3n a personas mayores, la paternidad y la igualdad de g\u00e9nero. Este evento es solo por invitaci\u00f3n.<\/span><\/p>\n<h2><a id=\"objectives\"><\/a>OBJETIVOS<\/h2>\n<p><span style=\"font-weight: 400;\">A lo largo de tres d\u00edas, los socios y colegas de MenCare trabajar\u00e1n para:<\/span><\/p>\n<ol>\n<li>Aprovechar el Compromiso MenCare de 50%, 50 Minutes como plataforma clave sobre la cual desarrollar esfuerzos conjuntos de defensa y programas basados en evidencia para acelerar el progreso hacia la igualdad de g\u00e9nero.<\/li>\n<li>Brindar a los socios y colegas de MenCare un espacio para conectarse, intercambiar y profundizar la colaboraci\u00f3n a trav\u00e9s de la facilitaci\u00f3n de un intercambio de aprendizaje entre pa\u00edses centrado en las actividades de MenCare en cada pa\u00eds.<\/li>\n<li>Establecer relaciones y prioridades compartidas entre sectores clave, incluidos la justicia clim\u00e1tica, el desarrollo de la primera infancia, el empoderamiento econ\u00f3mico de las mujeres y la protecci\u00f3n social a nivel mundial, para explorar nuevas oportunidades y asociaciones para una ampliaci\u00f3n a nivel nacional.<\/li>\n<\/ol>\n<h2><a id=\"agenda\"><\/a>ORDEN DEL D\u00cdA<\/h2>\n<p>Acceda a la agenda completa del Encuentro Global MenCare 2019 en ingl\u00e9s <a href=\"https:\/\/www.mencare.org\/wp-content\/uploads\/2019\/12\/MenCare-Global-Meeting-2019-Agenda-Booklet.pdf\" target=\"_blank\" rel=\"noopener\">aqu\u00ed<\/a>\u00a0y el resumen de la agenda en franc\u00e9s <a href=\"https:\/\/www.mencare.org\/wp-content\/uploads\/2019\/11\/agenda_overview_french_WEB.pdf\" target=\"_blank\" rel=\"noopener\">aqu\u00ed<\/a>.<\/p>\n<h2><a id=\"logistics\"><\/a>LOG\u00cdSTICA<\/h2>\n<p><span style=\"text-decoration: underline;\"><strong>Costo<\/strong><\/span><\/p>\n<p style=\"padding-left: 30px;\"><span style=\"font-weight: 400;\">No hay que pagar para participar en la Reuni\u00f3n Global de MenCare. Sin embargo, a menos que se indique lo contrario, los organizadores de la reuni\u00f3n <\/span><b><i>No lo har\u00e1<\/i><\/b><span style=\"font-weight: 400;\"> poder financiar los gastos de viaje de los participantes, incluidos el transporte, el alojamiento, los gastos de visado o imprevistos. Estos gastos deber\u00e1n ser cubiertos por el viajero.<\/span><\/p>\n<p><span style=\"text-decoration: underline;\"><strong>C\u00f3mo llegar a Rabat<\/strong><\/span><\/p>\n<p style=\"padding-left: 30px;\"><span style=\"font-weight: 400;\">Si es necesario, por favor p\u00f3ngase en contacto con <\/span><b>Hekmat Hadri <\/b>(<a href=\"mailto:Hekmatelhadri@evenegroup.com\" target=\"_blank\" rel=\"noopener\">Hekmatelhadri@evenegroup.com<\/a>) <span style=\"font-weight: 400;\">para apoyo log\u00edstico con el viaje a\u00e9reo y llegada al hotel.<\/span><\/p>\n<p><span style=\"text-decoration: underline;\"><strong>Requisitos de visado para visitar Marruecos<\/strong><\/span><\/p>\n<p style=\"padding-left: 30px;\">Por favor p\u00f3ngase en contacto\u00a0<strong>Bilal Berady<\/strong>, Barrios del Mundo (<a href=\"mailto:bilal.quartiersdumonde@gmail.com\" target=\"_blank\" rel=\"noopener\">bilal.quartiersdumonde@gmail.<wbr \/>con<\/a>) para obtener ayuda para obtener un visado para visitar Marruecos.<\/p>\n<p style=\"padding-left: 30px;\"><strong>Pa\u00edses que no necesitan visa por 90 d\u00edas o menos:<\/strong><\/p>\n<p style=\"padding-left: 30px;\">Todos los ciudadanos de la Uni\u00f3n Europea, Argelia, Andorra, Argentina, Australia, Bahr\u00e9in,<br \/>\nBrasil, Canad\u00e1, Chile, China, Rep\u00fablica del Congo, Gab\u00f3n, Guinea, Hong Kong<br \/>\n(30 d\u00edas), Islandia, Indonesia, Costa de Marfil, Jap\u00f3n, Kuwait, Liechtenstein, Macao,<br \/>\nMal\u00ed, M\u00e9xico, M\u00f3naco, Nueva Zelanda, N\u00edger, Noruega, Om\u00e1n, Per\u00fa, Filipinas,<br \/>\nQatar, Rusia, San Marino, Arabia Saudita, Senegal, Singapur (30 d\u00edas), Sur<br \/>\nCorea, Suiza, T\u00fanez, Turqu\u00eda, Emiratos \u00c1rabes Unidos, Estados Unidos,<br \/>\nVenezuela<\/p>\n<p style=\"padding-left: 30px;\"><strong>En general, todos los dem\u00e1s pa\u00edses necesitan visas, que son bastante f\u00e1ciles y asequibles de obtener. Requisitos para visas de negocios o turismo:<\/strong><\/p>\n<ul>\n<li>Un formulario de solicitud de visa debidamente completado con letras may\u00fasculas y firmado<\/li>\n<li>Pasaporte original (v\u00e1lido por m\u00e1s de 6 meses a la fecha de entrada)<\/li>\n<li>Copia del pasaporte original (p\u00e1ginas 1-3)<\/li>\n<li>Dos fotograf\u00edas en color tama\u00f1o pasaporte con fondo blanco.<\/li>\n<li>Copia del estatus legal del solicitante en el pa\u00eds de origen<\/li>\n<li>Copia de la carta de invitaci\u00f3n emitida por la empresa a la que planeas ingresar.<br \/>\nVisita a Marruecos (<em>S\u00f3lo negocios<\/em>)<\/li>\n<li>Reserva de hotel o Carta de Invitaci\u00f3n notariada de su anfitri\u00f3n en<br \/>\nMarruecos (<em>S\u00f3lo turistas<\/em>)<\/li>\n<li>Copia de los billetes de avi\u00f3n o de la reserva confirmada<\/li>\n<li>Honorarios:\n<ul>\n<li>Per\u00edodo de estancia de 3 a 90 d\u00edas (una entrada): $23.85<\/li>\n<li>Per\u00edodo de estancia de 3 a 90 d\u00edas (dos entradas): $35.80<\/li>\n<\/ul>\n<\/li>\n<li>Tiempo de procesamiento<\/li>\n<li style=\"list-style-type: none;\">\n<ul>\n<li>Las visas tardan al menos 10 d\u00edas en procesarse.<\/li>\n<\/ul>\n<\/li>\n<\/ul>\n<p><span style=\"text-decoration: underline;\"><strong>Alojamiento<\/strong><\/span><\/p>\n<p style=\"padding-left: 30px;\"><span style=\"font-weight: 400;\">Por favor p\u00f3ngase en contacto <\/span><b>Hekmat Hadri <\/b>(<a href=\"mailto:hekhadri@yahoo.fr\" target=\"_blank\" rel=\"noopener\">hekhadri@yahoo.fr<\/a>; <a href=\"mailto:contact@evenegroup.com\" target=\"_blank\" rel=\"noopener\">contacto@evenegroup.com<\/a>;\u00a0<a href=\"mailto:Hekmatelhadri@evenegroup.com\">Hekmatelhadri@evenegroup.com<\/a>) <span style=\"font-weight: 400;\">En lo que respecta a <\/span><span style=\"font-weight: 400;\">Para reservar alojamiento en el Hotel Farah, el precio de una habitaci\u00f3n individual es de 144 USD por noche con desayuno incluido.<\/span><\/p>\n<p style=\"padding-left: 30px;\">Las alternativas m\u00e1s econ\u00f3micas incluyen:<\/p>\n<p style=\"padding-left: 30px;\"><span style=\"text-decoration: underline;\"><strong>Hotel des Oudaias<\/strong><\/span><br \/>\nCosto de las habitaciones: 70 USD<br \/>\nDirecci\u00f3n: 132 Boulevard El Alou, Rabat Medina, 10000<br \/>\nSitio web: <a href=\"https:\/\/hoteldesoudaias.com\/\" target=\"_blank\" rel=\"noopener\">https:\/\/hoteldesoudaias.com\/<\/a><\/p>\n<p style=\"padding-left: 30px;\"><span style=\"text-decoration: underline;\"><strong>Hotel Rihab<\/strong><\/span><br \/>\nCosto de las habitaciones: 48 USD<br \/>\nDirecci\u00f3n: 45, Av Moulay Ismail, Quartier Hassan, Hassan, 10000, Rabat, Marruecos<br \/>\nSitio web: <a href=\"http:\/\/www.rihabhotel.info\/\" target=\"_blank\" rel=\"noopener\">http:\/\/www.rihabhotel.info\/<\/a><\/p>\n<p><span style=\"text-decoration: underline;\"><strong>Comidas<\/strong><\/span><\/p>\n<p style=\"padding-left: 30px;\">Los organizadores de la reuni\u00f3n ofrecer\u00e1n almuerzos y pausas para el caf\u00e9 a los participantes durante los tres d\u00edas de la reuni\u00f3n. Sus restricciones diet\u00e9ticas se registraron en el formulario que utiliz\u00f3 para confirmar su asistencia. Si tiene alguna restricci\u00f3n diet\u00e9tica o cualquier otra consideraci\u00f3n que no se haya registrado en la encuesta de confirmaci\u00f3n de asistencia, comun\u00edquese con Ch\u00e9 Nembhard a c.nembhard@equimundo.org. Si a\u00fan no ha completado la encuesta del evento, h\u00e1galo a continuaci\u00f3n:<\/p>\n<p style=\"padding-left: 30px;\"><a href=\"https:\/\/www.surveymonkey.com\/r\/6P6HHBW\" target=\"_blank\" rel=\"noopener\">https:\/\/www.surveymonkey.com\/r\/6P6HHBW\u00a0<\/a><\/p>\n<p><span style=\"text-decoration: underline;\"><strong>C\u00f3mo compartir tu trabajo en MenCare<\/strong><\/span><\/p>\n<p style=\"padding-left: 30px;\">Si\u00e9ntete libre de traer tu <strong>Materiales educativos y promocionales para hombres y cuidadores<\/strong>, como folletos, cuadernillos y otros art\u00edculos. Tendremos una mesa grande donde se podr\u00e1n exhibir todos estos materiales.<\/p>\n<p><span style=\"text-decoration: underline;\"><strong>Servicios de idiomas y traducci\u00f3n<\/strong><\/span><\/p>\n<p style=\"padding-left: 30px;\"><span style=\"font-weight: 400;\">La reuni\u00f3n global de MenCare se llevar\u00e1 a cabo en ingl\u00e9s. <\/span><\/p>\n<p><span style=\"text-decoration: underline;\"><strong>C\u00f3digo de vestimenta<\/strong><\/span><\/p>\n<p style=\"padding-left: 30px;\">El c\u00f3digo de vestimenta para esta reuni\u00f3n es informal de negocios. \u201cInformal de negocios\u201d significa menos formal que la vestimenta de negocios tradicional, pero aun as\u00ed tiene como objetivo dar una impresi\u00f3n profesional y formal. Se recomienda a los participantes vestirse de la manera que sea apropiada para sus entornos de trabajo individuales.<\/p>\n<h2><a id=\"contact\"><\/a>CONTACTO<\/h2>\n<p><span style=\"text-decoration: underline;\"><strong>Viajes y Log\u00edstica<\/strong><\/span><\/p>\n<p style=\"padding-left: 30px;\"><span style=\"font-weight: 400;\">Para preguntas sobre viajes y log\u00edstica, por favor cont\u00e1ctenos <\/span><b>Hekmat Hadri <\/b>(<a href=\"mailto:hekhadri@yahoo.fr\">hekhadri@yahoo.fr<\/a>; <a href=\"mailto:contact@evenegroup.com\" target=\"_blank\" rel=\"noopener\">contacto@evenegroup.com<\/a>; <a href=\"mailto:Hekmatelhadri@evenegroup.com\">Hekmatelhadri@evenegroup.com<\/a>)<\/p>\n<p><span style=\"text-decoration: underline;\"><strong>Orden del d\u00eda y contenido de la reuni\u00f3n<\/strong><\/span><\/p>\n<p style=\"padding-left: 30px;\"><span style=\"font-weight: 400;\">Para preguntas sobre la agenda y el contenido de la reuni\u00f3n, <\/span><span style=\"font-weight: 400;\">por favor <\/span><a href=\"mailto:c.nembhard@equimundo.org\"><span style=\"font-weight: 400;\">correo electr\u00f3nico<\/span><\/a> <span style=\"font-weight: 400;\">Ch\u00e9 Nembhard, Equimundo.<\/span><\/p>\n<h2><a id=\"about\"><\/a>ACERCA DE MENCARE<\/h2>\n<p><span style=\"font-weight: 400;\">MenCare: Campa\u00f1a mundial por la paternidad se lanz\u00f3 en 2011 para promover la participaci\u00f3n de los hombres como padres y cuidadores equitativos y no violentos con el fin de lograr el bienestar familiar, la igualdad de g\u00e9nero y una mejor salud para madres, padres e hijos. MenCare est\u00e1 activa actualmente en m\u00e1s de 55 pa\u00edses de todo el mundo. Lea m\u00e1s sobre MenCare <\/span><a href=\"https:\/\/www.mencare.org\/es\/about-mencare\/\" target=\"_blank\" rel=\"noopener\"><span style=\"font-weight: 400;\">aqu\u00ed<\/span><\/a><span style=\"font-weight: 400;\">.<\/span><\/p>","protected":false},"excerpt":{"rendered":"<p>Dates | Location | Attendees |\u00a0Objectives |\u00a0Agenda\u00a0| Logistics |\u00a0Contact\u00a0| About MenCare MenCare Coordinators are excited to announce the 3rd MenCare Global Meeting! This year, MenCare partners and colleagues from around the world will come together from November 19-21 in Rabat, Morocco and via remote participation to develop a joint agenda to advance international and national&nbsp;<a class=\"read-more-link\" href=\"https:\/\/www.mencare.org\/es\/mencare-global-meeting-2019\/\">\u2026<\/a><\/p>","protected":false},"author":178,"featured_media":0,"parent":0,"menu_order":0,"comment_status":"closed","ping_status":"closed","template":"","meta":{"footnotes":""},"class_list":["post-5212","page","type-page","status-publish","hentry"],"acf":[],"yoast_head":"<!-- This site is optimized with the Yoast SEO plugin v25.9 - https:\/\/yoast.com\/wordpress\/plugins\/seo\/ -->\n<title>MenCare Global Meeting 2019 - MenCare<\/title>\n<meta name=\"robots\" content=\"noindex, nofollow\" \/>\n<meta property=\"og:locale\" content=\"es_MX\" \/>\n<meta property=\"og:type\" content=\"article\" \/>\n<meta property=\"og:title\" content=\"MenCare Global Meeting 2019 - MenCare\" \/>\n<meta property=\"og:description\" content=\"Dates | Location | Attendees |\u00a0Objectives |\u00a0Agenda\u00a0| Logistics |\u00a0Contact\u00a0| About MenCare MenCare Coordinators are excited to announce the 3rd MenCare Global Meeting! This year, MenCare partners and colleagues from around the world will come together from November 19-21 in Rabat, Morocco and via remote participation to develop a joint agenda to advance international and national&nbsp;&hellip;\" \/>\n<meta property=\"og:url\" content=\"https:\/\/www.mencare.org\/es\/mencare-global-meeting-2019\/\" \/>\n<meta property=\"og:site_name\" content=\"MenCare\" \/>\n<meta property=\"article:modified_time\" content=\"2019-12-03T19:05:50+00:00\" \/>\n<meta property=\"og:image\" content=\"https:\/\/www.mencare.org\/wp-content\/uploads\/2017\/02\/MenCare-Global-Meeting-2017-banner-3to1.jpg\" \/>\n<meta name=\"twitter:card\" content=\"summary_large_image\" \/>\n<meta name=\"twitter:label1\" content=\"Est. reading time\" \/>\n\t<meta name=\"twitter:data1\" content=\"5 minutes\" \/>\n<script type=\"application\/ld+json\" class=\"yoast-schema-graph\">{\"@context\":\"https:\/\/schema.org\",\"@graph\":[{\"@type\":\"WebPage\",\"@id\":\"https:\/\/www.mencare.org\/es\/mencare-global-meeting-2019\/\",\"url\":\"https:\/\/www.mencare.org\/es\/mencare-global-meeting-2019\/\",\"name\":\"MenCare Global Meeting 2019 - MenCare\",\"isPartOf\":{\"@id\":\"https:\/\/www.mencare.org\/#website\"},\"primaryImageOfPage\":{\"@id\":\"https:\/\/www.mencare.org\/es\/mencare-global-meeting-2019\/#primaryimage\"},\"image\":{\"@id\":\"https:\/\/www.mencare.org\/es\/mencare-global-meeting-2019\/#primaryimage\"},\"thumbnailUrl\":\"https:\/\/www.mencare.org\/wp-content\/uploads\/2017\/02\/MenCare-Global-Meeting-2017-banner-3to1.jpg\",\"datePublished\":\"2017-02-25T01:06:09+00:00\",\"dateModified\":\"2019-12-03T19:05:50+00:00\",\"breadcrumb\":{\"@id\":\"https:\/\/www.mencare.org\/es\/mencare-global-meeting-2019\/#breadcrumb\"},\"inLanguage\":\"es-MX\",\"potentialAction\":[{\"@type\":\"ReadAction\",\"target\":[\"https:\/\/www.mencare.org\/es\/mencare-global-meeting-2019\/\"]}]},{\"@type\":\"ImageObject\",\"inLanguage\":\"es-MX\",\"@id\":\"https:\/\/www.mencare.org\/es\/mencare-global-meeting-2019\/#primaryimage\",\"url\":\"https:\/\/www.mencare.org\/wp-content\/uploads\/2017\/02\/MenCare-Global-Meeting-2017-banner-3to1.jpg\",\"contentUrl\":\"https:\/\/www.mencare.org\/wp-content\/uploads\/2017\/02\/MenCare-Global-Meeting-2017-banner-3to1.jpg\"},{\"@type\":\"BreadcrumbList\",\"@id\":\"https:\/\/www.mencare.org\/es\/mencare-global-meeting-2019\/#breadcrumb\",\"itemListElement\":[{\"@type\":\"ListItem\",\"position\":1,\"name\":\"Home\",\"item\":\"https:\/\/www.mencare.org\/\"},{\"@type\":\"ListItem\",\"position\":2,\"name\":\"MenCare Global Meeting 2019\"}]},{\"@type\":\"WebSite\",\"@id\":\"https:\/\/www.mencare.org\/#website\",\"url\":\"https:\/\/www.mencare.org\/\",\"name\":\"MenCare\",\"description\":\"A Global Fatherhood Campaign\",\"potentialAction\":[{\"@type\":\"SearchAction\",\"target\":{\"@type\":\"EntryPoint\",\"urlTemplate\":\"https:\/\/www.mencare.org\/?s={search_term_string}\"},\"query-input\":{\"@type\":\"PropertyValueSpecification\",\"valueRequired\":true,\"valueName\":\"search_term_string\"}}],\"inLanguage\":\"es-MX\"}]}<\/script>\n<!-- \/ Yoast SEO plugin. -->","yoast_head_json":{"title":"MenCare Global Meeting 2019 - MenCare","robots":{"index":"noindex","follow":"nofollow"},"og_locale":"es_MX","og_type":"article","og_title":"MenCare Global Meeting 2019 - MenCare","og_description":"Dates | Location | Attendees |\u00a0Objectives |\u00a0Agenda\u00a0| Logistics |\u00a0Contact\u00a0| About MenCare MenCare Coordinators are excited to announce the 3rd MenCare Global Meeting! This year, MenCare partners and colleagues from around the world will come together from November 19-21 in Rabat, Morocco and via remote participation to develop a joint agenda to advance international and national&nbsp;&hellip;","og_url":"https:\/\/www.mencare.org\/es\/mencare-global-meeting-2019\/","og_site_name":"MenCare","article_modified_time":"2019-12-03T19:05:50+00:00","og_image":[{"url":"https:\/\/www.mencare.org\/wp-content\/uploads\/2017\/02\/MenCare-Global-Meeting-2017-banner-3to1.jpg","type":"","width":"","height":""}],"twitter_card":"summary_large_image","twitter_misc":{"Est. reading time":"5 minutes"},"schema":{"@context":"https:\/\/schema.org","@graph":[{"@type":"WebPage","@id":"https:\/\/www.mencare.org\/es\/mencare-global-meeting-2019\/","url":"https:\/\/www.mencare.org\/es\/mencare-global-meeting-2019\/","name":"MenCare Global Meeting 2019 - MenCare","isPartOf":{"@id":"https:\/\/www.mencare.org\/#website"},"primaryImageOfPage":{"@id":"https:\/\/www.mencare.org\/es\/mencare-global-meeting-2019\/#primaryimage"},"image":{"@id":"https:\/\/www.mencare.org\/es\/mencare-global-meeting-2019\/#primaryimage"},"thumbnailUrl":"https:\/\/www.mencare.org\/wp-content\/uploads\/2017\/02\/MenCare-Global-Meeting-2017-banner-3to1.jpg","datePublished":"2017-02-25T01:06:09+00:00","dateModified":"2019-12-03T19:05:50+00:00","breadcrumb":{"@id":"https:\/\/www.mencare.org\/es\/mencare-global-meeting-2019\/#breadcrumb"},"inLanguage":"es-MX","potentialAction":[{"@type":"ReadAction","target":["https:\/\/www.mencare.org\/es\/mencare-global-meeting-2019\/"]}]},{"@type":"ImageObject","inLanguage":"es-MX","@id":"https:\/\/www.mencare.org\/es\/mencare-global-meeting-2019\/#primaryimage","url":"https:\/\/www.mencare.org\/wp-content\/uploads\/2017\/02\/MenCare-Global-Meeting-2017-banner-3to1.jpg","contentUrl":"https:\/\/www.mencare.org\/wp-content\/uploads\/2017\/02\/MenCare-Global-Meeting-2017-banner-3to1.jpg"},{"@type":"BreadcrumbList","@id":"https:\/\/www.mencare.org\/es\/mencare-global-meeting-2019\/#breadcrumb","itemListElement":[{"@type":"ListItem","position":1,"name":"Home","item":"https:\/\/www.mencare.org\/"},{"@type":"ListItem","position":2,"name":"MenCare Global Meeting 2019"}]},{"@type":"WebSite","@id":"https:\/\/www.mencare.org\/#website","url":"https:\/\/www.mencare.org\/","name":"Cuidado de los hombres","description":"Una campa\u00f1a mundial por la paternidad","potentialAction":[{"@type":"SearchAction","target":{"@type":"EntryPoint","urlTemplate":"https:\/\/www.mencare.org\/?s={search_term_string}"},"query-input":{"@type":"PropertyValueSpecification","valueRequired":true,"valueName":"search_term_string"}}],"inLanguage":"es-MX"}]}},"_links":{"self":[{"href":"https:\/\/www.mencare.org\/es\/wp-json\/wp\/v2\/pages\/5212","targetHints":{"allow":["GET"]}}],"collection":[{"href":"https:\/\/www.mencare.org\/es\/wp-json\/wp\/v2\/pages"}],"about":[{"href":"https:\/\/www.mencare.org\/es\/wp-json\/wp\/v2\/types\/page"}],"author":[{"embeddable":true,"href":"https:\/\/www.mencare.org\/es\/wp-json\/wp\/v2\/users\/178"}],"replies":[{"embeddable":true,"href":"https:\/\/www.mencare.org\/es\/wp-json\/wp\/v2\/comments?post=5212"}],"version-history":[{"count":11,"href":"https:\/\/www.mencare.org\/es\/wp-json\/wp\/v2\/pages\/5212\/revisions"}],"predecessor-version":[{"id":6989,"href":"https:\/\/www.mencare.org\/es\/wp-json\/wp\/v2\/pages\/5212\/revisions\/6989"}],"wp:attachment":[{"href":"https:\/\/www.mencare.org\/es\/wp-json\/wp\/v2\/media?parent=5212"}],"curies":[{"name":"wp","href":"https:\/\/api.w.org\/{rel}","templated":true}]}}