{"id":7001,"date":"2019-10-04T11:12:29","date_gmt":"2019-10-04T15:12:29","guid":{"rendered":"https:\/\/www.mencare.org\/cookie-policy\/"},"modified":"2019-10-04T11:12:29","modified_gmt":"2019-10-04T15:12:29","slug":"cookie-policy","status":"publish","type":"page","link":"https:\/\/www.mencare.org\/es\/cookie-policy\/","title":{"rendered":"Pol\u00edtica de cookies"},"content":{"rendered":"<p>Este sitio utiliza cookies, peque\u00f1os archivos de texto que se colocan en su equipo para ayudar al sitio a proporcionar una mejor experiencia de usuario. En general, las cookies se utilizan para conservar las preferencias del usuario, almacenar informaci\u00f3n para cosas como carritos de compra y proporcionar datos de seguimiento an\u00f3nimos a aplicaciones de terceros como Google Analytics. Por regla general, las cookies mejorar\u00e1n su experiencia de navegaci\u00f3n. Sin embargo, es posible que prefiera desactivar las cookies en este sitio y en otros. La forma m\u00e1s eficaz de hacerlo es desactivar las cookies en su navegador. Le sugerimos que consulte la secci\u00f3n de Ayuda de su navegador o que eche un vistazo a <a href=\"http:\/\/www.aboutcookies.org\">El sitio web Acerca de las cookies<\/a> que ofrece orientaci\u00f3n para todos los navegadores modernos<\/p>","protected":false},"excerpt":{"rendered":"<p>This site uses cookies &#8211; small text files that are placed on your machine to help the site provide a better user experience. In general, cookies are used to retain user preferences, store information for things like shopping carts, and provide anonymised tracking data to third party applications like Google Analytics. As a rule, cookies&nbsp;<a class=\"read-more-link\" href=\"https:\/\/www.mencare.org\/es\/cookie-policy\/\">\u2026<\/a><\/p>","protected":false},"author":1,"featured_media":0,"parent":0,"menu_order":0,"comment_status":"closed","ping_status":"closed","template":"","meta":{"footnotes":""},"class_list":["post-7001","page","type-page","status-publish","hentry"],"acf":[],"yoast_head":"<!-- This site is optimized with the Yoast SEO plugin v25.9 - https:\/\/yoast.com\/wordpress\/plugins\/seo\/ -->\n<title>Cookie Policy - MenCare<\/title>\n<meta name=\"robots\" content=\"index, follow, max-snippet:-1, max-image-preview:large, max-video-preview:-1\" \/>\n<link rel=\"canonical\" href=\"https:\/\/www.mencare.org\/es\/cookie-policy\/\" \/>\n<meta property=\"og:locale\" content=\"es_MX\" \/>\n<meta property=\"og:type\" content=\"article\" \/>\n<meta property=\"og:title\" content=\"Cookie Policy - MenCare\" \/>\n<meta property=\"og:description\" content=\"This site uses cookies &#8211; small text files that are placed on your machine to help the site provide a better user experience. In general, cookies are used to retain user preferences, store information for things like shopping carts, and provide anonymised tracking data to third party applications like Google Analytics. As a rule, cookies&nbsp;&hellip;\" \/>\n<meta property=\"og:url\" content=\"https:\/\/www.mencare.org\/es\/cookie-policy\/\" \/>\n<meta property=\"og:site_name\" content=\"MenCare\" \/>\n<meta name=\"twitter:card\" content=\"summary_large_image\" \/>\n<meta name=\"twitter:label1\" content=\"Est. reading time\" \/>\n\t<meta name=\"twitter:data1\" content=\"1 minute\" \/>\n<script type=\"application\/ld+json\" class=\"yoast-schema-graph\">{\"@context\":\"https:\/\/schema.org\",\"@graph\":[{\"@type\":\"WebPage\",\"@id\":\"https:\/\/www.mencare.org\/es\/cookie-policy\/\",\"url\":\"https:\/\/www.mencare.org\/es\/cookie-policy\/\",\"name\":\"Cookie Policy - MenCare\",\"isPartOf\":{\"@id\":\"https:\/\/www.mencare.org\/#website\"},\"datePublished\":\"2019-10-04T15:12:29+00:00\",\"breadcrumb\":{\"@id\":\"https:\/\/www.mencare.org\/es\/cookie-policy\/#breadcrumb\"},\"inLanguage\":\"es-MX\",\"potentialAction\":[{\"@type\":\"ReadAction\",\"target\":[\"https:\/\/www.mencare.org\/es\/cookie-policy\/\"]}]},{\"@type\":\"BreadcrumbList\",\"@id\":\"https:\/\/www.mencare.org\/es\/cookie-policy\/#breadcrumb\",\"itemListElement\":[{\"@type\":\"ListItem\",\"position\":1,\"name\":\"Home\",\"item\":\"https:\/\/www.mencare.org\/\"},{\"@type\":\"ListItem\",\"position\":2,\"name\":\"Cookie Policy\"}]},{\"@type\":\"WebSite\",\"@id\":\"https:\/\/www.mencare.org\/#website\",\"url\":\"https:\/\/www.mencare.org\/\",\"name\":\"MenCare\",\"description\":\"A Global Fatherhood Campaign\",\"potentialAction\":[{\"@type\":\"SearchAction\",\"target\":{\"@type\":\"EntryPoint\",\"urlTemplate\":\"https:\/\/www.mencare.org\/?s={search_term_string}\"},\"query-input\":{\"@type\":\"PropertyValueSpecification\",\"valueRequired\":true,\"valueName\":\"search_term_string\"}}],\"inLanguage\":\"es-MX\"}]}<\/script>\n<!-- \/ Yoast SEO plugin. -->","yoast_head_json":{"title":"Cookie Policy - MenCare","robots":{"index":"index","follow":"follow","max-snippet":"max-snippet:-1","max-image-preview":"max-image-preview:large","max-video-preview":"max-video-preview:-1"},"canonical":"https:\/\/www.mencare.org\/es\/cookie-policy\/","og_locale":"es_MX","og_type":"article","og_title":"Cookie Policy - MenCare","og_description":"This site uses cookies &#8211; small text files that are placed on your machine to help the site provide a better user experience. In general, cookies are used to retain user preferences, store information for things like shopping carts, and provide anonymised tracking data to third party applications like Google Analytics. As a rule, cookies&nbsp;&hellip;","og_url":"https:\/\/www.mencare.org\/es\/cookie-policy\/","og_site_name":"MenCare","twitter_card":"summary_large_image","twitter_misc":{"Est. reading time":"1 minute"},"schema":{"@context":"https:\/\/schema.org","@graph":[{"@type":"WebPage","@id":"https:\/\/www.mencare.org\/es\/cookie-policy\/","url":"https:\/\/www.mencare.org\/es\/cookie-policy\/","name":"Cookie Policy - MenCare","isPartOf":{"@id":"https:\/\/www.mencare.org\/#website"},"datePublished":"2019-10-04T15:12:29+00:00","breadcrumb":{"@id":"https:\/\/www.mencare.org\/es\/cookie-policy\/#breadcrumb"},"inLanguage":"es-MX","potentialAction":[{"@type":"ReadAction","target":["https:\/\/www.mencare.org\/es\/cookie-policy\/"]}]},{"@type":"BreadcrumbList","@id":"https:\/\/www.mencare.org\/es\/cookie-policy\/#breadcrumb","itemListElement":[{"@type":"ListItem","position":1,"name":"Home","item":"https:\/\/www.mencare.org\/"},{"@type":"ListItem","position":2,"name":"Cookie Policy"}]},{"@type":"WebSite","@id":"https:\/\/www.mencare.org\/#website","url":"https:\/\/www.mencare.org\/","name":"Cuidado de los hombres","description":"Una campa\u00f1a mundial por la paternidad","potentialAction":[{"@type":"SearchAction","target":{"@type":"EntryPoint","urlTemplate":"https:\/\/www.mencare.org\/?s={search_term_string}"},"query-input":{"@type":"PropertyValueSpecification","valueRequired":true,"valueName":"search_term_string"}}],"inLanguage":"es-MX"}]}},"_links":{"self":[{"href":"https:\/\/www.mencare.org\/es\/wp-json\/wp\/v2\/pages\/7001","targetHints":{"allow":["GET"]}}],"collection":[{"href":"https:\/\/www.mencare.org\/es\/wp-json\/wp\/v2\/pages"}],"about":[{"href":"https:\/\/www.mencare.org\/es\/wp-json\/wp\/v2\/types\/page"}],"author":[{"embeddable":true,"href":"https:\/\/www.mencare.org\/es\/wp-json\/wp\/v2\/users\/1"}],"replies":[{"embeddable":true,"href":"https:\/\/www.mencare.org\/es\/wp-json\/wp\/v2\/comments?post=7001"}],"version-history":[{"count":0,"href":"https:\/\/www.mencare.org\/es\/wp-json\/wp\/v2\/pages\/7001\/revisions"}],"wp:attachment":[{"href":"https:\/\/www.mencare.org\/es\/wp-json\/wp\/v2\/media?parent=7001"}],"curies":[{"name":"wp","href":"https:\/\/api.w.org\/{rel}","templated":true}]}}