{"id":7003,"date":"2019-11-08T16:10:16","date_gmt":"2019-11-08T20:10:16","guid":{"rendered":"https:\/\/www.mencare.org\/?page_id=7003"},"modified":"2019-11-18T17:56:53","modified_gmt":"2019-11-18T21:56:53","slug":"mencarelive","status":"publish","type":"page","link":"https:\/\/www.mencare.org\/es\/mencarelive\/","title":{"rendered":"#MenCareLive"},"content":{"rendered":"<h1>Con cobertura en vivo de la Reuni\u00f3n Global MenCare 2019<\/h1>\n<p>Los coordinadores de MenCare est\u00e1n emocionados de compartir la agenda para la participaci\u00f3n en l\u00ednea del <a href=\"https:\/\/www.mencare.org\/es\/mencare-global-meeting-2019\/\" target=\"_blank\" rel=\"noopener\">Reuni\u00f3n mundial de MenCare 2019<\/a>\u00a1Este a\u00f1o, todas las sesiones plenarias se transmitir\u00e1n a trav\u00e9s de Facebook Live en el sitio web de MenCare! <a href=\"https:\/\/www.facebook.com\/mencarecampaign\/\" target=\"_blank\" rel=\"noopener\">p\u00e1gina<\/a>\u00a0Adem\u00e1s, habr\u00e1 talleres seleccionados disponibles para participar de manera interactiva a trav\u00e9s de una reuni\u00f3n de Zoom. Vuelva a consultar aqu\u00ed para obtener todas las actualizaciones sobre la participaci\u00f3n en l\u00ednea.<\/p>\n<p><strong><a href=\"#1\">D\u00cdA 1: Martes 19 de noviembre<\/a> | <a href=\"#2\">D\u00cdA 2: Mi\u00e9rcoles 20 de noviembre<\/a> | <a href=\"#3\">D\u00cdA 3: Jueves 21 de noviembre<\/a>\u00a0<\/strong><\/p>\n<p><a id=\"1\"><\/a><img loading=\"lazy\" decoding=\"async\" class=\"fullwidth alignnone wp-image-7005 size-full\" src=\"https:\/\/www.mencare.org\/wp-content\/uploads\/2019\/11\/mencarelivebanners-01.png\" alt=\"\" width=\"5000\" height=\"834\" srcset=\"https:\/\/www.mencare.org\/wp-content\/uploads\/2019\/11\/mencarelivebanners-01.png 5000w, https:\/\/www.mencare.org\/wp-content\/uploads\/2019\/11\/mencarelivebanners-01-300x50.png 300w, https:\/\/www.mencare.org\/wp-content\/uploads\/2019\/11\/mencarelivebanners-01-768x128.png 768w, https:\/\/www.mencare.org\/wp-content\/uploads\/2019\/11\/mencarelivebanners-01-1024x171.png 1024w\" sizes=\"auto, (max-width: 5000px) 100vw, 5000px\" \/><\/p>\n<h2>Sesi\u00f3n plenaria de apertura: Promover el cuidado como una labor valiosa<\/h2>\n<p><strong>Cuando:\u00a0<\/strong>9:00 \u2013 10:30 OESTE | 10:00 \u2013 11:30 GATO | 13:30 \u2013 15:00 hora del Este | 3:00 \u2013 4:30 hora del Este<br \/>\n<strong>Qu\u00e9:\u00a0<\/strong>Con una bienvenida y presentaciones de Carine Troussel, Quartiers du Monde, Anne-Claire de Liedekerke, Make Mothers Matter y los co-coordinadores de MenCare, Aapta Garg, Equimundo y Wessel van den Berg, Sonke Gender Justice. Oradores:<\/p>\n<ul>\n<li>Leila Rhiwi, Representante de ONU Mujeres para la Oficina Multipa\u00eds en Marruecos<\/li>\n<li>Amina Bouayach, Presidenta del Consejo Nacional de Derechos Humanos (CNDH)<\/li>\n<\/ul>\n<h3>\u00danase a la transmisi\u00f3n en vivo en el Facebook de MenCare <a href=\"https:\/\/www.facebook.com\/mencarecampaign\/posts\/2336380576488932\" target=\"_blank\" rel=\"noopener\">aqu\u00ed<\/a>.<\/h3>\n<h2>MenCare en el mundo (Parte I y Parte II)<\/h2>\n<p><strong>Cuando: <\/strong>10:30 \u2013 13:00 OESTE | 11:30 \u2013 14:00 GATO | 15:00 \u2013 17:30 hora del Este | 4:30 \u2013 7:00 EST<br \/>\n<strong>Qu\u00e9:\u00a0<\/strong>Presentaci\u00f3n de iniciativas de cada pa\u00eds en un \u201cformato de caf\u00e9 mundial\u201d con una pausa para t\u00e9 de 30 minutos.<\/p>\n<h3>\u00danase a la reuni\u00f3n de Zoom <a href=\"https:\/\/zoom.us\/j\/274850756\" target=\"_blank\" rel=\"noopener\">aqu\u00ed<\/a>.<\/h3>\n<h2>Plenaria: Desconstruyendo el patriarcado, el poder y el privilegio: arraigando nuestro trabajo en ideales feministas<\/h2>\n<p><strong>Cuando: <\/strong>14:00 \u2013 15:30 OESTE | 15:00 \u2013 16:30 GATO | 18:30 \u2013 20:00 hora del Este | 8:00 \u2013 9:30 EST<br \/>\n<strong>Qu\u00e9:\u00a0<\/strong>Explorando c\u00f3mo MenCare puede alinear mejor nuestra agenda con los feminismos en todo el mundo. Oradores:<\/p>\n<ul>\n<li>Shrinivas Rao, director de programa, Fundaci\u00f3n Azad<\/li>\n<li>Laxman Belbase, gerente de redes globales, MenEngage Alliance<\/li>\n<li>Joni van de Sand, directora global de Men Engage Alliance<\/li>\n<li>Valerie Bichelmeier, representante de la ONU y responsable de promoci\u00f3n de Make Mothers Matter<\/li>\n<li>Sa\u00efda Belhdid, Presidenta de la Secci\u00f3n Ouarzazate, F\u00e9d\u00e9ration des Ligues des Droits des Femmes<\/li>\n<li>Ada Baz\u00e1n, Coordinadora Internacional, Quartiers du Monde<\/li>\n<li>Suleiman Henry, capacitador regional en derechos del ni\u00f1o y crianza positiva (CRPP), Sonke Gender Justice<\/li>\n<\/ul>\n<p>Moderador:<\/p>\n<ul>\n<li>Nikki van der Gaag, investigadora principal, Proumundo-EE.UU.<\/li>\n<\/ul>\n<h3>\u00danase a la transmisi\u00f3n en vivo en el Facebook de MenCare <a href=\"https:\/\/www.facebook.com\/mencarecampaign\/posts\/2336627209797602\" target=\"_blank\" rel=\"noopener\">aqu\u00ed<\/a>.<\/h3>\n<h2>Taller: Los hombres se preocupan por el clima<\/h2>\n<p><strong>Cuando: <\/strong>16:00 \u2013 17:30 OESTE | 17:00 \u2013 18:30 GATO | 20:30 \u2013 22:00 hora del Este | 10:00 \u2013 11:30 EST<br \/>\n<strong>Qu\u00e9:\u00a0<\/strong>Los ni\u00f1os nos piden que nos demos cuenta de que existe una crisis clim\u00e1tica. Los socios de MenCare compartir\u00e1n experiencias y m\u00e9todos para incluir el cuidado del medio ambiente y la crisis clim\u00e1tica en el trabajo con padres y hombres. Los socios presentar\u00e1n nuevas investigaciones sobre los hombres en la crisis clim\u00e1tica. Facilitadores:<\/p>\n<ul>\n<li>Tomas Agnemo, Plan Internacional Suecia<\/li>\n<li>Vidar Vetterfalk, M\u00c4N Suecia<\/li>\n<\/ul>\n<h3>\u00danase a la reuni\u00f3n de Zoom <a href=\"https:\/\/zoom.us\/j\/351456969\" target=\"_blank\" rel=\"noopener\">aqu\u00ed<\/a>.<\/h3>\n<h2><a id=\"2\"><\/a><img loading=\"lazy\" decoding=\"async\" class=\"fullwidth alignnone wp-image-7006 size-full\" src=\"https:\/\/www.mencare.org\/wp-content\/uploads\/2019\/11\/mencarelivebanners-03.png\" alt=\"\" width=\"5000\" height=\"834\" srcset=\"https:\/\/www.mencare.org\/wp-content\/uploads\/2019\/11\/mencarelivebanners-03.png 5000w, https:\/\/www.mencare.org\/wp-content\/uploads\/2019\/11\/mencarelivebanners-03-300x50.png 300w, https:\/\/www.mencare.org\/wp-content\/uploads\/2019\/11\/mencarelivebanners-03-768x128.png 768w, https:\/\/www.mencare.org\/wp-content\/uploads\/2019\/11\/mencarelivebanners-03-1024x171.png 1024w\" sizes=\"auto, (max-width: 5000px) 100vw, 5000px\" \/><\/h2>\n<h2>Sesi\u00f3n plenaria: Participaci\u00f3n de los padres y cuidadores varones en los primeros a\u00f1os<\/h2>\n<p><strong>Cuando:\u00a0<\/strong>9:00 \u2013 11:00 OESTE | 10:00 \u2013 12:00 GATO | 13:30 \u2013 15:30 hora del Este | 3:00 \u2013 5:00 EST<br \/>\n<strong>Qu\u00e9:\u00a0<\/strong>Exploraci\u00f3n de formas de promover la participaci\u00f3n de los hombres antes del nacimiento, durante el nacimiento y a lo largo de los primeros a\u00f1os de vida de un ni\u00f1o. Oradores:<\/p>\n<ul>\n<li>Aljosa Rodas, Oficial de Programas, Asociaci\u00f3n Internacional Paso a Paso (ISSA)<\/li>\n<li>Shamsi Kazimbaya, Oficial Senior de Programas, Equimundo<\/li>\n<li>Emmanuel Karamage, coordinador de campo del proyecto WOW, Centro de recursos para hombres de Ruanda (RWAMREC)<\/li>\n<li>Duncan Fisher, editor del blog Child &amp; Family y afiliado de la Universidad de Maryland, EE. UU.<\/li>\n<li>Maureen Samms-Vaughan, profesora de salud infantil, desarrollo y comportamiento infantil, Universidad de las Indias Occidentales<\/li>\n<li>Saifullah Chaudhury, asesora principal de igualdad de g\u00e9nero de Plan International Canada<\/li>\n<\/ul>\n<p>Moderador:<\/p>\n<ul>\n<li>Sam Sternin, consultor en nombre de la Fundaci\u00f3n Bernard Van Leer<\/li>\n<\/ul>\n<h3>\u00danase a la transmisi\u00f3n en vivo en el Facebook de MenCare <a href=\"https:\/\/www.facebook.com\/mencarecampaign\/posts\/2336635933130063\" target=\"_blank\" rel=\"noopener\">aqu\u00ed<\/a>.<\/h3>\n<h2>Taller: Investigaci\u00f3n y lecciones de los informes nacionales sobre paternidad<\/h2>\n<p><strong>Cuando: <\/strong>11:30 \u2013 13:00 OESTE | 12:30 \u2013 14:00 GATO | 16:00 \u2013 17:30 hora del Este | 5:30 \u2013 7:00 EST<br \/>\n<strong>Qu\u00e9: <\/strong>Una oportunidad para conocer la investigaci\u00f3n sobre paternidad a nivel nacional en Am\u00e9rica Latina, \u00c1frica y la regi\u00f3n n\u00f3rdica. Facilitador:<\/p>\n<ul>\n<li>Wessel van den Berg, Sonke Justicia de g\u00e9nero<\/li>\n<\/ul>\n<h3>\u00danase a la reuni\u00f3n de Zoom <a href=\"https:\/\/zoom.us\/j\/494237421\" target=\"_blank\" rel=\"noopener\">aqu\u00ed<\/a>.<\/h3>\n<h2>Sesi\u00f3n plenaria: El estado de la licencia parental y de paternidad: \u00bfCu\u00e1l es la mejor manera de promover el cambio?<\/h2>\n<p><strong>Cuando:\u00a0<\/strong>14:00 \u2013 15:30 OESTE | 15:00 \u2013 16:30 GATO | 18:30 \u2013 20:00 hora del Este | 8:00 \u2013 9:30 EST<br \/>\n<strong>Qu\u00e9:<\/strong>Sabemos que la licencia por paternidad totalmente remunerada e intransferible y otros tipos de licencias por cuidados son algunas de las claves para cambiar el rumbo de la atenci\u00f3n no remunerada. \u00bfC\u00f3mo podemos lograrlo? \u00bfPodemos incluir al sector no formal? \u00bfY c\u00f3mo mantenemos una perspectiva feminista? Ponentes:<\/p>\n<ul>\n<li>Sebastian Molano, Asesor Senior de G\u00e9nero, Oxfam Am\u00e9rica<\/li>\n<li>Umberto Cattaneo, Economista, Igualdad de g\u00e9nero y diversidad, Organizaci\u00f3n Internacional del Trabajo<\/li>\n<li>Gary Barker en representaci\u00f3n del Grupo de Trabajo Corporativo sobre Licencia por Paternidad, Equimundo<\/li>\n<li>Rachel Ploem, asesora t\u00e9cnica de salud de la mujer y g\u00e9nero, Rutgers WPF<\/li>\n<li>Latifa Benayad, Jefa del Departamento de G\u00e9nero del Departamento de Reforma Administrativa y Coordinadora de la Red RCI (Red de Coordinaci\u00f3n Interministerial)<\/li>\n<\/ul>\n<p>Moderador:<\/p>\n<ul>\n<li>Wessel van den Berg, director de cartera de Derechos del Ni\u00f1o y Crianza Positiva de Sonke Gender Justice<\/li>\n<\/ul>\n<h3>\u00danase a la transmisi\u00f3n en vivo en el Facebook de MenCare <a href=\"https:\/\/www.facebook.com\/mencarecampaign\/posts\/2336646179795705\" target=\"_blank\" rel=\"noopener\">aqu\u00ed<\/a>.<\/h3>\n<h2>Taller: Promoviendo el compromiso de MenCare: lecciones de una defensa de alto impacto<\/h2>\n<p><strong>Cuando: <\/strong>16:00 \u2013 17:30 OESTE | 17:00 \u2013 18:30 GATO | 20:30 \u2013 22:00 hora del Este | 10:00 \u2013 11:30 EST<br \/>\n<strong>Qu\u00e9: <\/strong>En este taller se analizar\u00e1n ejemplos actuales de incidencia pol\u00edtica que han tenido \u00e9xito para inspirar la realizaci\u00f3n del Compromiso de MenCare. Facilitador:<\/p>\n<ul>\n<li>Decano Peacock, Equimundo<\/li>\n<\/ul>\n<h3>\u00danase a la reuni\u00f3n de Zoom <a href=\"https:\/\/zoom.us\/j\/118307245\" target=\"_blank\" rel=\"noopener\">aqu\u00ed<\/a>.<\/h3>\n<h2><a id=\"3\"><\/a><img loading=\"lazy\" decoding=\"async\" class=\"fullwidth alignnone wp-image-7007 size-full\" src=\"https:\/\/www.mencare.org\/wp-content\/uploads\/2019\/11\/mencarelivebanners-02.png\" alt=\"\" width=\"5001\" height=\"834\" srcset=\"https:\/\/www.mencare.org\/wp-content\/uploads\/2019\/11\/mencarelivebanners-02.png 5001w, https:\/\/www.mencare.org\/wp-content\/uploads\/2019\/11\/mencarelivebanners-02-300x50.png 300w, https:\/\/www.mencare.org\/wp-content\/uploads\/2019\/11\/mencarelivebanners-02-768x128.png 768w, https:\/\/www.mencare.org\/wp-content\/uploads\/2019\/11\/mencarelivebanners-02-1024x171.png 1024w\" sizes=\"auto, (max-width: 5001px) 100vw, 5001px\" \/><\/h2>\n<h2>Sesi\u00f3n plenaria: Situaci\u00f3n de los padres en el mundo y el compromiso de MenCare<\/h2>\n<p><strong>Cuando: <\/strong>9:30 \u2013 11:00 OESTE | 10:30 \u2013 12:00 GATO | 14:00 \u2013 15:30 hora del Este | 3:30 \u2013 5:00 EST<br \/>\n<strong>Qu\u00e9: <\/strong>Proporcionaremos una descripci\u00f3n general de la <em>Estado de los padres del mundo<\/em> Informe, c\u00f3mo gener\u00f3 el Compromiso MenCare y ejemplos de campa\u00f1as de promoci\u00f3n exitosas en las cinco \u00e1reas de pol\u00edticas establecidas en el Compromiso MenCare. Oradores:<\/p>\n<ul>\n<li>Wessel van den Berg, director de la Unidad de Derechos del Ni\u00f1o y Crianza Positiva, Sonke Gender Justice<\/li>\n<li>Tatiana Moura, Coordinadora, Equimundo-Portugal<\/li>\n<li>Emmanuel Karamage, coordinador de campo del proyecto WOW, Centro de recursos para hombres de Ruanda (RWAMREC)<\/li>\n<li>Hugo Rocha P\u00e9rez, Director, C\u00f3mplices por la Igualdad \u2013 MenEngage M\u00e9xico<\/li>\n<li>Francisco Aguayo, Director, Cultura Salud\/EME<\/li>\n<\/ul>\n<p>Moderador:<\/p>\n<ul>\n<li>Gary Barker, presidente y director ejecutivo de Equimundo<\/li>\n<\/ul>\n<h3>\u00danase a la transmisi\u00f3n en vivo en el Facebook de MenCare <a href=\"https:\/\/www.facebook.com\/mencarecampaign\/posts\/2336655379794785\" target=\"_blank\" rel=\"noopener\">aqu\u00ed<\/a>.<\/h3>\n<h2>Sesi\u00f3n plenaria de clausura: Reflexiones finales sobre los caminos a seguir para MenCare<\/h2>\n<p><strong>Cuando: <\/strong>14:00 \u2013 15:00 OESTE | 15:00 \u2013 16:00 GATO | 18:30 \u2013 19:30 hora del Este | 8:00 \u2013 9:00 EST<br \/>\n<strong>Qu\u00e9: <\/strong>Reflexiones finales de los participantes sobre los principales aprendizajes de la reuni\u00f3n.<\/p>\n<p>Moderadores:<\/p>\n<ul>\n<li>Gary Barker, presidente y director ejecutivo de Equimundo<\/li>\n<li>Wessel van den Berg, director de la Unidad de Derechos del Ni\u00f1o y Crianza Positiva, Sonke Gender Justice<\/li>\n<\/ul>\n<h3>\u00danase a la transmisi\u00f3n en vivo en el Facebook de MenCare <a href=\"https:\/\/www.facebook.com\/mencarecampaign\/posts\/2336663636460626\" target=\"_blank\" rel=\"noopener\">aqu\u00ed<\/a>.<\/h3>","protected":false},"excerpt":{"rendered":"<p>Featuring live coverage of MenCare Global Meeting 2019 MenCare Coordinators are excited to share the agenda for online participation of the MenCare Global Meeting 2019! This year, all plenaries will be streamed via Facebook Live on MenCare&#8217;s page\u00a0and selected workshops will be available for interactive participation via Zoom meeting. Please check back here for all&nbsp;<a class=\"read-more-link\" href=\"https:\/\/www.mencare.org\/es\/mencarelive\/\">\u2026<\/a><\/p>","protected":false},"author":173,"featured_media":0,"parent":0,"menu_order":0,"comment_status":"closed","ping_status":"closed","template":"","meta":{"footnotes":""},"class_list":["post-7003","page","type-page","status-publish","hentry"],"acf":[],"yoast_head":"<!-- This site is optimized with the Yoast SEO plugin v25.9 - https:\/\/yoast.com\/wordpress\/plugins\/seo\/ -->\n<title>#MenCareLive - MenCare<\/title>\n<meta name=\"robots\" content=\"index, follow, max-snippet:-1, max-image-preview:large, max-video-preview:-1\" \/>\n<link rel=\"canonical\" href=\"https:\/\/www.mencare.org\/es\/mencarelive\/\" \/>\n<meta property=\"og:locale\" content=\"es_MX\" \/>\n<meta property=\"og:type\" content=\"article\" \/>\n<meta property=\"og:title\" content=\"#MenCareLive - MenCare\" \/>\n<meta property=\"og:description\" content=\"Featuring live coverage of MenCare Global Meeting 2019 MenCare Coordinators are excited to share the agenda for online participation of the MenCare Global Meeting 2019! This year, all plenaries will be streamed via Facebook Live on MenCare&#8217;s page\u00a0and selected workshops will be available for interactive participation via Zoom meeting. Please check back here for all&nbsp;&hellip;\" \/>\n<meta property=\"og:url\" content=\"https:\/\/www.mencare.org\/es\/mencarelive\/\" \/>\n<meta property=\"og:site_name\" content=\"MenCare\" \/>\n<meta property=\"article:modified_time\" content=\"2019-11-18T21:56:53+00:00\" \/>\n<meta property=\"og:image\" content=\"https:\/\/www.mencare.org\/wp-content\/uploads\/2019\/11\/mencarelivebanners-01.png\" \/>\n<meta name=\"twitter:card\" content=\"summary_large_image\" \/>\n<meta name=\"twitter:label1\" content=\"Est. reading time\" \/>\n\t<meta name=\"twitter:data1\" content=\"5 minutes\" \/>\n<script type=\"application\/ld+json\" class=\"yoast-schema-graph\">{\"@context\":\"https:\/\/schema.org\",\"@graph\":[{\"@type\":\"WebPage\",\"@id\":\"https:\/\/www.mencare.org\/pt\/mencarelive\/\",\"url\":\"https:\/\/www.mencare.org\/pt\/mencarelive\/\",\"name\":\"#MenCareLive - MenCare\",\"isPartOf\":{\"@id\":\"http:\/\/www.mencare.org\/#website\"},\"primaryImageOfPage\":{\"@id\":\"https:\/\/www.mencare.org\/pt\/mencarelive\/#primaryimage\"},\"image\":{\"@id\":\"https:\/\/www.mencare.org\/pt\/mencarelive\/#primaryimage\"},\"thumbnailUrl\":\"https:\/\/www.mencare.org\/wp-content\/uploads\/2019\/11\/mencarelivebanners-01.png\",\"datePublished\":\"2019-11-08T20:10:16+00:00\",\"dateModified\":\"2019-11-18T21:56:53+00:00\",\"breadcrumb\":{\"@id\":\"https:\/\/www.mencare.org\/pt\/mencarelive\/#breadcrumb\"},\"inLanguage\":\"es-MX\",\"potentialAction\":[{\"@type\":\"ReadAction\",\"target\":[\"https:\/\/www.mencare.org\/pt\/mencarelive\/\"]}]},{\"@type\":\"ImageObject\",\"inLanguage\":\"es-MX\",\"@id\":\"https:\/\/www.mencare.org\/pt\/mencarelive\/#primaryimage\",\"url\":\"https:\/\/www.mencare.org\/wp-content\/uploads\/2019\/11\/mencarelivebanners-01.png\",\"contentUrl\":\"https:\/\/www.mencare.org\/wp-content\/uploads\/2019\/11\/mencarelivebanners-01.png\"},{\"@type\":\"BreadcrumbList\",\"@id\":\"https:\/\/www.mencare.org\/pt\/mencarelive\/#breadcrumb\",\"itemListElement\":[{\"@type\":\"ListItem\",\"position\":1,\"name\":\"Home\",\"item\":\"http:\/\/www.mencare.org\/\"},{\"@type\":\"ListItem\",\"position\":2,\"name\":\"#MenCareLive\"}]},{\"@type\":\"WebSite\",\"@id\":\"http:\/\/www.mencare.org\/#website\",\"url\":\"http:\/\/www.mencare.org\/\",\"name\":\"MenCare\",\"description\":\"A Global Fatherhood Campaign\",\"potentialAction\":[{\"@type\":\"SearchAction\",\"target\":{\"@type\":\"EntryPoint\",\"urlTemplate\":\"http:\/\/www.mencare.org\/?s={search_term_string}\"},\"query-input\":{\"@type\":\"PropertyValueSpecification\",\"valueRequired\":true,\"valueName\":\"search_term_string\"}}],\"inLanguage\":\"es-MX\"}]}<\/script>\n<!-- \/ Yoast SEO plugin. -->","yoast_head_json":{"title":"#MenCareLive - MenCare","robots":{"index":"index","follow":"follow","max-snippet":"max-snippet:-1","max-image-preview":"max-image-preview:large","max-video-preview":"max-video-preview:-1"},"canonical":"https:\/\/www.mencare.org\/es\/mencarelive\/","og_locale":"es_MX","og_type":"article","og_title":"#MenCareLive - MenCare","og_description":"Featuring live coverage of MenCare Global Meeting 2019 MenCare Coordinators are excited to share the agenda for online participation of the MenCare Global Meeting 2019! This year, all plenaries will be streamed via Facebook Live on MenCare&#8217;s page\u00a0and selected workshops will be available for interactive participation via Zoom meeting. Please check back here for all&nbsp;&hellip;","og_url":"https:\/\/www.mencare.org\/es\/mencarelive\/","og_site_name":"MenCare","article_modified_time":"2019-11-18T21:56:53+00:00","og_image":[{"url":"https:\/\/www.mencare.org\/wp-content\/uploads\/2019\/11\/mencarelivebanners-01.png","type":"","width":"","height":""}],"twitter_card":"summary_large_image","twitter_misc":{"Est. reading time":"5 minutes"},"schema":{"@context":"https:\/\/schema.org","@graph":[{"@type":"WebPage","@id":"https:\/\/www.mencare.org\/pt\/mencarelive\/","url":"https:\/\/www.mencare.org\/pt\/mencarelive\/","name":"#MenCareLive - MenCare","isPartOf":{"@id":"http:\/\/www.mencare.org\/#website"},"primaryImageOfPage":{"@id":"https:\/\/www.mencare.org\/pt\/mencarelive\/#primaryimage"},"image":{"@id":"https:\/\/www.mencare.org\/pt\/mencarelive\/#primaryimage"},"thumbnailUrl":"https:\/\/www.mencare.org\/wp-content\/uploads\/2019\/11\/mencarelivebanners-01.png","datePublished":"2019-11-08T20:10:16+00:00","dateModified":"2019-11-18T21:56:53+00:00","breadcrumb":{"@id":"https:\/\/www.mencare.org\/pt\/mencarelive\/#breadcrumb"},"inLanguage":"es-MX","potentialAction":[{"@type":"ReadAction","target":["https:\/\/www.mencare.org\/pt\/mencarelive\/"]}]},{"@type":"ImageObject","inLanguage":"es-MX","@id":"https:\/\/www.mencare.org\/pt\/mencarelive\/#primaryimage","url":"https:\/\/www.mencare.org\/wp-content\/uploads\/2019\/11\/mencarelivebanners-01.png","contentUrl":"https:\/\/www.mencare.org\/wp-content\/uploads\/2019\/11\/mencarelivebanners-01.png"},{"@type":"BreadcrumbList","@id":"https:\/\/www.mencare.org\/pt\/mencarelive\/#breadcrumb","itemListElement":[{"@type":"ListItem","position":1,"name":"Home","item":"http:\/\/www.mencare.org\/"},{"@type":"ListItem","position":2,"name":"#MenCareLive"}]},{"@type":"WebSite","@id":"http:\/\/www.mencare.org\/#website","url":"http:\/\/www.mencare.org\/","name":"Cuidado de los hombres","description":"Una campa\u00f1a mundial por la paternidad","potentialAction":[{"@type":"SearchAction","target":{"@type":"EntryPoint","urlTemplate":"http:\/\/www.mencare.org\/?s={search_term_string}"},"query-input":{"@type":"PropertyValueSpecification","valueRequired":true,"valueName":"search_term_string"}}],"inLanguage":"es-MX"}]}},"_links":{"self":[{"href":"https:\/\/www.mencare.org\/es\/wp-json\/wp\/v2\/pages\/7003","targetHints":{"allow":["GET"]}}],"collection":[{"href":"https:\/\/www.mencare.org\/es\/wp-json\/wp\/v2\/pages"}],"about":[{"href":"https:\/\/www.mencare.org\/es\/wp-json\/wp\/v2\/types\/page"}],"author":[{"embeddable":true,"href":"https:\/\/www.mencare.org\/es\/wp-json\/wp\/v2\/users\/173"}],"replies":[{"embeddable":true,"href":"https:\/\/www.mencare.org\/es\/wp-json\/wp\/v2\/comments?post=7003"}],"version-history":[{"count":1,"href":"https:\/\/www.mencare.org\/es\/wp-json\/wp\/v2\/pages\/7003\/revisions"}],"predecessor-version":[{"id":7052,"href":"https:\/\/www.mencare.org\/es\/wp-json\/wp\/v2\/pages\/7003\/revisions\/7052"}],"wp:attachment":[{"href":"https:\/\/www.mencare.org\/es\/wp-json\/wp\/v2\/media?parent=7003"}],"curies":[{"name":"wp","href":"https:\/\/api.w.org\/{rel}","templated":true}]}}