{"id":7734,"date":"2023-07-10T16:21:22","date_gmt":"2023-07-10T20:21:22","guid":{"rendered":"https:\/\/www.mencare.org\/?page_id=7734"},"modified":"2024-07-30T16:10:12","modified_gmt":"2024-07-30T20:10:12","slug":"discussion-board-registration","status":"publish","type":"page","link":"https:\/\/www.mencare.org\/es\/discussion-board-registration\/","title":{"rendered":"Registro en el foro de discusi\u00f3n"},"content":{"rendered":"<h2 class=\"wp-block-heading page-title\">Crear una cuenta<\/h2>\r\n\r\n\r\n<div class=\"tml tml-register\">\n<div class=\"tml-alerts\"><\/div><form name=\"register\" action=\"https:\/\/www.mencare.org\/es\/discussion-board-registration\/\" method=\"post\" novalidate=\"novalidate\" data-trp-original-action=\"https:\/\/www.mencare.org\/es\/discussion-board-registration\/\">\n<div class=\"tml-field-wrap tml-user_login-wrap\">\n<label class=\"tml-label\" for=\"user_login\">Nombre de usuario<\/label>\n<input name=\"user_login\" type=\"text\" value=\"\" id=\"user_login\" autocapitalize=\"off\" class=\"tml-field\">\n<\/div>\n\n<div class=\"tml-field-wrap tml-user_email-wrap\">\n<label class=\"tml-label\" for=\"user_email\">Correo electr\u00f3nico<\/label>\n<input name=\"user_email\" type=\"email\" value=\"\" id=\"user_email\" class=\"tml-field\">\n<\/div>\n\n<div class=\"tml-field-wrap tml-first_name-wrap\">\n<label class=\"tml-label\" for=\"first_name\">Nombre de pila<\/label>\n<input name=\"first_name\" type=\"text\" value=\"\" id=\"first_name\" class=\"tml-field\">\n<\/div>\n\n<div class=\"tml-field-wrap tml-last_name-wrap\">\n<label class=\"tml-label\" for=\"last_name\">Apellido<\/label>\n<input name=\"last_name\" type=\"text\" value=\"\" id=\"last_name\" class=\"tml-field\">\n<\/div>\n\n<div class=\"tml-field-wrap tml-organization-wrap\">\n<label class=\"tml-label\" for=\"organization\">Organizaci\u00f3n<\/label>\n<input name=\"organization\" type=\"text\" value=\"\" id=\"organization\" class=\"tml-field\">\n<\/div>\n\n<div class=\"tml-field-wrap tml-country-wrap\">\n<label class=\"tml-label\" for=\"country\">Pa\u00eds<\/label>\n<select name=\"country\" id=\"country\" class=\"tml-field\">\n<option value=\"\" selected=\"selected\">Seleccione un pa\u00eds<\/option>\n<option value=\"Afghanistan\">Afganist\u00e1n<\/option>\n<option value=\"Albania\">Albania<\/option>\n<option value=\"Algeria\">Argelia<\/option>\n<option value=\"American Samoa\">Samoa Americana<\/option>\n<option value=\"Andorra\">Andorra<\/option>\n<option value=\"Angola\">Angola<\/option>\n<option value=\"Anguilla\">Anguila<\/option>\n<option value=\"Antarctica\">Ant\u00e1rtida<\/option>\n<option value=\"Antigua and Barbuda\">Antigua y Barbuda<\/option>\n<option value=\"Argentina\">Argentina<\/option>\n<option value=\"Armenia\">Armenia<\/option>\n<option value=\"Aruba\">Aruba<\/option>\n<option value=\"Australia\">Australia<\/option>\n<option value=\"Austria\">Austria<\/option>\n<option value=\"Azerbaijan\">Azerbaiy\u00e1n<\/option>\n<option value=\"Bahamas\">Bahamas<\/option>\n<option value=\"Bahrain\">Bahr\u00e9in<\/option>\n<option value=\"Bangladesh\">Banglad\u00e9s<\/option>\n<option value=\"Barbados\">Barbados<\/option>\n<option value=\"Belarus\">Bielorrusia<\/option>\n<option value=\"Belgium\">B\u00e9lgica<\/option>\n<option value=\"Belize\">Belice<\/option>\n<option value=\"Benin\">Ben\u00edn<\/option>\n<option value=\"Bermuda\">islas Bermudas<\/option>\n<option value=\"Bhutan\">But\u00e1n<\/option>\n<option value=\"Bolivia\">Bolivia<\/option>\n<option value=\"Bosnia and Herzegowina\">Bosnia y Herzegovina<\/option>\n<option value=\"Botswana\">Botsuana<\/option>\n<option value=\"Bouvet Island\">Isla Bouvet<\/option>\n<option value=\"Brazil\">Brasil<\/option>\n<option value=\"British Indian Ocean Territory\">Territorio Brit\u00e1nico del Oc\u00e9ano \u00cdndico<\/option>\n<option value=\"Brunei Darussalam\">Brun\u00e9i Darussalam<\/option>\n<option value=\"Bulgaria\">Bulgaria<\/option>\n<option value=\"Burkina Faso\">Burkina Faso<\/option>\n<option value=\"Burundi\">Burundi<\/option>\n<option value=\"Cambodia\">Camboya<\/option>\n<option value=\"Cameroon\">Camer\u00fan<\/option>\n<option value=\"Canada\">Canad\u00e1<\/option>\n<option value=\"Cape Verde\">Cabo Verde<\/option>\n<option value=\"Cayman Islands\">Islas Caim\u00e1n<\/option>\n<option value=\"Central African Republic\">Rep\u00fablica Centroafricana<\/option>\n<option value=\"Chad\">Chad<\/option>\n<option value=\"Chile\">Chile<\/option>\n<option value=\"China\">Porcelana<\/option>\n<option value=\"Christmas Island\">Isla de Navidad<\/option>\n<option value=\"Cocos (Keeling) Islands\">Islas Cocos (Keeling)<\/option>\n<option value=\"Colombia\">Colombia<\/option>\n<option value=\"Comoros\">Comoras<\/option>\n<option value=\"Congo\">Congo<\/option>\n<option value=\"Congo, the Democratic Republic of the\">Congo, Rep\u00fablica Democr\u00e1tica del<\/option>\n<option value=\"Cook Islands\">Islas Cook<\/option>\n<option value=\"Costa Rica\">Costa Rica<\/option>\n<option value=\"Cote d&#039;Ivoire\">Costa de Marfil<\/option>\n<option value=\"Croatia (Hrvatska)\">Croacia (Hrvatska)<\/option>\n<option value=\"Cuba\">Cuba<\/option>\n<option value=\"Cyprus\">Chipre<\/option>\n<option value=\"Czech Republic\">Rep\u00fablica Checa<\/option>\n<option value=\"Denmark\">Dinamarca<\/option>\n<option value=\"Djibouti\">Yibuti<\/option>\n<option value=\"Dominica\">Dominica<\/option>\n<option value=\"Dominican Republic\">Rep\u00fablica Dominicana<\/option>\n<option value=\"East Timor\">Timor Oriental<\/option>\n<option value=\"Ecuador\">Ecuador<\/option>\n<option value=\"Egypt\">Egipto<\/option>\n<option value=\"El Salvador\">El Salvador<\/option>\n<option value=\"Equatorial Guinea\">Guinea Ecuatorial<\/option>\n<option value=\"Eritrea\">Eritrea<\/option>\n<option value=\"Estonia\">Estonia<\/option>\n<option value=\"Ethiopia\">Etiop\u00eda<\/option>\n<option value=\"Falkland Islands (Malvinas)\">Islas Malvinas (Falkland)<\/option>\n<option value=\"Faroe Islands\">Islas Feroe<\/option>\n<option value=\"Fiji\">Fiyi<\/option>\n<option value=\"Finland\">Finlandia<\/option>\n<option value=\"France\">Francia<\/option>\n<option value=\"France Metropolitan\">Francia Metropolitana<\/option>\n<option value=\"French Guiana\">Guayana Francesa<\/option>\n<option value=\"French Polynesia\">Polinesia Francesa<\/option>\n<option value=\"French Southern Territories\">Territorios Australes Franceses<\/option>\n<option value=\"Gabon\">Gab\u00f3n<\/option>\n<option value=\"Gambia\">Gambia<\/option>\n<option value=\"Georgia\">Georgia<\/option>\n<option value=\"Germany\">Alemania<\/option>\n<option value=\"Ghana\">Ghana<\/option>\n<option value=\"Gibraltar\">Gibraltar<\/option>\n<option value=\"Greece\">Grecia<\/option>\n<option value=\"Greenland\">Tierra Verde<\/option>\n<option value=\"Grenada\">Granada<\/option>\n<option value=\"Guadeloupe\">Guadalupe<\/option>\n<option value=\"Guam\">Guam<\/option>\n<option value=\"Guatemala\">Guatemala<\/option>\n<option value=\"Guinea\">Guinea<\/option>\n<option value=\"Guinea-Bissau\">Guinea-Bissau<\/option>\n<option value=\"Guyana\">Guayana<\/option>\n<option value=\"Haiti\">Hait\u00ed<\/option>\n<option value=\"Heard and Mc Donald Islands\">Islas Heard y Mc Donald<\/option>\n<option value=\"Holy See (Vatican City State)\">Santa Sede (Estado de la Ciudad del Vaticano)<\/option>\n<option value=\"Honduras\">Honduras<\/option>\n<option value=\"Hong Kong\">Hong Kong<\/option>\n<option value=\"Hungary\">Hungr\u00eda<\/option>\n<option value=\"Iceland\">Islandia<\/option>\n<option value=\"India\">India<\/option>\n<option value=\"Indonesia\">Indonesia<\/option>\n<option value=\"Iran (Islamic Republic of)\">Ir\u00e1n (Rep\u00fablica Isl\u00e1mica del)<\/option>\n<option value=\"Iraq\">Irak<\/option>\n<option value=\"Ireland\">Irlanda<\/option>\n<option value=\"Israel\">Israel<\/option>\n<option value=\"Italy\">Italia<\/option>\n<option value=\"Jamaica\">Jamaica<\/option>\n<option value=\"Japan\">Jap\u00f3n<\/option>\n<option value=\"Jordan\">Jord\u00e1n<\/option>\n<option value=\"Kazakhstan\">Kazajst\u00e1n<\/option>\n<option value=\"Kenya\">Kenia<\/option>\n<option value=\"Kiribati\">Kiribati<\/option>\n<option value=\"Korea, Democratic People&#039;s Republic of\">Corea, Rep\u00fablica Popular Democr\u00e1tica de<\/option>\n<option value=\"Korea, Republic of\">Corea, Rep\u00fablica de<\/option>\n<option value=\"Kuwait\">Kuwait<\/option>\n<option value=\"Kyrgyzstan\">Kirguist\u00e1n<\/option>\n<option value=\"Lao, People&#039;s Democratic Republic\">Rep\u00fablica Democr\u00e1tica Popular Lao<\/option>\n<option value=\"Latvia\">Letonia<\/option>\n<option value=\"Lebanon\">L\u00edbano<\/option>\n<option value=\"Lesotho\">Lesoto<\/option>\n<option value=\"Liberia\">Liberia<\/option>\n<option value=\"Libyan Arab Jamahiriya\">Jamahiriya \u00c1rabe Libia<\/option>\n<option value=\"Liechtenstein\">Liechtenstein<\/option>\n<option value=\"Lithuania\">Lituania<\/option>\n<option value=\"Luxembourg\">Luxemburgo<\/option>\n<option value=\"Macau\">Macao<\/option>\n<option value=\"Macedonia, The Former Yugoslav Republic of\">Macedonia, ex Rep\u00fablica Yugoslava de<\/option>\n<option value=\"Madagascar\">Madagascar<\/option>\n<option value=\"Malawi\">Malaui<\/option>\n<option value=\"Malaysia\">Malasia<\/option>\n<option value=\"Maldives\">Maldivas<\/option>\n<option value=\"Mali\">Mal\u00ed<\/option>\n<option value=\"Malta\">Malta<\/option>\n<option value=\"Marshall Islands\">Islas Marshall<\/option>\n<option value=\"Martinique\">Martinica<\/option>\n<option value=\"Mauritania\">Mauritania<\/option>\n<option value=\"Mauritius\">Mauricio<\/option>\n<option value=\"Mayotte\">Mayotte<\/option>\n<option value=\"Mexico\">M\u00e9xico<\/option>\n<option value=\"Micronesia, Federated States of\">Micronesia, Estados Federados de<\/option>\n<option value=\"Moldova, Republic of\">Rep\u00fablica de Moldavia<\/option>\n<option value=\"Monaco\">M\u00f3naco<\/option>\n<option value=\"Mongolia\">Mongolia<\/option>\n<option value=\"Montserrat\">Montserrat<\/option>\n<option value=\"Morocco\">Marruecos<\/option>\n<option value=\"Mozambique\">Mozambique<\/option>\n<option value=\"Myanmar\">Birmania<\/option>\n<option value=\"Namibia\">Namibia<\/option>\n<option value=\"Nauru\">Nauru<\/option>\n<option value=\"Nepal\">Nepal<\/option>\n<option value=\"Netherlands\">Pa\u00edses Bajos<\/option>\n<option value=\"Netherlands Antilles\">Antillas Holandesas<\/option>\n<option value=\"New Caledonia\">Nueva Caledonia<\/option>\n<option value=\"New Zealand\">Nueva Zelanda<\/option>\n<option value=\"Nicaragua\">Nicaragua<\/option>\n<option value=\"Niger\">N\u00edger<\/option>\n<option value=\"Nigeria\">Nigeria<\/option>\n<option value=\"Niue\">Niue<\/option>\n<option value=\"Norfolk Island\">Isla Norfolk<\/option>\n<option value=\"Northern Mariana Islands\">Islas Marianas del Norte<\/option>\n<option value=\"Norway\">Noruega<\/option>\n<option value=\"Oman\">Om\u00e1n<\/option>\n<option value=\"Pakistan\">Pakist\u00e1n<\/option>\n<option value=\"Palau\">Palaos<\/option>\n<option value=\"Panama\">Panam\u00e1<\/option>\n<option value=\"Papua New Guinea\">Pap\u00faa Nueva Guinea<\/option>\n<option value=\"Paraguay\">Paraguay<\/option>\n<option value=\"Peru\">Per\u00fa<\/option>\n<option value=\"Philippines\">Filipinas<\/option>\n<option value=\"Pitcairn\">Islas Pitcairn<\/option>\n<option value=\"Poland\">Polonia<\/option>\n<option value=\"Portugal\">Portugal<\/option>\n<option value=\"Puerto Rico\">Puerto Rico<\/option>\n<option value=\"Qatar\">Katar<\/option>\n<option value=\"Reunion\">Reuni\u00f3n<\/option>\n<option value=\"Romania\">Rumania<\/option>\n<option value=\"Russian Federation\">Federaci\u00f3n Rusa<\/option>\n<option value=\"Rwanda\">Ruanda<\/option>\n<option value=\"Saint Kitts and Nevis\">San Crist\u00f3bal y Nieves<\/option>\n<option value=\"Saint Lucia\">Santa Luc\u00eda<\/option>\n<option value=\"Saint Vincent and the Grenadines\">San Vicente y las Granadinas<\/option>\n<option value=\"Samoa\">Samoa<\/option>\n<option value=\"San Marino\">San Marino<\/option>\n<option value=\"Sao Tome and Principe\">Santo Tom\u00e9 y Pr\u00edncipe<\/option>\n<option value=\"Saudi Arabia\">Arabia Saudita<\/option>\n<option value=\"Senegal\">Senegal<\/option>\n<option value=\"Seychelles\">Seychelles<\/option>\n<option value=\"Sierra Leone\">Sierra Leona<\/option>\n<option value=\"Singapore\">Singapur<\/option>\n<option value=\"Slovakia (Slovak Republic)\">Eslovaquia (Rep\u00fablica Eslovaca)<\/option>\n<option value=\"Slovenia\">Eslovenia<\/option>\n<option value=\"Solomon Islands\">Islas Salom\u00f3n<\/option>\n<option value=\"Somalia\">Somalia<\/option>\n<option value=\"South Africa\">Sud\u00e1frica<\/option>\n<option value=\"South Georgia and the South Sandwich Islands\">Islas Georgias del Sur y Sandwich del Sur<\/option>\n<option value=\"Spain\">Espa\u00f1a<\/option>\n<option value=\"Sri Lanka\">Sri Lanka<\/option>\n<option value=\"St. Helena\">Santa Elena<\/option>\n<option value=\"St. Pierre and Miquelon\">San Pedro y Miquel\u00f3n<\/option>\n<option value=\"Sudan\">Sud\u00e1n<\/option>\n<option value=\"Suriname\">Surinam<\/option>\n<option value=\"Svalbard and Jan Mayen Islands\">Islas Svalbard y Jan Mayen<\/option>\n<option value=\"Swaziland\">Suazilandia<\/option>\n<option value=\"Sweden\">Suecia<\/option>\n<option value=\"Switzerland\">Suiza<\/option>\n<option value=\"Syrian Arab Republic\">Rep\u00fablica \u00c1rabe Siria<\/option>\n<option value=\"Taiwan, Province of China\">Taiw\u00e1n, provincia de China<\/option>\n<option value=\"Tajikistan\">Tayikist\u00e1n<\/option>\n<option value=\"Tanzania, United Republic of\">Tanzan\u00eda, Rep\u00fablica Unida de<\/option>\n<option value=\"Thailand\">Tailandia<\/option>\n<option value=\"Togo\">Togo<\/option>\n<option value=\"Tokelau\">Tokelau<\/option>\n<option value=\"Tonga\">Tonga<\/option>\n<option value=\"Trinidad and Tobago\">Trinidad y Tobago<\/option>\n<option value=\"Tunisia\">T\u00fanez<\/option>\n<option value=\"Turkey\">Pavo<\/option>\n<option value=\"Turkmenistan\">Turkmenist\u00e1n<\/option>\n<option value=\"Turks and Caicos Islands\">Islas Turcas y Caicos<\/option>\n<option value=\"Tuvalu\">Tuvalu<\/option>\n<option value=\"Uganda\">Uganda<\/option>\n<option value=\"Ukraine\">Ucrania<\/option>\n<option value=\"United Arab Emirates\">Emiratos \u00c1rabes Unidos<\/option>\n<option value=\"United Kingdom\">Reino Unido<\/option>\n<option value=\"United States\">Estados Unidos<\/option>\n<option value=\"United States Minor Outlying Islands\">Islas menores alejadas de los Estados Unidos<\/option>\n<option value=\"Uruguay\">Uruguay<\/option>\n<option value=\"Uzbekistan\">Uzbekist\u00e1n<\/option>\n<option value=\"Vanuatu\">Vanuatu<\/option>\n<option value=\"Venezuela\">Venezuela<\/option>\n<option value=\"Vietnam\">Vietnam<\/option>\n<option value=\"Virgin Islands (British)\">Islas V\u00edrgenes Brit\u00e1nicas<\/option>\n<option value=\"Virgin Islands (U.S.)\">Islas V\u00edrgenes de los Estados Unidos<\/option>\n<option value=\"Wallis and Futuna Islands\">Islas Wallis y Futuna<\/option>\n<option value=\"Western Sahara\">Sahara Occidental<\/option>\n<option value=\"Yemen\">Yemen<\/option>\n<option value=\"Yugoslavia\">Yugoslavia<\/option>\n<option value=\"Zambia\">Zambia<\/option>\n<option value=\"Zimbabwe\">Zimbabue<\/option>\n<\/select>\n<\/div>\n\n<div class=\"tml-field-wrap tml-user_pass1-wrap\">\n<label class=\"tml-label\" for=\"pass1\">Contrase\u00f1a<\/label>\n<input name=\"user_pass1\" type=\"password\" value=\"\" id=\"pass1\" autocomplete=\"off\" class=\"tml-field\">\n<\/div>\n\n<div class=\"tml-field-wrap tml-user_pass2-wrap\">\n<label class=\"tml-label\" for=\"pass2\">confirmar Contrase\u00f1a<\/label>\n<input name=\"user_pass2\" type=\"password\" value=\"\" id=\"pass2\" autocomplete=\"off\" class=\"tml-field\">\n<\/div>\n\n<div class=\"tml-field-wrap tml-indicator-wrap\">\n<div id=\"pass-strength-result\" class=\"hide-if-no-js\" aria-live=\"polite\">Indicador de fuerza<\/div><\/div>\n\n<div class=\"tml-field-wrap tml-indicator_hint-wrap\">\n<p class=\"description indicator-hint\">Consejo: La contrase\u00f1a debe tener al menos doce caracteres. Para que sea m\u00e1s segura, utilice letras may\u00fasculas y min\u00fasculas, n\u00fameros y s\u00edmbolos como ! &quot; ? $ % ^ &amp; ).<\/p><\/div>\n\n<input type=\"hidden\" name=\"g-recaptcha-response\" class=\"itsec-g-recaptcha\" data-action=\"register\">\n<div class=\"tml-field-wrap tml-submit-wrap\">\n<button name=\"submit\" type=\"submit\" class=\"tml-button\">Crear una cuenta<\/button>\n<\/div>\n\n<input name=\"redirect_to\" type=\"hidden\" value=\"https:\/\/www.mencare.org\/es\/discussion-board-login\/?pending=activation\">\n\n<input type=\"hidden\" name=\"trp-form-language\" value=\"es\"\/><\/form>\n<ul class=\"tml-links\"><li class=\"tml-login-link\"><a href=\"https:\/\/www.mencare.org\/es\/discussion-board-login\/\">\u00bfYa tienes una cuenta? Iniciar sesi\u00f3n<\/a><\/li><li class=\"tml-lostpassword-link\"><a href=\"https:\/\/www.mencare.org\/es\/lostpassword\/\">Has olvidado tu contrase\u00f1a<\/a><\/li><\/ul><\/div>","protected":false},"excerpt":{"rendered":"<p>Crear una cuenta<\/p>","protected":false},"author":178,"featured_media":0,"parent":0,"menu_order":0,"comment_status":"closed","ping_status":"closed","template":"forum-template.php","meta":{"footnotes":""},"class_list":["post-7734","page","type-page","status-publish","hentry"],"acf":[],"yoast_head":"<!-- This site is optimized with the Yoast SEO plugin v25.9 - https:\/\/yoast.com\/wordpress\/plugins\/seo\/ -->\n<title>Discussion Board Registration - MenCare<\/title>\n<meta name=\"robots\" content=\"index, follow, max-snippet:-1, max-image-preview:large, max-video-preview:-1\" \/>\n<link rel=\"canonical\" href=\"https:\/\/www.mencare.org\/es\/discussion-board-registration\/\" \/>\n<meta property=\"og:locale\" content=\"es_MX\" \/>\n<meta property=\"og:type\" content=\"article\" \/>\n<meta property=\"og:title\" content=\"Discussion Board Registration - MenCare\" \/>\n<meta property=\"og:description\" content=\"Create an Account\" \/>\n<meta property=\"og:url\" content=\"https:\/\/www.mencare.org\/es\/discussion-board-registration\/\" \/>\n<meta property=\"og:site_name\" content=\"MenCare\" \/>\n<meta property=\"article:modified_time\" content=\"2024-07-30T20:10:12+00:00\" \/>\n<meta name=\"twitter:card\" content=\"summary_large_image\" \/>\n<meta name=\"twitter:label1\" content=\"Est. reading time\" \/>\n\t<meta name=\"twitter:data1\" content=\"1 minute\" \/>\n<script type=\"application\/ld+json\" class=\"yoast-schema-graph\">{\"@context\":\"https:\/\/schema.org\",\"@graph\":[{\"@type\":\"WebPage\",\"@id\":\"https:\/\/www.mencare.org\/es\/discussion-board-registration\/\",\"url\":\"https:\/\/www.mencare.org\/es\/discussion-board-registration\/\",\"name\":\"Discussion Board Registration - MenCare\",\"isPartOf\":{\"@id\":\"http:\/\/www.mencare.org\/pt\/#website\"},\"datePublished\":\"2023-07-10T20:21:22+00:00\",\"dateModified\":\"2024-07-30T20:10:12+00:00\",\"breadcrumb\":{\"@id\":\"https:\/\/www.mencare.org\/es\/discussion-board-registration\/#breadcrumb\"},\"inLanguage\":\"es-MX\",\"potentialAction\":[{\"@type\":\"ReadAction\",\"target\":[\"https:\/\/www.mencare.org\/es\/discussion-board-registration\/\"]}]},{\"@type\":\"BreadcrumbList\",\"@id\":\"https:\/\/www.mencare.org\/es\/discussion-board-registration\/#breadcrumb\",\"itemListElement\":[{\"@type\":\"ListItem\",\"position\":1,\"name\":\"Home\",\"item\":\"http:\/\/www.mencare.org\/pt\/\"},{\"@type\":\"ListItem\",\"position\":2,\"name\":\"Discussion Board Registration\"}]},{\"@type\":\"WebSite\",\"@id\":\"http:\/\/www.mencare.org\/pt\/#website\",\"url\":\"http:\/\/www.mencare.org\/pt\/\",\"name\":\"MenCare\",\"description\":\"A Global Fatherhood Campaign\",\"potentialAction\":[{\"@type\":\"SearchAction\",\"target\":{\"@type\":\"EntryPoint\",\"urlTemplate\":\"http:\/\/www.mencare.org\/pt\/?s={search_term_string}\"},\"query-input\":{\"@type\":\"PropertyValueSpecification\",\"valueRequired\":true,\"valueName\":\"search_term_string\"}}],\"inLanguage\":\"es-MX\"}]}<\/script>\n<!-- \/ Yoast SEO plugin. -->","yoast_head_json":{"title":"Discussion Board Registration - MenCare","robots":{"index":"index","follow":"follow","max-snippet":"max-snippet:-1","max-image-preview":"max-image-preview:large","max-video-preview":"max-video-preview:-1"},"canonical":"https:\/\/www.mencare.org\/es\/discussion-board-registration\/","og_locale":"es_MX","og_type":"article","og_title":"Discussion Board Registration - MenCare","og_description":"Create an Account","og_url":"https:\/\/www.mencare.org\/es\/discussion-board-registration\/","og_site_name":"MenCare","article_modified_time":"2024-07-30T20:10:12+00:00","twitter_card":"summary_large_image","twitter_misc":{"Est. reading time":"1 minute"},"schema":{"@context":"https:\/\/schema.org","@graph":[{"@type":"WebPage","@id":"https:\/\/www.mencare.org\/es\/discussion-board-registration\/","url":"https:\/\/www.mencare.org\/es\/discussion-board-registration\/","name":"Discussion Board Registration - MenCare","isPartOf":{"@id":"http:\/\/www.mencare.org\/pt\/#website"},"datePublished":"2023-07-10T20:21:22+00:00","dateModified":"2024-07-30T20:10:12+00:00","breadcrumb":{"@id":"https:\/\/www.mencare.org\/es\/discussion-board-registration\/#breadcrumb"},"inLanguage":"es-MX","potentialAction":[{"@type":"ReadAction","target":["https:\/\/www.mencare.org\/es\/discussion-board-registration\/"]}]},{"@type":"BreadcrumbList","@id":"https:\/\/www.mencare.org\/es\/discussion-board-registration\/#breadcrumb","itemListElement":[{"@type":"ListItem","position":1,"name":"Home","item":"http:\/\/www.mencare.org\/pt\/"},{"@type":"ListItem","position":2,"name":"Discussion Board Registration"}]},{"@type":"WebSite","@id":"http:\/\/www.mencare.org\/pt\/#website","url":"http:\/\/www.mencare.org\/pt\/","name":"Cuidado de los hombres","description":"Una campa\u00f1a mundial por la paternidad","potentialAction":[{"@type":"SearchAction","target":{"@type":"EntryPoint","urlTemplate":"http:\/\/www.mencare.org\/pt\/?s={search_term_string}"},"query-input":{"@type":"PropertyValueSpecification","valueRequired":true,"valueName":"search_term_string"}}],"inLanguage":"es-MX"}]}},"_links":{"self":[{"href":"https:\/\/www.mencare.org\/es\/wp-json\/wp\/v2\/pages\/7734","targetHints":{"allow":["GET"]}}],"collection":[{"href":"https:\/\/www.mencare.org\/es\/wp-json\/wp\/v2\/pages"}],"about":[{"href":"https:\/\/www.mencare.org\/es\/wp-json\/wp\/v2\/types\/page"}],"author":[{"embeddable":true,"href":"https:\/\/www.mencare.org\/es\/wp-json\/wp\/v2\/users\/178"}],"replies":[{"embeddable":true,"href":"https:\/\/www.mencare.org\/es\/wp-json\/wp\/v2\/comments?post=7734"}],"version-history":[{"count":2,"href":"https:\/\/www.mencare.org\/es\/wp-json\/wp\/v2\/pages\/7734\/revisions"}],"predecessor-version":[{"id":7746,"href":"https:\/\/www.mencare.org\/es\/wp-json\/wp\/v2\/pages\/7734\/revisions\/7746"}],"wp:attachment":[{"href":"https:\/\/www.mencare.org\/es\/wp-json\/wp\/v2\/media?parent=7734"}],"curies":[{"name":"wp","href":"https:\/\/api.w.org\/{rel}","templated":true}]}}