{"id":1862,"date":"2015-05-26T14:17:11","date_gmt":"2015-05-26T14:17:11","guid":{"rendered":"https:\/\/www.mencare.org\/?page_id=1862"},"modified":"2015-05-26T14:17:11","modified_gmt":"2015-05-26T14:17:11","slug":"media-campaigns","status":"publish","type":"page","link":"https:\/\/www.mencare.org\/pt\/what-we-do\/media-campaigns\/","title":{"rendered":"Campanhas de m\u00eddia"},"content":{"rendered":"<div class=\"radius-fix\"><img loading=\"lazy\" decoding=\"async\" class=\"alignleft size-full wp-image-2846\" src=\"https:\/\/www.mencare.org\/wp-content\/uploads\/2015\/05\/Media-Campaigns-Posters.jpg\" alt=\"Media-Campaigns-Posters\" width=\"1000\" height=\"357\" \/><\/div>\n<p>As campanhas de m\u00eddia da MenCare, adaptadas ao redor do mundo, inspiram os homens, suas fam\u00edlias e suas comunidades a apoiar o cuidado masculino. A MenCare fornece conte\u00fado global e conselhos sobre adapta\u00e7\u00e3o para organiza\u00e7\u00f5es locais usarem e adaptarem \u00e0s suas culturas e contextos. Os parceiros adaptaram e criaram an\u00fancios de TV, p\u00f4steres, slogans, fotos, an\u00fancios de r\u00e1dio e an\u00fancios para grupos de pais locais.<\/p>\n<p>Do Brasil e Nicar\u00e1gua a Ruanda, \u00c1frica do Sul e Sri Lanka, os parceiros da MenCare produziram curtas-metragens que contam hist\u00f3rias poderosas de homens superando a viol\u00eancia, traumas de inf\u00e2ncia e combatendo normas de g\u00eanero para se tornarem pais e cuidadores engajados.<\/p>\n<p><iframe loading=\"lazy\" title=\"MenCare - Junte-se ao movimento\" src=\"https:\/\/player.vimeo.com\/video\/75783707?dnt=1&amp;app_id=122963\" width=\"500\" height=\"281\" frameborder=\"0\" allow=\"autoplay; fullscreen; picture-in-picture; clipboard-write\"><\/iframe><\/p>\n<p>Os parceiros da MenCare em cinco continentes tornaram a campanha sua ao criar e adaptar p\u00f4steres aos seus contextos e culturas. Os p\u00f4steres usam imagens e mensagens positivas que falam diretamente aos pais, encorajando-os a se verem da maneira que seus filhos os veem: a ver o potencial, a import\u00e2ncia e as responsabilidades da paternidade.<\/p>\n<p>Na \u00c1frica do Sul, os parceiros da MenCare usam o r\u00e1dio para falar sobre paternidade, a situa\u00e7\u00e3o atual dos pais e o que \u00e9 preciso para ser um \u00f3timo pai. Na Indon\u00e9sia, celebridades trouxeram aten\u00e7\u00e3o para a campanha na TV, enquanto no Sri Lanka, os comerciais televisionados alcan\u00e7aram 40% dos telespectadores regulares do pa\u00eds.<\/p>\n<p>Saiba mais sobre as campanhas de m\u00eddia desenvolvidas pelos parceiros da MenCare assistindo ao nosso <a href=\"\/pt\/resources\/?type=videos\">filmes<\/a>, visualizando nosso <a href=\"\/pt\/resources\/?type=posters\">cartazes<\/a>, e explorando as \u00faltimas atualiza\u00e7\u00f5es da campanha em nosso <a href=\"\/pt\/news\/\">blog<\/a>!<\/p>","protected":false},"excerpt":{"rendered":"<p>MenCare&#8217;s media campaigns, adapted around the world, inspire men, their families, and their communities to support men\u2019s caregiving. MenCare provides global content and advice on adaptation for local organizations to use and tailor to their cultures and contexts. Partners have adapted and created TV advertisements, posters, slogans, photos, radio advertisements, and advertisements for local fathers\u2019&nbsp;<a class=\"read-more-link\" href=\"https:\/\/www.mencare.org\/pt\/what-we-do\/media-campaigns\/\">\u2026<\/a><\/p>","protected":false},"author":178,"featured_media":0,"parent":1856,"menu_order":3,"comment_status":"open","ping_status":"open","template":"","meta":{"footnotes":""},"class_list":["post-1862","page","type-page","status-publish","hentry"],"acf":[],"yoast_head":"<!-- This site is optimized with the Yoast SEO plugin v25.9 - https:\/\/yoast.com\/wordpress\/plugins\/seo\/ -->\n<title>Media Campaigns - MenCare<\/title>\n<meta name=\"robots\" content=\"index, follow, max-snippet:-1, max-image-preview:large, max-video-preview:-1\" \/>\n<link rel=\"canonical\" href=\"https:\/\/www.mencare.org\/pt\/what-we-do\/media-campaigns\/\" \/>\n<meta property=\"og:locale\" content=\"pt_BR\" \/>\n<meta property=\"og:type\" content=\"article\" \/>\n<meta property=\"og:title\" content=\"Media Campaigns - MenCare\" \/>\n<meta property=\"og:description\" content=\"MenCare&#8217;s media campaigns, adapted around the world, inspire men, their families, and their communities to support men\u2019s caregiving. MenCare provides global content and advice on adaptation for local organizations to use and tailor to their cultures and contexts. Partners have adapted and created TV advertisements, posters, slogans, photos, radio advertisements, and advertisements for local fathers\u2019&nbsp;&hellip;\" \/>\n<meta property=\"og:url\" content=\"https:\/\/www.mencare.org\/pt\/what-we-do\/media-campaigns\/\" \/>\n<meta property=\"og:site_name\" content=\"MenCare\" \/>\n<meta property=\"og:image\" content=\"https:\/\/www.mencare.org\/wp-content\/uploads\/2015\/05\/Media-Campaigns-Posters.jpg\" \/>\n<meta name=\"twitter:card\" content=\"summary_large_image\" \/>\n<meta name=\"twitter:label1\" content=\"Est. reading time\" \/>\n\t<meta name=\"twitter:data1\" content=\"1 minute\" \/>\n<script type=\"application\/ld+json\" class=\"yoast-schema-graph\">{\"@context\":\"https:\/\/schema.org\",\"@graph\":[{\"@type\":\"WebPage\",\"@id\":\"https:\/\/www.mencare.org\/pt\/what-we-do\/media-campaigns\/\",\"url\":\"https:\/\/www.mencare.org\/pt\/what-we-do\/media-campaigns\/\",\"name\":\"Media Campaigns - MenCare\",\"isPartOf\":{\"@id\":\"https:\/\/www.mencare.org\/#website\"},\"primaryImageOfPage\":{\"@id\":\"https:\/\/www.mencare.org\/pt\/what-we-do\/media-campaigns\/#primaryimage\"},\"image\":{\"@id\":\"https:\/\/www.mencare.org\/pt\/what-we-do\/media-campaigns\/#primaryimage\"},\"thumbnailUrl\":\"https:\/\/www.mencare.org\/wp-content\/uploads\/2015\/05\/Media-Campaigns-Posters.jpg\",\"datePublished\":\"2015-05-26T14:17:11+00:00\",\"breadcrumb\":{\"@id\":\"https:\/\/www.mencare.org\/pt\/what-we-do\/media-campaigns\/#breadcrumb\"},\"inLanguage\":\"pt-BR\",\"potentialAction\":[{\"@type\":\"ReadAction\",\"target\":[\"https:\/\/www.mencare.org\/pt\/what-we-do\/media-campaigns\/\"]}]},{\"@type\":\"ImageObject\",\"inLanguage\":\"pt-BR\",\"@id\":\"https:\/\/www.mencare.org\/pt\/what-we-do\/media-campaigns\/#primaryimage\",\"url\":\"https:\/\/www.mencare.org\/wp-content\/uploads\/2015\/05\/Media-Campaigns-Posters.jpg\",\"contentUrl\":\"https:\/\/www.mencare.org\/wp-content\/uploads\/2015\/05\/Media-Campaigns-Posters.jpg\"},{\"@type\":\"BreadcrumbList\",\"@id\":\"https:\/\/www.mencare.org\/pt\/what-we-do\/media-campaigns\/#breadcrumb\",\"itemListElement\":[{\"@type\":\"ListItem\",\"position\":1,\"name\":\"Home\",\"item\":\"https:\/\/www.mencare.org\/\"},{\"@type\":\"ListItem\",\"position\":2,\"name\":\"What We Do\",\"item\":\"https:\/\/www.mencare.org\/pt\/what-we-do\/\"},{\"@type\":\"ListItem\",\"position\":3,\"name\":\"Media Campaigns\"}]},{\"@type\":\"WebSite\",\"@id\":\"https:\/\/www.mencare.org\/#website\",\"url\":\"https:\/\/www.mencare.org\/\",\"name\":\"MenCare\",\"description\":\"A Global Fatherhood Campaign\",\"potentialAction\":[{\"@type\":\"SearchAction\",\"target\":{\"@type\":\"EntryPoint\",\"urlTemplate\":\"https:\/\/www.mencare.org\/?s={search_term_string}\"},\"query-input\":{\"@type\":\"PropertyValueSpecification\",\"valueRequired\":true,\"valueName\":\"search_term_string\"}}],\"inLanguage\":\"pt-BR\"}]}<\/script>\n<!-- \/ Yoast SEO plugin. -->","yoast_head_json":{"title":"Media Campaigns - MenCare","robots":{"index":"index","follow":"follow","max-snippet":"max-snippet:-1","max-image-preview":"max-image-preview:large","max-video-preview":"max-video-preview:-1"},"canonical":"https:\/\/www.mencare.org\/pt\/what-we-do\/media-campaigns\/","og_locale":"pt_BR","og_type":"article","og_title":"Media Campaigns - MenCare","og_description":"MenCare&#8217;s media campaigns, adapted around the world, inspire men, their families, and their communities to support men\u2019s caregiving. MenCare provides global content and advice on adaptation for local organizations to use and tailor to their cultures and contexts. Partners have adapted and created TV advertisements, posters, slogans, photos, radio advertisements, and advertisements for local fathers\u2019&nbsp;&hellip;","og_url":"https:\/\/www.mencare.org\/pt\/what-we-do\/media-campaigns\/","og_site_name":"MenCare","og_image":[{"url":"https:\/\/www.mencare.org\/wp-content\/uploads\/2015\/05\/Media-Campaigns-Posters.jpg","type":"","width":"","height":""}],"twitter_card":"summary_large_image","twitter_misc":{"Est. reading time":"1 minute"},"schema":{"@context":"https:\/\/schema.org","@graph":[{"@type":"WebPage","@id":"https:\/\/www.mencare.org\/pt\/what-we-do\/media-campaigns\/","url":"https:\/\/www.mencare.org\/pt\/what-we-do\/media-campaigns\/","name":"Media Campaigns - MenCare","isPartOf":{"@id":"https:\/\/www.mencare.org\/#website"},"primaryImageOfPage":{"@id":"https:\/\/www.mencare.org\/pt\/what-we-do\/media-campaigns\/#primaryimage"},"image":{"@id":"https:\/\/www.mencare.org\/pt\/what-we-do\/media-campaigns\/#primaryimage"},"thumbnailUrl":"https:\/\/www.mencare.org\/wp-content\/uploads\/2015\/05\/Media-Campaigns-Posters.jpg","datePublished":"2015-05-26T14:17:11+00:00","breadcrumb":{"@id":"https:\/\/www.mencare.org\/pt\/what-we-do\/media-campaigns\/#breadcrumb"},"inLanguage":"pt-BR","potentialAction":[{"@type":"ReadAction","target":["https:\/\/www.mencare.org\/pt\/what-we-do\/media-campaigns\/"]}]},{"@type":"ImageObject","inLanguage":"pt-BR","@id":"https:\/\/www.mencare.org\/pt\/what-we-do\/media-campaigns\/#primaryimage","url":"https:\/\/www.mencare.org\/wp-content\/uploads\/2015\/05\/Media-Campaigns-Posters.jpg","contentUrl":"https:\/\/www.mencare.org\/wp-content\/uploads\/2015\/05\/Media-Campaigns-Posters.jpg"},{"@type":"BreadcrumbList","@id":"https:\/\/www.mencare.org\/pt\/what-we-do\/media-campaigns\/#breadcrumb","itemListElement":[{"@type":"ListItem","position":1,"name":"Home","item":"https:\/\/www.mencare.org\/"},{"@type":"ListItem","position":2,"name":"What We Do","item":"https:\/\/www.mencare.org\/pt\/what-we-do\/"},{"@type":"ListItem","position":3,"name":"Media Campaigns"}]},{"@type":"WebSite","@id":"https:\/\/www.mencare.org\/#website","url":"https:\/\/www.mencare.org\/","name":"Cuidados com os homens","description":"Uma Campanha Global de Paternidade","potentialAction":[{"@type":"SearchAction","target":{"@type":"EntryPoint","urlTemplate":"https:\/\/www.mencare.org\/?s={search_term_string}"},"query-input":{"@type":"PropertyValueSpecification","valueRequired":true,"valueName":"search_term_string"}}],"inLanguage":"pt-BR"}]}},"_links":{"self":[{"href":"https:\/\/www.mencare.org\/pt\/wp-json\/wp\/v2\/pages\/1862","targetHints":{"allow":["GET"]}}],"collection":[{"href":"https:\/\/www.mencare.org\/pt\/wp-json\/wp\/v2\/pages"}],"about":[{"href":"https:\/\/www.mencare.org\/pt\/wp-json\/wp\/v2\/types\/page"}],"author":[{"embeddable":true,"href":"https:\/\/www.mencare.org\/pt\/wp-json\/wp\/v2\/users\/178"}],"replies":[{"embeddable":true,"href":"https:\/\/www.mencare.org\/pt\/wp-json\/wp\/v2\/comments?post=1862"}],"version-history":[{"count":0,"href":"https:\/\/www.mencare.org\/pt\/wp-json\/wp\/v2\/pages\/1862\/revisions"}],"up":[{"embeddable":true,"href":"https:\/\/www.mencare.org\/pt\/wp-json\/wp\/v2\/pages\/1856"}],"wp:attachment":[{"href":"https:\/\/www.mencare.org\/pt\/wp-json\/wp\/v2\/media?parent=1862"}],"curies":[{"name":"wp","href":"https:\/\/api.w.org\/{rel}","templated":true}]}}