{"id":1864,"date":"2015-05-26T14:19:00","date_gmt":"2015-05-26T14:19:00","guid":{"rendered":"https:\/\/www.mencare.org\/?page_id=1864"},"modified":"2020-07-07T11:23:18","modified_gmt":"2020-07-07T15:23:18","slug":"program-p","status":"publish","type":"page","link":"https:\/\/www.mencare.org\/pt\/what-we-do\/programming\/program-p\/","title":{"rendered":"Programa P"},"content":{"rendered":"<div class=\"radius-fix\"><img loading=\"lazy\" decoding=\"async\" class=\"aligncenter size-full wp-image-2853\" src=\"https:\/\/www.mencare.org\/wp-content\/uploads\/2015\/05\/Program-P-All-Adaptations.jpg\" alt=\"Program-P-All-Adaptations\" width=\"1000\" height=\"347\" \/><\/div>\n<p>O programa P tem o nome de <em>padre<\/em> e <em>pai<\/em>, as palavras para <em>pai<\/em> em espanhol e portugu\u00eas. Ele fornece uma resposta direta e direcionada \u00e0 necessidade de estrat\u00e9gias concretas para envolver os homens na paternidade ativa desde o pr\u00e9-natal at\u00e9 o parto, nascimento e os primeiros anos de vida de seus filhos.<\/p>\n<p>De autoria dos parceiros da MenCare <a href=\"http:\/\/www.redmasnicaragua.org\/\" target=\"_blank\" rel=\"noopener\">Vermelho de Masculinidade pela Igualdade de G\u00eanero (REDMAS)<\/a>, <a href=\"https:\/\/www.equimundo.org\/\" target=\"_blank\" rel=\"noopener\">Equimundo<\/a>, e <a href=\"http:\/\/www.eme.cl\/\" target=\"_blank\" rel=\"noopener\">Funda\u00e7\u00e3o CulturaSalud\/EME<\/a>, O Programa P tem tr\u00eas componentes: oferecer informa\u00e7\u00f5es e ferramentas para provedores de assist\u00eancia m\u00e9dica, desenvolver atividades em grupo para pais e casais e fornecer orienta\u00e7\u00e3o para elaborar campanhas comunit\u00e1rias. Ao mirar em homens, principalmente por meio do setor de sa\u00fade, o Programa P envolve pais e suas parceiras em um momento cr\u00edtico \u2013 geralmente durante a gravidez de suas parceiras \u2013 quando eles est\u00e3o abertos a adotar novos comportamentos de cuidado.<\/p>\n<p>Mais especificamente, o <a href=\"\/pt\/resources\/program-p\/\">Manual do programa P<\/a> cont\u00e9m:<\/p>\n<ul>\n<li><strong>Introdu\u00e7\u00e3o<\/strong>: Pesquisa de base sobre os dados mais recentes sobre por que envolver homens como cuidadores \u00e9 uma parte essencial da sa\u00fade materna e da igualdade de g\u00eanero.<\/li>\n<li><strong>Se\u00e7\u00e3o 1<\/strong>: Um guia para profissionais de sa\u00fade sobre como envolver os homens no espa\u00e7o de consulta pr\u00e9-natal e nas cl\u00ednicas de sa\u00fade prim\u00e1ria.<\/li>\n<li><strong>Se\u00e7\u00e3o 2<\/strong>:<strong>\u00a0<\/strong>Uma s\u00e9rie de m\u00f3dulos interativos para educa\u00e7\u00e3o em grupo transformadora de g\u00eanero com homens e, em alguns casos, com suas parceiras.<\/li>\n<li><strong>Se\u00e7\u00e3o 3<\/strong>: Um guia passo a passo para criar e lan\u00e7ar uma campanha comunit\u00e1ria MenCare.<\/li>\n<\/ul>\n<p>Trabalhar com homens como pais \u00e9 um ponto de entrada fundamental para discutir assuntos sens\u00edveis em torno de normas tradicionais de g\u00eanero e a maneira como essas normas impactam negativamente as comunidades. Por meio de guias de discuss\u00e3o, dramatiza\u00e7\u00f5es e atividades pr\u00e1ticas (como aprender a trocar fraldas), os homens e suas parceiras s\u00e3o encorajados a discutir e desafiar normas tradicionais masculinas e de g\u00eanero injustas e a praticar comportamentos sociais mais positivos em suas fam\u00edlias e comunidades.<\/p>\n<p>Com o apoio do Minist\u00e9rio das Rela\u00e7\u00f5es Exteriores da Holanda, o Programa P foi adaptado no Brasil, Indon\u00e9sia, Ruanda e \u00c1frica do Sul, tanto em ambientes rurais como urbanos, como parte do <a href=\"\/pt\/what-we-do\/programming\/mencare\/\">Cuidados Masculinos+<\/a> programa. MenCare+, uma colabora\u00e7\u00e3o entre Equimundo e Rutgers, \u00e9 um programa multicomponente que trabalha em n\u00edveis individual, comunit\u00e1rio e pol\u00edtico para envolver homens e mulheres como parceiros na sa\u00fade materna, neonatal e infantil; na sa\u00fade e direitos sexuais e reprodutivos; e na preven\u00e7\u00e3o da viol\u00eancia.<\/p>\n<p>Resultados de um <a href=\"https:\/\/www.mencare.org\/pt\/resources\/gender-transformative-bandebereho-couples-intervention-to-promote-male-engagement-in-reproductive-and-maternal-health-and-violence-prevention-in-rwanda-findings-from-a-randomized-controlled-trial\/\">ensaio cl\u00ednico randomizado<\/a>\u00a0(RCT) do Programa P em Ruanda, lan\u00e7ado em 2018, revela impactos poderosos dessa programa\u00e7\u00e3o direcionada e transformadora de g\u00eanero em resultados de sa\u00fade e viol\u00eancia. Os resultados mostram que quase dois anos ap\u00f3s participar do programa, os homens t\u00eam quase metade da probabilidade de usar viol\u00eancia contra suas parceiras e passam quase uma hora a mais por dia fazendo tarefas dom\u00e9sticas.<\/p>\n<p>Os resultados qualitativos da implementa\u00e7\u00e3o do Programa P tamb\u00e9m mostraram mudan\u00e7as positivas nas vidas dos homens e suas fam\u00edlias. Pais jovens na Nicar\u00e1gua, um dos locais onde o Programa P foi testado, relataram relacionamentos melhorados com seus filhos e parceiros, bem como maior participa\u00e7\u00e3o no trabalho dom\u00e9stico e no cuidado das crian\u00e7as. Al\u00e9m disso, em uma parceria entre a World Education e a Equimundo, homens no Sri Lanka aprenderam a administrar emo\u00e7\u00f5es dif\u00edceis e relataram uma diminui\u00e7\u00e3o no abuso de subst\u00e2ncias entre eles e seus parceiros. Al\u00e9m disso, muitos dos homens e funcion\u00e1rios envolvidos continuaram a espalhar as mensagens do programa por suas comunidades e recrutaram outros homens para participar.<\/p>\n<p>O Programa P tamb\u00e9m foi adaptado para pais e casais libaneses e s\u00edrios em Beirute, com foco especial no desenvolvimento da primeira inf\u00e2ncia (ECD). No total, o Programa P foi adaptado em mais de 15 pa\u00edses.<\/p>\n<p>Baixe o manual completo do Programa P em ingl\u00eas e suas adapta\u00e7\u00f5es em \u00e1rabe, espanhol, portugu\u00eas e russo\u00a0<a href=\"\/pt\/resources\/program-p\/\">aqui<\/a>.<\/p>\n<h6><iframe loading=\"lazy\" src=\"https:\/\/www.bbc.com\/news\/av\/embed\/p08h9n9w\/53093426\" width=\"400\" height=\"500\" frameborder=\"0\"><\/iframe><br \/>\nA interven\u00e7\u00e3o Bandebereho (ou \u201cmodelo\u201d) em Ruanda foi baseada no Programa P e faz parte da campanha global de paternidade MenCare.<\/h6>","protected":false},"excerpt":{"rendered":"<p>Program P is named after padre and pai, the words for father in Spanish and Portuguese. It provides a direct and targeted response to the need for concrete strategies to engage men in active fatherhood from prenatal care through delivery, childbirth, and their children\u2019s early years. Authored by MenCare partners Red de Masculinidad por la&nbsp;<a class=\"read-more-link\" href=\"https:\/\/www.mencare.org\/pt\/what-we-do\/programming\/program-p\/\">\u2026<\/a><\/p>","protected":false},"author":178,"featured_media":0,"parent":1858,"menu_order":1,"comment_status":"open","ping_status":"open","template":"","meta":{"footnotes":""},"class_list":["post-1864","page","type-page","status-publish","hentry"],"acf":[],"yoast_head":"<!-- This site is optimized with the Yoast SEO plugin v25.9 - https:\/\/yoast.com\/wordpress\/plugins\/seo\/ -->\n<title>Program P - MenCare<\/title>\n<meta name=\"robots\" content=\"index, follow, max-snippet:-1, max-image-preview:large, max-video-preview:-1\" \/>\n<link rel=\"canonical\" href=\"https:\/\/www.mencare.org\/pt\/what-we-do\/programming\/program-p\/\" \/>\n<meta property=\"og:locale\" content=\"pt_BR\" \/>\n<meta property=\"og:type\" content=\"article\" \/>\n<meta property=\"og:title\" content=\"Program P - MenCare\" \/>\n<meta property=\"og:description\" content=\"Program P is named after padre and pai, the words for father in Spanish and Portuguese. It provides a direct and targeted response to the need for concrete strategies to engage men in active fatherhood from prenatal care through delivery, childbirth, and their children\u2019s early years. Authored by MenCare partners Red de Masculinidad por la&nbsp;&hellip;\" \/>\n<meta property=\"og:url\" content=\"https:\/\/www.mencare.org\/pt\/what-we-do\/programming\/program-p\/\" \/>\n<meta property=\"og:site_name\" content=\"MenCare\" \/>\n<meta property=\"article:modified_time\" content=\"2020-07-07T15:23:18+00:00\" \/>\n<meta property=\"og:image\" content=\"https:\/\/www.mencare.org\/wp-content\/uploads\/2015\/05\/Program-P-All-Adaptations.jpg\" \/>\n<meta name=\"twitter:card\" content=\"summary_large_image\" \/>\n<meta name=\"twitter:label1\" content=\"Est. reading time\" \/>\n\t<meta name=\"twitter:data1\" content=\"3 minutes\" \/>\n<script type=\"application\/ld+json\" class=\"yoast-schema-graph\">{\"@context\":\"https:\/\/schema.org\",\"@graph\":[{\"@type\":\"WebPage\",\"@id\":\"https:\/\/www.mencare.org\/es\/what-we-do\/programming\/program-p\/\",\"url\":\"https:\/\/www.mencare.org\/es\/what-we-do\/programming\/program-p\/\",\"name\":\"Program P - MenCare\",\"isPartOf\":{\"@id\":\"https:\/\/www.mencare.org\/#website\"},\"primaryImageOfPage\":{\"@id\":\"https:\/\/www.mencare.org\/es\/what-we-do\/programming\/program-p\/#primaryimage\"},\"image\":{\"@id\":\"https:\/\/www.mencare.org\/es\/what-we-do\/programming\/program-p\/#primaryimage\"},\"thumbnailUrl\":\"https:\/\/www.mencare.org\/wp-content\/uploads\/2015\/05\/Program-P-All-Adaptations.jpg\",\"datePublished\":\"2015-05-26T14:19:00+00:00\",\"dateModified\":\"2020-07-07T15:23:18+00:00\",\"breadcrumb\":{\"@id\":\"https:\/\/www.mencare.org\/es\/what-we-do\/programming\/program-p\/#breadcrumb\"},\"inLanguage\":\"pt-BR\",\"potentialAction\":[{\"@type\":\"ReadAction\",\"target\":[\"https:\/\/www.mencare.org\/es\/what-we-do\/programming\/program-p\/\"]}]},{\"@type\":\"ImageObject\",\"inLanguage\":\"pt-BR\",\"@id\":\"https:\/\/www.mencare.org\/es\/what-we-do\/programming\/program-p\/#primaryimage\",\"url\":\"https:\/\/www.mencare.org\/wp-content\/uploads\/2015\/05\/Program-P-All-Adaptations.jpg\",\"contentUrl\":\"https:\/\/www.mencare.org\/wp-content\/uploads\/2015\/05\/Program-P-All-Adaptations.jpg\"},{\"@type\":\"BreadcrumbList\",\"@id\":\"https:\/\/www.mencare.org\/es\/what-we-do\/programming\/program-p\/#breadcrumb\",\"itemListElement\":[{\"@type\":\"ListItem\",\"position\":1,\"name\":\"Home\",\"item\":\"https:\/\/www.mencare.org\/\"},{\"@type\":\"ListItem\",\"position\":2,\"name\":\"What We Do\",\"item\":\"https:\/\/www.mencare.org\/pt\/what-we-do\/\"},{\"@type\":\"ListItem\",\"position\":3,\"name\":\"Programming\",\"item\":\"https:\/\/www.mencare.org\/es\/what-we-do\/programming\/\"},{\"@type\":\"ListItem\",\"position\":4,\"name\":\"Program P\"}]},{\"@type\":\"WebSite\",\"@id\":\"https:\/\/www.mencare.org\/#website\",\"url\":\"https:\/\/www.mencare.org\/\",\"name\":\"MenCare\",\"description\":\"A Global Fatherhood Campaign\",\"potentialAction\":[{\"@type\":\"SearchAction\",\"target\":{\"@type\":\"EntryPoint\",\"urlTemplate\":\"https:\/\/www.mencare.org\/?s={search_term_string}\"},\"query-input\":{\"@type\":\"PropertyValueSpecification\",\"valueRequired\":true,\"valueName\":\"search_term_string\"}}],\"inLanguage\":\"pt-BR\"}]}<\/script>\n<!-- \/ Yoast SEO plugin. -->","yoast_head_json":{"title":"Program P - MenCare","robots":{"index":"index","follow":"follow","max-snippet":"max-snippet:-1","max-image-preview":"max-image-preview:large","max-video-preview":"max-video-preview:-1"},"canonical":"https:\/\/www.mencare.org\/pt\/what-we-do\/programming\/program-p\/","og_locale":"pt_BR","og_type":"article","og_title":"Program P - MenCare","og_description":"Program P is named after padre and pai, the words for father in Spanish and Portuguese. It provides a direct and targeted response to the need for concrete strategies to engage men in active fatherhood from prenatal care through delivery, childbirth, and their children\u2019s early years. Authored by MenCare partners Red de Masculinidad por la&nbsp;&hellip;","og_url":"https:\/\/www.mencare.org\/pt\/what-we-do\/programming\/program-p\/","og_site_name":"MenCare","article_modified_time":"2020-07-07T15:23:18+00:00","og_image":[{"url":"https:\/\/www.mencare.org\/wp-content\/uploads\/2015\/05\/Program-P-All-Adaptations.jpg","type":"","width":"","height":""}],"twitter_card":"summary_large_image","twitter_misc":{"Est. reading time":"3 minutes"},"schema":{"@context":"https:\/\/schema.org","@graph":[{"@type":"WebPage","@id":"https:\/\/www.mencare.org\/es\/what-we-do\/programming\/program-p\/","url":"https:\/\/www.mencare.org\/es\/what-we-do\/programming\/program-p\/","name":"Program P - MenCare","isPartOf":{"@id":"https:\/\/www.mencare.org\/#website"},"primaryImageOfPage":{"@id":"https:\/\/www.mencare.org\/es\/what-we-do\/programming\/program-p\/#primaryimage"},"image":{"@id":"https:\/\/www.mencare.org\/es\/what-we-do\/programming\/program-p\/#primaryimage"},"thumbnailUrl":"https:\/\/www.mencare.org\/wp-content\/uploads\/2015\/05\/Program-P-All-Adaptations.jpg","datePublished":"2015-05-26T14:19:00+00:00","dateModified":"2020-07-07T15:23:18+00:00","breadcrumb":{"@id":"https:\/\/www.mencare.org\/es\/what-we-do\/programming\/program-p\/#breadcrumb"},"inLanguage":"pt-BR","potentialAction":[{"@type":"ReadAction","target":["https:\/\/www.mencare.org\/es\/what-we-do\/programming\/program-p\/"]}]},{"@type":"ImageObject","inLanguage":"pt-BR","@id":"https:\/\/www.mencare.org\/es\/what-we-do\/programming\/program-p\/#primaryimage","url":"https:\/\/www.mencare.org\/wp-content\/uploads\/2015\/05\/Program-P-All-Adaptations.jpg","contentUrl":"https:\/\/www.mencare.org\/wp-content\/uploads\/2015\/05\/Program-P-All-Adaptations.jpg"},{"@type":"BreadcrumbList","@id":"https:\/\/www.mencare.org\/es\/what-we-do\/programming\/program-p\/#breadcrumb","itemListElement":[{"@type":"ListItem","position":1,"name":"Home","item":"https:\/\/www.mencare.org\/"},{"@type":"ListItem","position":2,"name":"What We Do","item":"https:\/\/www.mencare.org\/pt\/what-we-do\/"},{"@type":"ListItem","position":3,"name":"Programming","item":"https:\/\/www.mencare.org\/es\/what-we-do\/programming\/"},{"@type":"ListItem","position":4,"name":"Program P"}]},{"@type":"WebSite","@id":"https:\/\/www.mencare.org\/#website","url":"https:\/\/www.mencare.org\/","name":"Cuidados com os homens","description":"Uma Campanha Global de Paternidade","potentialAction":[{"@type":"SearchAction","target":{"@type":"EntryPoint","urlTemplate":"https:\/\/www.mencare.org\/?s={search_term_string}"},"query-input":{"@type":"PropertyValueSpecification","valueRequired":true,"valueName":"search_term_string"}}],"inLanguage":"pt-BR"}]}},"_links":{"self":[{"href":"https:\/\/www.mencare.org\/pt\/wp-json\/wp\/v2\/pages\/1864","targetHints":{"allow":["GET"]}}],"collection":[{"href":"https:\/\/www.mencare.org\/pt\/wp-json\/wp\/v2\/pages"}],"about":[{"href":"https:\/\/www.mencare.org\/pt\/wp-json\/wp\/v2\/types\/page"}],"author":[{"embeddable":true,"href":"https:\/\/www.mencare.org\/pt\/wp-json\/wp\/v2\/users\/178"}],"replies":[{"embeddable":true,"href":"https:\/\/www.mencare.org\/pt\/wp-json\/wp\/v2\/comments?post=1864"}],"version-history":[{"count":4,"href":"https:\/\/www.mencare.org\/pt\/wp-json\/wp\/v2\/pages\/1864\/revisions"}],"predecessor-version":[{"id":7179,"href":"https:\/\/www.mencare.org\/pt\/wp-json\/wp\/v2\/pages\/1864\/revisions\/7179"}],"up":[{"embeddable":true,"href":"https:\/\/www.mencare.org\/pt\/wp-json\/wp\/v2\/pages\/1858"}],"wp:attachment":[{"href":"https:\/\/www.mencare.org\/pt\/wp-json\/wp\/v2\/media?parent=1864"}],"curies":[{"name":"wp","href":"https:\/\/api.w.org\/{rel}","templated":true}]}}