{"id":1866,"date":"2015-05-26T14:19:29","date_gmt":"2015-05-26T14:19:29","guid":{"rendered":"https:\/\/www.mencare.org\/?page_id=1866"},"modified":"2015-05-26T14:19:29","modified_gmt":"2015-05-26T14:19:29","slug":"mencareplus","status":"publish","type":"page","link":"https:\/\/www.mencare.org\/pt\/what-we-do\/programming\/mencareplus\/","title":{"rendered":"Cuidados Masculinos+"},"content":{"rendered":"<p>O programa MenCare+, desenvolvido a partir dos princ\u00edpios da campanha MenCare, \u00e9 uma colabora\u00e7\u00e3o de tr\u00eas anos e quatro pa\u00edses entre a Equimundo e a Rutgers, criada para envolver homens de 15 a 35 anos como parceiros na sa\u00fade materna, neonatal e infantil e na sa\u00fade e direitos sexuais e reprodutivos. O programa \u00e9 apoiado pelo Minist\u00e9rio das Rela\u00e7\u00f5es Exteriores da Holanda e est\u00e1 sendo implementado pela Equimundo, Rutgers e organiza\u00e7\u00f5es parceiras no Brasil, Indon\u00e9sia, Ruanda e \u00c1frica do Sul.<\/p>\n<p>O \u201cplus\u201d no MenCare+ representa o esfor\u00e7o direcionado para trazer os homens para o sistema de sa\u00fade como participantes ativos e positivos em sua pr\u00f3pria sa\u00fade, bem como na sa\u00fade de suas parceiras e filhos. Trabalhando dentro dos sistemas de sa\u00fade p\u00fablica nos quatro pa\u00edses de implementa\u00e7\u00e3o, os parceiros nacionais do MenCare+ conduzem sess\u00f5es de educa\u00e7\u00e3o em grupo com jovens, casais e pais sobre sa\u00fade e direitos sexuais e reprodutivos; sa\u00fade materna, neonatal e infantil; igualdade de g\u00eanero; e cuidados.<\/p>\n<p>Os facilitadores do grupo de pais podem utilizar estrat\u00e9gias e atividades concretas do MenCare <a href=\"\/pt\/what-we-do\/programming\/program-p\/\">Programa P<\/a> (nomeado para <em>pai<\/em> e <em>padre<\/em>, as palavras para <em>pai<\/em> em portugu\u00eas e espanhol) para envolver os homens na paternidade ativa desde a gravidez de suas parceiras at\u00e9 os primeiros anos de vida de seus filhos. Os parceiros do pa\u00eds tamb\u00e9m organizam aconselhamento e terapia para homens que usaram viol\u00eancia, bem como workshops com profissionais do setor de sa\u00fade sobre a import\u00e2ncia de envolver os homens.<\/p>\n<p>Para garantir a sustentabilidade do MenCare+, os parceiros est\u00e3o ativamente mirando os sistemas de sa\u00fade p\u00fablica para incorporar a iniciativa e seus princ\u00edpios e programa\u00e7\u00e3o em seus servi\u00e7os daqui para frente. Os parceiros do MenCare+ tamb\u00e9m constroem alian\u00e7as e conduzem advocacia direcionada com outras organiza\u00e7\u00f5es e governos para promover pol\u00edticas que incentivem o papel dos homens na paternidade e no cuidado, juntamente com sua participa\u00e7\u00e3o plena na sa\u00fade materna, neonatal e infantil e na sa\u00fade e direitos sexuais e reprodutivos.<\/p>\n<p>A Rutgers, a Equimundo e seus parceiros est\u00e3o atualmente desenvolvendo e testando abordagens baseadas em evid\u00eancias para aprimorar as atividades e os resultados do programa, incluindo um ensaio cl\u00ednico randomizado conduzido para avaliar o programa em Ruanda.<\/p>","protected":false},"excerpt":{"rendered":"<p>The MenCare+ program, developed from the tenets of the MenCare campaign, is a three-year, four-country collaboration between Equimundo and Rutgers, created to engage men ages 15-35 as partners in maternal, newborn, and child health and in sexual and reproductive health and rights. The program is supported by the Ministry of Foreign Affairs of the Netherlands&nbsp;<a class=\"read-more-link\" href=\"https:\/\/www.mencare.org\/pt\/what-we-do\/programming\/mencareplus\/\">\u2026<\/a><\/p>","protected":false},"author":178,"featured_media":0,"parent":1858,"menu_order":2,"comment_status":"open","ping_status":"open","template":"","meta":{"footnotes":""},"class_list":["post-1866","page","type-page","status-publish","hentry"],"acf":[],"yoast_head":"<!-- This site is optimized with the Yoast SEO plugin v25.9 - https:\/\/yoast.com\/wordpress\/plugins\/seo\/ -->\n<title>MenCare+ - MenCare<\/title>\n<meta name=\"robots\" content=\"index, follow, max-snippet:-1, max-image-preview:large, max-video-preview:-1\" \/>\n<link rel=\"canonical\" href=\"https:\/\/www.mencare.org\/pt\/what-we-do\/programming\/mencareplus\/\" \/>\n<meta property=\"og:locale\" content=\"pt_BR\" \/>\n<meta property=\"og:type\" content=\"article\" \/>\n<meta property=\"og:title\" content=\"MenCare+ - MenCare\" \/>\n<meta property=\"og:description\" content=\"The MenCare+ program, developed from the tenets of the MenCare campaign, is a three-year, four-country collaboration between Equimundo and Rutgers, created to engage men ages 15-35 as partners in maternal, newborn, and child health and in sexual and reproductive health and rights. The program is supported by the Ministry of Foreign Affairs of the Netherlands&nbsp;&hellip;\" \/>\n<meta property=\"og:url\" content=\"https:\/\/www.mencare.org\/pt\/what-we-do\/programming\/mencareplus\/\" \/>\n<meta property=\"og:site_name\" content=\"MenCare\" \/>\n<meta name=\"twitter:card\" content=\"summary_large_image\" \/>\n<meta name=\"twitter:label1\" content=\"Est. reading time\" \/>\n\t<meta name=\"twitter:data1\" content=\"2 minutes\" \/>\n<script type=\"application\/ld+json\" class=\"yoast-schema-graph\">{\"@context\":\"https:\/\/schema.org\",\"@graph\":[{\"@type\":\"WebPage\",\"@id\":\"https:\/\/www.mencare.org\/pt\/what-we-do\/programming\/mencareplus\/\",\"url\":\"https:\/\/www.mencare.org\/pt\/what-we-do\/programming\/mencareplus\/\",\"name\":\"MenCare+ - MenCare\",\"isPartOf\":{\"@id\":\"http:\/\/www.mencare.org\/es\/#website\"},\"datePublished\":\"2015-05-26T14:19:29+00:00\",\"breadcrumb\":{\"@id\":\"https:\/\/www.mencare.org\/pt\/what-we-do\/programming\/mencareplus\/#breadcrumb\"},\"inLanguage\":\"pt-BR\",\"potentialAction\":[{\"@type\":\"ReadAction\",\"target\":[\"https:\/\/www.mencare.org\/pt\/what-we-do\/programming\/mencareplus\/\"]}]},{\"@type\":\"BreadcrumbList\",\"@id\":\"https:\/\/www.mencare.org\/pt\/what-we-do\/programming\/mencareplus\/#breadcrumb\",\"itemListElement\":[{\"@type\":\"ListItem\",\"position\":1,\"name\":\"Home\",\"item\":\"http:\/\/www.mencare.org\/es\/\"},{\"@type\":\"ListItem\",\"position\":2,\"name\":\"What We Do\",\"item\":\"http:\/\/www.mencare.org\/what-we-do\/\"},{\"@type\":\"ListItem\",\"position\":3,\"name\":\"Programming\",\"item\":\"http:\/\/www.mencare.org\/what-we-do\/programming\/\"},{\"@type\":\"ListItem\",\"position\":4,\"name\":\"MenCare+\"}]},{\"@type\":\"WebSite\",\"@id\":\"http:\/\/www.mencare.org\/es\/#website\",\"url\":\"http:\/\/www.mencare.org\/es\/\",\"name\":\"MenCare\",\"description\":\"A Global Fatherhood Campaign\",\"potentialAction\":[{\"@type\":\"SearchAction\",\"target\":{\"@type\":\"EntryPoint\",\"urlTemplate\":\"http:\/\/www.mencare.org\/es\/?s={search_term_string}\"},\"query-input\":{\"@type\":\"PropertyValueSpecification\",\"valueRequired\":true,\"valueName\":\"search_term_string\"}}],\"inLanguage\":\"pt-BR\"}]}<\/script>\n<!-- \/ Yoast SEO plugin. -->","yoast_head_json":{"title":"MenCare+ - MenCare","robots":{"index":"index","follow":"follow","max-snippet":"max-snippet:-1","max-image-preview":"max-image-preview:large","max-video-preview":"max-video-preview:-1"},"canonical":"https:\/\/www.mencare.org\/pt\/what-we-do\/programming\/mencareplus\/","og_locale":"pt_BR","og_type":"article","og_title":"MenCare+ - MenCare","og_description":"The MenCare+ program, developed from the tenets of the MenCare campaign, is a three-year, four-country collaboration between Equimundo and Rutgers, created to engage men ages 15-35 as partners in maternal, newborn, and child health and in sexual and reproductive health and rights. The program is supported by the Ministry of Foreign Affairs of the Netherlands&nbsp;&hellip;","og_url":"https:\/\/www.mencare.org\/pt\/what-we-do\/programming\/mencareplus\/","og_site_name":"MenCare","twitter_card":"summary_large_image","twitter_misc":{"Est. reading time":"2 minutes"},"schema":{"@context":"https:\/\/schema.org","@graph":[{"@type":"WebPage","@id":"https:\/\/www.mencare.org\/pt\/what-we-do\/programming\/mencareplus\/","url":"https:\/\/www.mencare.org\/pt\/what-we-do\/programming\/mencareplus\/","name":"MenCare+ - MenCare","isPartOf":{"@id":"http:\/\/www.mencare.org\/es\/#website"},"datePublished":"2015-05-26T14:19:29+00:00","breadcrumb":{"@id":"https:\/\/www.mencare.org\/pt\/what-we-do\/programming\/mencareplus\/#breadcrumb"},"inLanguage":"pt-BR","potentialAction":[{"@type":"ReadAction","target":["https:\/\/www.mencare.org\/pt\/what-we-do\/programming\/mencareplus\/"]}]},{"@type":"BreadcrumbList","@id":"https:\/\/www.mencare.org\/pt\/what-we-do\/programming\/mencareplus\/#breadcrumb","itemListElement":[{"@type":"ListItem","position":1,"name":"Home","item":"http:\/\/www.mencare.org\/es\/"},{"@type":"ListItem","position":2,"name":"What We Do","item":"http:\/\/www.mencare.org\/what-we-do\/"},{"@type":"ListItem","position":3,"name":"Programming","item":"http:\/\/www.mencare.org\/what-we-do\/programming\/"},{"@type":"ListItem","position":4,"name":"MenCare+"}]},{"@type":"WebSite","@id":"http:\/\/www.mencare.org\/es\/#website","url":"http:\/\/www.mencare.org\/es\/","name":"Cuidados com os homens","description":"Uma Campanha Global de Paternidade","potentialAction":[{"@type":"SearchAction","target":{"@type":"EntryPoint","urlTemplate":"http:\/\/www.mencare.org\/es\/?s={search_term_string}"},"query-input":{"@type":"PropertyValueSpecification","valueRequired":true,"valueName":"search_term_string"}}],"inLanguage":"pt-BR"}]}},"_links":{"self":[{"href":"https:\/\/www.mencare.org\/pt\/wp-json\/wp\/v2\/pages\/1866","targetHints":{"allow":["GET"]}}],"collection":[{"href":"https:\/\/www.mencare.org\/pt\/wp-json\/wp\/v2\/pages"}],"about":[{"href":"https:\/\/www.mencare.org\/pt\/wp-json\/wp\/v2\/types\/page"}],"author":[{"embeddable":true,"href":"https:\/\/www.mencare.org\/pt\/wp-json\/wp\/v2\/users\/178"}],"replies":[{"embeddable":true,"href":"https:\/\/www.mencare.org\/pt\/wp-json\/wp\/v2\/comments?post=1866"}],"version-history":[{"count":0,"href":"https:\/\/www.mencare.org\/pt\/wp-json\/wp\/v2\/pages\/1866\/revisions"}],"up":[{"embeddable":true,"href":"https:\/\/www.mencare.org\/pt\/wp-json\/wp\/v2\/pages\/1858"}],"wp:attachment":[{"href":"https:\/\/www.mencare.org\/pt\/wp-json\/wp\/v2\/media?parent=1866"}],"curies":[{"name":"wp","href":"https:\/\/api.w.org\/{rel}","templated":true}]}}