{"id":1872,"date":"2015-05-26T14:20:46","date_gmt":"2015-05-26T14:20:46","guid":{"rendered":"https:\/\/www.mencare.org\/?page_id=1872"},"modified":"2015-05-26T14:20:46","modified_gmt":"2015-05-26T14:20:46","slug":"ending-corporal-punishment","status":"publish","type":"page","link":"https:\/\/www.mencare.org\/pt\/what-we-do\/advocacy\/ending-corporal-punishment\/","title":{"rendered":"Acabar com o Castigo Corporal"},"content":{"rendered":"<p>H\u00e1 um corpo substancial de pesquisa mostrando que todas as formas de puni\u00e7\u00e3o f\u00edsica aumentam o risco de resultados negativos amplos e duradouros no desenvolvimento. A puni\u00e7\u00e3o corporal de pais e professores n\u00e3o ensina respeito \u00e0s crian\u00e7as; ela ensina medo, gera raiva e ressentimento e produz ciclos cont\u00ednuos de viol\u00eancia. Resultados comportamentais negativos ligados \u00e0 puni\u00e7\u00e3o corporal incluem aumento da agress\u00e3o, viol\u00eancia e comportamento antissocial \u2013 tanto no curto quanto no longo prazo \u2013 bem como uma diminui\u00e7\u00e3o da qualidade do relacionamento entre pais e filhos.<\/p>\n<p>Nenhum estudo descobriu que o castigo f\u00edsico melhora a sa\u00fade do desenvolvimento, ou que \u00e9 um m\u00e9todo eficaz de disciplina. Com base nessas evid\u00eancias, um consenso profissional est\u00e1 surgindo de que os pais devem ser apoiados no aprendizado de abordagens n\u00e3o violentas e eficazes para a disciplina. Enquanto o castigo instila medo e humilha a crian\u00e7a, a disciplina positiva promove o autocontrole, usa a modelagem como um motivador para o bom comportamento e se baseia nos pontos fortes das crian\u00e7as em vez das fraquezas.<\/p>\n<p>Na MenCare, trabalhamos com pais, figuras paternas e cuidadores para promover disciplina positiva e n\u00e3o violenta. Tamb\u00e9m trabalhamos com institui\u00e7\u00f5es e formuladores de pol\u00edticas para promulgar leis que pro\u00edbam o castigo corporal como forma de disciplinar crian\u00e7as e adolescentes. Ao ensinar tanto aos pais quanto \u00e0s m\u00e3es habilidades de cria\u00e7\u00e3o n\u00e3o violenta de filhos, como educar por meio do di\u00e1logo e estabelecer limites sem usar viol\u00eancia, e ao conscientizar sobre os impactos negativos do castigo corporal por meio de advocacy e campanhas de forma mais ampla, podemos quebrar o ciclo de viol\u00eancia no lar.<\/p>\n<p>Para mais informa\u00e7\u00f5es, explore estes MenCare <a href=\"\/pt\/resources\/positive-discipline-fact-sheets\/\">folhas de dados<\/a> desmascarando mitos comuns sobre castigos corporais.<\/p>","protected":false},"excerpt":{"rendered":"<p>There is a substantial body of research showing that all forms physical punishment increase the risk of broad and enduring negative developmental outcomes. Corporal punishment from parents and teachers does not teach children respect; it teaches fear, engenders anger and resentment, and produces ongoing cycles of violence. Negative behavioral outcomes linked to corporal punishment include&nbsp;<a class=\"read-more-link\" href=\"https:\/\/www.mencare.org\/pt\/what-we-do\/advocacy\/ending-corporal-punishment\/\">\u2026<\/a><\/p>","protected":false},"author":178,"featured_media":0,"parent":1860,"menu_order":3,"comment_status":"open","ping_status":"open","template":"","meta":{"footnotes":""},"class_list":["post-1872","page","type-page","status-publish","hentry"],"acf":[],"yoast_head":"<!-- This site is optimized with the Yoast SEO plugin v25.9 - https:\/\/yoast.com\/wordpress\/plugins\/seo\/ -->\n<title>Ending Corporal Punishment - MenCare<\/title>\n<meta name=\"robots\" content=\"index, follow, max-snippet:-1, max-image-preview:large, max-video-preview:-1\" \/>\n<link rel=\"canonical\" href=\"https:\/\/www.mencare.org\/pt\/what-we-do\/advocacy\/ending-corporal-punishment\/\" \/>\n<meta property=\"og:locale\" content=\"pt_BR\" \/>\n<meta property=\"og:type\" content=\"article\" \/>\n<meta property=\"og:title\" content=\"Ending Corporal Punishment - MenCare\" \/>\n<meta property=\"og:description\" content=\"There is a substantial body of research showing that all forms physical punishment increase the risk of broad and enduring negative developmental outcomes. Corporal punishment from parents and teachers does not teach children respect; it teaches fear, engenders anger and resentment, and produces ongoing cycles of violence. Negative behavioral outcomes linked to corporal punishment include&nbsp;&hellip;\" \/>\n<meta property=\"og:url\" content=\"https:\/\/www.mencare.org\/pt\/what-we-do\/advocacy\/ending-corporal-punishment\/\" \/>\n<meta property=\"og:site_name\" content=\"MenCare\" \/>\n<meta name=\"twitter:card\" content=\"summary_large_image\" \/>\n<meta name=\"twitter:label1\" content=\"Est. reading time\" \/>\n\t<meta name=\"twitter:data1\" content=\"1 minute\" \/>\n<script type=\"application\/ld+json\" class=\"yoast-schema-graph\">{\"@context\":\"https:\/\/schema.org\",\"@graph\":[{\"@type\":\"WebPage\",\"@id\":\"https:\/\/www.mencare.org\/es\/what-we-do\/advocacy\/ending-corporal-punishment\/\",\"url\":\"https:\/\/www.mencare.org\/es\/what-we-do\/advocacy\/ending-corporal-punishment\/\",\"name\":\"Ending Corporal Punishment - MenCare\",\"isPartOf\":{\"@id\":\"https:\/\/www.mencare.org\/#website\"},\"datePublished\":\"2015-05-26T14:20:46+00:00\",\"breadcrumb\":{\"@id\":\"https:\/\/www.mencare.org\/es\/what-we-do\/advocacy\/ending-corporal-punishment\/#breadcrumb\"},\"inLanguage\":\"pt-BR\",\"potentialAction\":[{\"@type\":\"ReadAction\",\"target\":[\"https:\/\/www.mencare.org\/es\/what-we-do\/advocacy\/ending-corporal-punishment\/\"]}]},{\"@type\":\"BreadcrumbList\",\"@id\":\"https:\/\/www.mencare.org\/es\/what-we-do\/advocacy\/ending-corporal-punishment\/#breadcrumb\",\"itemListElement\":[{\"@type\":\"ListItem\",\"position\":1,\"name\":\"Home\",\"item\":\"https:\/\/www.mencare.org\/\"},{\"@type\":\"ListItem\",\"position\":2,\"name\":\"What We Do\",\"item\":\"https:\/\/www.mencare.org\/pt\/what-we-do\/\"},{\"@type\":\"ListItem\",\"position\":3,\"name\":\"Advocacy\",\"item\":\"https:\/\/www.mencare.org\/pt\/what-we-do\/advocacy\/\"},{\"@type\":\"ListItem\",\"position\":4,\"name\":\"Ending Corporal Punishment\"}]},{\"@type\":\"WebSite\",\"@id\":\"https:\/\/www.mencare.org\/#website\",\"url\":\"https:\/\/www.mencare.org\/\",\"name\":\"MenCare\",\"description\":\"A Global Fatherhood Campaign\",\"potentialAction\":[{\"@type\":\"SearchAction\",\"target\":{\"@type\":\"EntryPoint\",\"urlTemplate\":\"https:\/\/www.mencare.org\/?s={search_term_string}\"},\"query-input\":{\"@type\":\"PropertyValueSpecification\",\"valueRequired\":true,\"valueName\":\"search_term_string\"}}],\"inLanguage\":\"pt-BR\"}]}<\/script>\n<!-- \/ Yoast SEO plugin. -->","yoast_head_json":{"title":"Ending Corporal Punishment - MenCare","robots":{"index":"index","follow":"follow","max-snippet":"max-snippet:-1","max-image-preview":"max-image-preview:large","max-video-preview":"max-video-preview:-1"},"canonical":"https:\/\/www.mencare.org\/pt\/what-we-do\/advocacy\/ending-corporal-punishment\/","og_locale":"pt_BR","og_type":"article","og_title":"Ending Corporal Punishment - MenCare","og_description":"There is a substantial body of research showing that all forms physical punishment increase the risk of broad and enduring negative developmental outcomes. Corporal punishment from parents and teachers does not teach children respect; it teaches fear, engenders anger and resentment, and produces ongoing cycles of violence. Negative behavioral outcomes linked to corporal punishment include&nbsp;&hellip;","og_url":"https:\/\/www.mencare.org\/pt\/what-we-do\/advocacy\/ending-corporal-punishment\/","og_site_name":"MenCare","twitter_card":"summary_large_image","twitter_misc":{"Est. reading time":"1 minute"},"schema":{"@context":"https:\/\/schema.org","@graph":[{"@type":"WebPage","@id":"https:\/\/www.mencare.org\/es\/what-we-do\/advocacy\/ending-corporal-punishment\/","url":"https:\/\/www.mencare.org\/es\/what-we-do\/advocacy\/ending-corporal-punishment\/","name":"Ending Corporal Punishment - MenCare","isPartOf":{"@id":"https:\/\/www.mencare.org\/#website"},"datePublished":"2015-05-26T14:20:46+00:00","breadcrumb":{"@id":"https:\/\/www.mencare.org\/es\/what-we-do\/advocacy\/ending-corporal-punishment\/#breadcrumb"},"inLanguage":"pt-BR","potentialAction":[{"@type":"ReadAction","target":["https:\/\/www.mencare.org\/es\/what-we-do\/advocacy\/ending-corporal-punishment\/"]}]},{"@type":"BreadcrumbList","@id":"https:\/\/www.mencare.org\/es\/what-we-do\/advocacy\/ending-corporal-punishment\/#breadcrumb","itemListElement":[{"@type":"ListItem","position":1,"name":"Home","item":"https:\/\/www.mencare.org\/"},{"@type":"ListItem","position":2,"name":"What We Do","item":"https:\/\/www.mencare.org\/pt\/what-we-do\/"},{"@type":"ListItem","position":3,"name":"Advocacy","item":"https:\/\/www.mencare.org\/pt\/what-we-do\/advocacy\/"},{"@type":"ListItem","position":4,"name":"Ending Corporal Punishment"}]},{"@type":"WebSite","@id":"https:\/\/www.mencare.org\/#website","url":"https:\/\/www.mencare.org\/","name":"Cuidados com os homens","description":"Uma Campanha Global de Paternidade","potentialAction":[{"@type":"SearchAction","target":{"@type":"EntryPoint","urlTemplate":"https:\/\/www.mencare.org\/?s={search_term_string}"},"query-input":{"@type":"PropertyValueSpecification","valueRequired":true,"valueName":"search_term_string"}}],"inLanguage":"pt-BR"}]}},"_links":{"self":[{"href":"https:\/\/www.mencare.org\/pt\/wp-json\/wp\/v2\/pages\/1872","targetHints":{"allow":["GET"]}}],"collection":[{"href":"https:\/\/www.mencare.org\/pt\/wp-json\/wp\/v2\/pages"}],"about":[{"href":"https:\/\/www.mencare.org\/pt\/wp-json\/wp\/v2\/types\/page"}],"author":[{"embeddable":true,"href":"https:\/\/www.mencare.org\/pt\/wp-json\/wp\/v2\/users\/178"}],"replies":[{"embeddable":true,"href":"https:\/\/www.mencare.org\/pt\/wp-json\/wp\/v2\/comments?post=1872"}],"version-history":[{"count":0,"href":"https:\/\/www.mencare.org\/pt\/wp-json\/wp\/v2\/pages\/1872\/revisions"}],"up":[{"embeddable":true,"href":"https:\/\/www.mencare.org\/pt\/wp-json\/wp\/v2\/pages\/1860"}],"wp:attachment":[{"href":"https:\/\/www.mencare.org\/pt\/wp-json\/wp\/v2\/media?parent=1872"}],"curies":[{"name":"wp","href":"https:\/\/api.w.org\/{rel}","templated":true}]}}