{"id":4029,"date":"2016-02-10T18:18:48","date_gmt":"2016-02-10T22:18:48","guid":{"rendered":"https:\/\/www.mencare.org\/?page_id=4029"},"modified":"2016-06-07T10:06:44","modified_gmt":"2016-06-07T14:06:44","slug":"state-of-americas-fathers","status":"publish","type":"page","link":"https:\/\/www.mencare.org\/pt\/what-we-do\/advocacy\/state-of-americas-fathers\/","title":{"rendered":"Estado dos Pais da Am\u00e9rica"},"content":{"rendered":"<h2>Junte-se a n\u00f3s no <a href=\"http:\/\/americasfathers.fatherly.com\/\">lan\u00e7ar<\/a> de <em>Estado dos Pais da Am\u00e9rica<\/em> em Nova York em 14 de junho.<\/h2>\n<p><iframe loading=\"lazy\" title=\"Pais da Am\u00e9rica: Um filme sobre o estado dos pais da Am\u00e9rica\" width=\"500\" height=\"281\" src=\"https:\/\/www.youtube.com\/embed\/WQd17kzZ_0c?feature=oembed\" frameborder=\"0\" allow=\"accelerometer; autoplay; clipboard-write; encrypted-media; gyroscope; picture-in-picture; web-share\" referrerpolicy=\"strict-origin-when-cross-origin\" allowfullscreen><\/iframe><\/p>\n<p>A MenCare e os nossos parceiros lan\u00e7aram o primeiro\u00a0<em><a href=\"http:\/\/www.sowf.men-care.org\/\">Situa\u00e7\u00e3o da Paternidade no Mundo<\/a><\/em> relat\u00f3rio em junho de 2015, fornecendo uma vis\u00e3o global do estado da contribui\u00e7\u00e3o dos homens para a parentalidade e o cuidado. O relat\u00f3rio foi revelado na sede das Na\u00e7\u00f5es Unidas em Nova York e posteriormente lan\u00e7ado em <a href=\"https:\/\/www.mencare.org\/pt\/2015\/07\/20\/from-new-york-to-nairobi-worlds-first-state-of-the-worlds-fathers-report-reveals-involved-fatherhood-is-critical-to-gender-equality-and-child-development\/\">10 outras cidades<\/a>\u00a0ao redor do mundo. Alcan\u00e7amos milh\u00f5es de indiv\u00edduos, informamos novos projetos de lei e legisla\u00e7\u00e3o sobre licen\u00e7a-paternidade em tr\u00eas pa\u00edses e publicamos resumos regionais e tem\u00e1ticos que inspiraram mais advocacia para o envolvimento dos homens em cuidados equitativos e n\u00e3o violentos.<\/p>\n<p>Com base no impulso de\u00a0<em>Situa\u00e7\u00e3o da Paternidade no Mundo<\/em> e relat\u00f3rios relacionados de parceiros em todo o mundo, a MenCare lan\u00e7ar\u00e1 <em>Estado dos Pais da Am\u00e9rica<\/em>\u00a0nos Estados Unidos em junho de 2016 \u2013 bem a tempo para o Dia dos Pais.<\/p>\n<p>Um relat\u00f3rio emblem\u00e1tico,\u00a0<em>Estado dos Pais da Am\u00e9rica<\/em> visa aumentar a visibilidade e o valor do trabalho de cuidado nos Estados Unidos em n\u00edvel nacional com dados nunca antes analisados e recomenda\u00e7\u00f5es pol\u00edticas ousadas. Ele busca influenciar e melhorar pol\u00edticas e programa\u00e7\u00e3o para pais, particularmente para as fam\u00edlias e pais mais vulner\u00e1veis. O relat\u00f3rio tamb\u00e9m visa aumentar o apoio ao cuidado masculino de forma mais ampla, como uma estrat\u00e9gia para promover a igualdade de g\u00eanero e a justi\u00e7a social e melhorar o bem-estar da fam\u00edlia.<\/p>\n<p><em>Estado dos Pais da Am\u00e9rica<\/em> discutir\u00e1 a paternidade nos Estados Unidos por meio de uma lente abrangente, com foco na igualdade e diversidade. Desde olhar para os pap\u00e9is dos pais no cuidado dos filhos e como eles alcan\u00e7am o equil\u00edbrio entre vida pessoal e profissional, at\u00e9 examinar o que significa ser um pai n\u00e3o residente, este relat\u00f3rio dar\u00e1 uma olhada honesta no que a paternidade significa para os pais americanos em 2016.<\/p>\n<p><em>Estado dos Pais da Am\u00e9rica<\/em> \u00e9 coordenado por <a href=\"https:\/\/www.equimundo.org\/\" target=\"_blank\">Equimundo<\/a>, e seu conselho editorial inclui representantes da <a href=\"http:\/\/www.familiesandwork.org\/\" target=\"_blank\">Instituto Fam\u00edlia e Trabalho<\/a>; o\u00a0<a href=\"http:\/\/crfcfw.columbia.edu\/\" target=\"_blank\">Centro de Pesquisa sobre Pais, Filhos e Bem-Estar Familiar<\/a> na Universidade de Columbia; o\u00a0<a href=\"http:\/\/www.stonybrook.edu\/commcms\/csmm\/\" target=\"_blank\">Centro de Estudos do Homem e das Masculinidades<\/a> na Universidade Stony Brook; o\u00a0<a href=\"http:\/\/www.nationalpartnership.org\/\" target=\"_blank\">Parceria Nacional para Mulheres e Fam\u00edlias<\/a>; e o <a href=\"http:\/\/www.umd.edu\/\" target=\"_blank\">Universidade de Maryland<\/a>.<\/p>\n<p>Para mais informa\u00e7\u00f5es, <a href=\"mailto:info@men-care.org\">envie-nos um e-mail<\/a>.<\/p>","protected":false},"excerpt":{"rendered":"<p>Join us at the launch of State of America&#8217;s Fathers in New York on June 14. MenCare and our partners launched the first ever\u00a0State of the World\u2019s Fathers report in June 2015,\u00a0providing a global view of the state of men\u2019s contribution to parenting and caregiving. The report was unveiled at the United Nations headquarters in&nbsp;<a class=\"read-more-link\" href=\"https:\/\/www.mencare.org\/pt\/what-we-do\/advocacy\/state-of-americas-fathers\/\">\u2026<\/a><\/p>","protected":false},"author":178,"featured_media":0,"parent":1860,"menu_order":0,"comment_status":"closed","ping_status":"closed","template":"","meta":{"footnotes":""},"class_list":["post-4029","page","type-page","status-publish","hentry"],"acf":[],"yoast_head":"<!-- This site is optimized with the Yoast SEO plugin v25.9 - https:\/\/yoast.com\/wordpress\/plugins\/seo\/ -->\n<title>State of America\u2019s Fathers - MenCare<\/title>\n<meta name=\"robots\" content=\"index, follow, max-snippet:-1, max-image-preview:large, max-video-preview:-1\" \/>\n<link rel=\"canonical\" href=\"https:\/\/www.mencare.org\/pt\/what-we-do\/advocacy\/state-of-americas-fathers\/\" \/>\n<meta property=\"og:locale\" content=\"pt_BR\" \/>\n<meta property=\"og:type\" content=\"article\" \/>\n<meta property=\"og:title\" content=\"State of America\u2019s Fathers - MenCare\" \/>\n<meta property=\"og:description\" content=\"Join us at the launch of State of America&#8217;s Fathers in New York on June 14. MenCare and our partners launched the first ever\u00a0State of the World\u2019s Fathers report in June 2015,\u00a0providing a global view of the state of men\u2019s contribution to parenting and caregiving. The report was unveiled at the United Nations headquarters in&nbsp;&hellip;\" \/>\n<meta property=\"og:url\" content=\"https:\/\/www.mencare.org\/pt\/what-we-do\/advocacy\/state-of-americas-fathers\/\" \/>\n<meta property=\"og:site_name\" content=\"MenCare\" \/>\n<meta property=\"article:modified_time\" content=\"2016-06-07T14:06:44+00:00\" \/>\n<meta name=\"twitter:card\" content=\"summary_large_image\" \/>\n<meta name=\"twitter:label1\" content=\"Est. reading time\" \/>\n\t<meta name=\"twitter:data1\" content=\"2 minutes\" \/>\n<script type=\"application\/ld+json\" class=\"yoast-schema-graph\">{\"@context\":\"https:\/\/schema.org\",\"@graph\":[{\"@type\":\"WebPage\",\"@id\":\"https:\/\/www.mencare.org\/pt\/what-we-do\/advocacy\/state-of-americas-fathers\/\",\"url\":\"https:\/\/www.mencare.org\/pt\/what-we-do\/advocacy\/state-of-americas-fathers\/\",\"name\":\"State of America\u2019s Fathers - MenCare\",\"isPartOf\":{\"@id\":\"http:\/\/www.mencare.org\/pt\/#website\"},\"datePublished\":\"2016-02-10T22:18:48+00:00\",\"dateModified\":\"2016-06-07T14:06:44+00:00\",\"breadcrumb\":{\"@id\":\"https:\/\/www.mencare.org\/pt\/what-we-do\/advocacy\/state-of-americas-fathers\/#breadcrumb\"},\"inLanguage\":\"pt-BR\",\"potentialAction\":[{\"@type\":\"ReadAction\",\"target\":[\"https:\/\/www.mencare.org\/pt\/what-we-do\/advocacy\/state-of-americas-fathers\/\"]}]},{\"@type\":\"BreadcrumbList\",\"@id\":\"https:\/\/www.mencare.org\/pt\/what-we-do\/advocacy\/state-of-americas-fathers\/#breadcrumb\",\"itemListElement\":[{\"@type\":\"ListItem\",\"position\":1,\"name\":\"Home\",\"item\":\"http:\/\/www.mencare.org\/pt\/\"},{\"@type\":\"ListItem\",\"position\":2,\"name\":\"What We Do\",\"item\":\"http:\/\/www.mencare.org\/pt\/what-we-do\/\"},{\"@type\":\"ListItem\",\"position\":3,\"name\":\"Advocacy\",\"item\":\"https:\/\/www.mencare.org\/es\/what-we-do\/advocacy\/\"},{\"@type\":\"ListItem\",\"position\":4,\"name\":\"State of America\u2019s Fathers\"}]},{\"@type\":\"WebSite\",\"@id\":\"http:\/\/www.mencare.org\/pt\/#website\",\"url\":\"http:\/\/www.mencare.org\/pt\/\",\"name\":\"MenCare\",\"description\":\"A Global Fatherhood Campaign\",\"potentialAction\":[{\"@type\":\"SearchAction\",\"target\":{\"@type\":\"EntryPoint\",\"urlTemplate\":\"http:\/\/www.mencare.org\/pt\/?s={search_term_string}\"},\"query-input\":{\"@type\":\"PropertyValueSpecification\",\"valueRequired\":true,\"valueName\":\"search_term_string\"}}],\"inLanguage\":\"pt-BR\"}]}<\/script>\n<!-- \/ Yoast SEO plugin. -->","yoast_head_json":{"title":"State of America\u2019s Fathers - MenCare","robots":{"index":"index","follow":"follow","max-snippet":"max-snippet:-1","max-image-preview":"max-image-preview:large","max-video-preview":"max-video-preview:-1"},"canonical":"https:\/\/www.mencare.org\/pt\/what-we-do\/advocacy\/state-of-americas-fathers\/","og_locale":"pt_BR","og_type":"article","og_title":"State of America\u2019s Fathers - MenCare","og_description":"Join us at the launch of State of America&#8217;s Fathers in New York on June 14. MenCare and our partners launched the first ever\u00a0State of the World\u2019s Fathers report in June 2015,\u00a0providing a global view of the state of men\u2019s contribution to parenting and caregiving. The report was unveiled at the United Nations headquarters in&nbsp;&hellip;","og_url":"https:\/\/www.mencare.org\/pt\/what-we-do\/advocacy\/state-of-americas-fathers\/","og_site_name":"MenCare","article_modified_time":"2016-06-07T14:06:44+00:00","twitter_card":"summary_large_image","twitter_misc":{"Est. reading time":"2 minutes"},"schema":{"@context":"https:\/\/schema.org","@graph":[{"@type":"WebPage","@id":"https:\/\/www.mencare.org\/pt\/what-we-do\/advocacy\/state-of-americas-fathers\/","url":"https:\/\/www.mencare.org\/pt\/what-we-do\/advocacy\/state-of-americas-fathers\/","name":"State of America\u2019s Fathers - MenCare","isPartOf":{"@id":"http:\/\/www.mencare.org\/pt\/#website"},"datePublished":"2016-02-10T22:18:48+00:00","dateModified":"2016-06-07T14:06:44+00:00","breadcrumb":{"@id":"https:\/\/www.mencare.org\/pt\/what-we-do\/advocacy\/state-of-americas-fathers\/#breadcrumb"},"inLanguage":"pt-BR","potentialAction":[{"@type":"ReadAction","target":["https:\/\/www.mencare.org\/pt\/what-we-do\/advocacy\/state-of-americas-fathers\/"]}]},{"@type":"BreadcrumbList","@id":"https:\/\/www.mencare.org\/pt\/what-we-do\/advocacy\/state-of-americas-fathers\/#breadcrumb","itemListElement":[{"@type":"ListItem","position":1,"name":"Home","item":"http:\/\/www.mencare.org\/pt\/"},{"@type":"ListItem","position":2,"name":"What We Do","item":"http:\/\/www.mencare.org\/pt\/what-we-do\/"},{"@type":"ListItem","position":3,"name":"Advocacy","item":"https:\/\/www.mencare.org\/es\/what-we-do\/advocacy\/"},{"@type":"ListItem","position":4,"name":"State of America\u2019s Fathers"}]},{"@type":"WebSite","@id":"http:\/\/www.mencare.org\/pt\/#website","url":"http:\/\/www.mencare.org\/pt\/","name":"Cuidados com os homens","description":"Uma Campanha Global de Paternidade","potentialAction":[{"@type":"SearchAction","target":{"@type":"EntryPoint","urlTemplate":"http:\/\/www.mencare.org\/pt\/?s={search_term_string}"},"query-input":{"@type":"PropertyValueSpecification","valueRequired":true,"valueName":"search_term_string"}}],"inLanguage":"pt-BR"}]}},"_links":{"self":[{"href":"https:\/\/www.mencare.org\/pt\/wp-json\/wp\/v2\/pages\/4029","targetHints":{"allow":["GET"]}}],"collection":[{"href":"https:\/\/www.mencare.org\/pt\/wp-json\/wp\/v2\/pages"}],"about":[{"href":"https:\/\/www.mencare.org\/pt\/wp-json\/wp\/v2\/types\/page"}],"author":[{"embeddable":true,"href":"https:\/\/www.mencare.org\/pt\/wp-json\/wp\/v2\/users\/178"}],"replies":[{"embeddable":true,"href":"https:\/\/www.mencare.org\/pt\/wp-json\/wp\/v2\/comments?post=4029"}],"version-history":[{"count":9,"href":"https:\/\/www.mencare.org\/pt\/wp-json\/wp\/v2\/pages\/4029\/revisions"}],"predecessor-version":[{"id":4348,"href":"https:\/\/www.mencare.org\/pt\/wp-json\/wp\/v2\/pages\/4029\/revisions\/4348"}],"up":[{"embeddable":true,"href":"https:\/\/www.mencare.org\/pt\/wp-json\/wp\/v2\/pages\/1860"}],"wp:attachment":[{"href":"https:\/\/www.mencare.org\/pt\/wp-json\/wp\/v2\/media?parent=4029"}],"curies":[{"name":"wp","href":"https:\/\/api.w.org\/{rel}","templated":true}]}}