{"id":5212,"date":"2017-02-24T21:06:09","date_gmt":"2017-02-25T01:06:09","guid":{"rendered":"https:\/\/www.mencare.org\/?page_id=5212"},"modified":"2019-12-03T15:05:50","modified_gmt":"2019-12-03T19:05:50","slug":"mencare-global-meeting-2019","status":"publish","type":"page","link":"https:\/\/www.mencare.org\/pt\/mencare-global-meeting-2019\/","title":{"rendered":"Reuni\u00e3o Global MenCare 2019"},"content":{"rendered":"<p><strong><a href=\"#when\">Datas<\/a> | <a href=\"#where\">Localiza\u00e7\u00e3o<\/a> | <a href=\"#who\">Participantes<\/a> |\u00a0<a href=\"#objectives\">Objetivos<\/a> |\u00a0<a href=\"#agenda\">Agenda<\/a>\u00a0| <a href=\"#logistics\">Log\u00edstica<\/a> |\u00a0<a href=\"#contact\">Contato<\/a>\u00a0| <a href=\"#about\">Sobre MenCare<\/a><\/strong><\/p>\n<p><strong>Os coordenadores do MenCare t\u00eam o prazer de anunciar o 3\u00ba Encontro Global do MenCare!<\/strong><\/p>\n<p><span style=\"font-weight: 400;\">Este ano, parceiros e colegas da MenCare do mundo todo se reunir\u00e3o de 19 a 21 de novembro em Rabat, Marrocos, e por meio de participa\u00e7\u00e3o remota para desenvolver uma agenda conjunta para promover esfor\u00e7os de advocacy nacionais e internacionais, compartilhar melhores pr\u00e1ticas e evid\u00eancias e desenvolver maneiras novas e inovadoras de alcan\u00e7ar a parceria igualit\u00e1ria dos homens no trabalho de assist\u00eancia n\u00e3o remunerado.\u00a0<\/span><\/p>\n<p><span style=\"font-weight: 400;\">Ao longo da reuni\u00e3o de tr\u00eas dias, os participantes \u2014 praticantes, ativistas, partes interessadas do governo e acad\u00eamicos \u2014 compartilhar\u00e3o e trocar\u00e3o novas descobertas, li\u00e7\u00f5es aprendidas e reflex\u00f5es do campo de engajamento de homens como pais e cuidadores para a igualdade de g\u00eanero com o objetivo de criar um plano unificado para colocar o cuidado dos homens nas agendas nacionais e globais. Mais do que nunca, precisamos criar vozes unificadas para a justi\u00e7a social, pol\u00edtica e econ\u00f4mica.\u00a0<\/span><\/p>\n<p><span style=\"font-weight: 400;\">A reuni\u00e3o basear-se-\u00e1 nas recomenda\u00e7\u00f5es destacadas no <\/span><a href=\"http:\/\/www.stateoftheworldsfathers.org\" target=\"_blank\" rel=\"noopener\"><i><span style=\"font-weight: 400;\">Situa\u00e7\u00e3o da Paternidade no Mundo<\/span><\/i><\/a> <span style=\"font-weight: 400;\">Relat\u00f3rio de 2019, para desenvolver um roteiro em dire\u00e7\u00e3o a uma agenda de advocacia internacional compartilhada e identific\u00e1-la para alcan\u00e7ar a igualdade na presta\u00e7\u00e3o de cuidados e a igualdade de g\u00eanero de forma mais ampla. Esta terceira reuni\u00e3o global tamb\u00e9m fornecer\u00e1 insights e estrat\u00e9gias para alcan\u00e7ar um novo esfor\u00e7o MenCare:\u00a0<\/span><a href=\"https:\/\/www.mencare.org\/pt\/what-we-do\/advocacy\/the-mencare-commitment\/\" target=\"_blank\" rel=\"noopener\"><i><span style=\"font-weight: 400;\">O compromisso MenCare<\/span><\/i><\/a><span style=\"font-weight: 400;\">. Este compromisso ambicioso visa multiplicar o poder do cuidado ao envolver 50 pa\u00edses para agir e atingir uma meta nacional de homens fazendo 50% at\u00e9 2030.<\/span><\/p>\n<div class=\"radius-fix\"><img loading=\"lazy\" decoding=\"async\" class=\"alignnone size-full wp-image-5214\" src=\"https:\/\/www.mencare.org\/wp-content\/uploads\/2017\/02\/MenCare-Global-Meeting-2017-banner-3to1.jpg\" alt=\"Four images of fathers and families.\" width=\"1200\" height=\"400\" srcset=\"https:\/\/www.mencare.org\/wp-content\/uploads\/2017\/02\/MenCare-Global-Meeting-2017-banner-3to1.jpg 1200w, https:\/\/www.mencare.org\/wp-content\/uploads\/2017\/02\/MenCare-Global-Meeting-2017-banner-3to1-300x100.jpg 300w, https:\/\/www.mencare.org\/wp-content\/uploads\/2017\/02\/MenCare-Global-Meeting-2017-banner-3to1-768x256.jpg 768w, https:\/\/www.mencare.org\/wp-content\/uploads\/2017\/02\/MenCare-Global-Meeting-2017-banner-3to1-1024x341.jpg 1024w\" sizes=\"auto, (max-width: 1200px) 100vw, 1200px\" \/><\/div>\n<h2><a id=\"when\"><\/a>DATAS<\/h2>\n<p><span style=\"font-weight: 400;\">A Reuni\u00e3o Global MenCare ser\u00e1 realizada em <\/span><b>19 a 21 de novembro de 2019<\/b><span style=\"font-weight: 400;\">.<\/span><\/p>\n<h2><a id=\"where\"><\/a>LOCALIZA\u00c7\u00c3O<\/h2>\n<p><span style=\"font-weight: 400;\">O MenCare Global Meeting ser\u00e1 realizado no seguinte local em todos os tr\u00eas dias<\/span>:<\/p>\n<p><a href=\"https:\/\/hotel-farah-rabat.h-rez.com\/\"><b>Hotel Farah Rabat<\/b><\/a><br \/>\n<b>Place 16 Novembre, Boulevard Mohamed Lyazidi, Rabat, Rabat-Sal\u00e9-K\u00e9nitra, Marrocos<\/b><\/p>\n<p><a href=\"https:\/\/www.google.com\/maps\/place\/H%C3%B4tel+Farah+Rabat\/@34.0258724,-6.8280712,17z\/data=!3m1!4b1!4m8!3m7!1s0xda76cc95ff5379b:0x20e278a2ebdfee79!5m2!4m1!1i2!8m2!3d34.0258724!4d-6.8258825\" target=\"_blank\" rel=\"noopener\"><b>Mapa<\/b><\/a><\/p>\n<p><span style=\"font-weight: 400;\">Para aqueles que n\u00e3o puderem comparecer ou para aqueles que desejam participar remotamente, a participa\u00e7\u00e3o remota \u00e9 encorajada. Detalhes a seguir. <\/span><\/p>\n<h2><a id=\"who\"><\/a>PARTICIPANTES<\/h2>\n<p><span style=\"font-weight: 400;\">Todos os parceiros do MenCare, assim como praticantes, ativistas, pesquisadores e stakeholders trabalhando com assist\u00eancia, paternidade e igualdade de g\u00eanero est\u00e3o convidados a participar. Este evento \u00e9 somente para convidados.<\/span><\/p>\n<h2><a id=\"objectives\"><\/a>OBJETIVOS<\/h2>\n<p><span style=\"font-weight: 400;\">Ao longo de tr\u00eas dias, os parceiros e colegas do MenCare trabalhar\u00e3o para:<\/span><\/p>\n<ol>\n<li>Aproveite o Compromisso MenCare do 50%, 50 Minutes como uma plataforma fundamental para desenvolver esfor\u00e7os conjuntos de advocacy e programas baseados em evid\u00eancias para acelerar o progresso em dire\u00e7\u00e3o \u00e0 igualdade de g\u00eanero.<\/li>\n<li>Ofere\u00e7a aos parceiros e colegas do MenCare um espa\u00e7o para se conectar, trocar e aprofundar a colabora\u00e7\u00e3o por meio da facilita\u00e7\u00e3o de um interc\u00e2mbio de aprendizagem entre pa\u00edses centrado nas atividades do MenCare baseadas em cada pa\u00eds.<\/li>\n<li>Construir relacionamentos e prioridades compartilhadas entre setores-chave, incluindo justi\u00e7a clim\u00e1tica, desenvolvimento da primeira inf\u00e2ncia, empoderamento econ\u00f4mico das mulheres e prote\u00e7\u00e3o social globalmente para explorar novas oportunidades e parcerias para expans\u00e3o em n\u00edvel nacional.<\/li>\n<\/ol>\n<h2><a id=\"agenda\"><\/a>AGENDA<\/h2>\n<p>Acesse a agenda completa do MenCare Global Meeting 2019 em ingl\u00eas <a href=\"https:\/\/www.mencare.org\/wp-content\/uploads\/2019\/12\/MenCare-Global-Meeting-2019-Agenda-Booklet.pdf\" target=\"_blank\" rel=\"noopener\">aqui<\/a>\u00a0e a vis\u00e3o geral da agenda em franc\u00eas <a href=\"https:\/\/www.mencare.org\/wp-content\/uploads\/2019\/11\/agenda_overview_french_WEB.pdf\" target=\"_blank\" rel=\"noopener\">aqui<\/a>.<\/p>\n<h2><a id=\"logistics\"><\/a>LOG\u00cdSTICA<\/h2>\n<p><span style=\"text-decoration: underline;\"><strong>Custo<\/strong><\/span><\/p>\n<p style=\"padding-left: 30px;\"><span style=\"font-weight: 400;\">N\u00e3o h\u00e1 nenhuma taxa para participar do MenCare Global Meeting. A menos que indicado de outra forma, no entanto, os organizadores do encontro <\/span><b><i>n\u00e3o vai<\/i><\/b><span style=\"font-weight: 400;\"> ser capaz de financiar os custos dos participantes relacionados \u00e0 viagem, incluindo transporte, acomoda\u00e7\u00e3o, taxas de visto ou incidentes. Essas despesas precisar\u00e3o ser cobertas pelo viajante.<\/span><\/p>\n<p><span style=\"text-decoration: underline;\"><strong>Chegando a Rabat<\/strong><\/span><\/p>\n<p style=\"padding-left: 30px;\"><span style=\"font-weight: 400;\">Se necess\u00e1rio, entre em contato <\/span><b>Hekmat Hadri <\/b>(<a href=\"mailto:Hekmatelhadri@evenegroup.com\" target=\"_blank\" rel=\"noopener\">Hekmatelhadri@evenegroup.com<\/a>) <span style=\"font-weight: 400;\">para apoio log\u00edstico com viagens a\u00e9reas e chegada ao hotel.<\/span><\/p>\n<p><span style=\"text-decoration: underline;\"><strong>Requisitos de visto para visitar Marrocos<\/strong><\/span><\/p>\n<p style=\"padding-left: 30px;\">Por favor entre em contato\u00a0<strong>Bilal Berady<\/strong>, Bairros do Mundo (<a href=\"mailto:bilal.quartiersdumonde@gmail.com\" target=\"_blank\" rel=\"noopener\">bilal.quartiersdumonde@gmail.<wbr \/>com<\/a>) para obter suporte na obten\u00e7\u00e3o de visto para visitar o Marrocos.<\/p>\n<p style=\"padding-left: 30px;\"><strong>Pa\u00edses que n\u00e3o precisam de visto por 90 dias ou menos:<\/strong><\/p>\n<p style=\"padding-left: 30px;\">Todos os cidad\u00e3os da Uni\u00e3o Europeia, Arg\u00e9lia, Andorra, Argentina, Austr\u00e1lia, Bahrein,<br \/>\nBrasil, Canad\u00e1, Chile, China, Rep\u00fablica do Congo, Gab\u00e3o, Guin\u00e9, Hong Kong<br \/>\n(30 dias), Isl\u00e2ndia, Indon\u00e9sia, Costa do Marfim, Jap\u00e3o, Kuwait, Liechtenstein, Macau,<br \/>\nMali, M\u00e9xico, M\u00f4naco, Nova Zel\u00e2ndia, N\u00edger, Noruega, Om\u00e3, Peru, Filipinas,<br \/>\nCatar, R\u00fassia, San Marino, Ar\u00e1bia Saudita, Senegal, Cingapura (30 dias), Sul<br \/>\nCoreia, Su\u00ed\u00e7a, Tun\u00edsia, Turquia, Emirados \u00c1rabes Unidos, Estados Unidos,<br \/>\nVenezuela<\/p>\n<p style=\"padding-left: 30px;\"><strong>Em geral, todos os outros pa\u00edses precisam de vistos que s\u00e3o razoavelmente f\u00e1ceis e acess\u00edveis de obter. Requisitos para vistos de neg\u00f3cios\/turismo:<\/strong><\/p>\n<ul>\n<li>Um formul\u00e1rio de pedido de visto devidamente preenchido em letras mai\u00fasculas e assinado<\/li>\n<li>Passaporte original (v\u00e1lido por mais de 6 meses na data de entrada)<\/li>\n<li>C\u00f3pia do passaporte original (p\u00e1ginas 1-3)<\/li>\n<li>Duas fotos coloridas tamanho passaporte com fundo branco<\/li>\n<li>C\u00f3pia do estatuto legal do requerente no pa\u00eds de origem<\/li>\n<li>C\u00f3pia da carta-convite emitida pela empresa para a qual voc\u00ea est\u00e1 planejando<br \/>\nvisita em Marrocos (<em>somente neg\u00f3cios<\/em>)<\/li>\n<li>Reserva de hotel ou Carta Convite autenticada em cart\u00f3rio do seu anfitri\u00e3o em<br \/>\nMarrocos (<em>somente para turistas<\/em>)<\/li>\n<li>C\u00f3pia dos bilhetes de avi\u00e3o ou da reserva confirmada<\/li>\n<li>Tarifas:\n<ul>\n<li>Per\u00edodo de estadia de 3 a 90 dias (uma entrada): $23,85<\/li>\n<li>Per\u00edodo de estadia de 3 a 90 dias (duas entradas): $35,80<\/li>\n<\/ul>\n<\/li>\n<li>Tempo de processamento<\/li>\n<li style=\"list-style-type: none;\">\n<ul>\n<li>Os vistos levam pelo menos 10 dias para serem processados<\/li>\n<\/ul>\n<\/li>\n<\/ul>\n<p><span style=\"text-decoration: underline;\"><strong>Alojamento<\/strong><\/span><\/p>\n<p style=\"padding-left: 30px;\"><span style=\"font-weight: 400;\">Por favor entre em contato <\/span><b>Hekmat Hadri <\/b>(<a href=\"mailto:hekhadri@yahoo.fr\" target=\"_blank\" rel=\"noopener\">hekhadri@yahoo.fr<\/a>; <a href=\"mailto:contact@evenegroup.com\" target=\"_blank\" rel=\"noopener\">contato@evenegroup.com<\/a>;\u00a0<a href=\"mailto:Hekmatelhadri@evenegroup.com\">Hekmatelhadri@evenegroup.com<\/a>) <span style=\"font-weight: 400;\">em rela\u00e7\u00e3o a <\/span><span style=\"font-weight: 400;\">para reservar acomoda\u00e7\u00f5es no Hotel Farah. O pre\u00e7o de um quarto individual \u00e9 144 USD por noite com caf\u00e9 da manh\u00e3 incluso.<\/span><\/p>\n<p style=\"padding-left: 30px;\">Alternativas mais econ\u00f4micas incluem:<\/p>\n<p style=\"padding-left: 30px;\"><span style=\"text-decoration: underline;\"><strong>Hotel des Oudaias<\/strong><\/span><br \/>\nCusto dos quartos: 70 USD<br \/>\nEndere\u00e7o: 132 Boulevard El Alou, Rabat Medina, 10000<br \/>\nSite: <a href=\"https:\/\/hoteldesoudaias.com\/\" target=\"_blank\" rel=\"noopener\">https:\/\/hoteldesoudaias.com\/<\/a><\/p>\n<p style=\"padding-left: 30px;\"><span style=\"text-decoration: underline;\"><strong>Hotel Rihab<\/strong><\/span><br \/>\nCusto dos quartos: 48 USD<br \/>\nEndere\u00e7o: 45, Av Moulay Ismail, Quartier Hassan, Hassan, 10000, Rabat, Marrocos<br \/>\nSite: <a href=\"http:\/\/www.rihabhotel.info\/\" target=\"_blank\" rel=\"noopener\">http:\/\/www.rihabhotel.info\/<\/a><\/p>\n<p><span style=\"text-decoration: underline;\"><strong>Refei\u00e7\u00f5es<\/strong><\/span><\/p>\n<p style=\"padding-left: 30px;\">Os organizadores da reuni\u00e3o fornecer\u00e3o almo\u00e7o e coffee breaks aos participantes durante os tr\u00eas dias da reuni\u00e3o. Suas restri\u00e7\u00f5es alimentares foram registradas no formul\u00e1rio que voc\u00ea usou para RSVP. Se voc\u00ea tiver alguma restri\u00e7\u00e3o alimentar ou qualquer outra considera\u00e7\u00e3o que n\u00e3o foi registrada na pesquisa RSVP, entre em contato com Ch\u00e9 Nembhard em c.nembhard@equimundo.org. Se voc\u00ea ainda n\u00e3o preencheu a pesquisa do evento, fa\u00e7a-o abaixo:<\/p>\n<p style=\"padding-left: 30px;\"><a href=\"https:\/\/www.surveymonkey.com\/r\/6P6HHBW\" target=\"_blank\" rel=\"noopener\">https:\/\/www.surveymonkey.com\/r\/6P6HHBW\u00a0<\/a><\/p>\n<p><span style=\"text-decoration: underline;\"><strong>Como compartilhar seu trabalho MenCare<\/strong><\/span><\/p>\n<p style=\"padding-left: 30px;\">Sinta-se \u00e0 vontade para trazer o seu <strong>materiais promocionais e educacionais para homens e cuidadores<\/strong>, como brochuras, livretos e outros itens. Teremos uma grande mesa onde todos esses materiais podem ser exibidos.<\/p>\n<p><span style=\"text-decoration: underline;\"><strong>Servi\u00e7os de L\u00ednguas e Tradu\u00e7\u00e3o<\/strong><\/span><\/p>\n<p style=\"padding-left: 30px;\"><span style=\"font-weight: 400;\">O MenCare Global Meeting ser\u00e1 realizado em ingl\u00eas. <\/span><\/p>\n<p><span style=\"text-decoration: underline;\"><strong>C\u00f3digo de vestimenta<\/strong><\/span><\/p>\n<p style=\"padding-left: 30px;\">O c\u00f3digo de vestimenta para esta reuni\u00e3o \u00e9 casual de neg\u00f3cios. \u201cCasual de neg\u00f3cios\u201d significa menos formal do que o traje de neg\u00f3cios tradicional, mas ainda pretende dar uma impress\u00e3o profissional e empresarial. Os participantes s\u00e3o encorajados a se vestir da forma que for apropriada para seus ambientes de trabalho individuais.<\/p>\n<h2><a id=\"contact\"><\/a>CONTATO<\/h2>\n<p><span style=\"text-decoration: underline;\"><strong>Viagens e Log\u00edstica<\/strong><\/span><\/p>\n<p style=\"padding-left: 30px;\"><span style=\"font-weight: 400;\">Para perguntas sobre viagens e log\u00edstica, entre em contato <\/span><b>Hekmat Hadri <\/b>(<a href=\"mailto:hekhadri@yahoo.fr\">hekhadri@yahoo.fr<\/a>; <a href=\"mailto:contact@evenegroup.com\" target=\"_blank\" rel=\"noopener\">contato@evenegroup.com<\/a>; <a href=\"mailto:Hekmatelhadri@evenegroup.com\">Hekmatelhadri@evenegroup.com<\/a>)<\/p>\n<p><span style=\"text-decoration: underline;\"><strong>Pauta e conte\u00fado da reuni\u00e3o<\/strong><\/span><\/p>\n<p style=\"padding-left: 30px;\"><span style=\"font-weight: 400;\">Para perguntas sobre a pauta e o conte\u00fado da reuni\u00e3o, <\/span><span style=\"font-weight: 400;\">por favor <\/span><a href=\"mailto:c.nembhard@equimundo.org\"><span style=\"font-weight: 400;\">e-mail<\/span><\/a> <span style=\"font-weight: 400;\">Che Nembhard, Equimundo.<\/span><\/p>\n<h2><a id=\"about\"><\/a>SOBRE A MENCARE<\/h2>\n<p><span style=\"font-weight: 400;\">MenCare: Uma Campanha Global de Paternidade foi lan\u00e7ada em 2011 para promover o envolvimento dos homens como pais e cuidadores equitativos e n\u00e3o violentos, a fim de alcan\u00e7ar o bem-estar familiar, igualdade de g\u00eanero e melhor sa\u00fade para m\u00e3es, pais e filhos. A MenCare agora est\u00e1 ativa em mais de 55 pa\u00edses ao redor do mundo. Leia mais sobre a MenCare <\/span><a href=\"https:\/\/www.mencare.org\/pt\/about-mencare\/\" target=\"_blank\" rel=\"noopener\"><span style=\"font-weight: 400;\">aqui<\/span><\/a><span style=\"font-weight: 400;\">.<\/span><\/p>","protected":false},"excerpt":{"rendered":"<p>Dates | Location | Attendees |\u00a0Objectives |\u00a0Agenda\u00a0| Logistics |\u00a0Contact\u00a0| About MenCare MenCare Coordinators are excited to announce the 3rd MenCare Global Meeting! This year, MenCare partners and colleagues from around the world will come together from November 19-21 in Rabat, Morocco and via remote participation to develop a joint agenda to advance international and national&nbsp;<a class=\"read-more-link\" href=\"https:\/\/www.mencare.org\/pt\/mencare-global-meeting-2019\/\">\u2026<\/a><\/p>","protected":false},"author":178,"featured_media":0,"parent":0,"menu_order":0,"comment_status":"closed","ping_status":"closed","template":"","meta":{"footnotes":""},"class_list":["post-5212","page","type-page","status-publish","hentry"],"acf":[],"yoast_head":"<!-- This site is optimized with the Yoast SEO plugin v25.9 - https:\/\/yoast.com\/wordpress\/plugins\/seo\/ -->\n<title>MenCare Global Meeting 2019 - MenCare<\/title>\n<meta name=\"robots\" content=\"noindex, nofollow\" \/>\n<meta property=\"og:locale\" content=\"pt_BR\" \/>\n<meta property=\"og:type\" content=\"article\" \/>\n<meta property=\"og:title\" content=\"MenCare Global Meeting 2019 - MenCare\" \/>\n<meta property=\"og:description\" content=\"Dates | Location | Attendees |\u00a0Objectives |\u00a0Agenda\u00a0| Logistics |\u00a0Contact\u00a0| About MenCare MenCare Coordinators are excited to announce the 3rd MenCare Global Meeting! This year, MenCare partners and colleagues from around the world will come together from November 19-21 in Rabat, Morocco and via remote participation to develop a joint agenda to advance international and national&nbsp;&hellip;\" \/>\n<meta property=\"og:url\" content=\"https:\/\/www.mencare.org\/pt\/mencare-global-meeting-2019\/\" \/>\n<meta property=\"og:site_name\" content=\"MenCare\" \/>\n<meta property=\"article:modified_time\" content=\"2019-12-03T19:05:50+00:00\" \/>\n<meta property=\"og:image\" content=\"https:\/\/www.mencare.org\/wp-content\/uploads\/2017\/02\/MenCare-Global-Meeting-2017-banner-3to1.jpg\" \/>\n<meta name=\"twitter:card\" content=\"summary_large_image\" \/>\n<meta name=\"twitter:label1\" content=\"Est. reading time\" \/>\n\t<meta name=\"twitter:data1\" content=\"5 minutes\" \/>\n<script type=\"application\/ld+json\" class=\"yoast-schema-graph\">{\"@context\":\"https:\/\/schema.org\",\"@graph\":[{\"@type\":\"WebPage\",\"@id\":\"https:\/\/www.mencare.org\/pt\/mencare-global-meeting-2019\/\",\"url\":\"https:\/\/www.mencare.org\/pt\/mencare-global-meeting-2019\/\",\"name\":\"MenCare Global Meeting 2019 - MenCare\",\"isPartOf\":{\"@id\":\"https:\/\/www.mencare.org\/#website\"},\"primaryImageOfPage\":{\"@id\":\"https:\/\/www.mencare.org\/pt\/mencare-global-meeting-2019\/#primaryimage\"},\"image\":{\"@id\":\"https:\/\/www.mencare.org\/pt\/mencare-global-meeting-2019\/#primaryimage\"},\"thumbnailUrl\":\"https:\/\/www.mencare.org\/wp-content\/uploads\/2017\/02\/MenCare-Global-Meeting-2017-banner-3to1.jpg\",\"datePublished\":\"2017-02-25T01:06:09+00:00\",\"dateModified\":\"2019-12-03T19:05:50+00:00\",\"breadcrumb\":{\"@id\":\"https:\/\/www.mencare.org\/pt\/mencare-global-meeting-2019\/#breadcrumb\"},\"inLanguage\":\"pt-BR\",\"potentialAction\":[{\"@type\":\"ReadAction\",\"target\":[\"https:\/\/www.mencare.org\/pt\/mencare-global-meeting-2019\/\"]}]},{\"@type\":\"ImageObject\",\"inLanguage\":\"pt-BR\",\"@id\":\"https:\/\/www.mencare.org\/pt\/mencare-global-meeting-2019\/#primaryimage\",\"url\":\"https:\/\/www.mencare.org\/wp-content\/uploads\/2017\/02\/MenCare-Global-Meeting-2017-banner-3to1.jpg\",\"contentUrl\":\"https:\/\/www.mencare.org\/wp-content\/uploads\/2017\/02\/MenCare-Global-Meeting-2017-banner-3to1.jpg\"},{\"@type\":\"BreadcrumbList\",\"@id\":\"https:\/\/www.mencare.org\/pt\/mencare-global-meeting-2019\/#breadcrumb\",\"itemListElement\":[{\"@type\":\"ListItem\",\"position\":1,\"name\":\"Home\",\"item\":\"https:\/\/www.mencare.org\/\"},{\"@type\":\"ListItem\",\"position\":2,\"name\":\"MenCare Global Meeting 2019\"}]},{\"@type\":\"WebSite\",\"@id\":\"https:\/\/www.mencare.org\/#website\",\"url\":\"https:\/\/www.mencare.org\/\",\"name\":\"MenCare\",\"description\":\"A Global Fatherhood Campaign\",\"potentialAction\":[{\"@type\":\"SearchAction\",\"target\":{\"@type\":\"EntryPoint\",\"urlTemplate\":\"https:\/\/www.mencare.org\/?s={search_term_string}\"},\"query-input\":{\"@type\":\"PropertyValueSpecification\",\"valueRequired\":true,\"valueName\":\"search_term_string\"}}],\"inLanguage\":\"pt-BR\"}]}<\/script>\n<!-- \/ Yoast SEO plugin. -->","yoast_head_json":{"title":"MenCare Global Meeting 2019 - MenCare","robots":{"index":"noindex","follow":"nofollow"},"og_locale":"pt_BR","og_type":"article","og_title":"MenCare Global Meeting 2019 - MenCare","og_description":"Dates | Location | Attendees |\u00a0Objectives |\u00a0Agenda\u00a0| Logistics |\u00a0Contact\u00a0| About MenCare MenCare Coordinators are excited to announce the 3rd MenCare Global Meeting! This year, MenCare partners and colleagues from around the world will come together from November 19-21 in Rabat, Morocco and via remote participation to develop a joint agenda to advance international and national&nbsp;&hellip;","og_url":"https:\/\/www.mencare.org\/pt\/mencare-global-meeting-2019\/","og_site_name":"MenCare","article_modified_time":"2019-12-03T19:05:50+00:00","og_image":[{"url":"https:\/\/www.mencare.org\/wp-content\/uploads\/2017\/02\/MenCare-Global-Meeting-2017-banner-3to1.jpg","type":"","width":"","height":""}],"twitter_card":"summary_large_image","twitter_misc":{"Est. reading time":"5 minutes"},"schema":{"@context":"https:\/\/schema.org","@graph":[{"@type":"WebPage","@id":"https:\/\/www.mencare.org\/pt\/mencare-global-meeting-2019\/","url":"https:\/\/www.mencare.org\/pt\/mencare-global-meeting-2019\/","name":"MenCare Global Meeting 2019 - MenCare","isPartOf":{"@id":"https:\/\/www.mencare.org\/#website"},"primaryImageOfPage":{"@id":"https:\/\/www.mencare.org\/pt\/mencare-global-meeting-2019\/#primaryimage"},"image":{"@id":"https:\/\/www.mencare.org\/pt\/mencare-global-meeting-2019\/#primaryimage"},"thumbnailUrl":"https:\/\/www.mencare.org\/wp-content\/uploads\/2017\/02\/MenCare-Global-Meeting-2017-banner-3to1.jpg","datePublished":"2017-02-25T01:06:09+00:00","dateModified":"2019-12-03T19:05:50+00:00","breadcrumb":{"@id":"https:\/\/www.mencare.org\/pt\/mencare-global-meeting-2019\/#breadcrumb"},"inLanguage":"pt-BR","potentialAction":[{"@type":"ReadAction","target":["https:\/\/www.mencare.org\/pt\/mencare-global-meeting-2019\/"]}]},{"@type":"ImageObject","inLanguage":"pt-BR","@id":"https:\/\/www.mencare.org\/pt\/mencare-global-meeting-2019\/#primaryimage","url":"https:\/\/www.mencare.org\/wp-content\/uploads\/2017\/02\/MenCare-Global-Meeting-2017-banner-3to1.jpg","contentUrl":"https:\/\/www.mencare.org\/wp-content\/uploads\/2017\/02\/MenCare-Global-Meeting-2017-banner-3to1.jpg"},{"@type":"BreadcrumbList","@id":"https:\/\/www.mencare.org\/pt\/mencare-global-meeting-2019\/#breadcrumb","itemListElement":[{"@type":"ListItem","position":1,"name":"Home","item":"https:\/\/www.mencare.org\/"},{"@type":"ListItem","position":2,"name":"MenCare Global Meeting 2019"}]},{"@type":"WebSite","@id":"https:\/\/www.mencare.org\/#website","url":"https:\/\/www.mencare.org\/","name":"Cuidados com os homens","description":"Uma Campanha Global de Paternidade","potentialAction":[{"@type":"SearchAction","target":{"@type":"EntryPoint","urlTemplate":"https:\/\/www.mencare.org\/?s={search_term_string}"},"query-input":{"@type":"PropertyValueSpecification","valueRequired":true,"valueName":"search_term_string"}}],"inLanguage":"pt-BR"}]}},"_links":{"self":[{"href":"https:\/\/www.mencare.org\/pt\/wp-json\/wp\/v2\/pages\/5212","targetHints":{"allow":["GET"]}}],"collection":[{"href":"https:\/\/www.mencare.org\/pt\/wp-json\/wp\/v2\/pages"}],"about":[{"href":"https:\/\/www.mencare.org\/pt\/wp-json\/wp\/v2\/types\/page"}],"author":[{"embeddable":true,"href":"https:\/\/www.mencare.org\/pt\/wp-json\/wp\/v2\/users\/178"}],"replies":[{"embeddable":true,"href":"https:\/\/www.mencare.org\/pt\/wp-json\/wp\/v2\/comments?post=5212"}],"version-history":[{"count":11,"href":"https:\/\/www.mencare.org\/pt\/wp-json\/wp\/v2\/pages\/5212\/revisions"}],"predecessor-version":[{"id":6989,"href":"https:\/\/www.mencare.org\/pt\/wp-json\/wp\/v2\/pages\/5212\/revisions\/6989"}],"wp:attachment":[{"href":"https:\/\/www.mencare.org\/pt\/wp-json\/wp\/v2\/media?parent=5212"}],"curies":[{"name":"wp","href":"https:\/\/api.w.org\/{rel}","templated":true}]}}