{"id":7003,"date":"2019-11-08T16:10:16","date_gmt":"2019-11-08T20:10:16","guid":{"rendered":"https:\/\/www.mencare.org\/?page_id=7003"},"modified":"2019-11-18T17:56:53","modified_gmt":"2019-11-18T21:56:53","slug":"mencarelive","status":"publish","type":"page","link":"https:\/\/www.mencare.org\/pt\/mencarelive\/","title":{"rendered":"#MenCareVivo"},"content":{"rendered":"<h1>Apresentando cobertura ao vivo do MenCare Global Meeting 2019<\/h1>\n<p>Os coordenadores do MenCare est\u00e3o entusiasmados em compartilhar a agenda para participa\u00e7\u00e3o online do <a href=\"https:\/\/www.mencare.org\/pt\/mencare-global-meeting-2019\/\" target=\"_blank\" rel=\"noopener\">Reuni\u00e3o Global MenCare 2019<\/a>! Este ano, todas as plen\u00e1rias ser\u00e3o transmitidas via Facebook Live no MenCare&#039;s <a href=\"https:\/\/www.facebook.com\/mencarecampaign\/\" target=\"_blank\" rel=\"noopener\">p\u00e1gina<\/a>\u00a0e workshops selecionados estar\u00e3o dispon\u00edveis para participa\u00e7\u00e3o interativa via reuni\u00e3o do Zoom. Por favor, volte aqui para todas as atualiza\u00e7\u00f5es sobre participa\u00e7\u00e3o online.<\/p>\n<p><strong><a href=\"#1\">DIA 1: Ter\u00e7a-feira, 19 de novembro<\/a> | <a href=\"#2\">DIA 2: Quarta-feira, 20 de novembro<\/a> | <a href=\"#3\">DIA 3: Quinta-feira, 21 de novembro<\/a>\u00a0<\/strong><\/p>\n<p><a id=\"1\"><\/a><img loading=\"lazy\" decoding=\"async\" class=\"fullwidth alignnone wp-image-7005 size-full\" src=\"https:\/\/www.mencare.org\/wp-content\/uploads\/2019\/11\/mencarelivebanners-01.png\" alt=\"\" width=\"5000\" height=\"834\" srcset=\"https:\/\/www.mencare.org\/wp-content\/uploads\/2019\/11\/mencarelivebanners-01.png 5000w, https:\/\/www.mencare.org\/wp-content\/uploads\/2019\/11\/mencarelivebanners-01-300x50.png 300w, https:\/\/www.mencare.org\/wp-content\/uploads\/2019\/11\/mencarelivebanners-01-768x128.png 768w, https:\/\/www.mencare.org\/wp-content\/uploads\/2019\/11\/mencarelivebanners-01-1024x171.png 1024w\" sizes=\"auto, (max-width: 5000px) 100vw, 5000px\" \/><\/p>\n<h2>Sess\u00e3o Plen\u00e1ria de Abertura: Promover o Cuidado como Trabalho Valioso<\/h2>\n<p><strong>Quando:\u00a0<\/strong>9h00 \u2013 10h30 OESTE | 10h00 \u2013 11h30 CAT | 13h30 \u2013 15h IST | 3h00 - 4h30 EST<br \/>\n<strong>O que:\u00a0<\/strong>Apresentando boas-vindas e apresenta\u00e7\u00f5es de Carine Troussel, Quartiers du Monde, Anne-Claire de Liedekerke, Make Mothers Matter e co-coordenadores da MenCare Aapta Garg, Equimundo e Wessel van den Berg, Sonke Gender Justice. Palestrantes:<\/p>\n<ul>\n<li>Leila Rhiwi, Representante da ONU Mulheres para o Escrit\u00f3rio Multinacional em Marrocos<\/li>\n<li>Amina Bouayach, Presidente do Conselho Nacional de Direitos Humanos (CNDH)<\/li>\n<\/ul>\n<h3>Participe da transmiss\u00e3o ao vivo no Facebook do MenCare <a href=\"https:\/\/www.facebook.com\/mencarecampaign\/posts\/2336380576488932\" target=\"_blank\" rel=\"noopener\">aqui<\/a>.<\/h3>\n<h2>MenCare ao redor do mundo (Parte I e Parte II)<\/h2>\n<p><strong>Quando: <\/strong>10h30 \u2013 13h00 OESTE | 11h30 \u2013 14h00 CAT | 15h00 \u2013 17h30 IST | 4h30 - 7h EST<br \/>\n<strong>O que:\u00a0<\/strong>Apresenta\u00e7\u00e3o de iniciativas nacionais em formato \u201cworld caf\u00e9\u201d com intervalo para ch\u00e1 de 30 minutos.<\/p>\n<h3>Participe da reuni\u00e3o do Zoom <a href=\"https:\/\/zoom.us\/j\/274850756\" target=\"_blank\" rel=\"noopener\">aqui<\/a>.<\/h3>\n<h2>Plen\u00e1ria: Desconstruindo o Patriarcado, o Poder e o Privil\u00e9gio: Enraizando nosso trabalho nos Ideais Feministas<\/h2>\n<p><strong>Quando: <\/strong>14h00 \u2013 15h30 OESTE | 15h00 \u2013 16h30 CAT | 18h30 \u2013 20h IST | 8h00 - 9h30 EST<br \/>\n<strong>O que:\u00a0<\/strong>Explorando como o MenCare pode alinhar melhor nossa agenda com feminismos ao redor do mundo. Palestrantes:<\/p>\n<ul>\n<li>Srinivas Rao, Diretor de Programa, Funda\u00e7\u00e3o Azad<\/li>\n<li>Laxman Belbase, Gerente de Redes Globais, MenEngage Alliance<\/li>\n<li>Joni van de Sand, Diretor Global, Men Engage Alliance<\/li>\n<li>Valerie Bichelmeier, representante da ONU e oficial de defesa, Make Mothers Matter<\/li>\n<li>Sa\u00efda Belhdid, Presidente da Sec\u00e7\u00e3o de Ouarzazate, F\u00e9d\u00e9ration des Ligues des Droits des Femmes<\/li>\n<li>Ada Bazan, Coordenadora Internacional, Quartiers du Monde<\/li>\n<li>Suleiman Henry, Treinador regional de direitos da crian\u00e7a e parentalidade positiva (CRPP), Sonke Gender Justice<\/li>\n<\/ul>\n<p>Moderador:<\/p>\n<ul>\n<li>Nikki van der Gaag, pesquisadora s\u00eanior, Proumundo-EUA<\/li>\n<\/ul>\n<h3>Participe da transmiss\u00e3o ao vivo no Facebook do MenCare <a href=\"https:\/\/www.facebook.com\/mencarecampaign\/posts\/2336627209797602\" target=\"_blank\" rel=\"noopener\">aqui<\/a>.<\/h3>\n<h2>Workshop: Homens Cuidam do Clima<\/h2>\n<p><strong>Quando: <\/strong>16h00 \u2013 17h30 OESTE | 17h00 \u2013 18h30 CAT | 20h30 \u2013 22h IST | 10h00 \u2013 11h30 EST<br \/>\n<strong>O que:\u00a0<\/strong>As crian\u00e7as est\u00e3o nos dizendo para acordar para o fato de que h\u00e1 uma crise clim\u00e1tica. Os parceiros do MenCare compartilhar\u00e3o experi\u00eancias e m\u00e9todos para incluir o cuidado com o meio ambiente e a crise clim\u00e1tica no trabalho com pais e homens. Os parceiros apresentar\u00e3o novas pesquisas sobre homens na crise clim\u00e1tica. Facilitadores:<\/p>\n<ul>\n<li>Tomas Agnemo, Plan Internacional Su\u00e9cia<\/li>\n<li>Vidar Vetterfalk, M\u00c4N Su\u00e9cia<\/li>\n<\/ul>\n<h3>Participe da reuni\u00e3o do Zoom <a href=\"https:\/\/zoom.us\/j\/351456969\" target=\"_blank\" rel=\"noopener\">aqui<\/a>.<\/h3>\n<h2><a id=\"2\"><\/a><img loading=\"lazy\" decoding=\"async\" class=\"fullwidth alignnone wp-image-7006 size-full\" src=\"https:\/\/www.mencare.org\/wp-content\/uploads\/2019\/11\/mencarelivebanners-03.png\" alt=\"\" width=\"5000\" height=\"834\" srcset=\"https:\/\/www.mencare.org\/wp-content\/uploads\/2019\/11\/mencarelivebanners-03.png 5000w, https:\/\/www.mencare.org\/wp-content\/uploads\/2019\/11\/mencarelivebanners-03-300x50.png 300w, https:\/\/www.mencare.org\/wp-content\/uploads\/2019\/11\/mencarelivebanners-03-768x128.png 768w, https:\/\/www.mencare.org\/wp-content\/uploads\/2019\/11\/mencarelivebanners-03-1024x171.png 1024w\" sizes=\"auto, (max-width: 5000px) 100vw, 5000px\" \/><\/h2>\n<h2>Plen\u00e1ria: Envolvimento dos pais e cuidadores masculinos nos primeiros anos<\/h2>\n<p><strong>Quando:\u00a0<\/strong>9h00 \u2013 11h00 OESTE | 10h00 \u2013 12h00 CAT | 13h30 \u2013 15h30 IST | 3h00 - 5h00 EST<br \/>\n<strong>O que:\u00a0<\/strong>Explorando maneiras de promover melhor o envolvimento dos homens antes do nascimento, durante o nascimento e ao longo dos primeiros anos de vida de uma crian\u00e7a. Palestrantes:<\/p>\n<ul>\n<li>Aljosa Rodas, Oficial de Programa, International Step by Step Association (ISSA)<\/li>\n<li>Shamsi Kazimbaya, Oficial S\u00eanior de Programa, Equimundo<\/li>\n<li>Emmanuel Karamage, Coordenador de Campo do Projeto WOW, Centro de Recursos Masculinos de Ruanda (RWAMREC)<\/li>\n<li>Duncan Fisher, editor do Child &amp; Family Blog e afiliado da Universidade de Maryland, EUA<\/li>\n<li>Maureen Samms-Vaughan, Professora de Sa\u00fade Infantil, Desenvolvimento Infantil e Comportamento, Universidade das \u00cdndias Ocidentais<\/li>\n<li>Saifullah Chaudhury, Consultora S\u00eanior, Igualdade de G\u00eanero, Plan International Canada<\/li>\n<\/ul>\n<p>Moderador:<\/p>\n<ul>\n<li>Sam Sternin, consultor em nome da Funda\u00e7\u00e3o Bernard Van Leer<\/li>\n<\/ul>\n<h3>Participe da transmiss\u00e3o ao vivo no Facebook do MenCare <a href=\"https:\/\/www.facebook.com\/mencarecampaign\/posts\/2336635933130063\" target=\"_blank\" rel=\"noopener\">aqui<\/a>.<\/h3>\n<h2>Workshop: Pesquisa e Li\u00e7\u00f5es dos Relat\u00f3rios Nacionais de Paternidade<\/h2>\n<p><strong>Quando: <\/strong>11h30 \u2013 13h00 OESTE | 12h30 \u2013 14h00 CAT | 16h00 \u2013 17h30 IST | 5h30 - 7h EST<br \/>\n<strong>O que: <\/strong>Uma oportunidade de ouvir sobre pesquisas nacionais sobre paternidade da Am\u00e9rica Latina, \u00c1frica e regi\u00e3o n\u00f3rdica. Facilitador:<\/p>\n<ul>\n<li>Wessel van den Berg, Sonke Justi\u00e7a de G\u00eanero<\/li>\n<\/ul>\n<h3>Participe da reuni\u00e3o do Zoom <a href=\"https:\/\/zoom.us\/j\/494237421\" target=\"_blank\" rel=\"noopener\">aqui<\/a>.<\/h3>\n<h2>Plen\u00e1ria: O estado da licen\u00e7a parental e paternidade: como podemos defender melhor a mudan\u00e7a?<\/h2>\n<p><strong>Quando:\u00a0<\/strong>14h00 \u2013 15h30 OESTE | 15h00 \u2013 16h30 CAT | 18h30 \u2013 20h IST | 8h00 - 9h30 EST<br \/>\n<strong>O que:<\/strong>Sabemos que a licen\u00e7a-paternidade totalmente paga e n\u00e3o transfer\u00edvel e outros tipos de licen\u00e7a para assist\u00eancia s\u00e3o algumas das chaves para mover o dial em assist\u00eancia n\u00e3o remunerada. Como podemos fazer isso acontecer? Podemos incluir o setor n\u00e3o formal? E como mantemos uma perspectiva feminista? Palestrantes:<\/p>\n<ul>\n<li>Sebastian Molano, Consultor S\u00eanior de G\u00eanero, Oxfam America<\/li>\n<li>Umberto Cattaneo, Economista Igualdade de G\u00eanero e Diversidade, Organiza\u00e7\u00e3o Internacional do Trabalho<\/li>\n<li>Gary Barker em nome da Paternity Leave Corporate Task Force, Equimundo<\/li>\n<li>Rachel Ploem, consultora t\u00e9cnica de sa\u00fade feminina e g\u00eanero, Rutgers WPF<\/li>\n<li>Latifa Benayad, Chefe do Arquivo de G\u00eanero, Departamento de Reforma Administrativa e Coordenadora, RCI Network (Rede de Coordena\u00e7\u00e3o Interministerial)<\/li>\n<\/ul>\n<p>Moderador:<\/p>\n<ul>\n<li>Wessel van den Berg, gerente do portf\u00f3lio de direitos da crian\u00e7a e parentalidade positiva Sonke Gender Justice<\/li>\n<\/ul>\n<h3>Participe da transmiss\u00e3o ao vivo no Facebook do MenCare <a href=\"https:\/\/www.facebook.com\/mencarecampaign\/posts\/2336646179795705\" target=\"_blank\" rel=\"noopener\">aqui<\/a>.<\/h3>\n<h2>Workshop: Promovendo o compromisso MenCare: Li\u00e7\u00f5es de advocacia de alto impacto<\/h2>\n<p><strong>Quando: <\/strong>16h00 \u2013 17h30 OESTE | 17h00 \u2013 18h30 CAT | 20h30 \u2013 22h IST | 10h00 \u2013 11h30 EST<br \/>\n<strong>O que: <\/strong>Este workshop explorar\u00e1 exemplos atuais bem-sucedidos de advocacy para inspirar a realiza\u00e7\u00e3o do MenCare Commitment. Facilitador:<\/p>\n<ul>\n<li>Dean Peacock, Equimundo<\/li>\n<\/ul>\n<h3>Participe da reuni\u00e3o do Zoom <a href=\"https:\/\/zoom.us\/j\/118307245\" target=\"_blank\" rel=\"noopener\">aqui<\/a>.<\/h3>\n<h2><a id=\"3\"><\/a><img loading=\"lazy\" decoding=\"async\" class=\"fullwidth alignnone wp-image-7007 size-full\" src=\"https:\/\/www.mencare.org\/wp-content\/uploads\/2019\/11\/mencarelivebanners-02.png\" alt=\"\" width=\"5001\" height=\"834\" srcset=\"https:\/\/www.mencare.org\/wp-content\/uploads\/2019\/11\/mencarelivebanners-02.png 5001w, https:\/\/www.mencare.org\/wp-content\/uploads\/2019\/11\/mencarelivebanners-02-300x50.png 300w, https:\/\/www.mencare.org\/wp-content\/uploads\/2019\/11\/mencarelivebanners-02-768x128.png 768w, https:\/\/www.mencare.org\/wp-content\/uploads\/2019\/11\/mencarelivebanners-02-1024x171.png 1024w\" sizes=\"auto, (max-width: 5001px) 100vw, 5001px\" \/><\/h2>\n<h2>Plen\u00e1ria: Situa\u00e7\u00e3o da Paternidade no Mundo e o Compromisso MenCare<\/h2>\n<p><strong>Quando: <\/strong>9h30 \u2013 11h00 OESTE | 10h30 \u2013 12h00 CAT | 14h00 \u2013 15h30 IST | 3h30 - 5h EST<br \/>\n<strong>O que: <\/strong>Forneceremos uma vis\u00e3o geral do <em>Situa\u00e7\u00e3o da Paternidade no Mundo<\/em> relat\u00f3rio, como ele gerou o MenCare Commitment e exemplos de perfil de advocacia bem-sucedida nas cinco \u00e1reas de pol\u00edticas estabelecidas no MenCare Commitment. Palestrantes:<\/p>\n<ul>\n<li>Wessel van den Berg, Gerente da Unidade de Direitos da Crian\u00e7a e Parentalidade Positiva, Sonke Gender Justice<\/li>\n<li>Tatiana Moura, Coordenadora, Equimundo-Portugal<\/li>\n<li>Emmanuel Karamage, Coordenador de Campo do Projeto WOW, Centro de Recursos Masculinos de Ruanda (RWAMREC)<\/li>\n<li>Hugo Rocha P\u00e9rez, Diretor, C\u00f3mplices por la Igualdad \u2013 MenEngage M\u00e9xico<\/li>\n<li>Francisco Aguayo, Diretor, Cultura Salud\/EME<\/li>\n<\/ul>\n<p>Moderador:<\/p>\n<ul>\n<li>Gary Barker, Presidente e CEO, Equimundo<\/li>\n<\/ul>\n<h3>Participe da transmiss\u00e3o ao vivo no Facebook do MenCare <a href=\"https:\/\/www.facebook.com\/mencarecampaign\/posts\/2336655379794785\" target=\"_blank\" rel=\"noopener\">aqui<\/a>.<\/h3>\n<h2>Plen\u00e1ria de Encerramento: Reflex\u00f5es de Encerramento sobre Caminhos a Seguir para o MenCare<\/h2>\n<p><strong>Quando: <\/strong>14h00 \u2013 15h00 OESTE | 15h00 \u2013 16h00 CAT | 18h30 \u2013 19h30 IST | 8h00 - 9h00 EST<br \/>\n<strong>O que: <\/strong>Reflex\u00f5es finais dos participantes sobre os principais aprendizados da reuni\u00e3o.<\/p>\n<p>Moderadores:<\/p>\n<ul>\n<li>Gary Barker, Presidente e CEO, Equimundo<\/li>\n<li>Wessel van den Berg, Gerente da Unidade de Direitos da Crian\u00e7a e Parentalidade Positiva, Sonke Gender Justice<\/li>\n<\/ul>\n<h3>Participe da transmiss\u00e3o ao vivo no Facebook do MenCare <a href=\"https:\/\/www.facebook.com\/mencarecampaign\/posts\/2336663636460626\" target=\"_blank\" rel=\"noopener\">aqui<\/a>.<\/h3>","protected":false},"excerpt":{"rendered":"<p>Featuring live coverage of MenCare Global Meeting 2019 MenCare Coordinators are excited to share the agenda for online participation of the MenCare Global Meeting 2019! This year, all plenaries will be streamed via Facebook Live on MenCare&#8217;s page\u00a0and selected workshops will be available for interactive participation via Zoom meeting. Please check back here for all&nbsp;<a class=\"read-more-link\" href=\"https:\/\/www.mencare.org\/pt\/mencarelive\/\">\u2026<\/a><\/p>","protected":false},"author":173,"featured_media":0,"parent":0,"menu_order":0,"comment_status":"closed","ping_status":"closed","template":"","meta":{"footnotes":""},"class_list":["post-7003","page","type-page","status-publish","hentry"],"acf":[],"yoast_head":"<!-- This site is optimized with the Yoast SEO plugin v25.9 - https:\/\/yoast.com\/wordpress\/plugins\/seo\/ -->\n<title>#MenCareLive - MenCare<\/title>\n<meta name=\"robots\" content=\"index, follow, max-snippet:-1, max-image-preview:large, max-video-preview:-1\" \/>\n<link rel=\"canonical\" href=\"https:\/\/www.mencare.org\/pt\/mencarelive\/\" \/>\n<meta property=\"og:locale\" content=\"pt_BR\" \/>\n<meta property=\"og:type\" content=\"article\" \/>\n<meta property=\"og:title\" content=\"#MenCareLive - MenCare\" \/>\n<meta property=\"og:description\" content=\"Featuring live coverage of MenCare Global Meeting 2019 MenCare Coordinators are excited to share the agenda for online participation of the MenCare Global Meeting 2019! This year, all plenaries will be streamed via Facebook Live on MenCare&#8217;s page\u00a0and selected workshops will be available for interactive participation via Zoom meeting. Please check back here for all&nbsp;&hellip;\" \/>\n<meta property=\"og:url\" content=\"https:\/\/www.mencare.org\/pt\/mencarelive\/\" \/>\n<meta property=\"og:site_name\" content=\"MenCare\" \/>\n<meta property=\"article:modified_time\" content=\"2019-11-18T21:56:53+00:00\" \/>\n<meta property=\"og:image\" content=\"https:\/\/www.mencare.org\/wp-content\/uploads\/2019\/11\/mencarelivebanners-01.png\" \/>\n<meta name=\"twitter:card\" content=\"summary_large_image\" \/>\n<meta name=\"twitter:label1\" content=\"Est. reading time\" \/>\n\t<meta name=\"twitter:data1\" content=\"5 minutes\" \/>\n<script type=\"application\/ld+json\" class=\"yoast-schema-graph\">{\"@context\":\"https:\/\/schema.org\",\"@graph\":[{\"@type\":\"WebPage\",\"@id\":\"https:\/\/www.mencare.org\/pt\/mencarelive\/\",\"url\":\"https:\/\/www.mencare.org\/pt\/mencarelive\/\",\"name\":\"#MenCareLive - MenCare\",\"isPartOf\":{\"@id\":\"http:\/\/www.mencare.org\/#website\"},\"primaryImageOfPage\":{\"@id\":\"https:\/\/www.mencare.org\/pt\/mencarelive\/#primaryimage\"},\"image\":{\"@id\":\"https:\/\/www.mencare.org\/pt\/mencarelive\/#primaryimage\"},\"thumbnailUrl\":\"https:\/\/www.mencare.org\/wp-content\/uploads\/2019\/11\/mencarelivebanners-01.png\",\"datePublished\":\"2019-11-08T20:10:16+00:00\",\"dateModified\":\"2019-11-18T21:56:53+00:00\",\"breadcrumb\":{\"@id\":\"https:\/\/www.mencare.org\/pt\/mencarelive\/#breadcrumb\"},\"inLanguage\":\"pt-BR\",\"potentialAction\":[{\"@type\":\"ReadAction\",\"target\":[\"https:\/\/www.mencare.org\/pt\/mencarelive\/\"]}]},{\"@type\":\"ImageObject\",\"inLanguage\":\"pt-BR\",\"@id\":\"https:\/\/www.mencare.org\/pt\/mencarelive\/#primaryimage\",\"url\":\"https:\/\/www.mencare.org\/wp-content\/uploads\/2019\/11\/mencarelivebanners-01.png\",\"contentUrl\":\"https:\/\/www.mencare.org\/wp-content\/uploads\/2019\/11\/mencarelivebanners-01.png\"},{\"@type\":\"BreadcrumbList\",\"@id\":\"https:\/\/www.mencare.org\/pt\/mencarelive\/#breadcrumb\",\"itemListElement\":[{\"@type\":\"ListItem\",\"position\":1,\"name\":\"Home\",\"item\":\"http:\/\/www.mencare.org\/\"},{\"@type\":\"ListItem\",\"position\":2,\"name\":\"#MenCareLive\"}]},{\"@type\":\"WebSite\",\"@id\":\"http:\/\/www.mencare.org\/#website\",\"url\":\"http:\/\/www.mencare.org\/\",\"name\":\"MenCare\",\"description\":\"A Global Fatherhood Campaign\",\"potentialAction\":[{\"@type\":\"SearchAction\",\"target\":{\"@type\":\"EntryPoint\",\"urlTemplate\":\"http:\/\/www.mencare.org\/?s={search_term_string}\"},\"query-input\":{\"@type\":\"PropertyValueSpecification\",\"valueRequired\":true,\"valueName\":\"search_term_string\"}}],\"inLanguage\":\"pt-BR\"}]}<\/script>\n<!-- \/ Yoast SEO plugin. -->","yoast_head_json":{"title":"#MenCareLive - MenCare","robots":{"index":"index","follow":"follow","max-snippet":"max-snippet:-1","max-image-preview":"max-image-preview:large","max-video-preview":"max-video-preview:-1"},"canonical":"https:\/\/www.mencare.org\/pt\/mencarelive\/","og_locale":"pt_BR","og_type":"article","og_title":"#MenCareLive - MenCare","og_description":"Featuring live coverage of MenCare Global Meeting 2019 MenCare Coordinators are excited to share the agenda for online participation of the MenCare Global Meeting 2019! This year, all plenaries will be streamed via Facebook Live on MenCare&#8217;s page\u00a0and selected workshops will be available for interactive participation via Zoom meeting. Please check back here for all&nbsp;&hellip;","og_url":"https:\/\/www.mencare.org\/pt\/mencarelive\/","og_site_name":"MenCare","article_modified_time":"2019-11-18T21:56:53+00:00","og_image":[{"url":"https:\/\/www.mencare.org\/wp-content\/uploads\/2019\/11\/mencarelivebanners-01.png","type":"","width":"","height":""}],"twitter_card":"summary_large_image","twitter_misc":{"Est. reading time":"5 minutes"},"schema":{"@context":"https:\/\/schema.org","@graph":[{"@type":"WebPage","@id":"https:\/\/www.mencare.org\/pt\/mencarelive\/","url":"https:\/\/www.mencare.org\/pt\/mencarelive\/","name":"#MenCareLive - MenCare","isPartOf":{"@id":"http:\/\/www.mencare.org\/#website"},"primaryImageOfPage":{"@id":"https:\/\/www.mencare.org\/pt\/mencarelive\/#primaryimage"},"image":{"@id":"https:\/\/www.mencare.org\/pt\/mencarelive\/#primaryimage"},"thumbnailUrl":"https:\/\/www.mencare.org\/wp-content\/uploads\/2019\/11\/mencarelivebanners-01.png","datePublished":"2019-11-08T20:10:16+00:00","dateModified":"2019-11-18T21:56:53+00:00","breadcrumb":{"@id":"https:\/\/www.mencare.org\/pt\/mencarelive\/#breadcrumb"},"inLanguage":"pt-BR","potentialAction":[{"@type":"ReadAction","target":["https:\/\/www.mencare.org\/pt\/mencarelive\/"]}]},{"@type":"ImageObject","inLanguage":"pt-BR","@id":"https:\/\/www.mencare.org\/pt\/mencarelive\/#primaryimage","url":"https:\/\/www.mencare.org\/wp-content\/uploads\/2019\/11\/mencarelivebanners-01.png","contentUrl":"https:\/\/www.mencare.org\/wp-content\/uploads\/2019\/11\/mencarelivebanners-01.png"},{"@type":"BreadcrumbList","@id":"https:\/\/www.mencare.org\/pt\/mencarelive\/#breadcrumb","itemListElement":[{"@type":"ListItem","position":1,"name":"Home","item":"http:\/\/www.mencare.org\/"},{"@type":"ListItem","position":2,"name":"#MenCareLive"}]},{"@type":"WebSite","@id":"http:\/\/www.mencare.org\/#website","url":"http:\/\/www.mencare.org\/","name":"Cuidados com os homens","description":"Uma Campanha Global de Paternidade","potentialAction":[{"@type":"SearchAction","target":{"@type":"EntryPoint","urlTemplate":"http:\/\/www.mencare.org\/?s={search_term_string}"},"query-input":{"@type":"PropertyValueSpecification","valueRequired":true,"valueName":"search_term_string"}}],"inLanguage":"pt-BR"}]}},"_links":{"self":[{"href":"https:\/\/www.mencare.org\/pt\/wp-json\/wp\/v2\/pages\/7003","targetHints":{"allow":["GET"]}}],"collection":[{"href":"https:\/\/www.mencare.org\/pt\/wp-json\/wp\/v2\/pages"}],"about":[{"href":"https:\/\/www.mencare.org\/pt\/wp-json\/wp\/v2\/types\/page"}],"author":[{"embeddable":true,"href":"https:\/\/www.mencare.org\/pt\/wp-json\/wp\/v2\/users\/173"}],"replies":[{"embeddable":true,"href":"https:\/\/www.mencare.org\/pt\/wp-json\/wp\/v2\/comments?post=7003"}],"version-history":[{"count":1,"href":"https:\/\/www.mencare.org\/pt\/wp-json\/wp\/v2\/pages\/7003\/revisions"}],"predecessor-version":[{"id":7052,"href":"https:\/\/www.mencare.org\/pt\/wp-json\/wp\/v2\/pages\/7003\/revisions\/7052"}],"wp:attachment":[{"href":"https:\/\/www.mencare.org\/pt\/wp-json\/wp\/v2\/media?parent=7003"}],"curies":[{"name":"wp","href":"https:\/\/api.w.org\/{rel}","templated":true}]}}