{"id":7734,"date":"2023-07-10T16:21:22","date_gmt":"2023-07-10T20:21:22","guid":{"rendered":"https:\/\/www.mencare.org\/?page_id=7734"},"modified":"2024-07-30T16:10:12","modified_gmt":"2024-07-30T20:10:12","slug":"discussion-board-registration","status":"publish","type":"page","link":"https:\/\/www.mencare.org\/pt\/discussion-board-registration\/","title":{"rendered":"Registro no F\u00f3rum de Discuss\u00e3o"},"content":{"rendered":"<h2 class=\"wp-block-heading page-title\">Criar uma conta<\/h2>\r\n\r\n\r\n<div class=\"tml tml-register\">\n<div class=\"tml-alerts\"><\/div><form name=\"register\" action=\"https:\/\/www.mencare.org\/pt\/discussion-board-registration\/\" method=\"post\" novalidate=\"novalidate\" data-trp-original-action=\"https:\/\/www.mencare.org\/pt\/discussion-board-registration\/\">\n<div class=\"tml-field-wrap tml-user_login-wrap\">\n<label class=\"tml-label\" for=\"user_login\">Nome de usu\u00e1rio<\/label>\n<input name=\"user_login\" type=\"text\" value=\"\" id=\"user_login\" autocapitalize=\"off\" class=\"tml-field\">\n<\/div>\n\n<div class=\"tml-field-wrap tml-user_email-wrap\">\n<label class=\"tml-label\" for=\"user_email\">E-mail<\/label>\n<input name=\"user_email\" type=\"email\" value=\"\" id=\"user_email\" class=\"tml-field\">\n<\/div>\n\n<div class=\"tml-field-wrap tml-first_name-wrap\">\n<label class=\"tml-label\" for=\"first_name\">Primeiro nome<\/label>\n<input name=\"first_name\" type=\"text\" value=\"\" id=\"first_name\" class=\"tml-field\">\n<\/div>\n\n<div class=\"tml-field-wrap tml-last_name-wrap\">\n<label class=\"tml-label\" for=\"last_name\">Sobrenome<\/label>\n<input name=\"last_name\" type=\"text\" value=\"\" id=\"last_name\" class=\"tml-field\">\n<\/div>\n\n<div class=\"tml-field-wrap tml-organization-wrap\">\n<label class=\"tml-label\" for=\"organization\">Organiza\u00e7\u00e3o<\/label>\n<input name=\"organization\" type=\"text\" value=\"\" id=\"organization\" class=\"tml-field\">\n<\/div>\n\n<div class=\"tml-field-wrap tml-country-wrap\">\n<label class=\"tml-label\" for=\"country\">Pa\u00eds<\/label>\n<select name=\"country\" id=\"country\" class=\"tml-field\">\n<option value=\"\" selected=\"selected\">Selecione um pa\u00eds<\/option>\n<option value=\"Afghanistan\">Afeganist\u00e3o<\/option>\n<option value=\"Albania\">Alb\u00e2nia<\/option>\n<option value=\"Algeria\">Arg\u00e9lia<\/option>\n<option value=\"American Samoa\">Samoa Americana<\/option>\n<option value=\"Andorra\">Andorra<\/option>\n<option value=\"Angola\">Angola<\/option>\n<option value=\"Anguilla\">Anguila<\/option>\n<option value=\"Antarctica\">Ant\u00e1rtica<\/option>\n<option value=\"Antigua and Barbuda\">Ant\u00edgua e Barbuda<\/option>\n<option value=\"Argentina\">Argentina<\/option>\n<option value=\"Armenia\">Arm\u00eania<\/option>\n<option value=\"Aruba\">Aruba<\/option>\n<option value=\"Australia\">Austr\u00e1lia<\/option>\n<option value=\"Austria\">\u00c1ustria<\/option>\n<option value=\"Azerbaijan\">Azerbaij\u00e3o<\/option>\n<option value=\"Bahamas\">Bahamas<\/option>\n<option value=\"Bahrain\">Bahrein<\/option>\n<option value=\"Bangladesh\">Bangladesh<\/option>\n<option value=\"Barbados\">Barbados<\/option>\n<option value=\"Belarus\">Bielorr\u00fassia<\/option>\n<option value=\"Belgium\">B\u00e9lgica<\/option>\n<option value=\"Belize\">Belize<\/option>\n<option value=\"Benin\">Benim<\/option>\n<option value=\"Bermuda\">Bermudas<\/option>\n<option value=\"Bhutan\">But\u00e3o<\/option>\n<option value=\"Bolivia\">Bol\u00edvia<\/option>\n<option value=\"Bosnia and Herzegowina\">B\u00f3snia e Herzegovina<\/option>\n<option value=\"Botswana\">Botsuana<\/option>\n<option value=\"Bouvet Island\">Ilha Bouvet<\/option>\n<option value=\"Brazil\">Brasil<\/option>\n<option value=\"British Indian Ocean Territory\">Territ\u00f3rio Brit\u00e2nico do Oceano \u00cdndico<\/option>\n<option value=\"Brunei Darussalam\">Brunei Darussalam<\/option>\n<option value=\"Bulgaria\">Bulg\u00e1ria<\/option>\n<option value=\"Burkina Faso\">Burkina Faso<\/option>\n<option value=\"Burundi\">Burundi<\/option>\n<option value=\"Cambodia\">Camboja<\/option>\n<option value=\"Cameroon\">Camar\u00f5es<\/option>\n<option value=\"Canada\">Canad\u00e1<\/option>\n<option value=\"Cape Verde\">Cabo Verde<\/option>\n<option value=\"Cayman Islands\">Ilhas Cayman<\/option>\n<option value=\"Central African Republic\">Rep\u00fablica Centro-Africana<\/option>\n<option value=\"Chad\">Chade<\/option>\n<option value=\"Chile\">Chile<\/option>\n<option value=\"China\">China<\/option>\n<option value=\"Christmas Island\">Ilha Christmas<\/option>\n<option value=\"Cocos (Keeling) Islands\">Ilhas Cocos (Keeling)<\/option>\n<option value=\"Colombia\">Col\u00f4mbia<\/option>\n<option value=\"Comoros\">Comores<\/option>\n<option value=\"Congo\">Congo<\/option>\n<option value=\"Congo, the Democratic Republic of the\">Congo, Rep\u00fablica Democr\u00e1tica do<\/option>\n<option value=\"Cook Islands\">Ilhas Cook<\/option>\n<option value=\"Costa Rica\">Costa Rica<\/option>\n<option value=\"Cote d&#039;Ivoire\">Costa do Marfim<\/option>\n<option value=\"Croatia (Hrvatska)\">Cro\u00e1cia (Hrvatska)<\/option>\n<option value=\"Cuba\">Cuba<\/option>\n<option value=\"Cyprus\">Chipre<\/option>\n<option value=\"Czech Republic\">Rep\u00fablica Checa<\/option>\n<option value=\"Denmark\">Dinamarca<\/option>\n<option value=\"Djibouti\">Djibuti<\/option>\n<option value=\"Dominica\">Dom\u00ednica<\/option>\n<option value=\"Dominican Republic\">Rep\u00fablica Dominicana<\/option>\n<option value=\"East Timor\">Timor Leste<\/option>\n<option value=\"Ecuador\">Equador<\/option>\n<option value=\"Egypt\">Egito<\/option>\n<option value=\"El Salvador\">El Salvador<\/option>\n<option value=\"Equatorial Guinea\">Guin\u00e9 Equatorial<\/option>\n<option value=\"Eritrea\">Eritreia<\/option>\n<option value=\"Estonia\">Est\u00f4nia<\/option>\n<option value=\"Ethiopia\">Eti\u00f3pia<\/option>\n<option value=\"Falkland Islands (Malvinas)\">Ilhas Falkland (Malvinas)<\/option>\n<option value=\"Faroe Islands\">Ilhas Faro\u00e9<\/option>\n<option value=\"Fiji\">Fiji<\/option>\n<option value=\"Finland\">Finl\u00e2ndia<\/option>\n<option value=\"France\">Fran\u00e7a<\/option>\n<option value=\"France Metropolitan\">Fran\u00e7a Metropolitana<\/option>\n<option value=\"French Guiana\">Guiana Francesa<\/option>\n<option value=\"French Polynesia\">Polin\u00e9sia Francesa<\/option>\n<option value=\"French Southern Territories\">Territ\u00f3rios Franceses do Sul<\/option>\n<option value=\"Gabon\">Gab\u00e3o<\/option>\n<option value=\"Gambia\">G\u00e2mbia<\/option>\n<option value=\"Georgia\">Ge\u00f3rgia<\/option>\n<option value=\"Germany\">Alemanha<\/option>\n<option value=\"Ghana\">Gana<\/option>\n<option value=\"Gibraltar\">Gibraltar<\/option>\n<option value=\"Greece\">Gr\u00e9cia<\/option>\n<option value=\"Greenland\">Groenl\u00e2ndia<\/option>\n<option value=\"Grenada\">Granada<\/option>\n<option value=\"Guadeloupe\">Guadalupe<\/option>\n<option value=\"Guam\">Guam<\/option>\n<option value=\"Guatemala\">Guatemala<\/option>\n<option value=\"Guinea\">Guin\u00e9<\/option>\n<option value=\"Guinea-Bissau\">Guin\u00e9-Bissau<\/option>\n<option value=\"Guyana\">Guiana<\/option>\n<option value=\"Haiti\">Haiti<\/option>\n<option value=\"Heard and Mc Donald Islands\">Ilhas Heard e Mc Donald<\/option>\n<option value=\"Holy See (Vatican City State)\">Santa S\u00e9 (Estado da Cidade do Vaticano)<\/option>\n<option value=\"Honduras\">Honduras<\/option>\n<option value=\"Hong Kong\">Hong Kong<\/option>\n<option value=\"Hungary\">Hungria<\/option>\n<option value=\"Iceland\">Isl\u00e2ndia<\/option>\n<option value=\"India\">\u00cdndia<\/option>\n<option value=\"Indonesia\">Indon\u00e9sia<\/option>\n<option value=\"Iran (Islamic Republic of)\">Ir\u00e3 (Rep\u00fablica Isl\u00e2mica do)<\/option>\n<option value=\"Iraq\">Iraque<\/option>\n<option value=\"Ireland\">Irlanda<\/option>\n<option value=\"Israel\">Israel<\/option>\n<option value=\"Italy\">It\u00e1lia<\/option>\n<option value=\"Jamaica\">Jamaica<\/option>\n<option value=\"Japan\">Jap\u00e3o<\/option>\n<option value=\"Jordan\">Jord\u00e2nia<\/option>\n<option value=\"Kazakhstan\">Cazaquist\u00e3o<\/option>\n<option value=\"Kenya\">Qu\u00eania<\/option>\n<option value=\"Kiribati\">Quirib\u00e1ti<\/option>\n<option value=\"Korea, Democratic People&#039;s Republic of\">Coreia, Rep\u00fablica Popular Democr\u00e1tica da<\/option>\n<option value=\"Korea, Republic of\">Coreia, Rep\u00fablica da<\/option>\n<option value=\"Kuwait\">Kuwait<\/option>\n<option value=\"Kyrgyzstan\">Quirguist\u00e3o<\/option>\n<option value=\"Lao, People&#039;s Democratic Republic\">Laos, Rep\u00fablica Democr\u00e1tica Popular<\/option>\n<option value=\"Latvia\">Let\u00f4nia<\/option>\n<option value=\"Lebanon\">L\u00edbano<\/option>\n<option value=\"Lesotho\">Lesoto<\/option>\n<option value=\"Liberia\">Lib\u00e9ria<\/option>\n<option value=\"Libyan Arab Jamahiriya\">Jamahiriya \u00c1rabe L\u00edbia<\/option>\n<option value=\"Liechtenstein\">Liechtenstein<\/option>\n<option value=\"Lithuania\">Litu\u00e2nia<\/option>\n<option value=\"Luxembourg\">Luxemburgo<\/option>\n<option value=\"Macau\">Macau<\/option>\n<option value=\"Macedonia, The Former Yugoslav Republic of\">Maced\u00f4nia, Antiga Rep\u00fablica Iugoslava da<\/option>\n<option value=\"Madagascar\">Madag\u00e1scar<\/option>\n<option value=\"Malawi\">Malawi<\/option>\n<option value=\"Malaysia\">Mal\u00e1sia<\/option>\n<option value=\"Maldives\">Maldivas<\/option>\n<option value=\"Mali\">Mali<\/option>\n<option value=\"Malta\">Malta<\/option>\n<option value=\"Marshall Islands\">Ilhas Marshall<\/option>\n<option value=\"Martinique\">Martinica<\/option>\n<option value=\"Mauritania\">Maurit\u00e2nia<\/option>\n<option value=\"Mauritius\">Maur\u00edcio<\/option>\n<option value=\"Mayotte\">Maiote<\/option>\n<option value=\"Mexico\">M\u00e9xico<\/option>\n<option value=\"Micronesia, Federated States of\">Micron\u00e9sia, Estados Federados da<\/option>\n<option value=\"Moldova, Republic of\">Mold\u00e1via, Rep\u00fablica da<\/option>\n<option value=\"Monaco\">M\u00f4naco<\/option>\n<option value=\"Mongolia\">Mong\u00f3lia<\/option>\n<option value=\"Montserrat\">Montserrat<\/option>\n<option value=\"Morocco\">Marrocos<\/option>\n<option value=\"Mozambique\">Mo\u00e7ambique<\/option>\n<option value=\"Myanmar\">Mianmar<\/option>\n<option value=\"Namibia\">Nam\u00edbia<\/option>\n<option value=\"Nauru\">Nauru<\/option>\n<option value=\"Nepal\">Nepal<\/option>\n<option value=\"Netherlands\">Holanda<\/option>\n<option value=\"Netherlands Antilles\">Antilhas Holandesas<\/option>\n<option value=\"New Caledonia\">Nova Caled\u00f4nia<\/option>\n<option value=\"New Zealand\">Nova Zel\u00e2ndia<\/option>\n<option value=\"Nicaragua\">Nicar\u00e1gua<\/option>\n<option value=\"Niger\">N\u00edger<\/option>\n<option value=\"Nigeria\">Nig\u00e9ria<\/option>\n<option value=\"Niue\">Niue<\/option>\n<option value=\"Norfolk Island\">Ilha Norfolk<\/option>\n<option value=\"Northern Mariana Islands\">Ilhas Marianas do Norte<\/option>\n<option value=\"Norway\">Noruega<\/option>\n<option value=\"Oman\">Om\u00e3<\/option>\n<option value=\"Pakistan\">Paquist\u00e3o<\/option>\n<option value=\"Palau\">Palau<\/option>\n<option value=\"Panama\">Panam\u00e1<\/option>\n<option value=\"Papua New Guinea\">Papua Nova Guin\u00e9<\/option>\n<option value=\"Paraguay\">Paraguai<\/option>\n<option value=\"Peru\">Peru<\/option>\n<option value=\"Philippines\">Filipinas<\/option>\n<option value=\"Pitcairn\">Pitcairn<\/option>\n<option value=\"Poland\">Pol\u00f4nia<\/option>\n<option value=\"Portugal\">Portugal<\/option>\n<option value=\"Puerto Rico\">Porto Rico<\/option>\n<option value=\"Qatar\">Catar<\/option>\n<option value=\"Reunion\">Reuni\u00e3o<\/option>\n<option value=\"Romania\">Rom\u00eania<\/option>\n<option value=\"Russian Federation\">Federa\u00e7\u00e3o Russa<\/option>\n<option value=\"Rwanda\">Ruanda<\/option>\n<option value=\"Saint Kitts and Nevis\">S\u00e3o Crist\u00f3v\u00e3o e Nevis<\/option>\n<option value=\"Saint Lucia\">Santa L\u00facia<\/option>\n<option value=\"Saint Vincent and the Grenadines\">S\u00e3o Vicente e Granadinas<\/option>\n<option value=\"Samoa\">Samoa<\/option>\n<option value=\"San Marino\">S\u00e3o Marino<\/option>\n<option value=\"Sao Tome and Principe\">S\u00e3o Tom\u00e9 e Pr\u00edncipe<\/option>\n<option value=\"Saudi Arabia\">Ar\u00e1bia Saudita<\/option>\n<option value=\"Senegal\">Senegal<\/option>\n<option value=\"Seychelles\">Seicheles<\/option>\n<option value=\"Sierra Leone\">Serra Leoa<\/option>\n<option value=\"Singapore\">Cingapura<\/option>\n<option value=\"Slovakia (Slovak Republic)\">Eslov\u00e1quia (Rep\u00fablica Eslovaca)<\/option>\n<option value=\"Slovenia\">Eslov\u00eania<\/option>\n<option value=\"Solomon Islands\">Ilhas Salom\u00e3o<\/option>\n<option value=\"Somalia\">Som\u00e1lia<\/option>\n<option value=\"South Africa\">\u00c1frica do Sul<\/option>\n<option value=\"South Georgia and the South Sandwich Islands\">Ilhas Ge\u00f3rgia do Sul e Sandwich do Sul<\/option>\n<option value=\"Spain\">Espanha<\/option>\n<option value=\"Sri Lanka\">Sri Lanka<\/option>\n<option value=\"St. Helena\">Santa Helena<\/option>\n<option value=\"St. Pierre and Miquelon\">S\u00e3o Pedro e Miquelon<\/option>\n<option value=\"Sudan\">Sud\u00e3o<\/option>\n<option value=\"Suriname\">Suriname<\/option>\n<option value=\"Svalbard and Jan Mayen Islands\">Ilhas Svalbard e Jan Mayen<\/option>\n<option value=\"Swaziland\">Suazil\u00e2ndia<\/option>\n<option value=\"Sweden\">Su\u00e9cia<\/option>\n<option value=\"Switzerland\">Su\u00ed\u00e7a<\/option>\n<option value=\"Syrian Arab Republic\">Rep\u00fablica \u00c1rabe S\u00edria<\/option>\n<option value=\"Taiwan, Province of China\">Taiwan, Prov\u00edncia da China<\/option>\n<option value=\"Tajikistan\">Tajiquist\u00e3o<\/option>\n<option value=\"Tanzania, United Republic of\">Tanz\u00e2nia, Rep\u00fablica Unida da<\/option>\n<option value=\"Thailand\">Tail\u00e2ndia<\/option>\n<option value=\"Togo\">Ir<\/option>\n<option value=\"Tokelau\">Toquelau<\/option>\n<option value=\"Tonga\">Tonga<\/option>\n<option value=\"Trinidad and Tobago\">Trinidad e Tobago<\/option>\n<option value=\"Tunisia\">Tun\u00edsia<\/option>\n<option value=\"Turkey\">Peru<\/option>\n<option value=\"Turkmenistan\">Turcomenist\u00e3o<\/option>\n<option value=\"Turks and Caicos Islands\">Ilhas Turks e Caicos<\/option>\n<option value=\"Tuvalu\">Tuvalu<\/option>\n<option value=\"Uganda\">Uganda<\/option>\n<option value=\"Ukraine\">Ucr\u00e2nia<\/option>\n<option value=\"United Arab Emirates\">Emirados \u00c1rabes Unidos<\/option>\n<option value=\"United Kingdom\">Reino Unido<\/option>\n<option value=\"United States\">Estados Unidos<\/option>\n<option value=\"United States Minor Outlying Islands\">Ilhas Menores Distantes dos Estados Unidos<\/option>\n<option value=\"Uruguay\">Uruguai<\/option>\n<option value=\"Uzbekistan\">Uzbequist\u00e3o<\/option>\n<option value=\"Vanuatu\">Vanuatu<\/option>\n<option value=\"Venezuela\">Venezuela<\/option>\n<option value=\"Vietnam\">Vietn\u00e3<\/option>\n<option value=\"Virgin Islands (British)\">Ilhas Virgens (Brit\u00e2nicas)<\/option>\n<option value=\"Virgin Islands (U.S.)\">Ilhas Virgens (EUA)<\/option>\n<option value=\"Wallis and Futuna Islands\">Ilhas Wallis e Futuna<\/option>\n<option value=\"Western Sahara\">Saara Ocidental<\/option>\n<option value=\"Yemen\">I\u00e9men<\/option>\n<option value=\"Yugoslavia\">Iugosl\u00e1via<\/option>\n<option value=\"Zambia\">Z\u00e2mbia<\/option>\n<option value=\"Zimbabwe\">Zimb\u00e1bue<\/option>\n<\/select>\n<\/div>\n\n<div class=\"tml-field-wrap tml-user_pass1-wrap\">\n<label class=\"tml-label\" for=\"pass1\">Senha<\/label>\n<input name=\"user_pass1\" type=\"password\" value=\"\" id=\"pass1\" autocomplete=\"off\" class=\"tml-field\">\n<\/div>\n\n<div class=\"tml-field-wrap tml-user_pass2-wrap\">\n<label class=\"tml-label\" for=\"pass2\">Confirme sua senha<\/label>\n<input name=\"user_pass2\" type=\"password\" value=\"\" id=\"pass2\" autocomplete=\"off\" class=\"tml-field\">\n<\/div>\n\n<div class=\"tml-field-wrap tml-indicator-wrap\">\n<div id=\"pass-strength-result\" class=\"hide-if-no-js\" aria-live=\"polite\">Indicador de for\u00e7a<\/div><\/div>\n\n<div class=\"tml-field-wrap tml-indicator_hint-wrap\">\n<p class=\"description indicator-hint\">Dica: A senha deve ter pelo menos doze caracteres. Para torn\u00e1-la mais forte, use letras mai\u00fasculas e min\u00fasculas, n\u00fameros e s\u00edmbolos como ! &quot; ? $ % ^ &amp; ).<\/p><\/div>\n\n<input type=\"hidden\" name=\"g-recaptcha-response\" class=\"itsec-g-recaptcha\" data-action=\"register\">\n<div class=\"tml-field-wrap tml-submit-wrap\">\n<button name=\"submit\" type=\"submit\" class=\"tml-button\">Criar uma conta<\/button>\n<\/div>\n\n<input name=\"redirect_to\" type=\"hidden\" value=\"https:\/\/www.mencare.org\/pt\/discussion-board-login\/?pending=activation\">\n\n<input type=\"hidden\" name=\"trp-form-language\" value=\"pt\"\/><\/form>\n<ul class=\"tml-links\"><li class=\"tml-login-link\"><a href=\"https:\/\/www.mencare.org\/pt\/discussion-board-login\/\">J\u00e1 tem uma conta? Entrar<\/a><\/li><li class=\"tml-lostpassword-link\"><a href=\"https:\/\/www.mencare.org\/pt\/lostpassword\/\">Esqueceu sua senha<\/a><\/li><\/ul><\/div>","protected":false},"excerpt":{"rendered":"<p>Criar uma conta<\/p>","protected":false},"author":178,"featured_media":0,"parent":0,"menu_order":0,"comment_status":"closed","ping_status":"closed","template":"forum-template.php","meta":{"footnotes":""},"class_list":["post-7734","page","type-page","status-publish","hentry"],"acf":[],"yoast_head":"<!-- This site is optimized with the Yoast SEO plugin v25.9 - https:\/\/yoast.com\/wordpress\/plugins\/seo\/ -->\n<title>Discussion Board Registration - MenCare<\/title>\n<meta name=\"robots\" content=\"index, follow, max-snippet:-1, max-image-preview:large, max-video-preview:-1\" \/>\n<link rel=\"canonical\" href=\"https:\/\/www.mencare.org\/pt\/discussion-board-registration\/\" \/>\n<meta property=\"og:locale\" content=\"pt_BR\" \/>\n<meta property=\"og:type\" content=\"article\" \/>\n<meta property=\"og:title\" content=\"Discussion Board Registration - MenCare\" \/>\n<meta property=\"og:description\" content=\"Create an Account\" \/>\n<meta property=\"og:url\" content=\"https:\/\/www.mencare.org\/pt\/discussion-board-registration\/\" \/>\n<meta property=\"og:site_name\" content=\"MenCare\" \/>\n<meta property=\"article:modified_time\" content=\"2024-07-30T20:10:12+00:00\" \/>\n<meta name=\"twitter:card\" content=\"summary_large_image\" \/>\n<meta name=\"twitter:label1\" content=\"Est. reading time\" \/>\n\t<meta name=\"twitter:data1\" content=\"1 minute\" \/>\n<script type=\"application\/ld+json\" class=\"yoast-schema-graph\">{\"@context\":\"https:\/\/schema.org\",\"@graph\":[{\"@type\":\"WebPage\",\"@id\":\"https:\/\/www.mencare.org\/es\/discussion-board-registration\/\",\"url\":\"https:\/\/www.mencare.org\/es\/discussion-board-registration\/\",\"name\":\"Discussion Board Registration - MenCare\",\"isPartOf\":{\"@id\":\"http:\/\/www.mencare.org\/pt\/#website\"},\"datePublished\":\"2023-07-10T20:21:22+00:00\",\"dateModified\":\"2024-07-30T20:10:12+00:00\",\"breadcrumb\":{\"@id\":\"https:\/\/www.mencare.org\/es\/discussion-board-registration\/#breadcrumb\"},\"inLanguage\":\"pt-BR\",\"potentialAction\":[{\"@type\":\"ReadAction\",\"target\":[\"https:\/\/www.mencare.org\/es\/discussion-board-registration\/\"]}]},{\"@type\":\"BreadcrumbList\",\"@id\":\"https:\/\/www.mencare.org\/es\/discussion-board-registration\/#breadcrumb\",\"itemListElement\":[{\"@type\":\"ListItem\",\"position\":1,\"name\":\"Home\",\"item\":\"http:\/\/www.mencare.org\/pt\/\"},{\"@type\":\"ListItem\",\"position\":2,\"name\":\"Discussion Board Registration\"}]},{\"@type\":\"WebSite\",\"@id\":\"http:\/\/www.mencare.org\/pt\/#website\",\"url\":\"http:\/\/www.mencare.org\/pt\/\",\"name\":\"MenCare\",\"description\":\"A Global Fatherhood Campaign\",\"potentialAction\":[{\"@type\":\"SearchAction\",\"target\":{\"@type\":\"EntryPoint\",\"urlTemplate\":\"http:\/\/www.mencare.org\/pt\/?s={search_term_string}\"},\"query-input\":{\"@type\":\"PropertyValueSpecification\",\"valueRequired\":true,\"valueName\":\"search_term_string\"}}],\"inLanguage\":\"pt-BR\"}]}<\/script>\n<!-- \/ Yoast SEO plugin. -->","yoast_head_json":{"title":"Discussion Board Registration - MenCare","robots":{"index":"index","follow":"follow","max-snippet":"max-snippet:-1","max-image-preview":"max-image-preview:large","max-video-preview":"max-video-preview:-1"},"canonical":"https:\/\/www.mencare.org\/pt\/discussion-board-registration\/","og_locale":"pt_BR","og_type":"article","og_title":"Discussion Board Registration - MenCare","og_description":"Create an Account","og_url":"https:\/\/www.mencare.org\/pt\/discussion-board-registration\/","og_site_name":"MenCare","article_modified_time":"2024-07-30T20:10:12+00:00","twitter_card":"summary_large_image","twitter_misc":{"Est. reading time":"1 minute"},"schema":{"@context":"https:\/\/schema.org","@graph":[{"@type":"WebPage","@id":"https:\/\/www.mencare.org\/es\/discussion-board-registration\/","url":"https:\/\/www.mencare.org\/es\/discussion-board-registration\/","name":"Discussion Board Registration - MenCare","isPartOf":{"@id":"http:\/\/www.mencare.org\/pt\/#website"},"datePublished":"2023-07-10T20:21:22+00:00","dateModified":"2024-07-30T20:10:12+00:00","breadcrumb":{"@id":"https:\/\/www.mencare.org\/es\/discussion-board-registration\/#breadcrumb"},"inLanguage":"pt-BR","potentialAction":[{"@type":"ReadAction","target":["https:\/\/www.mencare.org\/es\/discussion-board-registration\/"]}]},{"@type":"BreadcrumbList","@id":"https:\/\/www.mencare.org\/es\/discussion-board-registration\/#breadcrumb","itemListElement":[{"@type":"ListItem","position":1,"name":"Home","item":"http:\/\/www.mencare.org\/pt\/"},{"@type":"ListItem","position":2,"name":"Discussion Board Registration"}]},{"@type":"WebSite","@id":"http:\/\/www.mencare.org\/pt\/#website","url":"http:\/\/www.mencare.org\/pt\/","name":"Cuidados com os homens","description":"Uma Campanha Global de Paternidade","potentialAction":[{"@type":"SearchAction","target":{"@type":"EntryPoint","urlTemplate":"http:\/\/www.mencare.org\/pt\/?s={search_term_string}"},"query-input":{"@type":"PropertyValueSpecification","valueRequired":true,"valueName":"search_term_string"}}],"inLanguage":"pt-BR"}]}},"_links":{"self":[{"href":"https:\/\/www.mencare.org\/pt\/wp-json\/wp\/v2\/pages\/7734","targetHints":{"allow":["GET"]}}],"collection":[{"href":"https:\/\/www.mencare.org\/pt\/wp-json\/wp\/v2\/pages"}],"about":[{"href":"https:\/\/www.mencare.org\/pt\/wp-json\/wp\/v2\/types\/page"}],"author":[{"embeddable":true,"href":"https:\/\/www.mencare.org\/pt\/wp-json\/wp\/v2\/users\/178"}],"replies":[{"embeddable":true,"href":"https:\/\/www.mencare.org\/pt\/wp-json\/wp\/v2\/comments?post=7734"}],"version-history":[{"count":2,"href":"https:\/\/www.mencare.org\/pt\/wp-json\/wp\/v2\/pages\/7734\/revisions"}],"predecessor-version":[{"id":7746,"href":"https:\/\/www.mencare.org\/pt\/wp-json\/wp\/v2\/pages\/7734\/revisions\/7746"}],"wp:attachment":[{"href":"https:\/\/www.mencare.org\/pt\/wp-json\/wp\/v2\/media?parent=7734"}],"curies":[{"name":"wp","href":"https:\/\/api.w.org\/{rel}","templated":true}]}}